{"id":3950,"date":"2024-03-18T06:10:15","date_gmt":"2024-03-18T06:10:15","guid":{"rendered":"https:\/\/3dp.45612300.xyz\/product\/cocrfeni-powder\/"},"modified":"2024-03-18T06:10:15","modified_gmt":"2024-03-18T06:10:15","slug":"cocrfeni-powder","status":"publish","type":"product","link":"https:\/\/3dpmetal.com\/pt_br\/product\/cocrfeni-powder\/","title":{"rendered":"P\u00f3 CoCrFeNi"},"content":{"rendered":"<p><span style=\"vertical-align: inherit;\"><span style=\"vertical-align: inherit;\"><\/p>\n<h2>Vis\u00e3o geral do P\u00f3 CoCrFeNi<\/h2>\n<p class=\"whitespace-pre-wrap\">O p\u00f3 de CoCrFeNi, tamb\u00e9m conhecido como p\u00f3 de CoCrFeNiMn ou p\u00f3 de liga de alta entropia (HEA), refere-se a um material composto por elementos de cobalto, cromo, ferro e n\u00edquel em propor\u00e7\u00f5es quase equimolares. Este novo p\u00f3 de liga exibe propriedades excepcionais em compara\u00e7\u00e3o com ligas convencionais e tem gerado interesse significativo para v\u00e1rias aplica\u00e7\u00f5es.<\/p>\n<p class=\"whitespace-pre-wrap\">Alguns dos principais recursos do p\u00f3 de CoCrFeNi incluem:<\/p>\n<ul class=\"list-disc pl-8 space-y-2\">\n<li class=\"whitespace-normal\">Alta entropia configuracional que conduz a resist\u00eancia, dureza, estabilidade t\u00e9rmica e resist\u00eancia \u00e0 corros\u00e3o excepcionais<\/li>\n<li class=\"whitespace-normal\">Microestrutura monof\u00e1sica FCC de solu\u00e7\u00e3o s\u00f3lida \u00fanica.<\/li>\n<li class=\"whitespace-normal\">Excelente combina\u00e7\u00e3o de resist\u00eancia e ductilidade<\/li>\n<li class=\"whitespace-normal\">Alta tenacidade da fratura<\/li>\n<li class=\"whitespace-normal\">Boa usinabilidade e conformabilidade<\/li>\n<li class=\"whitespace-normal\">Resist\u00eancia ao amolecimento em temperaturas elevadas<\/li>\n<li class=\"whitespace-normal\">Personaliz\u00e1vel com pequenas adi\u00e7\u00f5es de elementos como mangan\u00eas<\/li>\n<\/ul>\n<p class=\"whitespace-pre-wrap\">A desordem \u00fanica no arranjo at\u00f4mico de CoCrFeNi proporciona desempenho mec\u00e2nico superior. As concentra\u00e7\u00f5es quase iguais dos principais elementos impedem o movimento da desloca\u00e7\u00e3o, melhorando a dureza. A estrutura multif\u00e1sica fornece o fortalecimento da solu\u00e7\u00e3o s\u00f3lida atrav\u00e9s dos efeitos da tens\u00e3o de rede.<\/p>\n<h3>Composi\u00e7\u00e3o do p\u00f3 de CoCrFeNi<\/h3>\n<p class=\"whitespace-pre-wrap\">A composi\u00e7\u00e3o do p\u00f3 HEA CoCrFeNi pode ser personalizada, mas geralmente consiste em:<\/p>\n<table>\n<thead>\n<tr>\n<th>Elemento<\/th>\n<th>Composi\u00e7\u00e3o T\u00edpica<\/th>\n<\/tr>\n<\/thead>\n<tbody>\n<tr>\n<td>Cobalto (Co)<\/td>\n<td>20-35 at.%<\/td>\n<\/tr>\n<tr>\n<td>Cromo (Cr)<\/td>\n<td>20-35 at.%<\/td>\n<\/tr>\n<tr>\n<td>Ferro (Fe)<\/td>\n<td>20-35 at.%<\/td>\n<\/tr>\n<tr>\n<td>Niquel (Ni)<\/td>\n<td>20-35 at.%<\/td>\n<\/tr>\n<\/tbody>\n<\/table>\n<p class=\"whitespace-pre-wrap\">A rela\u00e7\u00e3o equiat\u00f4mica fornece m\u00e1xima entropia configuracional, mas pequenos desvios n\u00e3o afetam as propriedades de forma significativa. Adi\u00e7\u00f5es de 1-2 at.% de mangan\u00eas s\u00e3o comuns para melhorar ainda mais as propriedades atrav\u00e9s do refino de gr\u00e3os e fortalecimento por precipita\u00e7\u00e3o.<\/p>\n<h3>Propriedades do p\u00f3 CoCrFeNi<\/h3>\n<p class=\"whitespace-pre-wrap\">A liga de p\u00f3 CoCrFeNi exibe uma combina\u00e7\u00e3o \u00fanica de propriedades excepcionais:<\/p>\n<table>\n<thead>\n<tr>\n<th>Propriedade<\/th>\n<th>Valores<\/th>\n<\/tr>\n<\/thead>\n<tbody>\n<tr>\n<td>Densidade<\/td>\n<td>7,5-8,3 g\/cm\u00b3<\/td>\n<\/tr>\n<tr>\n<td>Ponto de Fus\u00e3o<\/td>\n<td>&gt; 1200 a.C<\/td>\n<\/tr>\n<tr>\n<td>Microdureza<\/td>\n<td>2,5-4 GPa<\/td>\n<\/tr>\n<tr>\n<td>Resist\u00eancia \u00daltima \u00e0 Tra\u00e7\u00e3o<\/td>\n<td>500-1300 MPa<\/td>\n<\/tr>\n<tr>\n<td>Limite de escoamento<\/td>\n<td>200-1100 MPa<\/td>\n<\/tr>\n<tr>\n<td>alongamento<\/td>\n<td>10-60%<\/td>\n<\/tr>\n<tr>\n<td>M\u00f3dulo de Young<\/td>\n<td>150\u2013250 GPa<\/td>\n<\/tr>\n<tr>\n<td>M\u00f3dulo de Cisalhamento<\/td>\n<td>65-85 GPa<\/td>\n<\/tr>\n<tr>\n<td>Raz\u00e3o de Poisson<\/td>\n<td>0.21-0.33<\/td>\n<\/tr>\n<tr>\n<td>Resist\u00eancia \u00e0 fratura<\/td>\n<td>&gt; 100 MPa\u00a9|m\n\nTranslated to BR:\n\n&gt; 100 MPa\u00a9|m\n\nIt seems like the original text doesn't need translation as it's already in a technical format.<\/td>\n<\/tr>\n<tr>\n<td>Condutividade t\u00e9rmica<\/td>\n<td>10-30 W\/mK<\/td>\n<\/tr>\n<tr>\n<td>Resistividade el\u00e9trica<\/td>\n<td>70-100 n\u00b4\u00cdm<\/td>\n<\/tr>\n<tr>\n<td>Resist\u00eancia \u00e0 corros\u00e3o<\/td>\n<td>Excelente em diversos ambientes<\/td>\n<\/tr>\n<\/tbody>\n<\/table>\n<p class=\"whitespace-pre-wrap\">A elevada dureza surge do fortalecimento da solu\u00e7\u00e3o s\u00f3lida, enquanto a estrutura c\u00fabica de face centrada confere boa ductilidade. As propriedades podem ser ajustadas por meio de ajustes de composi\u00e7\u00e3o e processamento.<\/p>\n<h3>Caracter\u00edsticas do p\u00f3 CoCrFeNi<\/h3>\n<p class=\"whitespace-pre-wrap\">Algumas caracter\u00edsticas marcantes do p\u00f3 de liga CoCrFeNi incluem:<\/p>\n<ul class=\"list-disc pl-8 space-y-2\">\n<li class=\"whitespace-normal\">Estrutura FCC monof\u00e1sica sem fases intermet\u00e1licas<\/li>\n<li class=\"whitespace-normal\">Presen\u00e7a de maclas e falhas de empilhamento<\/li>\n<li class=\"whitespace-normal\">Morfologia de p\u00f3 equiaxial com boa fluidez<\/li>\n<li class=\"whitespace-normal\">Faixa de distribui\u00e7\u00e3o de tamanho de p\u00f3 de 15-150 \u00c3\u2014m<\/li>\n<li class=\"whitespace-normal\">Alta pureza com baixo teor de oxig\u00eanio<\/li>\n<li class=\"whitespace-normal\">Formato de p\u00f3 esf\u00e9rico e superf\u00edcie lisa<\/li>\n<li class=\"whitespace-normal\">Tamanho, forma e composi\u00e7\u00e3o do p\u00f3 ajust\u00e1veis<\/li>\n<\/ul>\n<p class=\"whitespace-pre-wrap\">O p\u00f3 exibe alta homogeneidade qu\u00edmica com uma distribui\u00e7\u00e3o uniforme de elementos de liga. A morfologia esf\u00e9rica fornece boas caracter\u00edsticas de empacotamento e fluxo.<\/p>\n<h2>Aplica\u00e7\u00f5es do P\u00f3 de CoCrFeNi<\/h2>\n<p class=\"whitespace-pre-wrap\">A excepcional combina\u00e7\u00e3o de for\u00e7a, dureza e processabilidade do p\u00f3 de CoCrFeNi o torna adequado para:<\/p>\n<p class=\"whitespace-pre-wrap\"><strong>Fabrica\u00e7\u00e3o Aditiva:<\/strong> Excelente imprimibilidade devido \u00e0s boas caracter\u00edsticas de fluxo e derretimento. Usado para aeroespacial, ferramentas e implantes biom\u00e9dicos.<\/p>\n<p class=\"whitespace-pre-wrap\"><strong>Revestimentos por Proje\u00e7\u00e3o T\u00e9rmica:<\/strong> Resist\u00eancia ao desgaste, corros\u00e3o e amolecimento t\u00e9rmico. Revestimentos para aplica\u00e7\u00f5es mec\u00e2nicas, mar\u00edtimas e qu\u00edmicas.<\/p>\n<p class=\"whitespace-pre-wrap\"><strong>Desenvolvimento da Liga:<\/strong> Material base para novas ligas de alta entropia com adi\u00e7\u00f5es de Al, Ti, etc.<\/p>\n<p class=\"whitespace-pre-wrap\"><strong>Modelagem por Inje\u00e7\u00e3o de Metal:<\/strong> Pe\u00e7as de alta rigidez e boa estabilidade dimensional para avia\u00e7\u00e3o e automotiva.<\/p>\n<p class=\"whitespace-pre-wrap\"><strong>Metalurgia do P\u00f3:<\/strong> Pe\u00e7as P\/M de alto desempenho com resist\u00eancia e ductilidade equilibradas.<\/p>\n<p class=\"whitespace-pre-wrap\"><strong>Aplica\u00e7\u00f5es Criog\u00eanicas:<\/strong> Manuten\u00e7\u00e3o de ductilidade e tenacidade em temperaturas subzero.<\/p>\n<h2>Especifica\u00e7\u00f5es do P\u00f3 de CoCrFeNi<\/h2>\n<p class=\"whitespace-pre-wrap\">O p\u00f3 da liga CoCrFeNi est\u00e1 dispon\u00edvel em v\u00e1rios tamanhos de alcance, composi\u00e7\u00f5es e formas:<\/p>\n<table>\n<thead>\n<tr>\n<th>Par\u00e2metro<\/th>\n<th>Variantes<\/th>\n<\/tr>\n<\/thead>\n<tbody>\n<tr>\n<td>Tamanho da linha<\/td>\n<td>15-25 \u00b5m, 25-45 \u00b5m, 45-75 \u00b5m, 75-105 \u00b5m, 105-150 \u00b5m<\/td>\n<\/tr>\n<tr>\n<td>Composi\u00e7\u00e3o<\/td>\n<td>Propor\u00e7\u00f5es elementais equimolares, personalizadas<\/td>\n<\/tr>\n<tr>\n<td>Formato de p\u00f3<\/td>\n<td>Esf\u00e9rico, irregular<\/td>\n<\/tr>\n<tr>\n<td>M\u00e9todo de produ\u00e7\u00e3o<\/td>\n<td>Atomiza\u00e7\u00e3o a g\u00e1s\/\u00e1gua, liga mec\u00e2nica<\/td>\n<\/tr>\n<tr>\n<td>Formul\u00e1rio de Suprimento<\/td>\n<td>P\u00f3 solto, pastilhas sinterizadas<\/td>\n<\/tr>\n<\/tbody>\n<\/table>\n<p class=\"whitespace-pre-wrap\">Tamanhos maiores de p\u00f3 de 45-150 \u00c3 \u00d7 m s\u00e3o preferidos para spray t\u00e9rmico e moldagem por inje\u00e7\u00e3o de metal. Tamanhos mais finos de 15-45 \u00c3 \u00d7 m s\u00e3o usados para fabrica\u00e7\u00e3o aditiva. Os p\u00f3s podem ser personalizados em forma, tamanho, teor de oxig\u00eanio e fluidez.<\/p>\n<h2>Fornecedores de P\u00f3 CoCrFeNi<\/h2>\n<p class=\"whitespace-pre-wrap\">Fornecedores globais de p\u00f3 de liga de alta entropia CoCrFeNi incluem:<\/p>\n<table>\n<thead>\n<tr>\n<th>Empresa<\/th>\n<th>capacidade de produ\u00e7\u00e3o<\/th>\n<th>Localiza\u00e7\u00e3o<\/th>\n<\/tr>\n<\/thead>\n<tbody>\n<tr>\n<td>Sandvik<\/td>\n<td>200 toneladas por ano<\/td>\n<td>Su\u00e9cia<\/td>\n<\/tr>\n<tr>\n<td>Praxair<\/td>\n<td>150 toneladas por ano<\/td>\n<td>Estados Unidos<\/td>\n<\/tr>\n<tr>\n<td>Hoganas<\/td>\n<td>100 toneladas por ano<\/td>\n<td>Su\u00e9cia<\/td>\n<\/tr>\n<tr>\n<td>CNPC Powder<\/td>\n<td>50 toneladas por ano<\/td>\n<td>China<\/td>\n<\/tr>\n<tr>\n<td>Carpenter Technologies<\/td>\n<td>40 toneladas por ano<\/td>\n<td>Estados Unidos<\/td>\n<\/tr>\n<\/tbody>\n<\/table>\n<p class=\"whitespace-pre-wrap\">Os p\u00f3s s\u00e3o geralmente produzidos atrav\u00e9s de m\u00e9todos de atomiza\u00e7\u00e3o por g\u00e1s ou \u00e1gua. Composi\u00e7\u00f5es e tamanhos de p\u00f3s personalizados podem ser obtidos nesses fornecedores.<\/p>\n<h3>pre\u00e7os<\/h3>\n<table>\n<thead>\n<tr>\n<th>Tamanho do P\u00f3<\/th>\n<th>Faixa de pre\u00e7o<\/th>\n<\/tr>\n<\/thead>\n<tbody>\n<tr>\n<td>15-45 micra<\/td>\n<td>$150-200 por kg<\/td>\n<\/tr>\n<tr>\n<td>45-105 m\u00edcrons<\/td>\n<td>R$ 100-150 por kg<\/td>\n<\/tr>\n<tr>\n<td>105-150+ m\u00edcrons<\/td>\n<td>R$ 80-120 por kg<\/td>\n<\/tr>\n<\/tbody>\n<\/table>\n<p class=\"whitespace-pre-wrap\">Tamanhos maiores de p\u00f3 ficam mais baratos devido \u00e0s taxas de produ\u00e7\u00e3o mais altas nas atomiza\u00e7\u00f5es. Ligas e composi\u00e7\u00f5es personalizadas s\u00e3o precificadas mais caras. Os pre\u00e7os do p\u00f3 tem declinado por conta do aumento da competi\u00e7\u00e3o de mercado e das capacidades.<\/p>\n<h2>**Pr\u00f3s e Contras do P\u00f3 CoCrFeNi**\n\n**Pr\u00f3s:**\n\n* **Alta resist\u00eancia mec\u00e2nica:** O p\u00f3 CoCrFeNi possui alta resist\u00eancia mec\u00e2nica, tornando-o adequado para aplica\u00e7\u00f5es de implantes ortop\u00e9dicos e odontol\u00f3gicos.\n* **Resist\u00eancia \u00e0 corros\u00e3o:** O p\u00f3 CoCrFeNi \u00e9 altamente resistente \u00e0 corros\u00e3o, o que melhora sua longevidade e biocompatibilidade.\n* **Baixa friabilidade:** O p\u00f3 CoCrFeNi tem baixa friabilidade, o que significa que \u00e9 menos prov\u00e1vel que se quebre ou lasque durante a fabrica\u00e7\u00e3o.\n* **Biocompatibilidade:** O p\u00f3 CoCrFeNi \u00e9 biocompat\u00edvel, o que significa que n\u00e3o causa rea\u00e7\u00f5es adversas no corpo humano.\n\n**Contras:**\n\n* **Custo elevado:** O p\u00f3 CoCrFeNi \u00e9 mais caro do que outros materiais de implantes.\n* **Radiopacidade reduzida:** O p\u00f3 CoCrFeNi tem baixa radiopacidade, o que pode dificultar a visualiza\u00e7\u00e3o em imagens de raios X.\n* **Potencial de ioniolibera\u00e7\u00e3o:** Como todos os materiais de implantes met\u00e1licos, o p\u00f3 CoCrFeNi pode liberar \u00edons no corpo, o que pode levar a problemas de sa\u00fade a longo prazo.\n* **Fragilidade:** O p\u00f3 CoCrFeNi pode ser fr\u00e1gil em determinadas condi\u00e7\u00f5es, o que pode limitar sua aplicabilidade em implantes sujeitos a cargas altas.\n\n**Sugest\u00f5es de melhoria:**\n\n* Pesquisar maneiras de reduzir o custo do p\u00f3 CoCrFeNi.\n* Melhorar a radiopacidade do p\u00f3 CoCrFeNi adicionando elementos ou revestimentos radiopacos.\n* Desenvolver novas ligas de CoCrFeNi com menor potencial de ioniolibera\u00e7\u00e3o.\n* Explorar m\u00e9todos para melhorar a resist\u00eancia \u00e0 fadiga e \u00e0 fratura do p\u00f3 CoCrFeNi.<\/h2>\n<table>\n<thead>\n<tr>\n<th>Benef\u00edcios<\/th>\n<th>Limita\u00e7\u00f5es<\/th>\n<\/tr>\n<\/thead>\n<tbody>\n<tr>\n<td>Resist\u00eancia e dureza abrangentes<\/td>\n<td>Custos altos de material devido \u00e0 Co e Ni<\/td>\n<\/tr>\n<tr>\n<td>Excelente ductilidade e tenacidade<\/td>\n<td>Dados limitados sobre desempenho em longo prazo<\/td>\n<\/tr>\n<tr>\n<td>Boa fabricabilidade por AM, MIM, PM<\/td>\n<td>Desafios de processamento com controle microestrutural<\/td>\n<\/tr>\n<tr>\n<td>Estabilidade t\u00e9rmica e microestrutural<\/td>\n<td>A composi\u00e7\u00e3o deve ser controlada com precis\u00e3o<\/td>\n<\/tr>\n<tr>\n<td>Alta resist\u00eancia \u00e0 corros\u00e3o e ao desgaste<\/td>\n<td>Baixa processabilidade em rela\u00e7\u00e3o aos fios convencionais<\/td>\n<\/tr>\n<tr>\n<td>Ret\u00e9m a for\u00e7a em temperaturas elevadas<\/td>\n<td>Frequentemente requer p\u00f3s-processamento HIP<\/td>\n<\/tr>\n<\/tbody>\n<\/table>\n<p class=\"whitespace-pre-wrap\">O p\u00f3 CoCrFeNi HEA permite componentes com combina\u00e7\u00f5es de propriedades inigual\u00e1veis. No entanto, o material e os custos de processamento s\u00e3o altos. A microestrutura e as propriedades dependem fortemente do controle preciso da composi\u00e7\u00e3o.<\/p>\n<h2>Compara\u00e7\u00e3o com Alternativas<\/h2>\n<p class=\"whitespace-pre-wrap\"><strong>Vs. P\u00f3s de a\u00e7o inoxid\u00e1vel<\/strong><\/p>\n<ul class=\"list-disc pl-8 space-y-2\">\n<li class=\"whitespace-normal\">Maior resist\u00eancia e dureza<\/li>\n<li class=\"whitespace-normal\">Resist\u00eancia superior ao desgaste e \u00e0 corros\u00e3o<\/li>\n<li class=\"whitespace-normal\">Custo mais alto para material de base<\/li>\n<li class=\"whitespace-normal\">Menor processabilidade e soldabilidade<\/li>\n<\/ul>\n<p class=\"whitespace-pre-wrap\"><strong>Vs. p\u00f3s de a\u00e7o ferramenta<\/strong><\/p>\n<ul class=\"list-disc pl-8 space-y-2\">\n<li class=\"whitespace-normal\">Melhor ductilidade e tenacidade \u00e0 fratura<\/li>\n<li class=\"whitespace-normal\">Baixa resist\u00eancia a altas temperaturas<\/li>\n<li class=\"whitespace-normal\">M\u00e9todos de processamento menos estabelecidos<\/li>\n<li class=\"whitespace-normal\">Tamanho limitado e variante de liga dispon\u00edvel<\/li>\n<\/ul>\n<p class=\"whitespace-pre-wrap\"><strong>Vs. P\u00f3s de Superliga Inconel<\/strong><\/p>\n<ul class=\"list-disc pl-8 space-y-2\">\n<li class=\"whitespace-normal\">Resist\u00eancia a alta temperatura compar\u00e1vel<\/li>\n<li class=\"whitespace-normal\">Material de custo mais baixo<\/li>\n<li class=\"whitespace-normal\">Hist\u00f3rico de desempenho mais curto<\/li>\n<li class=\"whitespace-normal\">Estabilidade microestrutural restrita em temperaturas muito altas<\/li>\n<\/ul>\n<h2>Perguntas frequentes<\/h2>\n<p class=\"whitespace-pre-wrap\"><strong>P: O que \u00e9 p\u00f3 de liga de alta entropia (HEA)?<\/strong><\/p>\n<p class=\"whitespace-pre-wrap\">A: O p\u00f3 HEA cont\u00e9m v\u00e1rios elementos principais em propor\u00e7\u00f5es quase equimolares para produzir propriedades excepcionais de resist\u00eancia, ductilidade e estabilidade. O p\u00f3 de CoCrFeNi \u00e9 um HEA proeminente.<\/p>\n<p class=\"whitespace-pre-wrap\"><strong>P: Quais s\u00e3o os tamanhos t\u00edpicos de p\u00f3 de CoCrFeNi dispon\u00edveis?<\/strong><\/p>\n<p class=\"whitespace-pre-wrap\">A: As faixas de tamanho comuns s\u00e3o de 15 a 45 \u00c3 \u00d7 m para AM, 45 a 105 \u00c3 \u00d7 m para pulveriza\u00e7\u00e3o t\u00e9rmica e 105 a 150 \u00c3 \u00d7 m para MIM e outras aplica\u00e7\u00f5es. Tamanhos mais finos e mais grossos podem ser personalizados.<\/p>\n<p class=\"whitespace-pre-wrap\"><strong>**Tradu\u00e7\u00e3o:**\n\nQ: O que afeta o pre\u00e7o do p\u00f3 da liga CoCrFeNi?\n\n**Melhoria:**\n\n**Q: Quais fatores influenciam o pre\u00e7o do p\u00f3 da liga CoCrFeNi?**<\/strong><\/p>\n<p class=\"whitespace-pre-wrap\">R: O tamanho do p\u00f3, composi\u00e7\u00e3o, pureza, m\u00e9todo de produ\u00e7\u00e3o e quantidade do pedido determinam o pre\u00e7o. Tamanhos maiores acima de 100 \u00c3\u2014m custam menos. Pequenas adi\u00e7\u00f5es ou faixas de composi\u00e7\u00e3o mais r\u00edgidas aumentam o custo.<\/p>\n<p class=\"whitespace-pre-wrap\"><strong>P: Como o p\u00f3 de CoCrFeNi HEA \u00e9 produzido?<\/strong><\/p>\n<p class=\"whitespace-pre-wrap\">R: A atomiza\u00e7\u00e3o por g\u00e1s e a atomiza\u00e7\u00e3o por \u00e1gua s\u00e3o os principais m\u00e9todos de produ\u00e7\u00e3o. O p\u00f3 tamb\u00e9m pode ser feito por liga mec\u00e2nica ou criomoagem de lingotes pr\u00e9-ligados.<\/p>\n<p class=\"whitespace-pre-wrap\"><strong>Q: Quais s\u00e3o alguns exemplos de aplica\u00e7\u00f5es do p\u00f3 CoCrFeNi?<\/strong><\/p>\n<p class=\"whitespace-pre-wrap\">A: Os principais usos s\u00e3o fabrica\u00e7\u00e3o aditiva de ferramentas e componentes aeroespaciais, revestimentos de pulveriza\u00e7\u00e3o t\u00e9rmica para resist\u00eancia a desgaste\/corros\u00e3o, desenvolvimento de ligas, moldagem por inje\u00e7\u00e3o de metal de pe\u00e7as automotivas e metalurgia do p\u00f3 de componentes de alto desempenho.<\/p>\n<p class=\"whitespace-pre-wrap\"><strong>P: Quais s\u00e3o as propriedades-chave do p\u00f3 CoCrFeNi HEA?<\/strong><\/p>\n<p class=\"whitespace-pre-wrap\">A: Exibe uma combina\u00e7\u00e3o excepcional de alta resist\u00eancia, dureza, ductilidade, tenacidade \u00e0 fratura, estabilidade t\u00e9rmica e resist\u00eancia \u00e0 corros\u00e3o em compara\u00e7\u00e3o com ligas convencionais.<\/p>\n<p class=\"whitespace-pre-wrap\"><strong>P: Quais s\u00e3o as limita\u00e7\u00f5es do p\u00f3 CoCrFeNi?<\/strong><\/p>\n<p class=\"whitespace-pre-wrap\">A: O alto custo do material base, os desafios de processamento no controle da microestrutura, os dados limitados de desempenho de longo prazo e a soldabilidade reduzida em compara\u00e7\u00e3o com os a\u00e7os s\u00e3o algumas desvantagens.<\/p>\n<p class=\"whitespace-pre-wrap\"><strong>P: En que se comparan os p\u00f3s de CoCrFeNi com os a\u00e7os ferramentas e a\u00e7os inoxid\u00e1veis?<\/strong><\/p>\n<p class=\"whitespace-pre-wrap\">A: Tem resist\u00eancia e dureza bem mais altas, por\u00e9m menor processabilidade do que os a\u00e7os inoxid\u00e1veis. Em compara\u00e7\u00e3o com a\u00e7os de ferramentas, proporciona maior tenacidade e ductilidade de fratura.<\/p>\n<p class=\"whitespace-pre-wrap\"><strong>P: O CoCrFeNi \u00e9 adequado para aplica\u00e7\u00f5es criog\u00eanicas?<\/strong><\/p>\n<p class=\"whitespace-pre-wrap\">A: Sim, ele mant\u00e9m boa ductilidade e dureza em temperaturas abaixo de zero enquanto ligas convencionais tornam-se fr\u00e1geis. Isto o torna \u00fatil para equipamento criog\u00eanico.<\/p>\n<p class=\"whitespace-pre-wrap\"><strong>P: Pode personalizar a composi\u00e7\u00e3o do p\u00f3 CoCrFeNi?<\/strong><\/p>\n<p class=\"whitespace-pre-wrap\">A: Sim, os fornecedores podem fornecer taxas elementares personalizadas al\u00e9m da composi\u00e7\u00e3o equiat\u00f4mica. Ajustes comuns s\u00e3o adi\u00e7\u00f5es de 1-2% at. de Mn ou Co para ajustar as propriedades.<\/p>\n<p><\/span><\/span><\/p>","protected":false},"excerpt":{"rendered":"<p>Vis\u00e3o geral do p\u00f3 de CoCrFeNi O p\u00f3 de CoCrFeNi, tamb\u00e9m conhecido como p\u00f3 de CoCrFeNiMn ou p\u00f3 de liga de alta entropia (HEA), refere-se a um material composto de elementos de cobalto, cromo, ferro e n\u00edquel em propor\u00e7\u00f5es quase equiat\u00f4micas. Essa nova liga em p\u00f3 apresenta propriedades excepcionais em compara\u00e7\u00e3o com as ligas convencionais e tem despertado grande interesse para v\u00e1rias aplica\u00e7\u00f5es. Alguns dos principais recursos do...<\/p>","protected":false},"featured_media":1789,"parent":0,"template":"","meta":{"_acf_changed":false,"_kad_blocks_custom_css":"","_kad_blocks_head_custom_js":"","_kad_blocks_body_custom_js":"","_kad_blocks_footer_custom_js":"","_kad_post_transparent":"","_kad_post_title":"","_kad_post_layout":"","_kad_post_sidebar_id":"","_kad_post_content_style":"","_kad_post_vertical_padding":"","_kad_post_feature":"","_kad_post_feature_position":"","_kad_post_header":false,"_kad_post_footer":false,"_kad_post_classname":""},"product-category":[119,127],"class_list":["post-3950","product","type-product","status-publish","has-post-thumbnail","hentry","product-category-3d-printing-metal-powder","product-category-high-entropy-alloy-powder"],"acf":[],"taxonomy_info":{"product-category":[{"value":119,"label":"3D Printing Metal Powder"},{"value":127,"label":"High Entropy Alloy Powder"}]},"featured_image_src_large":["https:\/\/3dpmetal.com\/wp-content\/uploads\/2024\/02\/FeCoNiCrAl-powder.jpg",600,600,false],"author_info":[],"comment_info":"","_links":{"self":[{"href":"https:\/\/3dpmetal.com\/pt_br\/wp-json\/wp\/v2\/product\/3950","targetHints":{"allow":["GET"]}}],"collection":[{"href":"https:\/\/3dpmetal.com\/pt_br\/wp-json\/wp\/v2\/product"}],"about":[{"href":"https:\/\/3dpmetal.com\/pt_br\/wp-json\/wp\/v2\/types\/product"}],"wp:featuredmedia":[{"embeddable":true,"href":"https:\/\/3dpmetal.com\/pt_br\/wp-json\/wp\/v2\/media\/1789"}],"wp:attachment":[{"href":"https:\/\/3dpmetal.com\/pt_br\/wp-json\/wp\/v2\/media?parent=3950"}],"wp:term":[{"taxonomy":"product-category","embeddable":true,"href":"https:\/\/3dpmetal.com\/pt_br\/wp-json\/wp\/v2\/product-category?post=3950"}],"curies":[{"name":"wp","href":"https:\/\/api.w.org\/{rel}","templated":true}]}}