{"id":4294,"date":"2024-04-07T08:17:04","date_gmt":"2024-04-07T08:17:04","guid":{"rendered":"https:\/\/3dpmetal.com\/product\/titanium-ti1023-powder\/"},"modified":"2024-04-08T00:50:22","modified_gmt":"2024-04-08T00:50:22","slug":"titanium-ti1023-powder","status":"publish","type":"product","link":"https:\/\/3dpmetal.com\/pt_br\/product\/titanium-ti1023-powder\/","title":{"rendered":"Tit\u00e2nio Ti1023 em p\u00f3"},"content":{"rendered":"<h2>Tit\u00e2nio Ti1023 em p\u00f3: Vis\u00e3o geral<\/h2>\n<p>Tit\u00e2nio <a href=\"https:\/\/en.wikipedia.org\/wiki\/Metal_powder\" target=\"_blank\" rel=\"noopener\">P\u00f3 de Ti1023<\/a> \u00e9 um p\u00f3 de liga \u00e0 base de tit\u00e2nio muito procurado, conhecido por sua for\u00e7a excepcional, resist\u00eancia \u00e0 corros\u00e3o e resist\u00eancia ao calor. Amplamente utilizado em todos os setores, especialmente nos setores aeroespacial, automotivo e m\u00e9dico, esse p\u00f3 desempenha fun\u00e7\u00f5es cruciais em aplica\u00e7\u00f5es que exigem desempenho superior em condi\u00e7\u00f5es exigentes.<\/p>\n<h2>Composi\u00e7\u00e3o<\/h2>\n<p>O p\u00f3 de tit\u00e2nio Ti1023 \u00e9 meticulosamente trabalhado com elementos de liga precisos para alcan\u00e7ar suas excelentes propriedades:<\/p>\n<table>\n<thead>\n<tr>\n<th>Elemento<\/th>\n<th>% do Peso<\/th>\n<\/tr>\n<\/thead>\n<tbody>\n<tr>\n<td>Tit\u00e2nio (Ti)<\/td>\n<td>89.0-91.0<\/td>\n<\/tr>\n<tr>\n<td>Alum\u00ednio (Al)<\/td>\n<td>5.5-6.5<\/td>\n<\/tr>\n<tr>\n<td>Van\u00e1dio (V)<\/td>\n<td>2.0-3.0<\/td>\n<\/tr>\n<tr>\n<td>Ferro (Fe)<\/td>\n<td>\u22640.25<\/td>\n<\/tr>\n<tr>\n<td>Carbono (C)<\/td>\n<td>\u22640.08<\/td>\n<\/tr>\n<tr>\n<td>Nitrog\u00eanio (N)<\/td>\n<td>\u22640.05<\/td>\n<\/tr>\n<tr>\n<td>Hidrog\u00eanio (H)<\/td>\n<td>\u22640.015<\/td>\n<\/tr>\n<tr>\n<td>Oxig\u00eanio (O)<\/td>\n<td>\u22640.18<\/td>\n<\/tr>\n<\/tbody>\n<\/table>\n<p>Esses elementos de liga contribuem sinergicamente para a for\u00e7a, a resist\u00eancia \u00e0 corros\u00e3o e a resist\u00eancia ao calor da liga.<\/p>\n<h2>Propriedades<\/h2>\n<p>O p\u00f3 de tit\u00e2nio Ti1023 apresenta propriedades not\u00e1veis, essenciais para aplica\u00e7\u00f5es exigentes:<\/p>\n<table>\n<thead>\n<tr>\n<th>Propriedade<\/th>\n<th>Valor<\/th>\n<\/tr>\n<\/thead>\n<tbody>\n<tr>\n<td>Densidade<\/td>\n<td>4,51 g\/cm\u00b3<\/td>\n<\/tr>\n<tr>\n<td>Dureza (HB)<\/td>\n<td>340-380<\/td>\n<\/tr>\n<tr>\n<td>Resist\u00eancia \u00e0 Tra\u00e7\u00e3o<\/td>\n<td>900-1000 MPa<\/td>\n<\/tr>\n<tr>\n<td>Limite de escoamento<\/td>\n<td>800-900 MPa<\/td>\n<\/tr>\n<tr>\n<td>alongamento<\/td>\n<td>10-15%<\/td>\n<\/tr>\n<tr>\n<td>Ponto de Fus\u00e3o<\/td>\n<td>1600-1650\u00b0C<\/td>\n<\/tr>\n<tr>\n<td>Condutividade t\u00e9rmica<\/td>\n<td>6,7 W\/m-K<\/td>\n<\/tr>\n<tr>\n<td>Coeficiente de expans\u00e3o<\/td>\n<td>8,6 \u00b5m\/m-K<\/td>\n<\/tr>\n<\/tbody>\n<\/table>\n<p>Essas excelentes propriedades tornam o p\u00f3 de tit\u00e2nio Ti1023 adequado para uma ampla gama de aplica\u00e7\u00f5es que exigem alta resist\u00eancia, resist\u00eancia \u00e0 corros\u00e3o e resist\u00eancia ao calor.<\/p>\n<h2>APLICATIVOS<\/h2>\n<p>O p\u00f3 de tit\u00e2nio Ti1023 encontra amplas aplica\u00e7\u00f5es em v\u00e1rios setores:<\/p>\n<ul>\n<li>Aeroespacial: componentes de aeronaves, pe\u00e7as de motores<\/li>\n<li>Automotivo: componentes leves, sistemas de escapamento<\/li>\n<li>M\u00e9dico: implantes cir\u00fargicos, dispositivos ortop\u00e9dicos<\/li>\n<li>Equipamentos esportivos: quadros de bicicletas, tacos de golfe<\/li>\n<li>Processamento qu\u00edmico: reatores, trocadores de calor<\/li>\n<\/ul>\n<p>Sua combina\u00e7\u00e3o de propriedades superiores o torna ideal para componentes cr\u00edticos sujeitos a ambientes corrosivos, altas temperaturas e condi\u00e7\u00f5es de alta tens\u00e3o.<\/p>\n<h2>Processo de manufatura aditiva<\/h2>\n<p>O p\u00f3 de tit\u00e2nio Ti1023 \u00e9 normalmente produzido por meio de t\u00e9cnicas avan\u00e7adas de fabrica\u00e7\u00e3o, como atomiza\u00e7\u00e3o por plasma ou atomiza\u00e7\u00e3o por g\u00e1s, resultando em part\u00edculas esf\u00e9ricas adequadas para t\u00e9cnicas de fabrica\u00e7\u00e3o aditiva, como fus\u00e3o seletiva a laser (SLM) e fus\u00e3o por feixe de el\u00e9trons (EBM).<\/p>\n<h2>Especifica\u00e7\u00f5es do p\u00f3<\/h2>\n<p>O p\u00f3 de tit\u00e2nio Ti1023 est\u00e1 dispon\u00edvel em v\u00e1rias especifica\u00e7\u00f5es personalizadas para atender aos requisitos de aplica\u00e7\u00f5es espec\u00edficas, abrangendo a distribui\u00e7\u00e3o do tamanho das part\u00edculas, a morfologia, a densidade aparente, a pureza e o teor de oxig\u00eanio.<\/p>\n<h2>Padr\u00f5es e notas<\/h2>\n<p>O p\u00f3 de tit\u00e2nio Ti1023 est\u00e1 em conformidade com os padr\u00f5es do setor, como ASTM B348 e AMS 4902, garantindo sua qualidade e adequa\u00e7\u00e3o a diversas aplica\u00e7\u00f5es.<\/p>\n<h2>Controle de qualidade<\/h2>\n<p>Medidas rigorosas de controle de qualidade s\u00e3o implementadas para o p\u00f3 de tit\u00e2nio Ti1023, incluindo an\u00e1lise qu\u00edmica, an\u00e1lise do tamanho das part\u00edculas, avalia\u00e7\u00e3o da morfologia do p\u00f3, teste de densidade, avalia\u00e7\u00e3o da pureza e an\u00e1lise do teor de oxig\u00eanio, para garantir consist\u00eancia e confiabilidade.<\/p>\n<h2>An\u00e1lise de custos<\/h2>\n<p>O custo do p\u00f3 de tit\u00e2nio Ti1023 varia com base em v\u00e1rios fatores, inclusive volume do pedido, faixa de tamanho de part\u00edcula, morfologia do p\u00f3, n\u00edveis de pureza e margens do fabricante\/distribuidor.<\/p>\n<h2>Armazenamento e manuseio de p\u00f3s<\/h2>\n<p>Pr\u00e1ticas adequadas de armazenamento e manuseio s\u00e3o essenciais para preservar a integridade do p\u00f3 de tit\u00e2nio Ti1023, incluindo o armazenamento em recipientes lacrados em um ambiente controlado e a ades\u00e3o a protocolos de manuseio apropriados.<\/p>\n<h2>Sa\u00fade e seguran\u00e7a<\/h2>\n<p>O p\u00f3 de tit\u00e2nio Ti1023 apresenta riscos m\u00ednimos \u00e0 sa\u00fade com o manuseio adequado, exigindo a utiliza\u00e7\u00e3o de equipamentos de prote\u00e7\u00e3o individual e a ades\u00e3o a protocolos de seguran\u00e7a durante o manuseio e o processamento.<\/p>\n<h2>FAQ<\/h2>\n<ol>\n<li><strong>Quais s\u00e3o as principais vantagens do p\u00f3 de tit\u00e2nio Ti1023?<\/strong> O p\u00f3 de tit\u00e2nio Ti1023 oferece for\u00e7a excepcional, resist\u00eancia \u00e0 corros\u00e3o e resist\u00eancia ao calor, o que o torna adequado para uma ampla gama de aplica\u00e7\u00f5es nos setores aeroespacial, automotivo e m\u00e9dico.<\/li>\n<li><strong>O p\u00f3 de tit\u00e2nio Ti1023 \u00e9 adequado para implantes m\u00e9dicos?<\/strong> Sim, o p\u00f3 de tit\u00e2nio Ti1023 \u00e9 comumente usado em aplica\u00e7\u00f5es m\u00e9dicas por sua biocompatibilidade, for\u00e7a e resist\u00eancia \u00e0 corros\u00e3o, o que o torna ideal para implantes cir\u00fargicos e dispositivos ortop\u00e9dicos.<\/li>\n<li><strong>O p\u00f3 de tit\u00e2nio Ti1023 pode ser usado em aplica\u00e7\u00f5es aeroespaciais?<\/strong> Sim, o p\u00f3 de tit\u00e2nio Ti1023 \u00e9 adequado para aplica\u00e7\u00f5es aeroespaciais, incluindo componentes de aeronaves e pe\u00e7as de motores, devido \u00e0 sua alta resist\u00eancia e resist\u00eancia \u00e0 corros\u00e3o.<\/li>\n<li><strong>Quais processos de manufatura aditiva podem utilizar o p\u00f3 de tit\u00e2nio Ti1023?<\/strong> O p\u00f3 de tit\u00e2nio Ti1023 pode ser processado usando t\u00e9cnicas de manufatura aditiva, como a fus\u00e3o seletiva a laser (SLM) e a fus\u00e3o por feixe de el\u00e9trons (EBM), para produzir componentes complexos com alta precis\u00e3o.<\/li>\n<li><strong>Quais s\u00e3o os custos t\u00edpicos associados ao p\u00f3 de tit\u00e2nio Ti1023?<\/strong> Os custos do p\u00f3 de tit\u00e2nio Ti1023 variam de acordo com fatores como volume, faixa de tamanho de part\u00edcula, n\u00edveis de pureza e condi\u00e7\u00f5es de mercado.<\/li>\n<\/ol>","protected":false},"excerpt":{"rendered":"<p>P\u00f3 de tit\u00e2nio Ti1023: Vis\u00e3o geral O p\u00f3 de tit\u00e2nio Ti1023 \u00e9 um p\u00f3 de liga \u00e0 base de tit\u00e2nio muito procurado, conhecido por sua for\u00e7a excepcional, resist\u00eancia \u00e0 corros\u00e3o e resist\u00eancia ao calor. Amplamente utilizado em todos os setores, especialmente nos setores aeroespacial, automotivo e m\u00e9dico, esse p\u00f3 desempenha fun\u00e7\u00f5es cruciais em aplica\u00e7\u00f5es que exigem desempenho superior em condi\u00e7\u00f5es exigentes. Composi\u00e7\u00e3o O p\u00f3 de tit\u00e2nio Ti1023 \u00e9 meticulosamente trabalhado...<\/p>","protected":false},"featured_media":1792,"parent":0,"template":"","meta":{"_acf_changed":false,"_kad_blocks_custom_css":"","_kad_blocks_head_custom_js":"","_kad_blocks_body_custom_js":"","_kad_blocks_footer_custom_js":"","_kad_post_transparent":"","_kad_post_title":"","_kad_post_layout":"","_kad_post_sidebar_id":"","_kad_post_content_style":"","_kad_post_vertical_padding":"","_kad_post_feature":"","_kad_post_feature_position":"","_kad_post_header":false,"_kad_post_footer":false,"_kad_post_classname":""},"product-category":[119],"class_list":["post-4294","product","type-product","status-publish","has-post-thumbnail","hentry","product-category-3d-printing-metal-powder"],"acf":[],"taxonomy_info":{"product-category":[{"value":119,"label":"3D Printing Metal Powder"}]},"featured_image_src_large":["https:\/\/3dpmetal.com\/wp-content\/uploads\/2024\/02\/FeCoNiCrMo.jpg",500,432,false],"author_info":[],"comment_info":"","_links":{"self":[{"href":"https:\/\/3dpmetal.com\/pt_br\/wp-json\/wp\/v2\/product\/4294","targetHints":{"allow":["GET"]}}],"collection":[{"href":"https:\/\/3dpmetal.com\/pt_br\/wp-json\/wp\/v2\/product"}],"about":[{"href":"https:\/\/3dpmetal.com\/pt_br\/wp-json\/wp\/v2\/types\/product"}],"wp:featuredmedia":[{"embeddable":true,"href":"https:\/\/3dpmetal.com\/pt_br\/wp-json\/wp\/v2\/media\/1792"}],"wp:attachment":[{"href":"https:\/\/3dpmetal.com\/pt_br\/wp-json\/wp\/v2\/media?parent=4294"}],"wp:term":[{"taxonomy":"product-category","embeddable":true,"href":"https:\/\/3dpmetal.com\/pt_br\/wp-json\/wp\/v2\/product-category?post=4294"}],"curies":[{"name":"wp","href":"https:\/\/api.w.org\/{rel}","templated":true}]}}