{"id":4306,"date":"2024-04-07T08:17:24","date_gmt":"2024-04-07T08:17:24","guid":{"rendered":"https:\/\/3dpmetal.com\/product\/copper-c11000-powder\/"},"modified":"2024-04-08T01:18:53","modified_gmt":"2024-04-08T01:18:53","slug":"copper-c11000-powder","status":"publish","type":"product","link":"https:\/\/3dpmetal.com\/pt_br\/product\/copper-c11000-powder\/","title":{"rendered":"Cobre C11000 em p\u00f3"},"content":{"rendered":"<h2>Cobre C11000 em p\u00f3: Vis\u00e3o geral<\/h2>\n<p><a href=\"https:\/\/en.wikipedia.org\/wiki\/Metal_powder\" target=\"_blank\" rel=\"noopener\">Cobre C11000 em p\u00f3<\/a> \u00e9 um p\u00f3 de liga de cobre altamente estimado, conhecido por sua excepcional condutividade el\u00e9trica, condutividade t\u00e9rmica e resist\u00eancia \u00e0 corros\u00e3o. Ele encontra amplas aplica\u00e7\u00f5es em v\u00e1rios setores, especialmente nos setores el\u00e9trico e eletr\u00f4nico, onde a alta condutividade e a confiabilidade s\u00e3o fundamentais.<\/p>\n<h2>Composi\u00e7\u00e3o<\/h2>\n<p>O p\u00f3 de cobre C11000 \u00e9 meticulosamente trabalhado com elementos de liga precisos para alcan\u00e7ar suas propriedades excepcionais:<\/p>\n<table>\n<thead>\n<tr>\n<th>Elemento<\/th>\n<th>% do Peso<\/th>\n<\/tr>\n<\/thead>\n<tbody>\n<tr>\n<td>Cobre (Cu)<\/td>\n<td>99,9 min<\/td>\n<\/tr>\n<tr>\n<td>Oxig\u00eanio (O)<\/td>\n<td>\u22640.04<\/td>\n<\/tr>\n<tr>\n<td>F\u00f3sforo (P)<\/td>\n<td>\u22640.015<\/td>\n<\/tr>\n<\/tbody>\n<\/table>\n<p>Esse p\u00f3 de cobre de alta pureza \u00e9 feito sob medida para proporcionar condutividade el\u00e9trica e t\u00e9rmica superior.<\/p>\n<h2>Propriedades<\/h2>\n<p>O p\u00f3 de cobre C11000 apresenta propriedades not\u00e1veis, essenciais para aplica\u00e7\u00f5es exigentes:<\/p>\n<table>\n<thead>\n<tr>\n<th>Propriedade<\/th>\n<th>Valor<\/th>\n<\/tr>\n<\/thead>\n<tbody>\n<tr>\n<td>Densidade<\/td>\n<td>8,96 g\/cm\u00b3<\/td>\n<\/tr>\n<tr>\n<td>Condutividade El\u00e9trica<\/td>\n<td>100% IACS<\/td>\n<\/tr>\n<tr>\n<td>Condutividade t\u00e9rmica<\/td>\n<td>401 W\/m-K<\/td>\n<\/tr>\n<tr>\n<td>Resist\u00eancia \u00e0 Tra\u00e7\u00e3o<\/td>\n<td>210 MPa<\/td>\n<\/tr>\n<tr>\n<td>Limite de escoamento<\/td>\n<td>70 MPa<\/td>\n<\/tr>\n<tr>\n<td>alongamento<\/td>\n<td>45%<\/td>\n<\/tr>\n<tr>\n<td>Dureza (HRB)<\/td>\n<td>45 HRB<\/td>\n<\/tr>\n<tr>\n<td>Ponto de Fus\u00e3o<\/td>\n<td>~1084\u00b0C<\/td>\n<\/tr>\n<\/tbody>\n<\/table>\n<p>Essas excelentes propriedades tornam o p\u00f3 de cobre C11000 ideal para aplica\u00e7\u00f5es que exigem alta condutividade e resist\u00eancia \u00e0 corros\u00e3o.<\/p>\n<h2>APLICATIVOS<\/h2>\n<p>O p\u00f3 de cobre C11000 encontra diversas aplica\u00e7\u00f5es em v\u00e1rios setores:<\/p>\n<ul>\n<li>El\u00e9trica e eletr\u00f4nica: fia\u00e7\u00e3o, barramentos, contatos el\u00e9tricos<\/li>\n<li>Automotivo: radiadores, trocadores de calor, conectores<\/li>\n<li>Telecomunica\u00e7\u00f5es: cabos, antenas<\/li>\n<li>Maquin\u00e1rio industrial: dissipadores de calor, condutores t\u00e9rmicos<\/li>\n<li>Constru\u00e7\u00e3o: telhado, calhas, prote\u00e7\u00e3o contra raios<\/li>\n<\/ul>\n<p>Sua excepcional condutividade e resist\u00eancia \u00e0 corros\u00e3o o tornam indispens\u00e1vel em componentes el\u00e9tricos e eletr\u00f4nicos.<\/p>\n<h2>Processo de manufatura aditiva<\/h2>\n<p>O p\u00f3 de cobre C11000 \u00e9 normalmente produzido por meio de processos de atomiza\u00e7\u00e3o de g\u00e1s ou atomiza\u00e7\u00e3o de \u00e1gua, resultando em part\u00edculas esf\u00e9ricas adequadas para t\u00e9cnicas de manufatura aditiva, como fus\u00e3o seletiva a laser (SLM) e fus\u00e3o por feixe de el\u00e9trons (EBM).<\/p>\n<h2>Especifica\u00e7\u00f5es do p\u00f3<\/h2>\n<p>O p\u00f3 de cobre C11000 est\u00e1 dispon\u00edvel em v\u00e1rias faixas de tamanho, morfologias e n\u00edveis de qualidade, atendendo a requisitos espec\u00edficos de aplica\u00e7\u00e3o.<\/p>\n<h2>Padr\u00f5es e notas<\/h2>\n<p>O p\u00f3 de cobre C11000 est\u00e1 em conformidade com os padr\u00f5es do setor, como ASTM B311 e ASTM B441, garantindo sua qualidade e adequa\u00e7\u00e3o a diversas aplica\u00e7\u00f5es.<\/p>\n<h2>Controle de qualidade<\/h2>\n<p>Medidas rigorosas de controle de qualidade s\u00e3o implementadas para o p\u00f3 de cobre C11000, incluindo an\u00e1lise qu\u00edmica, an\u00e1lise de tamanho de part\u00edcula, avalia\u00e7\u00e3o da morfologia do p\u00f3, teste de densidade, avalia\u00e7\u00e3o de pureza e an\u00e1lise do teor de oxig\u00eanio, para garantir consist\u00eancia e confiabilidade.<\/p>\n<h2>An\u00e1lise de custos<\/h2>\n<p>O custo do p\u00f3 de cobre C11000 varia de acordo com v\u00e1rios fatores, inclusive volume do pedido, faixa de tamanho de part\u00edcula, morfologia do p\u00f3, n\u00edveis de pureza e margens do fabricante\/distribuidor.<\/p>\n<h2>Armazenamento e manuseio de p\u00f3s<\/h2>\n<p>Pr\u00e1ticas adequadas de armazenamento e manuseio s\u00e3o essenciais para preservar a integridade do p\u00f3 de cobre C11000, incluindo o armazenamento em recipientes lacrados em um ambiente controlado e a ades\u00e3o a protocolos de manuseio adequados.<\/p>\n<h2>Sa\u00fade e seguran\u00e7a<\/h2>\n<p>O p\u00f3 de cobre C11000 apresenta riscos m\u00ednimos \u00e0 sa\u00fade com o manuseio adequado, exigindo a utiliza\u00e7\u00e3o de equipamentos de prote\u00e7\u00e3o individual e a ades\u00e3o a protocolos de seguran\u00e7a durante o manuseio e o processamento.<\/p>\n<h2>FAQ<\/h2>\n<ol>\n<li><strong>Quais s\u00e3o as principais vantagens do p\u00f3 de cobre C11000?<\/strong> O p\u00f3 de cobre C11000 oferece excepcional condutividade el\u00e9trica, condutividade t\u00e9rmica e resist\u00eancia \u00e0 corros\u00e3o, o que o torna adequado para uma ampla gama de aplica\u00e7\u00f5es nos setores el\u00e9trico e eletr\u00f4nico.<\/li>\n<li><strong>O p\u00f3 de cobre C11000 pode ser usado na manufatura aditiva?<\/strong> Sim, o p\u00f3 de cobre C11000 \u00e9 comumente usado em t\u00e9cnicas de manufatura aditiva, como a fus\u00e3o seletiva a laser (SLM) e a fus\u00e3o por feixe de el\u00e9trons (EBM), para produzir componentes com alta condutividade e confiabilidade.<\/li>\n<li><strong>O p\u00f3 de cobre C11000 \u00e9 adequado para aplica\u00e7\u00f5es automotivas?<\/strong> Sim, o p\u00f3 de cobre C11000 \u00e9 adequado para aplica\u00e7\u00f5es automotivas, incluindo radiadores, trocadores de calor e conectores, devido \u00e0 sua alta condutividade e resist\u00eancia \u00e0 corros\u00e3o.<\/li>\n<li><strong>Quais s\u00e3o os custos t\u00edpicos associados ao Copper C11000 Powder?<\/strong> Os custos do p\u00f3 de cobre C11000 variam de acordo com fatores como volume, faixa de tamanho de part\u00edcula, n\u00edveis de pureza e condi\u00e7\u00f5es de mercado.<\/li>\n<\/ol>","protected":false},"excerpt":{"rendered":"<p>P\u00f3 de cobre C11000: Vis\u00e3o geral O p\u00f3 de cobre C11000 \u00e9 um p\u00f3 de liga de cobre altamente estimado, conhecido por sua excepcional condutividade el\u00e9trica, condutividade t\u00e9rmica e resist\u00eancia \u00e0 corros\u00e3o. Ele encontra amplas aplica\u00e7\u00f5es em v\u00e1rios setores, especialmente nos setores el\u00e9trico e eletr\u00f4nico, onde a alta condutividade e a confiabilidade s\u00e3o fundamentais. A composi\u00e7\u00e3o do p\u00f3 de cobre C11000 \u00e9 meticulosamente elaborada com ligas precisas...<\/p>","protected":false},"featured_media":1858,"parent":0,"template":"","meta":{"_acf_changed":false,"_kad_blocks_custom_css":"","_kad_blocks_head_custom_js":"","_kad_blocks_body_custom_js":"","_kad_blocks_footer_custom_js":"","_kad_post_transparent":"","_kad_post_title":"","_kad_post_layout":"","_kad_post_sidebar_id":"","_kad_post_content_style":"","_kad_post_vertical_padding":"","_kad_post_feature":"","_kad_post_feature_position":"","_kad_post_header":false,"_kad_post_footer":false,"_kad_post_classname":""},"product-category":[119],"class_list":["post-4306","product","type-product","status-publish","has-post-thumbnail","hentry","product-category-3d-printing-metal-powder"],"acf":[],"taxonomy_info":{"product-category":[{"value":119,"label":"3D Printing Metal Powder"}]},"featured_image_src_large":["https:\/\/3dpmetal.com\/wp-content\/uploads\/2024\/02\/GH3230-Powder.jpg",600,600,false],"author_info":[],"comment_info":"","_links":{"self":[{"href":"https:\/\/3dpmetal.com\/pt_br\/wp-json\/wp\/v2\/product\/4306","targetHints":{"allow":["GET"]}}],"collection":[{"href":"https:\/\/3dpmetal.com\/pt_br\/wp-json\/wp\/v2\/product"}],"about":[{"href":"https:\/\/3dpmetal.com\/pt_br\/wp-json\/wp\/v2\/types\/product"}],"wp:featuredmedia":[{"embeddable":true,"href":"https:\/\/3dpmetal.com\/pt_br\/wp-json\/wp\/v2\/media\/1858"}],"wp:attachment":[{"href":"https:\/\/3dpmetal.com\/pt_br\/wp-json\/wp\/v2\/media?parent=4306"}],"wp:term":[{"taxonomy":"product-category","embeddable":true,"href":"https:\/\/3dpmetal.com\/pt_br\/wp-json\/wp\/v2\/product-category?post=4306"}],"curies":[{"name":"wp","href":"https:\/\/api.w.org\/{rel}","templated":true}]}}