{"id":4313,"date":"2024-04-07T08:17:24","date_gmt":"2024-04-07T08:17:24","guid":{"rendered":"https:\/\/3dpmetal.com\/product\/nickel-alloy-c276-powder\/"},"modified":"2024-04-08T01:33:25","modified_gmt":"2024-04-08T01:33:25","slug":"nickel-alloy-c276-powder","status":"publish","type":"product","link":"https:\/\/3dpmetal.com\/pt_br\/product\/nickel-alloy-c276-powder\/","title":{"rendered":"P\u00f3 de liga de n\u00edquel C276"},"content":{"rendered":"<h2>P\u00f3 de liga de n\u00edquel C276: Vis\u00e3o geral<\/h2>\n<p><a href=\"https:\/\/en.wikipedia.org\/wiki\/Metal_powder\" target=\"_blank\" rel=\"noopener\">P\u00f3 de liga de n\u00edquel C276<\/a> \u00e9 altamente estimado por sua excepcional resist\u00eancia \u00e0 corros\u00e3o, o que o torna um material crucial em v\u00e1rios setores. Sua resist\u00eancia a uma ampla gama de ambientes corrosivos, incluindo \u00e1cidos agressivos e condi\u00e7\u00f5es de alta temperatura, torna-o inestim\u00e1vel para aplica\u00e7\u00f5es cr\u00edticas.<\/p>\n<h2>Composi\u00e7\u00e3o<\/h2>\n<p>O p\u00f3 de liga de n\u00edquel C276 \u00e9 meticulosamente formulado com elementos de liga precisos:<\/p>\n<table>\n<thead>\n<tr>\n<th>Elemento<\/th>\n<th>% do Peso<\/th>\n<\/tr>\n<\/thead>\n<tbody>\n<tr>\n<td>Niquel (Ni)<\/td>\n<td>57,0 min<\/td>\n<\/tr>\n<tr>\n<td>Cromo (Cr)<\/td>\n<td>14.5-16.5<\/td>\n<\/tr>\n<tr>\n<td>Molibd\u00eanio (Mo)<\/td>\n<td>15.0-17.0<\/td>\n<\/tr>\n<tr>\n<td>Ferro (Fe)<\/td>\n<td>4.0-7.0<\/td>\n<\/tr>\n<tr>\n<td>Tungst\u00eanio (W)<\/td>\n<td>3.0-4.5<\/td>\n<\/tr>\n<tr>\n<td>Cobalto (Co)<\/td>\n<td>\u22642.5<\/td>\n<\/tr>\n<\/tbody>\n<\/table>\n<h2>Propriedades<\/h2>\n<p>O p\u00f3 da liga de n\u00edquel C276 apresenta propriedades excepcionais:<\/p>\n<table>\n<thead>\n<tr>\n<th>Propriedade<\/th>\n<th>Valor<\/th>\n<\/tr>\n<\/thead>\n<tbody>\n<tr>\n<td>Densidade<\/td>\n<td>8,89 g\/cm\u00b3<\/td>\n<\/tr>\n<tr>\n<td>Resist\u00eancia \u00e0 Tra\u00e7\u00e3o<\/td>\n<td>690 MPa (min)<\/td>\n<\/tr>\n<tr>\n<td>Limite de escoamento<\/td>\n<td>283 MPa (min)<\/td>\n<\/tr>\n<tr>\n<td>alongamento<\/td>\n<td>40% (min)<\/td>\n<\/tr>\n<tr>\n<td>Dureza (HRB)<\/td>\n<td>100 (m\u00e1ximo)<\/td>\n<\/tr>\n<tr>\n<td>Ponto de Fus\u00e3o<\/td>\n<td>1325-1370\u00b0C<\/td>\n<\/tr>\n<tr>\n<td>Condutividade t\u00e9rmica<\/td>\n<td>8,7 W\/m-K<\/td>\n<\/tr>\n<tr>\n<td>Resistividade el\u00e9trica<\/td>\n<td>1,35 \u00b5\u03a9-m<\/td>\n<\/tr>\n<\/tbody>\n<\/table>\n<h2>APLICATIVOS<\/h2>\n<p>O p\u00f3 de liga de n\u00edquel C276 encontra amplas aplica\u00e7\u00f5es nos setores de processamento qu\u00edmico, produ\u00e7\u00e3o de papel e celulose, tratamento de res\u00edduos e controle de polui\u00e7\u00e3o para componentes como vasos de reatores, trocadores de calor e sistemas de tubula\u00e7\u00e3o.<\/p>\n<h2>Processo de manufatura aditiva<\/h2>\n<p>Produzido por meio de processos de atomiza\u00e7\u00e3o a g\u00e1s ou plasma, o p\u00f3 de liga de n\u00edquel C276 \u00e9 adequado para t\u00e9cnicas de manufatura aditiva, como fus\u00e3o seletiva a laser (SLM) e fus\u00e3o por feixe de el\u00e9trons (EBM).<\/p>\n<h2>Especifica\u00e7\u00f5es do p\u00f3<\/h2>\n<p>Dispon\u00edvel em v\u00e1rias faixas de tamanho, morfologias e n\u00edveis de qualidade, o p\u00f3 de liga de n\u00edquel C276 atende a requisitos espec\u00edficos de aplica\u00e7\u00e3o.<\/p>\n<h2>Padr\u00f5es e notas<\/h2>\n<p>O p\u00f3 de liga de n\u00edquel C276 est\u00e1 em conformidade com os padr\u00f5es do setor, como ASTM B574 e AMS 5, garantindo qualidade e adequa\u00e7\u00e3o para diversas aplica\u00e7\u00f5es.<\/p>\n<h2>Controle de qualidade<\/h2>\n<p>Medidas rigorosas de controle de qualidade, incluindo an\u00e1lise qu\u00edmica e de tamanho de part\u00edcula, s\u00e3o implementadas para garantir a consist\u00eancia e a confiabilidade da liga de n\u00edquel C276 em p\u00f3.<\/p>\n<h2>An\u00e1lise de custos<\/h2>\n<p>O custo do p\u00f3 de liga de n\u00edquel C276 varia de acordo com fatores como volume, faixa de tamanho de part\u00edcula e condi\u00e7\u00f5es de mercado.<\/p>\n<h2>Armazenamento e manuseio de p\u00f3s<\/h2>\n<p>O armazenamento adequado em recipientes lacrados e a ades\u00e3o aos protocolos de manuseio s\u00e3o essenciais para manter a integridade da liga de n\u00edquel C276 em p\u00f3.<\/p>\n<h2>Sa\u00fade e seguran\u00e7a<\/h2>\n<p>O p\u00f3 de liga de n\u00edquel C276 apresenta riscos m\u00ednimos \u00e0 sa\u00fade, mas requer o uso de equipamentos de prote\u00e7\u00e3o individual durante o manuseio e o processamento.<\/p>\n<h2>FAQ<\/h2>\n<ol>\n<li><strong>Quais s\u00e3o as principais vantagens do p\u00f3 de liga de n\u00edquel C276?<\/strong> A liga de n\u00edquel C276 em p\u00f3 oferece excepcional resist\u00eancia \u00e0 corros\u00e3o em uma ampla variedade de ambientes corrosivos, tornando-a adequada para aplica\u00e7\u00f5es cr\u00edticas em processamento qu\u00edmico, produ\u00e7\u00e3o de papel e celulose e controle de polui\u00e7\u00e3o.<\/li>\n<li><strong>O p\u00f3 da liga de n\u00edquel C276 pode ser usado na manufatura aditiva?<\/strong> Sim, o p\u00f3 de liga de n\u00edquel C276 \u00e9 comumente usado em t\u00e9cnicas de manufatura aditiva, como fus\u00e3o seletiva a laser (SLM) e fus\u00e3o por feixe de el\u00e9trons (EBM), para produzir componentes com propriedades mec\u00e2nicas e resist\u00eancia \u00e0 corros\u00e3o superiores.<\/li>\n<li><strong>O p\u00f3 de liga de n\u00edquel C276 \u00e9 adequado para aplica\u00e7\u00f5es de alta temperatura?<\/strong> Sim, a liga de n\u00edquel C276 em p\u00f3 apresenta excelente estabilidade t\u00e9rmica e pode suportar ambientes de alta temperatura, o que a torna adequada para aplica\u00e7\u00f5es em trocadores de calor, vasos de reatores e outros equipamentos de alta temperatura.<\/li>\n<li><strong>Quais s\u00e3o os custos t\u00edpicos associados ao p\u00f3 de liga de n\u00edquel C276?<\/strong> Os custos do p\u00f3 de liga de n\u00edquel C276 variam de acordo com fatores como volume, faixa de tamanho de part\u00edcula, morfologia do p\u00f3, n\u00edveis de pureza e condi\u00e7\u00f5es de mercado.<\/li>\n<\/ol>","protected":false},"excerpt":{"rendered":"<p>Liga de n\u00edquel C276 em p\u00f3: Vis\u00e3o geral A liga de n\u00edquel C276 em p\u00f3 \u00e9 muito apreciada por sua excepcional resist\u00eancia \u00e0 corros\u00e3o, o que a torna um material essencial em v\u00e1rios setores. Sua resist\u00eancia a uma ampla gama de ambientes corrosivos, incluindo \u00e1cidos fortes e condi\u00e7\u00f5es de alta temperatura, torna-o inestim\u00e1vel para aplica\u00e7\u00f5es cr\u00edticas. A composi\u00e7\u00e3o da liga de n\u00edquel C276 em p\u00f3 \u00e9 meticulosamente formulada com...<\/p>","protected":false},"featured_media":1954,"parent":0,"template":"","meta":{"_acf_changed":false,"_kad_blocks_custom_css":"","_kad_blocks_head_custom_js":"","_kad_blocks_body_custom_js":"","_kad_blocks_footer_custom_js":"","_kad_post_transparent":"","_kad_post_title":"","_kad_post_layout":"","_kad_post_sidebar_id":"","_kad_post_content_style":"","_kad_post_vertical_padding":"","_kad_post_feature":"","_kad_post_feature_position":"","_kad_post_header":false,"_kad_post_footer":false,"_kad_post_classname":""},"product-category":[119],"class_list":["post-4313","product","type-product","status-publish","has-post-thumbnail","hentry","product-category-3d-printing-metal-powder"],"acf":[],"taxonomy_info":{"product-category":[{"value":119,"label":"3D Printing Metal Powder"}]},"featured_image_src_large":["https:\/\/3dpmetal.com\/wp-content\/uploads\/2024\/02\/GH3536-Alloy-Powder.jpg",333,339,false],"author_info":[],"comment_info":"","_links":{"self":[{"href":"https:\/\/3dpmetal.com\/pt_br\/wp-json\/wp\/v2\/product\/4313","targetHints":{"allow":["GET"]}}],"collection":[{"href":"https:\/\/3dpmetal.com\/pt_br\/wp-json\/wp\/v2\/product"}],"about":[{"href":"https:\/\/3dpmetal.com\/pt_br\/wp-json\/wp\/v2\/types\/product"}],"wp:featuredmedia":[{"embeddable":true,"href":"https:\/\/3dpmetal.com\/pt_br\/wp-json\/wp\/v2\/media\/1954"}],"wp:attachment":[{"href":"https:\/\/3dpmetal.com\/pt_br\/wp-json\/wp\/v2\/media?parent=4313"}],"wp:term":[{"taxonomy":"product-category","embeddable":true,"href":"https:\/\/3dpmetal.com\/pt_br\/wp-json\/wp\/v2\/product-category?post=4313"}],"curies":[{"name":"wp","href":"https:\/\/api.w.org\/{rel}","templated":true}]}}