{"id":4322,"date":"2024-04-07T08:17:24","date_gmt":"2024-04-07T08:17:24","guid":{"rendered":"https:\/\/3dpmetal.com\/product\/inconel-690-powder\/"},"modified":"2024-04-08T01:44:55","modified_gmt":"2024-04-08T01:44:55","slug":"inconel-690-powder","status":"publish","type":"product","link":"https:\/\/3dpmetal.com\/pt_br\/product\/inconel-690-powder\/","title":{"rendered":"Inconel 690 em p\u00f3"},"content":{"rendered":"<h2>P\u00f3 de Inconel 690: Vis\u00e3o geral<\/h2>\n<p><a href=\"\/pt_br\/_wp_link_placeholder\/\" data-wplink-edit=\"true\">Inconel 690 em p\u00f3<\/a> \u00e9 altamente considerado por sua excepcional resist\u00eancia a altas temperaturas, resist\u00eancia \u00e0 corros\u00e3o e excelente capacidade de fabrica\u00e7\u00e3o, o que o torna indispens\u00e1vel em v\u00e1rios setores. Sua combina\u00e7\u00e3o exclusiva de propriedades o torna ideal para aplica\u00e7\u00f5es em que a resist\u00eancia a temperaturas extremas e ambientes agressivos \u00e9 fundamental.<\/p>\n<h2>Composi\u00e7\u00e3o<\/h2>\n<p>O p\u00f3 de Inconel 690 \u00e9 meticulosamente trabalhado com elementos de liga precisos:<\/p>\n<table>\n<thead>\n<tr>\n<th>Elemento<\/th>\n<th>% do Peso<\/th>\n<\/tr>\n<\/thead>\n<tbody>\n<tr>\n<td>Niquel (Ni)<\/td>\n<td>58.0-71.0<\/td>\n<\/tr>\n<tr>\n<td>Cromo (Cr)<\/td>\n<td>27.0-31.0<\/td>\n<\/tr>\n<tr>\n<td>Ferro (Fe)<\/td>\n<td>7.0-11.0<\/td>\n<\/tr>\n<tr>\n<td>Mangan\u00eas (Mn)<\/td>\n<td>0,5 m\u00e1ximo<\/td>\n<\/tr>\n<tr>\n<td>Sil\u00edcio (Si)<\/td>\n<td>0,5 m\u00e1ximo<\/td>\n<\/tr>\n<tr>\n<td>Carbono (C)<\/td>\n<td>0,05 m\u00e1ximo<\/td>\n<\/tr>\n<tr>\n<td>Enxofre (S)<\/td>\n<td>0,015 m\u00e1ximo<\/td>\n<\/tr>\n<\/tbody>\n<\/table>\n<h2>Propriedades<\/h2>\n<p>O Inconel 690 Powder apresenta propriedades excepcionais:<\/p>\n<table>\n<thead>\n<tr>\n<th>Propriedade<\/th>\n<th>Valor<\/th>\n<\/tr>\n<\/thead>\n<tbody>\n<tr>\n<td>Densidade<\/td>\n<td>8,19 g\/cm\u00b3<\/td>\n<\/tr>\n<tr>\n<td>Resist\u00eancia \u00e0 Tra\u00e7\u00e3o<\/td>\n<td>785 MPa (min)<\/td>\n<\/tr>\n<tr>\n<td>Limite de escoamento<\/td>\n<td>310 MPa (min)<\/td>\n<\/tr>\n<tr>\n<td>alongamento<\/td>\n<td>30% (min)<\/td>\n<\/tr>\n<tr>\n<td>Dureza (HRB)<\/td>\n<td>85 HRB<\/td>\n<\/tr>\n<tr>\n<td>Ponto de Fus\u00e3o<\/td>\n<td>1343-1371\u00b0C<\/td>\n<\/tr>\n<tr>\n<td>Condutividade t\u00e9rmica<\/td>\n<td>10,2 W\/m-K<\/td>\n<\/tr>\n<tr>\n<td>Resistividade el\u00e9trica<\/td>\n<td>1,14 \u00b5\u03a9-m<\/td>\n<\/tr>\n<\/tbody>\n<\/table>\n<h2>APLICATIVOS<\/h2>\n<p>O Inconel 690 em p\u00f3 encontra amplas aplica\u00e7\u00f5es nos setores de processamento qu\u00edmico, nuclear e petroqu\u00edmico para componentes como vasos de reatores, trocadores de calor e sistemas de tubula\u00e7\u00e3o.<\/p>\n<h2>Processo de manufatura aditiva<\/h2>\n<p>Produzido por meio de processos de atomiza\u00e7\u00e3o a g\u00e1s ou plasma, o Inconel 690 em p\u00f3 \u00e9 adequado para t\u00e9cnicas de manufatura aditiva, como fus\u00e3o seletiva a laser (SLM) e fus\u00e3o por feixe de el\u00e9trons (EBM).<\/p>\n<h2>Especifica\u00e7\u00f5es do p\u00f3<\/h2>\n<p>Dispon\u00edvel em v\u00e1rias faixas de tamanho, morfologias e n\u00edveis de qualidade, o p\u00f3 de Inconel 690 atende a requisitos espec\u00edficos de aplica\u00e7\u00e3o.<\/p>\n<h2>Padr\u00f5es e notas<\/h2>\n<p>O Inconel 690 Powder est\u00e1 em conformidade com as normas do setor, como a ASTM B166, garantindo qualidade e adequa\u00e7\u00e3o para diversas aplica\u00e7\u00f5es.<\/p>\n<h2>Controle de qualidade<\/h2>\n<p>Medidas rigorosas de controle de qualidade, incluindo an\u00e1lise qu\u00edmica e de tamanho de part\u00edcula, garantem a consist\u00eancia e a confiabilidade do p\u00f3 de Inconel 690.<\/p>\n<h2>An\u00e1lise de custos<\/h2>\n<p>O custo do p\u00f3 de Inconel 690 varia de acordo com fatores como volume, faixa de tamanho de part\u00edcula e condi\u00e7\u00f5es de mercado.<\/p>\n<h2>Armazenamento e manuseio de p\u00f3s<\/h2>\n<p>O armazenamento adequado em recipientes lacrados e a ades\u00e3o aos protocolos de manuseio s\u00e3o essenciais para manter a integridade do Inconel 690 em p\u00f3.<\/p>\n<h2>Sa\u00fade e seguran\u00e7a<\/h2>\n<p>O Inconel 690 em p\u00f3 apresenta riscos m\u00ednimos \u00e0 sa\u00fade, mas requer o uso de equipamentos de prote\u00e7\u00e3o individual durante o manuseio e o processamento.<\/p>\n<h2>FAQ<\/h2>\n<ol>\n<li><strong>Quais s\u00e3o as principais vantagens do p\u00f3 de Inconel 690?<\/strong> O Inconel 690 em p\u00f3 oferece excepcional resist\u00eancia a altas temperaturas, resist\u00eancia \u00e0 corros\u00e3o e capacidade de fabrica\u00e7\u00e3o, o que o torna adequado para aplica\u00e7\u00f5es cr\u00edticas nos setores de processamento qu\u00edmico, nuclear e petroqu\u00edmico.<\/li>\n<li><strong>O p\u00f3 de Inconel 690 pode ser usado na manufatura aditiva?<\/strong> Sim, o Inconel 690 em p\u00f3 \u00e9 comumente usado em t\u00e9cnicas de manufatura aditiva, como a fus\u00e3o seletiva a laser (SLM) e a fus\u00e3o por feixe de el\u00e9trons (EBM), para produzir componentes com propriedades superiores de alta temperatura.<\/li>\n<li><strong>O Inconel 690 em p\u00f3 \u00e9 adequado para aplica\u00e7\u00f5es em vasos de reatores?<\/strong> Sim, o Inconel 690 em p\u00f3 \u00e9 amplamente utilizado em vasos de reatores devido \u00e0 sua excelente resist\u00eancia a altas temperaturas e \u00e0 corros\u00e3o.<\/li>\n<li><strong>Quais s\u00e3o os custos t\u00edpicos associados ao Inconel 690 Powder?<\/strong> Os custos do p\u00f3 de Inconel 690 variam de acordo com fatores como volume, faixa de tamanho de part\u00edcula, morfologia do p\u00f3, n\u00edveis de pureza e condi\u00e7\u00f5es de mercado.<\/li>\n<\/ol>","protected":false},"excerpt":{"rendered":"<p>Inconel 690 em p\u00f3: Vis\u00e3o geral O Inconel 690 em p\u00f3 \u00e9 altamente considerado por sua excepcional resist\u00eancia a altas temperaturas, resist\u00eancia \u00e0 corros\u00e3o e excelente capacidade de fabrica\u00e7\u00e3o, o que o torna indispens\u00e1vel em v\u00e1rios setores. Sua combina\u00e7\u00e3o exclusiva de propriedades o torna ideal para aplica\u00e7\u00f5es em que a resist\u00eancia a temperaturas extremas e ambientes agressivos \u00e9 fundamental. A composi\u00e7\u00e3o do Inconel 690 em p\u00f3 \u00e9 meticulosamente trabalhada com precis\u00e3o...<\/p>","protected":false},"featured_media":1781,"parent":0,"template":"","meta":{"_acf_changed":false,"_kad_blocks_custom_css":"","_kad_blocks_head_custom_js":"","_kad_blocks_body_custom_js":"","_kad_blocks_footer_custom_js":"","_kad_post_transparent":"","_kad_post_title":"","_kad_post_layout":"","_kad_post_sidebar_id":"","_kad_post_content_style":"","_kad_post_vertical_padding":"","_kad_post_feature":"","_kad_post_feature_position":"","_kad_post_header":false,"_kad_post_footer":false,"_kad_post_classname":""},"product-category":[119],"class_list":["post-4322","product","type-product","status-publish","has-post-thumbnail","hentry","product-category-3d-printing-metal-powder"],"acf":[],"taxonomy_info":{"product-category":[{"value":119,"label":"3D Printing Metal Powder"}]},"featured_image_src_large":["https:\/\/3dpmetal.com\/wp-content\/uploads\/2024\/02\/Ti22Al25Nb-Powder.png",842,756,false],"author_info":[],"comment_info":"","_links":{"self":[{"href":"https:\/\/3dpmetal.com\/pt_br\/wp-json\/wp\/v2\/product\/4322","targetHints":{"allow":["GET"]}}],"collection":[{"href":"https:\/\/3dpmetal.com\/pt_br\/wp-json\/wp\/v2\/product"}],"about":[{"href":"https:\/\/3dpmetal.com\/pt_br\/wp-json\/wp\/v2\/types\/product"}],"wp:featuredmedia":[{"embeddable":true,"href":"https:\/\/3dpmetal.com\/pt_br\/wp-json\/wp\/v2\/media\/1781"}],"wp:attachment":[{"href":"https:\/\/3dpmetal.com\/pt_br\/wp-json\/wp\/v2\/media?parent=4322"}],"wp:term":[{"taxonomy":"product-category","embeddable":true,"href":"https:\/\/3dpmetal.com\/pt_br\/wp-json\/wp\/v2\/product-category?post=4322"}],"curies":[{"name":"wp","href":"https:\/\/api.w.org\/{rel}","templated":true}]}}