{"id":4323,"date":"2024-04-07T08:17:24","date_gmt":"2024-04-07T08:17:24","guid":{"rendered":"https:\/\/3dpmetal.com\/product\/inconel-602ca-powder\/"},"modified":"2024-04-08T01:46:06","modified_gmt":"2024-04-08T01:46:06","slug":"inconel-602ca-powder","status":"publish","type":"product","link":"https:\/\/3dpmetal.com\/pt_br\/product\/inconel-602ca-powder\/","title":{"rendered":"Inconel 602CA em p\u00f3"},"content":{"rendered":"<h2>P\u00f3 de Inconel 602CA: Vis\u00e3o geral<\/h2>\n<p><a href=\"https:\/\/en.wikipedia.org\/wiki\/Metal_powder\" target=\"_blank\" rel=\"noopener\">Inconel 602CA em p\u00f3<\/a> \u00e9 altamente valorizado por sua excepcional resist\u00eancia a altas temperaturas, resist\u00eancia \u00e0 oxida\u00e7\u00e3o e resist\u00eancia \u00e0 carbura\u00e7\u00e3o, o que o torna indispens\u00e1vel em v\u00e1rias aplica\u00e7\u00f5es exigentes. Sua combina\u00e7\u00e3o exclusiva de propriedades o torna ideal para ambientes onde predominam temperaturas extremas e atmosferas agressivas.<\/p>\n<h2>Composi\u00e7\u00e3o<\/h2>\n<p>O p\u00f3 de Inconel 602CA \u00e9 meticulosamente projetado com elementos de liga precisos:<\/p>\n<table>\n<thead>\n<tr>\n<th>Elemento<\/th>\n<th>% do Peso<\/th>\n<\/tr>\n<\/thead>\n<tbody>\n<tr>\n<td>Niquel (Ni)<\/td>\n<td>70,0 min<\/td>\n<\/tr>\n<tr>\n<td>Cromo (Cr)<\/td>\n<td>24.0-27.0<\/td>\n<\/tr>\n<tr>\n<td>Ferro (Fe)<\/td>\n<td>5.0-9.0<\/td>\n<\/tr>\n<tr>\n<td>Mangan\u00eas (Mn)<\/td>\n<td>1,0 m\u00e1ximo<\/td>\n<\/tr>\n<tr>\n<td>Sil\u00edcio (Si)<\/td>\n<td>1,0 m\u00e1ximo<\/td>\n<\/tr>\n<tr>\n<td>Carbono (C)<\/td>\n<td>0,15 m\u00e1ximo<\/td>\n<\/tr>\n<tr>\n<td>Enxofre (S)<\/td>\n<td>0,015 m\u00e1ximo<\/td>\n<\/tr>\n<\/tbody>\n<\/table>\n<h2>Propriedades<\/h2>\n<p>O p\u00f3 Inconel 602CA apresenta propriedades excepcionais:<\/p>\n<table>\n<thead>\n<tr>\n<th>Propriedade<\/th>\n<th>Valor<\/th>\n<\/tr>\n<\/thead>\n<tbody>\n<tr>\n<td>Densidade<\/td>\n<td>8,1 g\/cm\u00b3<\/td>\n<\/tr>\n<tr>\n<td>Resist\u00eancia \u00e0 Tra\u00e7\u00e3o<\/td>\n<td>655 MPa (min)<\/td>\n<\/tr>\n<tr>\n<td>Limite de escoamento<\/td>\n<td>285 MPa (min)<\/td>\n<\/tr>\n<tr>\n<td>alongamento<\/td>\n<td>35% (min)<\/td>\n<\/tr>\n<tr>\n<td>Dureza (HRB)<\/td>\n<td>85 HRB<\/td>\n<\/tr>\n<tr>\n<td>Ponto de Fus\u00e3o<\/td>\n<td>1340-1380\u00b0C<\/td>\n<\/tr>\n<tr>\n<td>Condutividade t\u00e9rmica<\/td>\n<td>12,2 W\/m-K<\/td>\n<\/tr>\n<tr>\n<td>Resistividade el\u00e9trica<\/td>\n<td>1,18 \u00b5\u03a9-m<\/td>\n<\/tr>\n<\/tbody>\n<\/table>\n<h2>APLICATIVOS<\/h2>\n<p>O p\u00f3 de Inconel 602CA encontra amplas aplica\u00e7\u00f5es nos setores petroqu\u00edmico, de tratamento t\u00e9rmico e de gera\u00e7\u00e3o de energia para componentes como tubos de reformadores, bobinas radiantes e muflas de fornos.<\/p>\n<h2>Processo de manufatura aditiva<\/h2>\n<p>Produzido por meio de processos de atomiza\u00e7\u00e3o a g\u00e1s ou plasma, o Inconel 602CA em p\u00f3 \u00e9 adequado para t\u00e9cnicas de manufatura aditiva, como fus\u00e3o seletiva a laser (SLM) e fus\u00e3o por feixe de el\u00e9trons (EBM).<\/p>\n<h2>Especifica\u00e7\u00f5es do p\u00f3<\/h2>\n<p>Dispon\u00edvel em v\u00e1rias faixas de tamanho, morfologias e n\u00edveis de qualidade, o p\u00f3 de Inconel 602CA atende aos requisitos de aplica\u00e7\u00f5es espec\u00edficas.<\/p>\n<h2>Padr\u00f5es e notas<\/h2>\n<p>O Inconel 602CA Powder est\u00e1 em conformidade com as normas do setor, como a ASTM B166, garantindo qualidade e adequa\u00e7\u00e3o para diversas aplica\u00e7\u00f5es.<\/p>\n<h2>Controle de qualidade<\/h2>\n<p>Medidas rigorosas de controle de qualidade, incluindo an\u00e1lise qu\u00edmica e de tamanho de part\u00edcula, garantem a consist\u00eancia e a confiabilidade do p\u00f3 de Inconel 602CA.<\/p>\n<h2>An\u00e1lise de custos<\/h2>\n<p>O custo do p\u00f3 de Inconel 602CA varia de acordo com fatores como volume, faixa de tamanho de part\u00edcula e condi\u00e7\u00f5es de mercado.<\/p>\n<h2>Armazenamento e manuseio de p\u00f3s<\/h2>\n<p>O armazenamento adequado em recipientes lacrados e a ades\u00e3o aos protocolos de manuseio s\u00e3o essenciais para manter a integridade do Inconel 602CA em p\u00f3.<\/p>\n<h2>Sa\u00fade e seguran\u00e7a<\/h2>\n<p>O Inconel 602CA em p\u00f3 apresenta riscos m\u00ednimos \u00e0 sa\u00fade, mas requer o uso de equipamentos de prote\u00e7\u00e3o individual durante o manuseio e o processamento.<\/p>\n<h2>FAQ<\/h2>\n<ol>\n<li><strong>Quais s\u00e3o as principais vantagens do p\u00f3 de Inconel 602CA?<\/strong> O Inconel 602CA em p\u00f3 oferece excepcional resist\u00eancia a altas temperaturas, resist\u00eancia \u00e0 oxida\u00e7\u00e3o e resist\u00eancia \u00e0 carbura\u00e7\u00e3o, o que o torna adequado para aplica\u00e7\u00f5es exigentes nos setores petroqu\u00edmico, de tratamento t\u00e9rmico e de gera\u00e7\u00e3o de energia.<\/li>\n<li><strong>O p\u00f3 de Inconel 602CA pode ser usado na manufatura aditiva?<\/strong> Sim, o p\u00f3 de Inconel 602CA \u00e9 comumente usado em t\u00e9cnicas de manufatura aditiva, como fus\u00e3o seletiva a laser (SLM) e fus\u00e3o por feixe de el\u00e9trons (EBM), para produzir componentes com propriedades superiores de alta temperatura.<\/li>\n<li><strong>O p\u00f3 de Inconel 602CA \u00e9 adequado para aplica\u00e7\u00f5es em tubos de reforma?<\/strong> Sim, o p\u00f3 de Inconel 602CA \u00e9 amplamente utilizado em tubos de reforma devido \u00e0 sua excelente resist\u00eancia a altas temperaturas e \u00e0 oxida\u00e7\u00e3o e carbura\u00e7\u00e3o.<\/li>\n<li><strong>Quais s\u00e3o os custos t\u00edpicos associados ao Inconel 602CA Powder?<\/strong> Os custos do p\u00f3 de Inconel 602CA variam de acordo com fatores como volume, faixa de tamanho de part\u00edcula, morfologia do p\u00f3, n\u00edveis de pureza e condi\u00e7\u00f5es de mercado.<\/li>\n<\/ol>","protected":false},"excerpt":{"rendered":"<p>Inconel 602CA em p\u00f3: Vis\u00e3o geral O Inconel 602CA em p\u00f3 \u00e9 altamente valorizado por sua excepcional resist\u00eancia a altas temperaturas, resist\u00eancia \u00e0 oxida\u00e7\u00e3o e resist\u00eancia \u00e0 carbura\u00e7\u00e3o, o que o torna indispens\u00e1vel em v\u00e1rias aplica\u00e7\u00f5es exigentes. Sua combina\u00e7\u00e3o exclusiva de propriedades o torna ideal para ambientes onde predominam temperaturas extremas e atmosferas agressivas. Composi\u00e7\u00e3o O Inconel 602CA em p\u00f3 \u00e9 meticulosamente projetado com ligas precisas...<\/p>","protected":false},"featured_media":1855,"parent":0,"template":"","meta":{"_acf_changed":false,"_kad_blocks_custom_css":"","_kad_blocks_head_custom_js":"","_kad_blocks_body_custom_js":"","_kad_blocks_footer_custom_js":"","_kad_post_transparent":"","_kad_post_title":"","_kad_post_layout":"","_kad_post_sidebar_id":"","_kad_post_content_style":"","_kad_post_vertical_padding":"","_kad_post_feature":"","_kad_post_feature_position":"","_kad_post_header":false,"_kad_post_footer":false,"_kad_post_classname":""},"product-category":[119],"class_list":["post-4323","product","type-product","status-publish","has-post-thumbnail","hentry","product-category-3d-printing-metal-powder"],"acf":[],"taxonomy_info":{"product-category":[{"value":119,"label":"3D Printing Metal Powder"}]},"featured_image_src_large":["https:\/\/3dpmetal.com\/wp-content\/uploads\/2024\/02\/High-temperature-alloy.jpg",600,600,false],"author_info":[],"comment_info":"","_links":{"self":[{"href":"https:\/\/3dpmetal.com\/pt_br\/wp-json\/wp\/v2\/product\/4323","targetHints":{"allow":["GET"]}}],"collection":[{"href":"https:\/\/3dpmetal.com\/pt_br\/wp-json\/wp\/v2\/product"}],"about":[{"href":"https:\/\/3dpmetal.com\/pt_br\/wp-json\/wp\/v2\/types\/product"}],"wp:featuredmedia":[{"embeddable":true,"href":"https:\/\/3dpmetal.com\/pt_br\/wp-json\/wp\/v2\/media\/1855"}],"wp:attachment":[{"href":"https:\/\/3dpmetal.com\/pt_br\/wp-json\/wp\/v2\/media?parent=4323"}],"wp:term":[{"taxonomy":"product-category","embeddable":true,"href":"https:\/\/3dpmetal.com\/pt_br\/wp-json\/wp\/v2\/product-category?post=4323"}],"curies":[{"name":"wp","href":"https:\/\/api.w.org\/{rel}","templated":true}]}}