{"id":4325,"date":"2024-04-07T08:17:41","date_gmt":"2024-04-07T08:17:41","guid":{"rendered":"https:\/\/3dpmetal.com\/product\/alloy-g-30-powder\/"},"modified":"2024-04-08T01:48:44","modified_gmt":"2024-04-08T01:48:44","slug":"alloy-g-30-powder","status":"publish","type":"product","link":"https:\/\/3dpmetal.com\/pt_br\/product\/alloy-g-30-powder\/","title":{"rendered":"Liga G-30 em p\u00f3"},"content":{"rendered":"<h2>Liga G-30 em p\u00f3: Vis\u00e3o geral<\/h2>\n<p><a href=\"https:\/\/en.wikipedia.org\/wiki\/Metal_powder\" target=\"_blank\" rel=\"noopener\">Liga G-30 em p\u00f3<\/a> \u00e9 altamente estimado por sua excepcional resist\u00eancia \u00e0 corros\u00e3o, alta resist\u00eancia e versatilidade, o que o torna indispens\u00e1vel em v\u00e1rios ambientes exigentes. Sua combina\u00e7\u00e3o exclusiva de propriedades o torna adequado para aplica\u00e7\u00f5es em que a resist\u00eancia a ambientes qu\u00edmicos agressivos \u00e9 fundamental.<\/p>\n<h2>Composi\u00e7\u00e3o<\/h2>\n<p>O Alloy G-30 Powder \u00e9 meticulosamente fabricado com elementos de liga precisos:<\/p>\n<table>\n<thead>\n<tr>\n<th>Elemento<\/th>\n<th>% do Peso<\/th>\n<\/tr>\n<\/thead>\n<tbody>\n<tr>\n<td>Niquel (Ni)<\/td>\n<td>50.0-55.0<\/td>\n<\/tr>\n<tr>\n<td>Cromo (Cr)<\/td>\n<td>14.0-17.0<\/td>\n<\/tr>\n<tr>\n<td>Molibd\u00eanio (Mo)<\/td>\n<td>15.0-17.0<\/td>\n<\/tr>\n<tr>\n<td>Ferro (Fe)<\/td>\n<td>5.0-7.0<\/td>\n<\/tr>\n<tr>\n<td>Cobalto (Co)<\/td>\n<td>2,5 m\u00e1ximo<\/td>\n<\/tr>\n<tr>\n<td>Tungst\u00eanio (W)<\/td>\n<td>2,5 m\u00e1ximo<\/td>\n<\/tr>\n<tr>\n<td>Cobre (Cu)<\/td>\n<td>1.0-2.5<\/td>\n<\/tr>\n<tr>\n<td>Van\u00e1dio (V)<\/td>\n<td>0,35 m\u00e1ximo<\/td>\n<\/tr>\n<tr>\n<td>Carbono (C)<\/td>\n<td>0,03 m\u00e1ximo<\/td>\n<\/tr>\n<tr>\n<td>Sil\u00edcio (Si)<\/td>\n<td>0,08 m\u00e1ximo<\/td>\n<\/tr>\n<tr>\n<td>F\u00f3sforo (P)<\/td>\n<td>0,020 m\u00e1ximo<\/td>\n<\/tr>\n<tr>\n<td>Enxofre (S)<\/td>\n<td>0,010 m\u00e1ximo<\/td>\n<\/tr>\n<\/tbody>\n<\/table>\n<h2>Propriedades<\/h2>\n<p>O p\u00f3 de liga G-30 apresenta propriedades excepcionais:<\/p>\n<table>\n<thead>\n<tr>\n<th>Propriedade<\/th>\n<th>Valor<\/th>\n<\/tr>\n<\/thead>\n<tbody>\n<tr>\n<td>Densidade<\/td>\n<td>8,22 g\/cm\u00b3<\/td>\n<\/tr>\n<tr>\n<td>Resist\u00eancia \u00e0 Tra\u00e7\u00e3o<\/td>\n<td>760 MPa (min)<\/td>\n<\/tr>\n<tr>\n<td>Limite de escoamento<\/td>\n<td>350 MPa (min)<\/td>\n<\/tr>\n<tr>\n<td>alongamento<\/td>\n<td>40% (min)<\/td>\n<\/tr>\n<tr>\n<td>Dureza (HRB)<\/td>\n<td>92 HRB<\/td>\n<\/tr>\n<tr>\n<td>Ponto de Fus\u00e3o<\/td>\n<td>1360-1415\u00b0C<\/td>\n<\/tr>\n<tr>\n<td>Condutividade t\u00e9rmica<\/td>\n<td>10,3 W\/m-K<\/td>\n<\/tr>\n<tr>\n<td>Resistividade el\u00e9trica<\/td>\n<td>1,25 \u00b5\u03a9-m<\/td>\n<\/tr>\n<\/tbody>\n<\/table>\n<h2>APLICATIVOS<\/h2>\n<p>O p\u00f3 da liga G-30 encontra amplas aplica\u00e7\u00f5es nos setores de processamento qu\u00edmico, farmac\u00eautico e de controle de polui\u00e7\u00e3o para componentes como vasos de reatores, trocadores de calor e sistemas de lavagem.<\/p>\n<h2>Processo de manufatura aditiva<\/h2>\n<p>Produzido por meio de processos de atomiza\u00e7\u00e3o a g\u00e1s ou plasma, o p\u00f3 da liga G-30 \u00e9 adequado para t\u00e9cnicas de manufatura aditiva, como fus\u00e3o de leito de p\u00f3 e deposi\u00e7\u00e3o de energia direcionada.<\/p>\n<h2>Especifica\u00e7\u00f5es do p\u00f3<\/h2>\n<p>Dispon\u00edvel em v\u00e1rias faixas de tamanho, morfologias e n\u00edveis de qualidade, o p\u00f3 da liga G-30 atende aos requisitos de aplica\u00e7\u00f5es espec\u00edficas.<\/p>\n<h2>Padr\u00f5es e notas<\/h2>\n<p>O p\u00f3 de Alloy G-30 est\u00e1 em conformidade com os padr\u00f5es do setor, como ASTM B582, garantindo qualidade e adequa\u00e7\u00e3o para diversas aplica\u00e7\u00f5es.<\/p>\n<h2>Controle de qualidade<\/h2>\n<p>Medidas rigorosas de controle de qualidade, incluindo an\u00e1lise qu\u00edmica e de tamanho de part\u00edcula, garantem a consist\u00eancia e a confiabilidade do p\u00f3 de Alloy G-30.<\/p>\n<h2>An\u00e1lise de custos<\/h2>\n<p>O custo do p\u00f3 de liga G-30 varia de acordo com fatores como volume, faixa de tamanho de part\u00edcula e condi\u00e7\u00f5es de mercado.<\/p>\n<h2>Armazenamento e manuseio de p\u00f3s<\/h2>\n<p>O armazenamento adequado em cont\u00eaineres lacrados e a ades\u00e3o aos protocolos de manuseio s\u00e3o essenciais para manter a integridade do p\u00f3 Alloy G-30.<\/p>\n<h2>Sa\u00fade e seguran\u00e7a<\/h2>\n<p>O p\u00f3 de Alloy G-30 apresenta riscos m\u00ednimos \u00e0 sa\u00fade, mas requer o uso de equipamentos de prote\u00e7\u00e3o individual durante o manuseio e o processamento.<\/p>\n<h2>FAQ<\/h2>\n<ol>\n<li><strong>Quais s\u00e3o as principais vantagens do Alloy G-30 Powder?<\/strong> A liga G-30 em p\u00f3 oferece excepcional resist\u00eancia \u00e0 corros\u00e3o, alta resist\u00eancia e versatilidade, o que a torna ideal para aplica\u00e7\u00f5es em ambientes qu\u00edmicos adversos.<\/li>\n<li><strong>O p\u00f3 de Alloy G-30 pode ser usado na manufatura aditiva?<\/strong> Sim, o p\u00f3 da liga G-30 \u00e9 comumente usado em t\u00e9cnicas de manufatura aditiva, como fus\u00e3o de leito de p\u00f3 e deposi\u00e7\u00e3o de energia direcionada, para produzir componentes com resist\u00eancia \u00e0 corros\u00e3o e propriedades mec\u00e2nicas superiores.<\/li>\n<li><strong>O p\u00f3 da liga G-30 \u00e9 adequado para aplica\u00e7\u00f5es em vasos de reatores?<\/strong> Sim, a liga G-30 em p\u00f3 \u00e9 amplamente utilizada em vasos de reatores devido \u00e0 sua excelente resist\u00eancia \u00e0 corros\u00e3o e alta resist\u00eancia.<\/li>\n<li><strong>Quais s\u00e3o os custos t\u00edpicos associados ao Alloy G-30 Powder?<\/strong> Os custos do p\u00f3 de liga G-30 variam de acordo com fatores como volume, faixa de tamanho de part\u00edcula, morfologia do p\u00f3, n\u00edveis de pureza e condi\u00e7\u00f5es de mercado.<\/li>\n<\/ol>","protected":false},"excerpt":{"rendered":"<p>Liga G-30 em p\u00f3: Vis\u00e3o geral A liga G-30 em p\u00f3 \u00e9 muito apreciada por sua excepcional resist\u00eancia \u00e0 corros\u00e3o, alta resist\u00eancia e versatilidade, o que a torna indispens\u00e1vel em v\u00e1rios ambientes exigentes. Sua combina\u00e7\u00e3o exclusiva de propriedades o torna adequado para aplica\u00e7\u00f5es em que a resist\u00eancia a ambientes qu\u00edmicos agressivos \u00e9 fundamental. A composi\u00e7\u00e3o da liga G-30 em p\u00f3 \u00e9 meticulosamente elaborada com elementos de liga precisos:...<\/p>","protected":false},"featured_media":4210,"parent":0,"template":"","meta":{"_acf_changed":false,"_kad_blocks_custom_css":"","_kad_blocks_head_custom_js":"","_kad_blocks_body_custom_js":"","_kad_blocks_footer_custom_js":"","_kad_post_transparent":"","_kad_post_title":"","_kad_post_layout":"","_kad_post_sidebar_id":"","_kad_post_content_style":"","_kad_post_vertical_padding":"","_kad_post_feature":"","_kad_post_feature_position":"","_kad_post_header":false,"_kad_post_footer":false,"_kad_post_classname":""},"product-category":[119],"class_list":["post-4325","product","type-product","status-publish","has-post-thumbnail","hentry","product-category-3d-printing-metal-powder"],"acf":[],"taxonomy_info":{"product-category":[{"value":119,"label":"3D Printing Metal Powder"}]},"featured_image_src_large":["https:\/\/3dpmetal.com\/wp-content\/uploads\/2024\/04\/Gh3536.jpg",600,600,false],"author_info":[],"comment_info":"","_links":{"self":[{"href":"https:\/\/3dpmetal.com\/pt_br\/wp-json\/wp\/v2\/product\/4325","targetHints":{"allow":["GET"]}}],"collection":[{"href":"https:\/\/3dpmetal.com\/pt_br\/wp-json\/wp\/v2\/product"}],"about":[{"href":"https:\/\/3dpmetal.com\/pt_br\/wp-json\/wp\/v2\/types\/product"}],"wp:featuredmedia":[{"embeddable":true,"href":"https:\/\/3dpmetal.com\/pt_br\/wp-json\/wp\/v2\/media\/4210"}],"wp:attachment":[{"href":"https:\/\/3dpmetal.com\/pt_br\/wp-json\/wp\/v2\/media?parent=4325"}],"wp:term":[{"taxonomy":"product-category","embeddable":true,"href":"https:\/\/3dpmetal.com\/pt_br\/wp-json\/wp\/v2\/product-category?post=4325"}],"curies":[{"name":"wp","href":"https:\/\/api.w.org\/{rel}","templated":true}]}}