{"id":4326,"date":"2024-04-07T08:17:41","date_gmt":"2024-04-07T08:17:41","guid":{"rendered":"https:\/\/3dpmetal.com\/product\/alloy-x-750-powder\/"},"modified":"2024-04-08T01:49:30","modified_gmt":"2024-04-08T01:49:30","slug":"alloy-x-750-powder","status":"publish","type":"product","link":"https:\/\/3dpmetal.com\/pt_br\/product\/alloy-x-750-powder\/","title":{"rendered":"P\u00f3 de liga X-750"},"content":{"rendered":"<h2>Liga X-750 em p\u00f3: Vis\u00e3o geral<\/h2>\n<p><a href=\"https:\/\/en.wikipedia.org\/wiki\/Metal_powder\" target=\"_blank\" rel=\"noopener\">P\u00f3 de liga X-750<\/a> \u00e9 altamente estimado por sua excepcional resist\u00eancia a altas temperaturas, resist\u00eancia \u00e0 oxida\u00e7\u00e3o e resist\u00eancia \u00e0 corros\u00e3o, o que o torna indispens\u00e1vel em v\u00e1rias aplica\u00e7\u00f5es exigentes. Sua combina\u00e7\u00e3o exclusiva de propriedades o torna adequado para ambientes onde prevalecem temperaturas extremas e atmosferas agressivas.<\/p>\n<h2>Composi\u00e7\u00e3o<\/h2>\n<p>O p\u00f3 Alloy X-750 \u00e9 meticulosamente trabalhado com elementos de liga precisos:<\/p>\n<table>\n<thead>\n<tr>\n<th>Elemento<\/th>\n<th>% do Peso<\/th>\n<\/tr>\n<\/thead>\n<tbody>\n<tr>\n<td>Niquel (Ni)<\/td>\n<td>70,0 min<\/td>\n<\/tr>\n<tr>\n<td>Cromo (Cr)<\/td>\n<td>14.0-17.0<\/td>\n<\/tr>\n<tr>\n<td>Ferro (Fe)<\/td>\n<td>5.0-9.0<\/td>\n<\/tr>\n<tr>\n<td>Alum\u00ednio (Al)<\/td>\n<td>2.25-2.75<\/td>\n<\/tr>\n<tr>\n<td>Tit\u00e2nio (Ti)<\/td>\n<td>0.7-1.2<\/td>\n<\/tr>\n<tr>\n<td>Cobalto (Co)<\/td>\n<td>1,0 m\u00e1ximo<\/td>\n<\/tr>\n<tr>\n<td>Molibd\u00eanio (Mo)<\/td>\n<td>0.7-1.2<\/td>\n<\/tr>\n<tr>\n<td>Cobre (Cu)<\/td>\n<td>0.5-1.0<\/td>\n<\/tr>\n<tr>\n<td>Sil\u00edcio (Si)<\/td>\n<td>0,5 m\u00e1ximo<\/td>\n<\/tr>\n<tr>\n<td>Enxofre (S)<\/td>\n<td>0,01 m\u00e1ximo<\/td>\n<\/tr>\n<tr>\n<td>Carbono (C)<\/td>\n<td>0,08 m\u00e1ximo<\/td>\n<\/tr>\n<\/tbody>\n<\/table>\n<h2>Propriedades<\/h2>\n<p>O p\u00f3 da liga X-750 apresenta propriedades excepcionais:<\/p>\n<table>\n<thead>\n<tr>\n<th>Propriedade<\/th>\n<th>Valor<\/th>\n<\/tr>\n<\/thead>\n<tbody>\n<tr>\n<td>Densidade<\/td>\n<td>8,27 g\/cm\u00b3<\/td>\n<\/tr>\n<tr>\n<td>Resist\u00eancia \u00e0 Tra\u00e7\u00e3o<\/td>\n<td>1034 MPa (min)<\/td>\n<\/tr>\n<tr>\n<td>Limite de escoamento<\/td>\n<td>689 MPa (min)<\/td>\n<\/tr>\n<tr>\n<td>alongamento<\/td>\n<td>30% (min)<\/td>\n<\/tr>\n<tr>\n<td>Dureza (HRB)<\/td>\n<td>96 HRB<\/td>\n<\/tr>\n<tr>\n<td>Ponto de Fus\u00e3o<\/td>\n<td>1393-1427\u00b0C<\/td>\n<\/tr>\n<tr>\n<td>Condutividade t\u00e9rmica<\/td>\n<td>11,0 W\/m-K<\/td>\n<\/tr>\n<tr>\n<td>Resistividade el\u00e9trica<\/td>\n<td>1,22 \u00b5\u03a9-m<\/td>\n<\/tr>\n<\/tbody>\n<\/table>\n<h2>APLICATIVOS<\/h2>\n<p>O p\u00f3 da liga X-750 encontra amplas aplica\u00e7\u00f5es nos setores aeroespacial, de turbinas a g\u00e1s e nuclear para componentes como l\u00e2minas de turbina, motores de foguete e vasos de reatores.<\/p>\n<h2>Processo de manufatura aditiva<\/h2>\n<p>Produzido por meio de processos de atomiza\u00e7\u00e3o a g\u00e1s ou plasma, o p\u00f3 da liga X-750 \u00e9 adequado para t\u00e9cnicas de manufatura aditiva, como fus\u00e3o de leito de p\u00f3 e deposi\u00e7\u00e3o de energia direcionada.<\/p>\n<h2>Especifica\u00e7\u00f5es do p\u00f3<\/h2>\n<p>Dispon\u00edvel em v\u00e1rias faixas de tamanho, morfologias e n\u00edveis de qualidade, o p\u00f3 da liga X-750 atende a requisitos espec\u00edficos de aplica\u00e7\u00e3o.<\/p>\n<h2>Padr\u00f5es e notas<\/h2>\n<p>O p\u00f3 de liga X-750 est\u00e1 em conformidade com os padr\u00f5es do setor, como o AMS 5667, garantindo qualidade e adequa\u00e7\u00e3o para diversas aplica\u00e7\u00f5es.<\/p>\n<h2>Controle de qualidade<\/h2>\n<p>Medidas rigorosas de controle de qualidade, incluindo an\u00e1lise qu\u00edmica e de tamanho de part\u00edcula, garantem a consist\u00eancia e a confiabilidade do p\u00f3 de Alloy X-750.<\/p>\n<h2>An\u00e1lise de custos<\/h2>\n<p>O custo do p\u00f3 de liga X-750 varia de acordo com fatores como volume, faixa de tamanho de part\u00edcula e condi\u00e7\u00f5es de mercado.<\/p>\n<h2>Armazenamento e manuseio de p\u00f3s<\/h2>\n<p>O armazenamento adequado em cont\u00eaineres lacrados e a ades\u00e3o aos protocolos de manuseio s\u00e3o essenciais para manter a integridade do p\u00f3 de Alloy X-750.<\/p>\n<h2>Sa\u00fade e seguran\u00e7a<\/h2>\n<p>O p\u00f3 da liga X-750 apresenta riscos m\u00ednimos \u00e0 sa\u00fade, mas requer o uso de equipamentos de prote\u00e7\u00e3o individual durante o manuseio e o processamento.<\/p>\n<h2>FAQ<\/h2>\n<ol>\n<li><strong>Quais s\u00e3o as principais vantagens do p\u00f3 de Alloy X-750?<\/strong> A liga X-750 em p\u00f3 oferece excepcional resist\u00eancia a altas temperaturas, resist\u00eancia \u00e0 oxida\u00e7\u00e3o e resist\u00eancia \u00e0 corros\u00e3o, o que a torna ideal para aplica\u00e7\u00f5es nos setores aeroespacial, de turbinas a g\u00e1s e nuclear.<\/li>\n<li><strong>O p\u00f3 de Alloy X-750 pode ser usado na manufatura aditiva?<\/strong> Sim, o p\u00f3 da liga X-750 \u00e9 comumente usado em t\u00e9cnicas de manufatura aditiva, como fus\u00e3o de leito de p\u00f3 e deposi\u00e7\u00e3o de energia direcionada, para produzir componentes com propriedades superiores de alta temperatura.<\/li>\n<li><strong>O p\u00f3 de Alloy X-750 \u00e9 adequado para aplica\u00e7\u00f5es em p\u00e1s de turbinas?<\/strong> Sim, a liga X-750 em p\u00f3 \u00e9 amplamente utilizada em l\u00e2minas de turbina devido \u00e0 sua excelente resist\u00eancia a altas temperaturas e \u00e0 oxida\u00e7\u00e3o.<\/li>\n<li><strong>Quais s\u00e3o os custos t\u00edpicos associados ao p\u00f3 de Alloy X-750?<\/strong> Os custos do p\u00f3 de liga X-750 variam de acordo com fatores como volume, faixa de tamanho de part\u00edcula, morfologia do p\u00f3, n\u00edveis de pureza e condi\u00e7\u00f5es de mercado.<\/li>\n<\/ol>","protected":false},"excerpt":{"rendered":"<p>Liga X-750 em p\u00f3: Vis\u00e3o geral A liga X-750 em p\u00f3 \u00e9 muito apreciada por sua excepcional resist\u00eancia a altas temperaturas, resist\u00eancia \u00e0 oxida\u00e7\u00e3o e resist\u00eancia \u00e0 corros\u00e3o, o que a torna indispens\u00e1vel em v\u00e1rias aplica\u00e7\u00f5es exigentes. Sua combina\u00e7\u00e3o exclusiva de propriedades o torna adequado para ambientes onde prevalecem temperaturas extremas e atmosferas agressivas. O p\u00f3 de Composition Alloy X-750 \u00e9 meticulosamente trabalhado com ligas precisas...<\/p>","protected":false},"featured_media":1845,"parent":0,"template":"","meta":{"_acf_changed":false,"_kad_blocks_custom_css":"","_kad_blocks_head_custom_js":"","_kad_blocks_body_custom_js":"","_kad_blocks_footer_custom_js":"","_kad_post_transparent":"","_kad_post_title":"","_kad_post_layout":"","_kad_post_sidebar_id":"","_kad_post_content_style":"","_kad_post_vertical_padding":"","_kad_post_feature":"","_kad_post_feature_position":"","_kad_post_header":false,"_kad_post_footer":false,"_kad_post_classname":""},"product-category":[119],"class_list":["post-4326","product","type-product","status-publish","has-post-thumbnail","hentry","product-category-3d-printing-metal-powder"],"acf":[],"taxonomy_info":{"product-category":[{"value":119,"label":"3D Printing Metal Powder"}]},"featured_image_src_large":["https:\/\/3dpmetal.com\/wp-content\/uploads\/2024\/02\/T15-Powder.jpg",600,600,false],"author_info":[],"comment_info":"","_links":{"self":[{"href":"https:\/\/3dpmetal.com\/pt_br\/wp-json\/wp\/v2\/product\/4326","targetHints":{"allow":["GET"]}}],"collection":[{"href":"https:\/\/3dpmetal.com\/pt_br\/wp-json\/wp\/v2\/product"}],"about":[{"href":"https:\/\/3dpmetal.com\/pt_br\/wp-json\/wp\/v2\/types\/product"}],"wp:featuredmedia":[{"embeddable":true,"href":"https:\/\/3dpmetal.com\/pt_br\/wp-json\/wp\/v2\/media\/1845"}],"wp:attachment":[{"href":"https:\/\/3dpmetal.com\/pt_br\/wp-json\/wp\/v2\/media?parent=4326"}],"wp:term":[{"taxonomy":"product-category","embeddable":true,"href":"https:\/\/3dpmetal.com\/pt_br\/wp-json\/wp\/v2\/product-category?post=4326"}],"curies":[{"name":"wp","href":"https:\/\/api.w.org\/{rel}","templated":true}]}}