{"id":4327,"date":"2024-04-07T08:17:41","date_gmt":"2024-04-07T08:17:41","guid":{"rendered":"https:\/\/3dpmetal.com\/product\/410l-stainless-steel-powder\/"},"modified":"2024-04-08T01:50:58","modified_gmt":"2024-04-08T01:50:58","slug":"410l-stainless-steel-powder","status":"publish","type":"product","link":"https:\/\/3dpmetal.com\/pt_br\/product\/410l-stainless-steel-powder\/","title":{"rendered":"P\u00f3 de a\u00e7o inoxid\u00e1vel 410L"},"content":{"rendered":"<h2>P\u00f3 de a\u00e7o inoxid\u00e1vel 410L: Vis\u00e3o geral<\/h2>\n<p><a href=\"https:\/\/en.wikipedia.org\/wiki\/Stainless_steel\" target=\"_blank\" rel=\"noopener\">P\u00f3 de a\u00e7o inoxid\u00e1vel 410L<\/a> \u00e9 altamente valorizado por sua excepcional resist\u00eancia \u00e0 corros\u00e3o, resist\u00eancia ao calor e resist\u00eancia ao desgaste, tornando-o um material vital em v\u00e1rios setores. Sua combina\u00e7\u00e3o exclusiva de propriedades o torna adequado para aplica\u00e7\u00f5es em que s\u00e3o necess\u00e1rias alta resist\u00eancia e durabilidade.<\/p>\n<h2>Composi\u00e7\u00e3o<\/h2>\n<p>O p\u00f3 de a\u00e7o inoxid\u00e1vel 410L \u00e9 meticulosamente trabalhado com elementos de liga precisos:<\/p>\n<table>\n<thead>\n<tr>\n<th>Elemento<\/th>\n<th>% do Peso<\/th>\n<\/tr>\n<\/thead>\n<tbody>\n<tr>\n<td>Cromo (Cr)<\/td>\n<td>11.5-13.5<\/td>\n<\/tr>\n<tr>\n<td>Niquel (Ni)<\/td>\n<td>0,60 m\u00e1ximo<\/td>\n<\/tr>\n<tr>\n<td>Mangan\u00eas (Mn)<\/td>\n<td>1,0 m\u00e1ximo<\/td>\n<\/tr>\n<tr>\n<td>Sil\u00edcio (Si)<\/td>\n<td>1,0 m\u00e1ximo<\/td>\n<\/tr>\n<tr>\n<td>Carbono (C)<\/td>\n<td>0,03 m\u00e1ximo<\/td>\n<\/tr>\n<tr>\n<td>Enxofre (S)<\/td>\n<td>0,03 m\u00e1ximo<\/td>\n<\/tr>\n<tr>\n<td>F\u00f3sforo (P)<\/td>\n<td>0,040 m\u00e1ximo<\/td>\n<\/tr>\n<tr>\n<td>Ferro (Fe)<\/td>\n<td>Equil\u00edbrio<\/td>\n<\/tr>\n<\/tbody>\n<\/table>\n<h2>Propriedades<\/h2>\n<p>O p\u00f3 de a\u00e7o inoxid\u00e1vel 410L apresenta propriedades excepcionais:<\/p>\n<table>\n<thead>\n<tr>\n<th>Propriedade<\/th>\n<th>Valor<\/th>\n<\/tr>\n<\/thead>\n<tbody>\n<tr>\n<td>Densidade<\/td>\n<td>7,7 g\/cm\u00b3<\/td>\n<\/tr>\n<tr>\n<td>Resist\u00eancia \u00e0 Tra\u00e7\u00e3o<\/td>\n<td>450 MPa (min)<\/td>\n<\/tr>\n<tr>\n<td>Limite de escoamento<\/td>\n<td>205 MPa (min)<\/td>\n<\/tr>\n<tr>\n<td>alongamento<\/td>\n<td>20% (min)<\/td>\n<\/tr>\n<tr>\n<td>Dureza (HRB)<\/td>\n<td>80 HRB<\/td>\n<\/tr>\n<tr>\n<td>Ponto de Fus\u00e3o<\/td>\n<td>1480-1530\u00b0C<\/td>\n<\/tr>\n<tr>\n<td>Condutividade t\u00e9rmica<\/td>\n<td>24,9 W\/m-K<\/td>\n<\/tr>\n<tr>\n<td>Resistividade el\u00e9trica<\/td>\n<td>0,06 \u00b5\u03a9-m<\/td>\n<\/tr>\n<\/tbody>\n<\/table>\n<h2>APLICATIVOS<\/h2>\n<p>O p\u00f3 de a\u00e7o inoxid\u00e1vel 410L encontra amplas aplica\u00e7\u00f5es nos setores automotivo, aeroespacial e de constru\u00e7\u00e3o para componentes como sistemas de escapamento, fixadores e pe\u00e7as estruturais.<\/p>\n<h2>Processo de manufatura aditiva<\/h2>\n<p>Produzido por meio de processos de atomiza\u00e7\u00e3o a g\u00e1s ou plasma, o p\u00f3 de a\u00e7o inoxid\u00e1vel 410L \u00e9 adequado para t\u00e9cnicas de manufatura aditiva, como fus\u00e3o de leito de p\u00f3 e jato de aglutinante.<\/p>\n<h2>Especifica\u00e7\u00f5es do p\u00f3<\/h2>\n<p>Dispon\u00edvel em v\u00e1rias faixas de tamanho, morfologias e n\u00edveis de qualidade, o p\u00f3 de a\u00e7o inoxid\u00e1vel 410L atende a requisitos espec\u00edficos de aplica\u00e7\u00e3o.<\/p>\n<h2>Padr\u00f5es e notas<\/h2>\n<p>O p\u00f3 de a\u00e7o inoxid\u00e1vel 410L est\u00e1 em conformidade com as normas do setor, como a ASTM A240, garantindo qualidade e adequa\u00e7\u00e3o para diversas aplica\u00e7\u00f5es.<\/p>\n<h2>Controle de qualidade<\/h2>\n<p>Medidas rigorosas de controle de qualidade, incluindo an\u00e1lise qu\u00edmica e de tamanho de part\u00edcula, garantem a consist\u00eancia e a confiabilidade do p\u00f3 de a\u00e7o inoxid\u00e1vel 410L.<\/p>\n<h2>An\u00e1lise de custos<\/h2>\n<p>O custo do p\u00f3 de a\u00e7o inoxid\u00e1vel 410L varia de acordo com fatores como volume, faixa de tamanho de part\u00edcula e condi\u00e7\u00f5es de mercado.<\/p>\n<h2>Armazenamento e manuseio de p\u00f3s<\/h2>\n<p>O armazenamento adequado em cont\u00eaineres lacrados e a ades\u00e3o aos protocolos de manuseio s\u00e3o essenciais para manter a integridade do p\u00f3 de a\u00e7o inoxid\u00e1vel 410L.<\/p>\n<h2>Sa\u00fade e seguran\u00e7a<\/h2>\n<p>O p\u00f3 de a\u00e7o inoxid\u00e1vel 410L apresenta riscos m\u00ednimos \u00e0 sa\u00fade, mas requer o uso de equipamentos de prote\u00e7\u00e3o individual durante o manuseio e o processamento.<\/p>\n<h2>FAQ<\/h2>\n<ol>\n<li><strong>Quais s\u00e3o as principais vantagens do p\u00f3 de a\u00e7o inoxid\u00e1vel 410L?<\/strong> O p\u00f3 de a\u00e7o inoxid\u00e1vel 410L oferece excepcional resist\u00eancia \u00e0 corros\u00e3o, resist\u00eancia ao calor e resist\u00eancia ao desgaste, o que o torna ideal para aplica\u00e7\u00f5es em que s\u00e3o necess\u00e1rias alta resist\u00eancia e durabilidade.<\/li>\n<li><strong>O p\u00f3 de a\u00e7o inoxid\u00e1vel 410L pode ser usado na manufatura aditiva?<\/strong> Sim, o p\u00f3 de a\u00e7o inoxid\u00e1vel 410L \u00e9 comumente usado em t\u00e9cnicas de manufatura aditiva, como fus\u00e3o de leito de p\u00f3 e jato de aglutinante, para produzir componentes com propriedades mec\u00e2nicas superiores.<\/li>\n<li><strong>O p\u00f3 de a\u00e7o inoxid\u00e1vel 410L \u00e9 adequado para aplica\u00e7\u00f5es automotivas?<\/strong> Sim, o p\u00f3 de a\u00e7o inoxid\u00e1vel 410L \u00e9 amplamente utilizado em aplica\u00e7\u00f5es automotivas devido \u00e0 sua excelente resist\u00eancia \u00e0 corros\u00e3o e ao calor, o que o torna ideal para sistemas de escapamento e pe\u00e7as estruturais.<\/li>\n<li><strong>Quais s\u00e3o os custos t\u00edpicos associados ao p\u00f3 de a\u00e7o inoxid\u00e1vel 410L?<\/strong> Os custos do p\u00f3 de a\u00e7o inoxid\u00e1vel 410L variam de acordo com fatores como volume, faixa de tamanho de part\u00edcula, morfologia do p\u00f3, n\u00edveis de pureza e condi\u00e7\u00f5es de mercado.<\/li>\n<\/ol>","protected":false},"excerpt":{"rendered":"<p>P\u00f3 de a\u00e7o inoxid\u00e1vel 410L: Vis\u00e3o geral O p\u00f3 de a\u00e7o inoxid\u00e1vel 410L \u00e9 altamente valorizado por sua excepcional resist\u00eancia \u00e0 corros\u00e3o, resist\u00eancia ao calor e resist\u00eancia ao desgaste, o que o torna um material vital em v\u00e1rios setores. Sua combina\u00e7\u00e3o exclusiva de propriedades o torna adequado para aplica\u00e7\u00f5es em que s\u00e3o necess\u00e1rias alta resist\u00eancia e durabilidade. A composi\u00e7\u00e3o do p\u00f3 de a\u00e7o inoxid\u00e1vel 410L \u00e9 meticulosamente elaborada...<\/p>","protected":false},"featured_media":4167,"parent":0,"template":"","meta":{"_acf_changed":false,"_kad_blocks_custom_css":"","_kad_blocks_head_custom_js":"","_kad_blocks_body_custom_js":"","_kad_blocks_footer_custom_js":"","_kad_post_transparent":"","_kad_post_title":"","_kad_post_layout":"","_kad_post_sidebar_id":"","_kad_post_content_style":"","_kad_post_vertical_padding":"","_kad_post_feature":"","_kad_post_feature_position":"","_kad_post_header":false,"_kad_post_footer":false,"_kad_post_classname":""},"product-category":[119],"class_list":["post-4327","product","type-product","status-publish","has-post-thumbnail","hentry","product-category-3d-printing-metal-powder"],"acf":[],"taxonomy_info":{"product-category":[{"value":119,"label":"3D Printing Metal Powder"}]},"featured_image_src_large":["https:\/\/3dpmetal.com\/wp-content\/uploads\/2024\/04\/718-powder.jpg",600,600,false],"author_info":[],"comment_info":"","_links":{"self":[{"href":"https:\/\/3dpmetal.com\/pt_br\/wp-json\/wp\/v2\/product\/4327","targetHints":{"allow":["GET"]}}],"collection":[{"href":"https:\/\/3dpmetal.com\/pt_br\/wp-json\/wp\/v2\/product"}],"about":[{"href":"https:\/\/3dpmetal.com\/pt_br\/wp-json\/wp\/v2\/types\/product"}],"wp:featuredmedia":[{"embeddable":true,"href":"https:\/\/3dpmetal.com\/pt_br\/wp-json\/wp\/v2\/media\/4167"}],"wp:attachment":[{"href":"https:\/\/3dpmetal.com\/pt_br\/wp-json\/wp\/v2\/media?parent=4327"}],"wp:term":[{"taxonomy":"product-category","embeddable":true,"href":"https:\/\/3dpmetal.com\/pt_br\/wp-json\/wp\/v2\/product-category?post=4327"}],"curies":[{"name":"wp","href":"https:\/\/api.w.org\/{rel}","templated":true}]}}