{"id":3859,"date":"2024-03-18T06:10:08","date_gmt":"2024-03-18T06:10:08","guid":{"rendered":"https:\/\/3dp.45612300.xyz\/product\/ti-6al-4v-titanium-alloy-powder\/"},"modified":"2024-03-18T06:10:08","modified_gmt":"2024-03-18T06:10:08","slug":"ti-6al-4v-titanium-alloy-powder","status":"publish","type":"product","link":"https:\/\/3dpmetal.com\/ru\/product\/ti-6al-4v-titanium-alloy-powder\/","title":{"rendered":"\u041f\u043e\u0440\u043e\u0448\u043e\u043a \u0442\u0438\u0442\u0430\u043d\u043e\u0432\u043e\u0433\u043e \u0441\u043f\u043b\u0430\u0432\u0430 Ti-6Al-4V"},"content":{"rendered":"<p><span style=\"vertical-align: inherit;\"><span style=\"vertical-align: inherit;\">\u0427\u0438\u0441\u0442\u044b\u0439 \u0442\u0438\u0442\u0430\u043d\u043e\u0432\u044b\u0439 \u043f\u043e\u0440\u043e\u0448\u043e\u043a \u0441 \u043d\u0438\u0437\u043a\u0438\u043c \u0441\u043e\u0434\u0435\u0440\u0436\u0430\u043d\u0438\u0435\u043c \u043a\u0438\u0441\u043b\u043e\u0440\u043e\u0434\u0430 \u044f\u0432\u043b\u044f\u0435\u0442\u0441\u044f \u043e\u0441\u043d\u043e\u0432\u043e\u0439 \u043f\u0440\u043e\u0438\u0437\u0432\u043e\u0434\u0441\u0442\u0432\u0430 \u0442\u0438\u0442\u0430\u043d\u0430 \u0432 \u043f\u043e\u0440\u043e\u0448\u043a\u043e\u0432\u043e\u0439 \u043c\u0435\u0442\u0430\u043b\u043b\u0443\u0440\u0433\u0438\u0438, \u0430 \u0442\u0430\u043a\u0436\u0435 \u043e\u0434\u043d\u0438\u043c \u0438\u0437 \u0432\u0435\u0434\u0443\u0449\u0438\u0445 \u043f\u0440\u043e\u0434\u0443\u043a\u0442\u043e\u0432 \u043a\u043e\u043c\u043f\u0430\u043d\u0438\u0438. \u0412 \u043d\u0430\u0441\u0442\u043e\u044f\u0449\u0435\u0435 \u0432\u0440\u0435\u043c\u044f \u043a\u043e\u043c\u043f\u0430\u043d\u0438\u044f \u0441 \u043f\u043e\u043c\u043e\u0449\u044c\u044e \u043f\u0440\u043e\u0446\u0435\u0441\u0441\u0430 HDH \u0438 \u0442\u0435\u0445\u043d\u043e\u043b\u043e\u0433\u0438\u0438 \u043a\u043e\u043d\u0442\u0440\u043e\u043b\u044f \u043a\u0438\u0441\u043b\u043e\u0440\u043e\u0434\u0430, \u043f\u0440\u043e\u0438\u0437\u0432\u043e\u0434\u0441\u0442\u0432\u043e \u0432\u044b\u0441\u043e\u043a\u043e\u043a\u043b\u0430\u0441\u0441\u043d\u043e\u0433\u043e \u0443\u043b\u044c\u0442\u0440\u0430\u0442\u043e\u043d\u043a\u043e\u0433\u043e \u043d\u0438\u0437\u043a\u043e\u043a\u0438\u0441\u043b\u043e\u0440\u043e\u0434\u043d\u043e\u0433\u043e \u0447\u0438\u0441\u0442\u043e\u0433\u043e \u043f\u043e\u0440\u043e\u0448\u043a\u0430 \u0442\u0438\u0442\u0430\u043d\u043e\u0432\u043e\u0433\u043e \u0441\u043f\u043b\u0430\u0432\u0430 \u043d\u0430 \u043b\u0438\u0434\u0438\u0440\u0443\u044e\u0449\u0438\u0445 \u043c\u0435\u0436\u0434\u0443\u043d\u0430\u0440\u043e\u0434\u043d\u044b\u0445 \u043f\u043e\u0437\u0438\u0446\u0438\u044f\u0445 \u043f\u043e \u043f\u043e\u043a\u0430\u0437\u0430\u0442\u0435\u043b\u044f\u043c, \u0441 \u0445\u0430\u0440\u0430\u043a\u0442\u0435\u0440\u0438\u0441\u0442\u0438\u043a\u0430\u043c\u0438 \u0443\u043b\u044c\u0442\u0440\u0430\u0442\u043e\u043d\u043a\u043e\u0433\u043e \u0440\u0430\u0437\u043c\u0435\u0440\u0430 \u043f\u043e\u0440\u043e\u0448\u043a\u0430, \u0443\u043b\u044c\u0442\u0440\u0430\u043d\u0438\u0437\u043a\u0438\u043c \u0441\u043e\u0434\u0435\u0440\u0436\u0430\u043d\u0438\u0435\u043c \u043a\u0438\u0441\u043b\u043e\u0440\u043e\u0434\u0430, \u043d\u0438\u0437\u043a\u0438\u043c \u0441\u043e\u0434\u0435\u0440\u0436\u0430\u043d\u0438\u0435\u043c \u043f\u0440\u0438\u043c\u0435\u0441\u0435\u0439, \u0434\u043b\u044f \u0434\u043e\u0441\u0442\u0438\u0436\u0435\u043d\u0438\u044f \u043a\u0440\u0443\u043f\u043d\u043e\u043c\u0430\u0441\u0448\u0442\u0430\u0431\u043d\u043e\u0433\u043e \u043f\u0440\u043e\u0438\u0437\u0432\u043e\u0434\u0441\u0442\u0432\u0430 \u0432\u044b\u0441\u043e\u043a\u043e\u043a\u043b\u0430\u0441\u0441\u043d\u043e\u0433\u043e \u043d\u0438\u0437\u043a\u043e\u043a\u0438\u0441\u043b\u043e\u0440\u043e\u0434\u043d\u043e\u0433\u043e \u0447\u0438\u0441\u0442\u043e\u0433\u043e \u0442\u0438\u0442\u0430\u043d\u043e\u0432\u043e\u0433\u043e \u043f\u043e\u0440\u043e\u0448\u043a\u0430. \u041e\u043d \u043c\u043e\u0436\u0435\u0442 \u043f\u0440\u043e\u0438\u0437\u0432\u043e\u0434\u0438\u0442\u044c \u0440\u0430\u0437\u043b\u0438\u0447\u043d\u044b\u0435 \u0432\u0438\u0434\u044b \u0442\u0438\u0442\u0430\u043d\u043e\u0432\u043e\u0433\u043e \u043f\u043e\u0440\u043e\u0448\u043a\u0430, \u0442\u0430\u043a\u0438\u0435 \u043a\u0430\u043a 150\u00c3\u00d7m, 75\u00c3\u00d7m, 45\u00c3\u00d7m, 10\u00c3\u00d7m, 3\u00c3\u00d7m \u0438 \u0442\u0430\u043a \u0434\u0430\u043b\u0435\u0435, \u0441 \u0441\u043e\u0434\u0435\u0440\u0436\u0430\u043d\u0438\u0435\u043c \u043a\u0438\u0441\u043b\u043e\u0440\u043e\u0434\u0430, \u0441\u043d\u0438\u0436\u0435\u043d\u043d\u044b\u043c \u043d\u0430 50% \u043f\u043e \u0441\u0440\u0430\u0432\u043d\u0435\u043d\u0438\u044e \u0441 \u043e\u0431\u044b\u0447\u043d\u044b\u043c\u0438 \u043a\u043e\u043c\u043c\u0435\u0440\u0447\u0435\u0441\u043a\u0438\u043c\u0438 \u043f\u0440\u043e\u0434\u0443\u043a\u0442\u0430\u043c\u0438. \u0412\u044b\u0441\u043e\u043a\u043e\u043a\u043b\u0430\u0441\u0441\u043d\u044b\u0439 \u0443\u043b\u044c\u0442\u0440\u0430\u0442\u043e\u043d\u043a\u0438\u0439 \u0447\u0438\u0441\u0442\u044b\u0439 \u0442\u0438\u0442\u0430\u043d\u043e\u0432\u044b\u0439 \u043f\u043e\u0440\u043e\u0448\u043e\u043a \u0441 \u043d\u0438\u0437\u043a\u0438\u043c \u0441\u043e\u0434\u0435\u0440\u0436\u0430\u043d\u0438\u0435\u043c \u043a\u0438\u0441\u043b\u043e\u0440\u043e\u0434\u0430, \u043f\u0440\u043e\u0438\u0437\u0432\u043e\u0434\u0438\u043c\u044b\u0439 \u043a\u043e\u043c\u043f\u0430\u043d\u0438\u0435\u0439, \u0431\u044b\u043b \u0432\u043a\u043b\u044e\u0447\u0435\u043d \u0432 \u0441\u043f\u0438\u0441\u043e\u043a \u043a\u0432\u0430\u043b\u0438\u0444\u0438\u0446\u0438\u0440\u043e\u0432\u0430\u043d\u043d\u044b\u0445 \u043f\u043e\u0441\u0442\u0430\u0432\u0449\u0438\u043a\u043e\u0432 \u0442\u0438\u0442\u0430\u043d\u043e\u0432\u043e\u0433\u043e \u043f\u043e\u0440\u043e\u0448\u043a\u0430 \u0432 \u043f\u0435\u0440\u0432\u043e\u043c \u044f\u0434\u0435\u0440\u043d\u043e-\u0445\u0438\u043c\u0438\u0447\u0435\u0441\u043a\u043e\u043c \u043f\u0440\u043e\u0435\u043a\u0442\u0435 \u041a\u0438\u0442\u0430\u044f. \u0412 \u043d\u0430\u0441\u0442\u043e\u044f\u0449\u0435\u0435 \u0432\u0440\u0435\u043c\u044f \u0434\u043e\u043b\u044f \u0432\u043d\u0443\u0442\u0440\u0435\u043d\u043d\u0435\u0433\u043e \u0440\u044b\u043d\u043a\u0430 \u043d\u0430\u0448\u0435\u0433\u043e \u0432\u044b\u0441\u043e\u043a\u043e\u043a\u043b\u0430\u0441\u0441\u043d\u043e\u0433\u043e \u043d\u0438\u0437\u043a\u043e\u043a\u0438\u0441\u043b\u043e\u0440\u043e\u0434\u043d\u043e\u0433\u043e \u0447\u0438\u0441\u0442\u043e\u0433\u043e \u0442\u0438\u0442\u0430\u043d\u043e\u0432\u043e\u0433\u043e \u043f\u043e\u0440\u043e\u0448\u043a\u0430 \u0441\u043e\u0441\u0442\u0430\u0432\u043b\u044f\u0435\u0442 \u0431\u043e\u043b\u0435\u0435 70%.<\/p>\n<p><strong>\u041f\u0440\u043e\u0434\u0443\u043a\u0442?<\/strong><strong>\u0421\u043f\u0435\u0446\u0438\u0444\u0438\u043a\u0430\u0446\u0438\u044f<\/strong><\/p>\n<div>\n<table>\n<tbody>\n<tr>\n<td data-sheets-value=\"{&quot;1&quot;:2,&quot;2&quot;:&quot;Pure titanium powder&quot;}\"><strong>\u0427\u0438\u0441\u0442\u044b\u0439 \u0442\u0438\u0442\u0430\u043d\u043e\u0432\u044b\u0439 \u043f\u043e\u0440\u043e\u0448\u043e\u043a<\/strong><\/td>\n<td data-sheets-value=\"{&quot;1&quot;:2,&quot;2&quot;:&quot;Mesh&quot;}\"><strong>\u0421\u0435\u0442\u043a\u0430<\/strong><\/td>\n<td data-sheets-value=\"{&quot;1&quot;:2,&quot;2&quot;:&quot;Particle size\u00a8P&quot;}\"><strong>\u0420\u0430\u0437\u043c\u0435\u0440 \u0447\u0430\u0441\u0442\u0438\u0446\u00a8P<\/strong><\/td>\n<td data-sheets-value=\"{&quot;1&quot;:2,&quot;2&quot;:&quot;PSD&quot;}\"><strong>PSD<\/strong><\/td>\n<td colspan=\"10\" rowspan=\"1\" data-sheets-value=\"{&quot;1&quot;:2,&quot;2&quot;:&quot;Element\u00a8\u00d7%\u00a8\u00d8\u00a1\u00a5&quot;}\"><strong>\u042d\u043b\u0435\u043c\u0435\u043d\u0442\u00a8\u00d7%\u00a8\u00d8\u00a1\u00a5<\/strong><\/td>\n<\/tr>\n<tr>\n<td data-sheets-value=\"{&quot;1&quot;:2,&quot;2&quot;:&quot;D10&quot;}\">D10<\/td>\n<td data-sheets-value=\"{&quot;1&quot;:2,&quot;2&quot;:&quot;D50&quot;}\">D50<\/td>\n<td data-sheets-value=\"{&quot;1&quot;:2,&quot;2&quot;:&quot;D90&quot;}\">D90<\/td>\n<td data-sheets-value=\"{&quot;1&quot;:2,&quot;2&quot;:&quot;Fe&quot;}\">Fe<\/td>\n<td data-sheets-value=\"{&quot;1&quot;:2,&quot;2&quot;:&quot;Cl&quot;}\">Cl<\/td>\n<td data-sheets-value=\"{&quot;1&quot;:2,&quot;2&quot;:&quot;Mg&quot;}\">Mg<\/td>\n<td data-sheets-value=\"{&quot;1&quot;:2,&quot;2&quot;:&quot;Mn&quot;}\">\u041c\u043d<\/td>\n<td data-sheets-value=\"{&quot;1&quot;:2,&quot;2&quot;:&quot;Si&quot;}\">\u0414\u0430<\/td>\n<td data-sheets-value=\"{&quot;1&quot;:2,&quot;2&quot;:&quot;C&quot;}\">In Russian, \"C\" can be translated as \"\u0421.\"<\/td>\n<td data-sheets-value=\"{&quot;1&quot;:2,&quot;2&quot;:&quot;N&quot;}\">The text \"N\" doesn't provide any context or meaning for translation. Could you please provide the full text or specify what you'd like to be translated into Russian?<\/td>\n<td data-sheets-value=\"{&quot;1&quot;:2,&quot;2&quot;:&quot;H&quot;}\">H<\/td>\n<td data-sheets-value=\"{&quot;1&quot;:2,&quot;2&quot;:&quot;O&quot;}\">\u041e<\/td>\n<td><\/td>\n<td><\/td>\n<\/tr>\n<tr>\n<td data-sheets-value=\"{&quot;1&quot;:2,&quot;2&quot;:&quot;-100mesh&quot;}\">-100 \u043c\u0435\u0448<\/td>\n<td data-sheets-value=\"{&quot;1&quot;:2,&quot;2&quot;:&quot;150\u00c3\u00d7m&quot;}\">150\u00c3\u00d7m<\/td>\n<td data-sheets-value=\"{&quot;1&quot;:2,&quot;2&quot;:&quot;45-50&quot;}\">45-50<\/td>\n<td data-sheets-value=\"{&quot;1&quot;:2,&quot;2&quot;:&quot;90-95&quot;}\">90-95<\/td>\n<td data-sheets-value=\"{&quot;1&quot;:2,&quot;2&quot;:&quot;135-140&quot;}\">135-140<\/td>\n<td data-sheets-value=\"{&quot;1&quot;:3,&quot;3&quot;:0.03}\">0.03<\/td>\n<td data-sheets-value=\"{&quot;1&quot;:3,&quot;3&quot;:0.02}\">0.02<\/td>\n<td data-sheets-value=\"{&quot;1&quot;:3,&quot;3&quot;:0.01}\">0.01<\/td>\n<td data-sheets-value=\"{&quot;1&quot;:3,&quot;3&quot;:0.01}\">0.01<\/td>\n<td data-sheets-value=\"{&quot;1&quot;:3,&quot;3&quot;:0.01}\">0.01<\/td>\n<td data-sheets-value=\"{&quot;1&quot;:3,&quot;3&quot;:0.03}\">0.03<\/td>\n<td data-sheets-value=\"{&quot;1&quot;:3,&quot;3&quot;:0.03}\">0.03<\/td>\n<td data-sheets-value=\"{&quot;1&quot;:3,&quot;3&quot;:0.03}\">0.03<\/td>\n<td data-sheets-value=\"{&quot;1&quot;:3,&quot;3&quot;:0.13}\">0.13<\/td>\n<\/tr>\n<tr>\n<td data-sheets-value=\"{&quot;1&quot;:2,&quot;2&quot;:&quot;-200mesh&quot;}\">-200\u043c\u0435\u0448<\/td>\n<td data-sheets-value=\"{&quot;1&quot;:2,&quot;2&quot;:&quot;75\u00c3\u00d7m&quot;}\">75\u00c3\u00d7m<\/td>\n<td data-sheets-value=\"{&quot;1&quot;:2,&quot;2&quot;:&quot;18-23&quot;}\">18-23<\/td>\n<td data-sheets-value=\"{&quot;1&quot;:2,&quot;2&quot;:&quot;38-45&quot;}\">38-45<\/td>\n<td data-sheets-value=\"{&quot;1&quot;:2,&quot;2&quot;:&quot;65-70&quot;}\">65-70<\/td>\n<td data-sheets-value=\"{&quot;1&quot;:3,&quot;3&quot;:0.03}\">0.03<\/td>\n<td data-sheets-value=\"{&quot;1&quot;:3,&quot;3&quot;:0.02}\">0.02<\/td>\n<td data-sheets-value=\"{&quot;1&quot;:3,&quot;3&quot;:0.01}\">0.01<\/td>\n<td data-sheets-value=\"{&quot;1&quot;:3,&quot;3&quot;:0.01}\">0.01<\/td>\n<td data-sheets-value=\"{&quot;1&quot;:3,&quot;3&quot;:0.01}\">0.01<\/td>\n<td data-sheets-value=\"{&quot;1&quot;:3,&quot;3&quot;:0.03}\">0.03<\/td>\n<td data-sheets-value=\"{&quot;1&quot;:3,&quot;3&quot;:0.03}\">0.03<\/td>\n<td data-sheets-value=\"{&quot;1&quot;:3,&quot;3&quot;:0.03}\">0.03<\/td>\n<td data-sheets-value=\"{&quot;1&quot;:3,&quot;3&quot;:0.16}\">0.16<\/td>\n<\/tr>\n<tr>\n<td data-sheets-value=\"{&quot;1&quot;:2,&quot;2&quot;:&quot;-325mesh&quot;}\">-325\u043c\u0435\u0441<\/td>\n<td data-sheets-value=\"{&quot;1&quot;:2,&quot;2&quot;:&quot;45\u00c3\u00d7m&quot;}\">45\u00c3\u00d7m<\/td>\n<td data-sheets-value=\"{&quot;1&quot;:3,&quot;3&quot;:44849}\" data-sheets-numberformat=\"{&quot;1&quot;:5,&quot;2&quot;:&quot;m-d&quot;,&quot;3&quot;:1}\">10-15<\/td>\n<td data-sheets-value=\"{&quot;1&quot;:2,&quot;2&quot;:&quot;26-31&quot;}\">26-31<\/td>\n<td data-sheets-value=\"{&quot;1&quot;:2,&quot;2&quot;:&quot;46-51&quot;}\">46-51<\/td>\n<td data-sheets-value=\"{&quot;1&quot;:3,&quot;3&quot;:0.03}\">0.03<\/td>\n<td data-sheets-value=\"{&quot;1&quot;:3,&quot;3&quot;:0.02}\">0.02<\/td>\n<td data-sheets-value=\"{&quot;1&quot;:3,&quot;3&quot;:0.01}\">0.01<\/td>\n<td data-sheets-value=\"{&quot;1&quot;:3,&quot;3&quot;:0.01}\">0.01<\/td>\n<td data-sheets-value=\"{&quot;1&quot;:3,&quot;3&quot;:0.01}\">0.01<\/td>\n<td data-sheets-value=\"{&quot;1&quot;:3,&quot;3&quot;:0.03}\">0.03<\/td>\n<td data-sheets-value=\"{&quot;1&quot;:3,&quot;3&quot;:0.03}\">0.03<\/td>\n<td data-sheets-value=\"{&quot;1&quot;:3,&quot;3&quot;:0.03}\">0.03<\/td>\n<td data-sheets-value=\"{&quot;1&quot;:3,&quot;3&quot;:0.2}\">0.2<\/td>\n<\/tr>\n<\/tbody>\n<\/table>\n<\/div>\n<p>&nbsp;<\/p>\n<p>* \u041f\u0440\u0438\u043c\u0435\u0447\u0430\u043d\u0438\u0435: \u041f\u043e\u0434\u0434\u0435\u0440\u0436\u043a\u0430 \u043f\u043e\u0434\u0433\u043e\u043d\u044f\u0435\u0442\u0441\u044f \u0432 \u0441\u043e\u043e\u0442\u0432\u0435\u0442\u0441\u0442\u0432\u0438\u0438 \u0441 \u0442\u0440\u0435\u0431\u043e\u0432\u0430\u043d\u0438\u044f\u043c\u0438 \u0437\u0430\u043a\u0430\u0437\u0447\u0438\u043a\u0430<\/p>\n<p><strong>The text \"P\" doesn't provide any context for translation. Could you please provide more information or clarify what you'd like translated into Russian?<\/strong><strong>\u0445\u0430\u0440\u0430\u043a\u0442\u0435\u0440\u0438\u0441\u0442\u0438\u043a\u0438 \u043f\u0440\u043e\u0434\u0443\u043a\u0442\u0430<\/strong><\/p>\n<ol>\n<li>\u041f\u043e\u0440\u043e\u0448\u043e\u043a \u043e\u0431\u043b\u0430\u0434\u0430\u0435\u0442 \u0432\u044b\u0441\u043e\u043a\u043e\u0439 \u0447\u0438\u0441\u0442\u043e\u0442\u043e\u0439, \u043d\u0438\u0437\u043a\u0438\u043c \u0441\u043e\u0434\u0435\u0440\u0436\u0430\u043d\u0438\u0435\u043c \u043a\u0438\u0441\u043b\u043e\u0440\u043e\u0434\u0430.<\/li>\n<li>\u0423\u043b\u044c\u0442\u0440\u0430\u0442\u043e\u043d\u043a\u0438\u0439 \u0440\u0430\u0437\u043c\u0435\u0440 \u0447\u0430\u0441\u0442\u0438\u0446 \u043f\u043e\u0440\u043e\u0448\u043a\u0430.<\/li>\n<li>\u041c\u0430\u0441\u0441\u043e\u0432\u043e\u0435 \u043f\u0440\u043e\u0438\u0437\u0432\u043e\u0434\u0441\u0442\u0432\u043e \u043f\u0440\u043e\u0434\u0443\u043a\u0442\u043e\u0432 \u0441 \u0440\u0430\u0437\u043c\u0435\u0440\u043e\u043c \u0447\u0430\u0441\u0442\u0438\u0446 150\u00c3\u00d7m, 75\u00c3\u00d7m, 45\u00c3\u00d7m, 10\u00c3\u00d7m, 3\u00c3\u00d7m \u0438 \u0434\u0440.<\/li>\n<li>\u0414\u0435\u0433\u0438\u0434\u0440\u0438\u0440\u043e\u0432\u0430\u043d\u0438\u0435 \u0433\u0438\u0434\u0440\u0438\u0434\u043e\u0432 (\u043f\u0440\u043e\u0446\u0435\u0441\u0441 HDH)<\/li>\n<li>\u0415\u0436\u0435\u043c\u0435\u0441\u044f\u0447\u043d\u044b\u0439 \u043e\u0431\u044a\u0435\u043c \u043f\u0440\u043e\u0438\u0437\u0432\u043e\u0434\u0441\u0442\u0432\u0430 35 \u0442\u043e\u043d\u043d, \u0433\u043e\u0434\u043e\u0432\u043e\u0439 \u043e\u0431\u044a\u0435\u043c \u043f\u0440\u043e\u0438\u0437\u0432\u043e\u0434\u0441\u0442\u0432\u0430 420 \u0442\u043e\u043d\u043d.<\/li>\n<\/ol>\n<p><img loading=\"lazy\" decoding=\"async\" class=\"size-medium wp-image-1378 aligncenter\" src=\"https:\/\/met3dp.com\/wp-content\/uploads\/2023\/09\/GA-Al-7075-300x233.png\" alt=\"\u041f\u043e\u0440\u043e\u0448\u043e\u043a \u0442\u0438\u0442\u0430\u043d\u043e\u0432\u043e\u0433\u043e \u0441\u043f\u043b\u0430\u0432\u0430\" width=\"300\" height=\"233\" title=\"\"><\/p>\n<p><strong>\u0417\u0430\u044f\u0432\u043b\u0435\u043d\u0438\u0435<\/strong><\/p>\n<p>\u0412 \u043e\u0441\u043d\u043e\u0432\u043d\u043e\u043c \u0438\u0441\u043f\u043e\u043b\u044c\u0437\u0443\u0435\u0442\u0441\u044f \u0432 \u0432\u043e\u0434\u043e\u0440\u043e\u0434\u043d\u044b\u0445 \u0431\u0430\u0442\u0430\u0440\u0435\u044f\u0445, \u0441\u044b\u0440\u044c\u0435 \u0434\u043b\u044f \u043f\u043e\u0440\u043e\u0448\u043a\u043e\u0432\u043e\u0439 \u043c\u0435\u0442\u0430\u043b\u043b\u0443\u0440\u0433\u0438\u0438, \u0430\u0433\u0435\u043d\u0442\u0430\u0445 \u0434\u043b\u044f \u043f\u043e\u043a\u0440\u044b\u0442\u0438\u044f \u043f\u043e\u0432\u0435\u0440\u0445\u043d\u043e\u0441\u0442\u0435\u0439, \u0434\u043e\u0431\u0430\u0432\u043a\u0430\u0445 \u0434\u043b\u044f \u0430\u043b\u044e\u043c\u0438\u043d\u0438\u0435\u0432\u044b\u0445 \u0441\u043f\u043b\u0430\u0432\u043e\u0432, \u044d\u043b\u0435\u043a\u0442\u0440\u043e\u0432\u0430\u043a\u0443\u0443\u043c\u043d\u044b\u0445 \u0433\u0435\u0442\u0442\u0435\u0440\u0430\u0445, \u0440\u0430\u0441\u043f\u044b\u043b\u0435\u043d\u0438\u0438, \u0433\u0430\u043b\u044c\u0432\u0430\u043d\u0438\u0447\u0435\u0441\u043a\u0438\u0445 \u043f\u043e\u043a\u0440\u044b\u0442\u0438\u044f\u0445, MIM \u0438 \u0434\u0440\u0443\u0433\u0438\u0445 \u043e\u0431\u043b\u0430\u0441\u0442\u044f\u0445.<\/p>\n<p><strong>\u041f\u0440\u043e\u0446\u0435\u0441\u0441 \u0438\u0437\u043c\u0435\u043b\u044c\u0447\u0435\u043d\u0438\u044f:<\/strong><\/p>\n<ol>\n<li>\u0422\u0438\u0442\u0430\u043d\u043e\u0432\u0430\u044f \u0433\u0443\u0431\u043a\u0430<\/li>\n<li>\u0412\u0430\u043a\u0443\u0443\u043c \u0412\u044b\u0441\u043e\u043a\u0438\u0439<\/li>\n<li>\u0422\u0435\u043c\u043f\u0435\u0440\u0430\u0442\u0443\u0440\u0430 \u0413\u0438\u0434\u0440\u043e\u0433\u0435\u043d\u0438\u0437\u0430\u0446\u0438\u044f<\/li>\n<li>\u0413\u0440\u0430\u043d\u0443\u043b\u0438\u0440\u043e\u0432\u0430\u043d\u0438\u0435 \u0433\u0438\u0434\u0440\u0438\u0434\u0430 \u0442\u0438\u0442\u0430\u043d\u0430<\/li>\n<li>\u041f\u043e\u0440\u043e\u0448\u043e\u043a \u0433\u0438\u0434\u0440\u0438\u0434\u0430 \u0442\u0438\u0442\u0430\u043d\u0430<\/li>\n<li>\u0412\u0430\u043a\u0443\u0443\u043c\u043d\u0430\u044f \u0432\u044b\u0441\u043e\u043a\u043e\u0442\u0435\u043c\u043f\u0435\u0440\u0430\u0442\u0443\u0440\u043d\u0430\u044f \u0434\u0435\u0433\u0438\u0434\u0440\u043e\u0433\u0435\u043d\u0438\u0437\u0430\u0446\u0438\u044f<\/li>\n<li>\u0414\u0435\u0433\u0438\u0434\u0440\u0438\u0440\u043e\u0432\u0430\u043d\u0438\u0435 \u0442\u0438\u0442\u0430\u043d\u0430<\/li>\n<li>\u0414\u0435\u0433\u0438\u0434\u0440\u043e\u0433\u0435\u043d\u0438\u0437\u0430\u0446\u0438\u044f \u0413\u0440\u0430\u043d\u0443\u043b\u044f\u0446\u0438\u044f<\/li>\n<li>\u0421\u043a\u0440\u0438\u043d\u0438\u043d\u0433<\/li>\n<li>\u0418\u043d\u0441\u043f\u0435\u043a\u0446\u0438\u044f<\/li>\n<li>\u0413\u043e\u0442\u043e\u0432\u0430\u044f \u043f\u0440\u043e\u0434\u0443\u043a\u0446\u0438\u044f<\/li>\n<li>\u0423\u043f\u0430\u043a\u043e\u0432\u043a\u0430<\/li>\n<\/ol>\n<p><strong>\u0427\u0430\u0441\u0442\u043e \u0437\u0430\u0434\u0430\u0432\u0430\u0435\u043c\u044b\u0435 \u0432\u043e\u043f\u0440\u043e\u0441\u044b<\/strong><\/p>\n<ul>\n<li><strong>H<\/strong><strong>\u043a\u0430\u043a \u043c\u044b \u043c\u043e\u0436\u0435\u043c \u0433\u0430\u0440\u0430\u043d\u0442\u0438\u0440\u043e\u0432\u0430\u0442\u044c \u043a\u0430\u0447\u0435\u0441\u0442\u0432\u043e?<\/strong><\/li>\n<\/ul>\n<p>\u041f\u0435\u0440\u0435\u0434 \u0441\u0435\u0440\u0438\u0439\u043d\u044b\u043c \u043f\u0440\u043e\u0438\u0437\u0432\u043e\u0434\u0441\u0442\u0432\u043e\u043c \u0432\u0441\u0435\u0433\u0434\u0430 \u0438\u0437\u0433\u043e\u0442\u0430\u0432\u043b\u0438\u0432\u0430\u0435\u0442\u0441\u044f \u043f\u0440\u0435\u0434\u0432\u0430\u0440\u0438\u0442\u0435\u043b\u044c\u043d\u044b\u0439 \u043e\u0431\u0440\u0430\u0437\u0435\u0446;<\/p>\n<p>\u0412\u0441\u0435\u0433\u0434\u0430 \u043e\u043a\u043e\u043d\u0447\u0430\u0442\u0435\u043b\u044c\u043d\u0430\u044f \u043f\u0440\u043e\u0432\u0435\u0440\u043a\u0430 \u043f\u0435\u0440\u0435\u0434 \u043e\u0442\u043f\u0440\u0430\u0432\u043a\u043e\u0439;<\/p>\n<ul>\n<li><strong>W<\/strong><strong>\u0447\u0442\u043e \u0432\u044b \u043c\u043e\u0436\u0435\u0442\u0435 \u0443 \u043d\u0430\u0441 \u043a\u0443\u043f\u0438\u0442\u044c?<\/strong><\/li>\n<\/ul>\n<p>\u041c\u0435\u0442\u0430\u043b\u043b\u0438\u0447\u0435\u0441\u043a\u0438\u0439 \u043f\u043e\u0440\u043e\u0448\u043e\u043a 3D, \u043f\u043e\u0440\u043e\u0448\u043e\u043a MIM, \u044d\u043b\u0435\u043a\u0442\u0440\u043e\u043d\u043d\u0430\u044f \u043f\u0430\u0441\u0442\u0430, \u043f\u0440\u043e\u0434\u0443\u043a\u0446\u0438\u044f \u0432\u043a\u043b\u044e\u0447\u0430\u0435\u0442 \u0432 \u0441\u0435\u0431\u044f 316L, 17-4ph, H13, sendust, Inconel718, Inconel625m, \u0441\u0435\u0440\u0435\u0431\u0440\u044f\u043d\u044b\u0439 \u043f\u043e\u0440\u043e\u0448\u043e\u043a, \u0441\u0435\u0440\u0435\u0431\u0440\u044f\u043d\u0430\u044f \u043f\u0430\u0441\u0442\u0430, \u0440\u0435\u0434\u043a\u043e\u0437\u0435\u043c\u0435\u043b\u044c\u043d\u044b\u0435 \u043f\u0440\u043e\u0434\u0443\u043a\u0442\u044b.<\/span><\/span><\/p>","protected":false},"excerpt":{"rendered":"<p>\u0427\u0438\u0441\u0442\u044b\u0439 \u0442\u0438\u0442\u0430\u043d\u043e\u0432\u044b\u0439 \u043f\u043e\u0440\u043e\u0448\u043e\u043a \u0441 \u043d\u0438\u0437\u043a\u0438\u043c \u0441\u043e\u0434\u0435\u0440\u0436\u0430\u043d\u0438\u0435\u043c \u043a\u0438\u0441\u043b\u043e\u0440\u043e\u0434\u0430 \u044f\u0432\u043b\u044f\u0435\u0442\u0441\u044f \u043e\u0441\u043d\u043e\u0432\u043e\u0439 \u043f\u0440\u043e\u0438\u0437\u0432\u043e\u0434\u0441\u0442\u0432\u0430 \u0442\u0438\u0442\u0430\u043d\u0430 \u0432 \u043f\u043e\u0440\u043e\u0448\u043a\u043e\u0432\u043e\u0439 \u043c\u0435\u0442\u0430\u043b\u043b\u0443\u0440\u0433\u0438\u0438, \u0430 \u0442\u0430\u043a\u0436\u0435 \u043e\u0434\u043d\u0438\u043c \u0438\u0437 \u0432\u0435\u0434\u0443\u0449\u0438\u0445 \u043f\u0440\u043e\u0434\u0443\u043a\u0442\u043e\u0432 \u043a\u043e\u043c\u043f\u0430\u043d\u0438\u0438. \u0412 \u043d\u0430\u0441\u0442\u043e\u044f\u0449\u0435\u0435 \u0432\u0440\u0435\u043c\u044f \u043a\u043e\u043c\u043f\u0430\u043d\u0438\u044f \u0441 \u043f\u043e\u043c\u043e\u0449\u044c\u044e \u043f\u0440\u043e\u0446\u0435\u0441\u0441\u0430 HDH \u0438 \u0442\u0435\u0445\u043d\u043e\u043b\u043e\u0433\u0438\u0438 \u043a\u043e\u043d\u0442\u0440\u043e\u043b\u044f \u043a\u0438\u0441\u043b\u043e\u0440\u043e\u0434\u0430, \u043f\u0440\u043e\u0438\u0437\u0432\u043e\u0434\u0441\u0442\u0432\u043e \u0432\u044b\u0441\u043e\u043a\u043e\u043a\u043b\u0430\u0441\u0441\u043d\u043e\u0433\u043e \u0443\u043b\u044c\u0442\u0440\u0430\u0442\u043e\u043d\u043a\u043e\u0433\u043e \u043d\u0438\u0437\u043a\u043e\u043a\u0438\u0441\u043b\u043e\u0440\u043e\u0434\u043d\u043e\u0433\u043e \u0447\u0438\u0441\u0442\u043e\u0433\u043e \u043f\u043e\u0440\u043e\u0448\u043a\u0430 \u0442\u0438\u0442\u0430\u043d\u043e\u0432\u043e\u0433\u043e \u0441\u043f\u043b\u0430\u0432\u0430 \u0437\u0430\u043d\u0438\u043c\u0430\u0435\u0442 \u043b\u0438\u0434\u0438\u0440\u0443\u044e\u0449\u0438\u0435 \u043f\u043e\u0437\u0438\u0446\u0438\u0438 \u043d\u0430 \u043c\u0435\u0436\u0434\u0443\u043d\u0430\u0440\u043e\u0434\u043d\u043e\u043c \u0443\u0440\u043e\u0432\u043d\u0435 \u043f\u043e \u043f\u043e\u043a\u0430\u0437\u0430\u0442\u0435\u043b\u044f\u043c, \u0441 \u0445\u0430\u0440\u0430\u043a\u0442\u0435\u0440\u0438\u0441\u0442\u0438\u043a\u0430\u043c\u0438 \u0443\u043b\u044c\u0442\u0440\u0430\u0442\u043e\u043d\u043a\u043e\u0433\u043e...<\/p>","protected":false},"featured_media":1726,"parent":0,"template":"","meta":{"_acf_changed":false,"_kad_blocks_custom_css":"","_kad_blocks_head_custom_js":"","_kad_blocks_body_custom_js":"","_kad_blocks_footer_custom_js":"","_kad_post_transparent":"","_kad_post_title":"","_kad_post_layout":"","_kad_post_sidebar_id":"","_kad_post_content_style":"","_kad_post_vertical_padding":"","_kad_post_feature":"","_kad_post_feature_position":"","_kad_post_header":false,"_kad_post_footer":false,"_kad_post_classname":""},"product-category":[119,123],"class_list":["post-3859","product","type-product","status-publish","has-post-thumbnail","hentry","product-category-3d-printing-metal-powder","product-category-titanium-based-alloy-powder"],"acf":[],"taxonomy_info":{"product-category":[{"value":119,"label":"3D Printing Metal Powder"},{"value":123,"label":"Titanium Based Alloy Powder"}]},"featured_image_src_large":["https:\/\/3dpmetal.com\/wp-content\/uploads\/2024\/02\/Ti-6Al-4V-Titanium-Alloy-Powder.jpg",600,600,false],"author_info":[],"comment_info":"","_links":{"self":[{"href":"https:\/\/3dpmetal.com\/ru\/wp-json\/wp\/v2\/product\/3859","targetHints":{"allow":["GET"]}}],"collection":[{"href":"https:\/\/3dpmetal.com\/ru\/wp-json\/wp\/v2\/product"}],"about":[{"href":"https:\/\/3dpmetal.com\/ru\/wp-json\/wp\/v2\/types\/product"}],"wp:featuredmedia":[{"embeddable":true,"href":"https:\/\/3dpmetal.com\/ru\/wp-json\/wp\/v2\/media\/1726"}],"wp:attachment":[{"href":"https:\/\/3dpmetal.com\/ru\/wp-json\/wp\/v2\/media?parent=3859"}],"wp:term":[{"taxonomy":"product-category","embeddable":true,"href":"https:\/\/3dpmetal.com\/ru\/wp-json\/wp\/v2\/product-category?post=3859"}],"curies":[{"name":"wp","href":"https:\/\/api.w.org\/{rel}","templated":true}]}}