{"id":3928,"date":"2024-03-18T06:10:14","date_gmt":"2024-03-18T06:10:14","guid":{"rendered":"https:\/\/3dp.45612300.xyz\/product\/high-temperature-alloy-series\/"},"modified":"2024-03-18T06:10:14","modified_gmt":"2024-03-18T06:10:14","slug":"high-temperature-alloy-series","status":"publish","type":"product","link":"https:\/\/3dpmetal.com\/th\/product\/high-temperature-alloy-series\/","title":{"rendered":"\u0e0a\u0e38\u0e14\u0e42\u0e25\u0e2b\u0e30\u0e1c\u0e2a\u0e21\u0e17\u0e19\u0e04\u0e27\u0e32\u0e21\u0e23\u0e49\u0e2d\u0e19\u0e2a\u0e39\u0e07"},"content":{"rendered":"<p><span style=\"vertical-align: inherit;\"><span style=\"vertical-align: inherit;\"><\/p>\n<div style=\"overflow-x: auto;\">\n<table>\n<tbody>\n<tr>\n<td data-sheets-value=\"{&quot;1&quot;:2,&quot;2&quot;:&quot;Product&quot;}\">\u0e1c\u0e25\u0e34\u0e15\u0e20\u0e31\u0e13\u0e11\u0e4c<\/td>\n<td data-sheets-value=\"{&quot;1&quot;:2,&quot;2&quot;:&quot;Specification&quot;}\">\u0e2a\u0e40\u0e1b\u0e01<\/td>\n<td data-sheets-value=\"{&quot;1&quot;:2,&quot;2&quot;:&quot;Apparent Density&quot;}\">\u0e04\u0e27\u0e32\u0e21\u0e2b\u0e19\u0e32\u0e41\u0e19\u0e48\u0e19\u0e1b\u0e23\u0e32\u0e01\u0e0f<\/td>\n<td data-sheets-value=\"{&quot;1&quot;:2,&quot;2&quot;:&quot;Flow Ability&quot;}\">\u0e04\u0e27\u0e32\u0e21\u0e2a\u0e32\u0e21\u0e32\u0e23\u0e16\u0e43\u0e19\u0e01\u0e32\u0e23\u0e44\u0e2b\u0e25<\/td>\n<td data-sheets-value=\"{&quot;1&quot;:2,&quot;2&quot;:&quot;Oxygen Content&quot;}\">\u0e1b\u0e23\u0e34\u0e21\u0e32\u0e13\u0e2d\u0e2d\u0e01\u0e0b\u0e34\u0e40\u0e08\u0e19<\/td>\n<td data-sheets-value=\"{&quot;1&quot;:2,&quot;2&quot;:&quot;Tensile Strength&quot;}\">\u0e04\u0e27\u0e32\u0e21\u0e41\u0e02\u0e47\u0e07\u0e41\u0e23\u0e07\u0e40\u0e0a\u0e34\u0e07\u0e14\u0e36\u0e07<\/td>\n<td data-sheets-value=\"{&quot;1&quot;:2,&quot;2&quot;:&quot;Yield Strength&quot;}\">\u0e08\u0e38\u0e14\u0e04\u0e23\u0e32\u0e01<\/td>\n<td data-sheets-value=\"{&quot;1&quot;:2,&quot;2&quot;:&quot;Elongation&quot;}\">\u0e01\u0e32\u0e23\u0e22\u0e37\u0e14<\/td>\n<\/tr>\n<tr>\n<td data-sheets-value=\"{&quot;1&quot;:2,&quot;2&quot;:&quot;GH3625&quot;}\">GH3625<\/td>\n<td colspan=\"1\" rowspan=\"4\" data-sheets-value=\"{&quot;1&quot;:2,&quot;2&quot;:&quot;15-53\u00c3\u00d7mn45-105\u00c3\u00d7mn75-150\u00c3\u00d7m&quot;}\">\n<div>15-53 \u0e0b\u0e21.<br \/>\n45-105 \u0e01\u0e01.<br \/>\n75-150 \u0e15\u0e23.\u0e21.<\/div>\n<\/td>\n<td data-sheets-value=\"{&quot;1&quot;:2,&quot;2&quot;:&quot;\u00a1\u00d44.40g\/cm3&quot;}\">\u00a1\u00d44.40g\/cm3<\/td>\n<td data-sheets-value=\"{&quot;1&quot;:2,&quot;2&quot;:&quot;\u00a8P20s\/50g&quot;}\">\u00a8P20s\/50g<\/td>\n<td data-sheets-value=\"{&quot;1&quot;:2,&quot;2&quot;:&quot;\u00a8P300ppm&quot;}\">\u00a8P300ppm<\/td>\n<td data-sheets-value=\"{&quot;1&quot;:2,&quot;2&quot;:&quot;1000\u00a9I50Mpa &quot;}\">1000\u00a9I50Mpa<\/td>\n<td data-sheets-value=\"{&quot;1&quot;:2,&quot;2&quot;:&quot;600\u00a9I50Mpa &quot;}\">600\u00a9I50Mpa<\/td>\n<td data-sheets-value=\"{&quot;1&quot;:2,&quot;2&quot;:&quot;35\u00a9I5%&quot;}\">35\u00a9I5%<\/td>\n<\/tr>\n<tr>\n<td data-sheets-value=\"{&quot;1&quot;:2,&quot;2&quot;:&quot;GH4169&quot;}\">GH4169<\/td>\n<td data-sheets-value=\"{&quot;1&quot;:2,&quot;2&quot;:&quot;\u00a1\u00d44.20g\/cm3&quot;}\">4.20 \u0e01.\/\u0e0b\u0e21.<\/td>\n<td data-sheets-value=\"{&quot;1&quot;:2,&quot;2&quot;:&quot;\u00a8P20s\/50g&quot;}\">\u00a8P20s\/50g<\/td>\n<td data-sheets-value=\"{&quot;1&quot;:2,&quot;2&quot;:&quot;\u00a8P300ppm&quot;}\">\u00a8P300ppm<\/td>\n<td data-sheets-value=\"{&quot;1&quot;:2,&quot;2&quot;:&quot;1250\u00a9I30Mpa &quot;}\">1250\u00a9I30Mpa<\/td>\n<td data-sheets-value=\"{&quot;1&quot;:2,&quot;2&quot;:&quot;1000\u00a9I30Mpa &quot;}\">1000\u00a9I30Mpa<\/td>\n<td data-sheets-value=\"{&quot;1&quot;:2,&quot;2&quot;:&quot;18\u00a9I3%&quot;}\">18\u00a9I3%<\/td>\n<\/tr>\n<tr>\n<td data-sheets-value=\"{&quot;1&quot;:2,&quot;2&quot;:&quot;GH3230&quot;}\">GH3230<\/td>\n<td data-sheets-value=\"{&quot;1&quot;:2,&quot;2&quot;:&quot;\u00a1\u00d44.40g\/cm3&quot;}\">\u00a1\u00d44.40g\/cm3<\/td>\n<td data-sheets-value=\"{&quot;1&quot;:2,&quot;2&quot;:&quot;\u00a8P20s\/50g&quot;}\">\u00a8P20s\/50g<\/td>\n<td data-sheets-value=\"{&quot;1&quot;:2,&quot;2&quot;:&quot;\u00a8P300ppm&quot;}\">\u00a8P300ppm<\/td>\n<td data-sheets-value=\"{&quot;1&quot;:2,&quot;2&quot;:&quot;930\u00a9I30Mpa &quot;}\">930\u00a9I30Mpa<\/td>\n<td data-sheets-value=\"{&quot;1&quot;:2,&quot;2&quot;:&quot;930\u00a9I30Mpa &quot;}\">930\u00a9I30Mpa<\/td>\n<td data-sheets-value=\"{&quot;1&quot;:2,&quot;2&quot;:&quot;25\u00a9I5%&quot;}\">25\u00a9I5%<\/td>\n<\/tr>\n<tr>\n<td data-sheets-value=\"{&quot;1&quot;:2,&quot;2&quot;:&quot;GH3536&quot;}\">GH3536<\/td>\n<td data-sheets-value=\"{&quot;1&quot;:2,&quot;2&quot;:&quot;\u00a1\u00d44.40g\/cm3&quot;}\">\u00a1\u00d44.40g\/cm3<\/td>\n<td data-sheets-value=\"{&quot;1&quot;:2,&quot;2&quot;:&quot;\u00a8P20s\/50g&quot;}\">\u00a8P20s\/50g<\/td>\n<td data-sheets-value=\"{&quot;1&quot;:2,&quot;2&quot;:&quot;\u00a8P300ppm&quot;}\">\u00a8P300ppm<\/td>\n<td data-sheets-value=\"{&quot;1&quot;:2,&quot;2&quot;:&quot;850\u00a9I30Mpa &quot;}\">850\u00a9I30Mpa<\/td>\n<td data-sheets-value=\"{&quot;1&quot;:2,&quot;2&quot;:&quot;550\u00a9I20Mpa &quot;}\">550\u00a9I20Mpa<\/td>\n<td data-sheets-value=\"{&quot;1&quot;:2,&quot;2&quot;:&quot;42\u00a9I5%&quot;}\">42\u00a9I5%<\/td>\n<\/tr>\n<\/tbody>\n<\/table>\n<\/div>\n<p><img loading=\"lazy\" decoding=\"async\" class=\"size-medium wp-image-1409 aligncenter\" src=\"https:\/\/met3dp.com\/wp-content\/uploads\/2023\/09\/ed7a94ec-3c10-4b1b-87ed--300x300.jpg\" alt=\"\u0e0a\u0e38\u0e14\u0e42\u0e25\u0e2b\u0e30\u0e1c\u0e2a\u0e21\u0e17\u0e19\u0e04\u0e27\u0e32\u0e21\u0e23\u0e49\u0e2d\u0e19\u0e2a\u0e39\u0e07\" width=\"300\" height=\"300\" title=\"\"><\/p>\n<p><strong>\u0e01\u0e23\u0e30\u0e1a\u0e27\u0e19\u0e01\u0e32\u0e23<\/strong>: Vacuum air atomization method<\/p>\n<p><strong>\u0e02\u0e49\u0e2d\u0e44\u0e14\u0e49\u0e40\u0e1b\u0e23\u0e35\u0e22\u0e1a<\/strong>: \u0e04\u0e27\u0e32\u0e21\u0e01\u0e25\u0e21\u0e2a\u0e39\u0e07 \u0e1c\u0e07\u0e14\u0e32\u0e27\u0e40\u0e17\u0e35\u0e22\u0e21\u0e02\u0e19\u0e32\u0e14\u0e40\u0e25\u0e47\u0e01 \u0e44\u0e2b\u0e25\u0e25\u0e37\u0e48\u0e19\u0e44\u0e14\u0e49\u0e14\u0e35 \u0e41\u0e25\u0e30\u0e04\u0e27\u0e32\u0e21\u0e2b\u0e19\u0e32\u0e41\u0e19\u0e48\u0e19\u0e42\u0e14\u0e22\u0e23\u0e27\u0e21\u0e2a\u0e39\u0e07 \u0e1c\u0e25\u0e34\u0e15\u0e20\u0e31\u0e13\u0e11\u0e4c\u0e17\u0e35\u0e48\u0e1e\u0e34\u0e21\u0e1e\u0e4c\u0e21\u0e35\u0e01\u0e32\u0e23\u0e15\u0e49\u0e32\u0e19\u0e17\u0e32\u0e19\u0e04\u0e27\u0e32\u0e21\u0e40\u0e21\u0e37\u0e48\u0e2d\u0e22\u0e25\u0e49\u0e32\u0e44\u0e14\u0e49\u0e14\u0e35 \u0e1b\u0e23\u0e30\u0e2a\u0e34\u0e17\u0e18\u0e34\u0e20\u0e32\u0e1e\u0e01\u0e32\u0e23\u0e15\u0e48\u0e2d\u0e15\u0e49\u0e32\u0e19\u0e01\u0e32\u0e23\u0e40\u0e01\u0e34\u0e14\u0e2d\u0e2d\u0e01\u0e0b\u0e34\u0e40\u0e14\u0e0a\u0e31\u0e19 \u0e41\u0e25\u0e30\u0e04\u0e27\u0e32\u0e21\u0e40\u0e2a\u0e16\u0e35\u0e22\u0e23\u0e02\u0e2d\u0e07\u0e42\u0e04\u0e23\u0e07\u0e2a\u0e23\u0e49\u0e32\u0e07<\/p>\n<p><strong>\u0e41\u0e2d\u0e1b\u0e1e\u0e25\u0e34\u0e40\u0e04\u0e0a\u0e31\u0e19<\/strong>: \u0e41\u0e1c\u0e48\u0e19\u0e14\u0e34\u0e2a\u0e01\u0e4c \u0e25\u0e39\u0e01\u0e1b\u0e37\u0e19 \u0e43\u0e1a\u0e21\u0e35\u0e14 \u0e40\u0e04\u0e23\u0e37\u0e48\u0e2d\u0e07\u0e08\u0e31\u0e01\u0e23 \u0e41\u0e25\u0e30\u0e42\u0e04\u0e23\u0e07\u0e2a\u0e23\u0e49\u0e32\u0e07\u0e2d\u0e37\u0e48\u0e19\u0e46 \u0e02\u0e2d\u0e07\u0e01\u0e31\u0e07\u0e2b\u0e31\u0e19\u0e43\u0e19\u0e20\u0e32\u0e04\u0e2d\u0e38\u0e15\u0e2a\u0e32\u0e2b\u0e01\u0e23\u0e23\u0e21\u0e41\u0e25\u0e30\u0e01\u0e32\u0e23\u0e1a\u0e34\u0e19 \u0e2d\u0e38\u0e1b\u0e01\u0e23\u0e13\u0e4c\u0e40\u0e1c\u0e32\u0e44\u0e2b\u0e21\u0e49\u0e40\u0e04\u0e23\u0e37\u0e48\u0e2d\u0e07\u0e22\u0e19\u0e15\u0e4c\u0e43\u0e19\u0e20\u0e32\u0e04\u0e2d\u0e27\u0e01\u0e32\u0e28<\/p>\n<p><strong>\u0e1a\u0e23\u0e23\u0e08\u0e38\u0e20\u0e31\u0e13\u0e11\u0e4c<\/strong>\u0e1a\u0e23\u0e23\u0e08\u0e38\u0e20\u0e31\u0e13\u0e11\u0e4c\u0e17\u0e31\u0e48\u0e27\u0e44\u0e1b \u0e40\u0e0a\u0e48\u0e19 \u0e16\u0e38\u0e07\u0e1f\u0e2d\u0e22\u0e25\u0e4c\u0e2d\u0e25\u0e39\u0e21\u0e34\u0e40\u0e19\u0e35\u0e22\u0e21\/\u0e02\u0e27\u0e14\u0e1e\u0e25\u0e32\u0e2a\u0e15\u0e34\u0e01\/\u0e16\u0e31\u0e07\u0e40\u0e2b\u0e25\u0e47\u0e01 \u0e1a\u0e23\u0e23\u0e08\u0e38\u0e20\u0e31\u0e13\u0e11\u0e4c\u0e2a\u0e38\u0e0d\u0e0d\u0e32\u0e01\u0e32\u0e28\u0e2b\u0e23\u0e37\u0e2d\u0e1a\u0e23\u0e23\u0e08\u0e38\u0e20\u0e31\u0e13\u0e11\u0e4c\u0e17\u0e35\u0e48\u0e40\u0e15\u0e34\u0e21\u0e01\u0e4a\u0e32\u0e0b\u0e40\u0e09\u0e37\u0e48\u0e2d\u0e22 \u0e2f\u0e25\u0e2f<\/p>\n<div id=\"gtx-trans\" style=\"position: absolute; left: -47px; top: 337px;\">\n<div class=\"gtx-trans-icon\"><\/div>\n<\/div>\n<p><\/span><\/span><\/p>","protected":false},"excerpt":{"rendered":"<p>Product Specification Apparent Density Flow Ability Oxygen Content Tensile Strength Yield Strength Elongation GH3625 15-53\u00c3\u00d7m 45-105\u00c3\u00d7m 75-150\u00c3\u00d7m \u00a1\u00d44.40g\/cm3 \u00a8P20s\/50g \u00a8P300ppm 1000\u00a9I50Mpa 600\u00a9I50Mpa 35\u00a9I5% GH4169 \u00a1\u00d44.20g\/cm3 \u00a8P20s\/50g \u00a8P300ppm 1250\u00a9I30Mpa 1000\u00a9I30Mpa 18\u00a9I3% GH3230 \u00a1\u00d44.40g\/cm3 \u00a8P20s\/50g \u00a8P300ppm 930\u00a9I30Mpa 930\u00a9I30Mpa 25\u00a9I5% GH3536 \u00a1\u00d44.40g\/cm3 \u00a8P20s\/50g \u00a8P300ppm 850\u00a9I30Mpa 550\u00a9I20Mpa 42\u00a9I5% Process: Vacuum air atomization method Advantages: high sphericity, small satellite powder,&#8230;<\/p>","protected":false},"featured_media":1855,"parent":0,"template":"","meta":{"_acf_changed":false,"_kad_blocks_custom_css":"","_kad_blocks_head_custom_js":"","_kad_blocks_body_custom_js":"","_kad_blocks_footer_custom_js":"","_kad_post_transparent":"","_kad_post_title":"","_kad_post_layout":"","_kad_post_sidebar_id":"","_kad_post_content_style":"","_kad_post_vertical_padding":"","_kad_post_feature":"","_kad_post_feature_position":"","_kad_post_header":false,"_kad_post_footer":false,"_kad_post_classname":""},"product-category":[119,120],"class_list":["post-3928","product","type-product","status-publish","has-post-thumbnail","hentry","product-category-3d-printing-metal-powder","product-category-high-temperature-alloy-powder"],"acf":[],"taxonomy_info":{"product-category":[{"value":119,"label":"3D Printing Metal Powder"},{"value":120,"label":"High Temperature Alloy Powder"}]},"featured_image_src_large":["https:\/\/3dpmetal.com\/wp-content\/uploads\/2024\/02\/High-temperature-alloy.jpg",600,600,false],"author_info":[],"comment_info":"","_links":{"self":[{"href":"https:\/\/3dpmetal.com\/th\/wp-json\/wp\/v2\/product\/3928","targetHints":{"allow":["GET"]}}],"collection":[{"href":"https:\/\/3dpmetal.com\/th\/wp-json\/wp\/v2\/product"}],"about":[{"href":"https:\/\/3dpmetal.com\/th\/wp-json\/wp\/v2\/types\/product"}],"wp:featuredmedia":[{"embeddable":true,"href":"https:\/\/3dpmetal.com\/th\/wp-json\/wp\/v2\/media\/1855"}],"wp:attachment":[{"href":"https:\/\/3dpmetal.com\/th\/wp-json\/wp\/v2\/media?parent=3928"}],"wp:term":[{"taxonomy":"product-category","embeddable":true,"href":"https:\/\/3dpmetal.com\/th\/wp-json\/wp\/v2\/product-category?post=3928"}],"curies":[{"name":"wp","href":"https:\/\/api.w.org\/{rel}","templated":true}]}}