{"id":1477,"date":"2024-02-19T09:33:36","date_gmt":"2024-02-19T09:33:36","guid":{"rendered":"https:\/\/3dp.45612300.xyz\/?page_id=1477"},"modified":"2024-02-20T08:38:09","modified_gmt":"2024-02-20T08:38:09","slug":"demo","status":"publish","type":"page","link":"https:\/\/3dpmetal.com\/vi\/demo\/","title":{"rendered":"b\u1ea3n demo"},"content":{"rendered":"<div class=\"wp-block-greenshift-blocks-row alignfull gspb_row gspb_row-id-gsbp-06beeac\" id=\"gspb_row-id-gsbp-06beeac\"><div class=\"gspb_backgroundOverlay\"><\/div><div class=\"gspb_container__videoContainer\"><div class=\"gspb_videowrapper\"><video id=\"background-video-gsbp-06beeac\" playsinline muted loop autoplay><source src=\"https:\/\/3dpmetal.com\/wp-content\/uploads\/2024\/02\/d7e89d54-0b3d-4236-ac04-d5f66152809a.mp4\" type=\"video\/mp4\"\/><\/video><\/div><\/div><div class=\"gspb_row__content\"> \n<div class=\"wp-block-greenshift-blocks-row-column gspb_row__col--12 gspb_row__col--xs-12 gspb_col-id-gsbp-4ab6483\" id=\"gspb_col-id-gsbp-4ab6483\">\n<div id=\"gspb_text-id-gsbp-34bcbd0\" class=\"gspb_text gspb_text-id-gsbp-34bcbd0\">N\u00e2ng cao n\u0103ng l\u1ef1c s\u1ea3n xu\u1ea5t c\u1ee7a b\u1ea1n v\u1edbi Metal3DP<\/div>\n\n\n\n<div id=\"gspb_text-id-gsbp-41372e0\" class=\"gspb_text gspb_text-id-gsbp-41372e0\">T\u1eeb c\u00f4ng ngh\u1ec7 SEBM ti\u00ean ti\u1ebfn nh\u1ea5t \u0111\u1ebfn b\u1ed9t kim lo\u1ea1i hi\u1ec7u su\u1ea5t cao, ch\u00fang t\u00f4i cung c\u1ea5p c\u00e1c gi\u1ea3i ph\u00e1p to\u00e0n di\u1ec7n mang \u0111\u1ebfn hi\u1ec7u su\u1ea5t h\u00e0ng \u0111\u1ea7u trong l\u0129nh v\u1ef1c h\u00e0ng kh\u00f4ng v\u0169 tr\u1ee5, y t\u1ebf, \u00f4 t\u00f4 v\u00e0 nhi\u1ec1u l\u0129nh v\u1ef1c kh\u00e1c.<\/div>\n\n\n\n<div class=\"gspb_button_wrapper gspb_button-id-gsbp-a809879\" id=\"gspb_button-id-gsbp-a809879\"><a class=\"wp-block-greenshift-blocks-buttonbox gspb-buttonbox wp-element-button\" rel=\"noopener\"><span class=\"gspb-buttonbox-textwrap\"><span class=\"gspb-buttonbox-text\"><span class=\"gspb-buttonbox-title\">TH\u00d4NG TIN TH\u00caM<\/span><\/span><\/span><\/a><\/div>\n<\/div>\n\n\n\n<div class=\"wp-block-greenshift-blocks-row-column gspb_row__col--12 gspb_row__col--xs-12 gspb_col-id-gsbp-8d49e72\" id=\"gspb_col-id-gsbp-8d49e72\">\n<div class=\"wp-block-greenshift-blocks-row gspb_row gspb_row-id-gsbp-14fecec\" id=\"gspb_row-id-gsbp-14fecec\">\n<div class=\"wp-block-greenshift-blocks-row-column gspb_row__col--4 gspb_row__col--xs-4 gspb_col-id-gsbp-ecd57fc\" id=\"gspb_col-id-gsbp-ecd57fc\">\n<div class=\"wp-block-greenshift-blocks-iconbox gspb_iconBox gspb_iconBox-id-gsbp-c35651f\" id=\"gspb_iconBox-id-gsbp-c35651f\"><div class=\"gspb_iconBox__wrapper\" style=\"display:inline-flex\"><svg class=\"\" style=\"display:inline-block;vertical-align:middle\" width=\"72\" height=\"72\" viewbox=\"0 0 1024 1024\" xmlns=\"http:\/\/www.w3.org\/2000\/svg\"><path style=\"fill:#565D66\" d=\"M981.333 512c0-129.579-52.565-246.997-137.472-331.861s-202.283-137.472-331.861-137.472-246.997 52.565-331.861 137.472-137.472 202.283-137.472 331.861 52.565 246.997 137.472 331.861 202.283 137.472 331.861 137.472 246.997-52.565 331.861-137.472 137.472-202.283 137.472-331.861zM896 512c0 106.069-42.923 201.984-112.469 271.531s-165.461 112.469-271.531 112.469-201.984-42.923-271.531-112.469-112.469-165.461-112.469-271.531 42.923-201.984 112.469-271.531 165.461-112.469 271.531-112.469 201.984 42.923 271.531 112.469 112.469 165.461 112.469 271.531zM469.333 256v256c0 16.597 9.472 31.019 23.595 38.144l170.667 85.333c21.077 10.539 46.72 2.005 57.259-19.072s2.005-46.72-19.072-57.259l-147.115-73.515v-229.632c0-23.552-19.115-42.667-42.667-42.667s-42.667 19.115-42.667 42.667z\"><\/path><\/svg><\/div><\/div>\n\n\n\n<div id=\"gspb_text-id-gsbp-85f10f1\" class=\"gspb_text gspb_text-id-gsbp-85f10f1\">Ph\u1ea3n \u1ee9ng nhanh<\/div>\n<\/div>\n\n\n\n<div class=\"wp-block-greenshift-blocks-row-column gspb_row__col--4 gspb_row__col--xs-4 gspb_col-id-gsbp-d081f9f\" id=\"gspb_col-id-gsbp-d081f9f\">\n<div class=\"wp-block-greenshift-blocks-iconbox gspb_iconBox gspb_iconBox-id-gsbp-f94281b\" id=\"gspb_iconBox-id-gsbp-f94281b\"><div class=\"gspb_iconBox__wrapper\" style=\"display:inline-flex\"><img decoding=\"async\" src=\"https:\/\/3dpmetal.com\/wp-content\/uploads\/2024\/02\/212121131.svg\" alt=\"\" title=\"\"><\/div><\/div>\n\n\n\n<div id=\"gspb_text-id-gsbp-f73a0c0\" class=\"gspb_text gspb_text-id-gsbp-f73a0c0\">ISO 9001<\/div>\n<\/div>\n\n\n\n<div class=\"wp-block-greenshift-blocks-row-column gspb_row__col--4 gspb_row__col--xs-4 gspb_col-id-gsbp-02bab08\" id=\"gspb_col-id-gsbp-02bab08\">\n<div class=\"wp-block-greenshift-blocks-iconbox gspb_iconBox gspb_iconBox-id-gsbp-aee5cf2\" id=\"gspb_iconBox-id-gsbp-aee5cf2\"><div class=\"gspb_iconBox__wrapper\" style=\"display:inline-flex\"><img decoding=\"async\" src=\"https:\/\/3dpmetal.com\/wp-content\/uploads\/2024\/02\/sasasa.svg\" alt=\"\" title=\"\"><\/div><\/div>\n\n\n\n<div id=\"gspb_text-id-gsbp-ae37b97\" class=\"gspb_text gspb_text-id-gsbp-ae37b97\">\u0110\u1ed9 \u0111\u1ea1c cao<\/div>\n<\/div>\n<\/div>\n<\/div>\n <\/div><\/div>\n\n\n\n<div class=\"wp-block-greenshift-blocks-row gspb_row gspb_row-id-gsbp-985f38b\" id=\"gspb_row-id-gsbp-985f38b\"><div class=\"gspb_row__content\"> \n<div class=\"wp-block-greenshift-blocks-row-column gspb_row__col--6 gspb_row__col--md-12 gspb_col-id-gsbp-900a7a2\" id=\"gspb_col-id-gsbp-900a7a2\">\n<div class=\"wp-block-greenshift-blocks-image gspb_image gspb_image-id-gsbp-d3a6611\" id=\"gspb_image-id-gsbp-d3a6611\"><img decoding=\"async\" src=\"https:\/\/3dpmetal.com\/wp-content\/uploads\/2024\/02\/13352834701.jpg\" data-src=\"\" alt=\"\" loading=\"lazy\" width=\"865\" height=\"576\" title=\"\"><\/div>\n<\/div>\n\n\n\n<div class=\"wp-block-greenshift-blocks-row-column gspb_row__col--6 gspb_row__col--md-12 gspb_col-id-gsbp-9cb404e\" id=\"gspb_col-id-gsbp-9cb404e\">\n<div class=\"wp-block-greenshift-blocks-iconlist gspb_iconsList gspb_iconsList-id-gsbp-9b584ce icon-15px\" id=\"gspb_iconsList-id-gsbp-9b584ce\"><div class=\"gspb_iconsList__item\" data-id=\"0\"><img decoding=\"async\" src=\"https:\/\/3dpmetal.com\/wp-content\/uploads\/2024\/02\/21231.svg\" alt=\"\" title=\"\"><span class=\"gspb_iconsList__item__text\">CH\u00c0O M\u1eeaNG<\/span><\/div><\/div>\n\n\n\n<div id=\"gspb_text-id-gsbp-fc62578\" class=\"gspb_text gspb_text-id-gsbp-fc62578\">Ch\u00fang t\u00f4i l\u00e0 ai<\/div>\n\n\n\n<div id=\"gspb_text-id-gsbp-182dbd3\" class=\"gspb_text gspb_text-id-gsbp-182dbd3\">C\u00f4ng ty TNHH C\u00f4ng ngh\u1ec7 Kim lo\u1ea1i 3DP \u0111i \u0111\u1ea7u trong c\u00e1c gi\u1ea3i ph\u00e1p s\u1ea3n xu\u1ea5t ph\u1ee5 gia, c\u00f3 tr\u1ee5 s\u1edf ch\u00ednh t\u1ea1i Thanh \u0110\u1ea3o, Trung Qu\u1ed1c. C\u00f4ng ty chuy\u00ean v\u1ec1 c\u00e1c thi\u1ebft b\u1ecb in 3D v\u00e0 b\u1ed9t kim lo\u1ea1i hi\u1ec7u su\u1ea5t cao \u0111\u01b0\u1ee3c thi\u1ebft k\u1ebf ri\u00eang cho c\u00e1c \u1ee9ng d\u1ee5ng c\u00f4ng nghi\u1ec7p, v\u00e0 \u0111\u01b0\u1ee3c c\u00f4ng nh\u1eadn nh\u1edd c\u00e1c c\u00f4ng ngh\u1ec7 hi\u1ec7n \u0111\u1ea1i.<br>V\u1edbi ki\u1ebfn th\u1ee9c chuy\u00ean m\u00f4n s\u00e2u r\u1ed9ng v\u1ec1 L\u00f4 gia thi\u00eau k\u1ebft Laser ch\u1ecdn l\u1ecdc (SLS), T\u00e1n ch\u1ea3y Laser ch\u1ecdn l\u1ecdc (SLM) v\u00e0 Nung ch\u1ea3y ch\u00f9m tia \u0111i\u1ec7n t\u1eed ch\u1ecdn l\u1ecdc (SEBM), Metal3DP cung c\u1ea5p c\u00e1c h\u1ec7 th\u1ed1ng SEBM ti\u00ean ti\u1ebfn, cho ph\u00e9p kh\u00e1ch h\u00e0ng ch\u1ebf t\u1ea1o c\u00e1c linh ki\u1ec7n kim lo\u1ea1i ph\u1ee9c t\u1ea1p v\u1edbi \u0111\u1eb7c t\u00ednh c\u01a1 h\u1ecdc v\u01b0\u1ee3t tr\u1ed9i. C\u00e1c m\u00e1y in n\u00e0y \u0111\u01b0\u1ee3c c\u00f4ng nh\u1eadn l\u00e0 h\u00e0ng \u0111\u1ea7u v\u1ec1 th\u1ec3 t\u00edch ch\u1ebf t\u1ea1o, \u0111\u1ed9 ch\u00ednh x\u00e1c v\u00e0 hi\u1ec7u su\u1ea5t \u0111\u00e1ng tin c\u1eady trong nhi\u1ec1u<br> <br>\u1ee8ng d\u1ee5ng quan tr\u1ecdng, trong s\u1ed1 \u0111\u00f3 c\u00f3 ng\u00e0nh h\u00e0ng kh\u00f4ng v\u0169 tr\u1ee5, y t\u1ebf v\u00e0 \u00f4 t\u00f4.<br>B\u00ean c\u1ea1nh \u0111\u00f3, Metal3DP c\u00f2n \u0111\u01b0\u1ee3c bi\u1ebft \u0111\u1ebfn nh\u1edd v\u00e0o m\u1ed9t lo\u1ea1t c\u00e1c b\u1ed9t kim lo\u1ea1i cao c\u1ea5p, nh\u1eefng lo\u1ea1i b\u1ed9t n\u00e0y <br><br>Ph\u00e2n t\u1eed \u0111\u01b0\u1ee3c ph\u00e1t tri\u1ec3n c\u1ea9n th\u1eadn \u0111\u1ec3 s\u1eed d\u1ee5ng trong c\u00f4ng ngh\u1ec7 in l\u00e0m ch\u1ea3y gi\u01b0\u1eddng b\u1ed9t b\u1eb1ng tia laser v\u00e0 tia \u0111i\u1ec7n t\u1eed. Cung c\u1ea5p c\u00e1c h\u1ee3p kim ti\u00ean ti\u1ebfn nh\u01b0 TiNi, TiTa, TiAl, TiNbZr, CoCrMo, th\u00e9p kh\u00f4ng g\u1ec9, si\u00eau h\u1ee3p kim v\u00e0 nhi\u1ec1u h\u1ee3p kim kh\u00e1c. C\u00e1c ph\u00e2n t\u1eed h\u00ecnh c\u1ea7u \u0111\u00f3ng vai tr\u00f2 quan tr\u1ecdng trong vi\u1ec7c cho ph\u00e9p kh\u00e1ch h\u00e0ng ch\u1ebf t\u1ea1o c\u00e1c linh ki\u1ec7n kim lo\u1ea1i c\u00f3 m\u1eadt \u0111\u1ed9 cao v\u1edbi hi\u1ec7u su\u1ea5t c\u01a1 h\u1ecdc v\u01b0\u1ee3t tr\u1ed9i.<\/div>\n\n\n\n<div class=\"gspb_button_wrapper gspb_button-id-gsbp-7b58da4\" id=\"gspb_button-id-gsbp-7b58da4\"><a class=\"wp-block-greenshift-blocks-buttonbox gspb-buttonbox wp-element-button\" rel=\"noopener\"><span class=\"gspb-buttonbox-textwrap\"><span class=\"gspb-buttonbox-text\"><span class=\"gspb-buttonbox-title\">TH\u00d4NG TIN TH\u00caM<\/span><\/span><\/span><\/a><\/div>\n<\/div>\n <\/div><\/div>\n\n\n\n<div class=\"wp-block-greenshift-blocks-row gspb_row gspb_row-id-gsbp-47f8345 gspb_row--gutter-20\" id=\"gspb_row-id-gsbp-47f8345\"><div class=\"gspb_row__content\"> \n<div class=\"wp-block-greenshift-blocks-row-column gspb_row__col--4 gspb_row__col--md-12 gspb_col-id-gsbp-c38ba9e\" id=\"gspb_col-id-gsbp-c38ba9e\">\n<div class=\"wp-block-greenshift-blocks-iconlist gspb_iconsList gspb_iconsList-id-gsbp-9bef0fe icon-15px\" id=\"gspb_iconsList-id-gsbp-9bef0fe\"><div class=\"gspb_iconsList__item\" data-id=\"0\"><img decoding=\"async\" src=\"https:\/\/3dpmetal.com\/wp-content\/uploads\/2024\/02\/21231.svg\" alt=\"\" title=\"\"><span class=\"gspb_iconsList__item__text\">CH\u00c0O M\u1eeaNG<\/span><\/div><\/div>\n\n\n\n<div class=\"wp-block-greenshift-blocks-container gspb_container gspb_container-gsbp-f30d476\" id=\"gspb_container-id-gsbp-f30d476\">\n<div id=\"gspb_text-id-gsbp-0e0815f\" class=\"gspb_text gspb_text-id-gsbp-0e0815f\">Ti\u1ebfn b\u1ed9 trong s\u1ea3n xu\u1ea5t ph\u1ee5 gia kim lo\u1ea1i<\/div>\n<\/div>\n<\/div>\n\n\n\n<div class=\"wp-block-greenshift-blocks-row-column gspb_row__col--8 gspb_row__col--md-12 gspb_col-id-gsbp-d836617\" id=\"gspb_col-id-gsbp-d836617\">\n<div id=\"gspb_text-id-gsbp-fd61db4\" class=\"gspb_text gspb_text-id-gsbp-fd61db4\">T\u1ea1i Metal3DP, ch\u00fang t\u00f4i \u0111i ti\u00ean phong trong l\u0129nh v\u1ef1c s\u1ea3n xu\u1ea5t b\u1ed5 sung kim lo\u1ea1i. \u0110\u01b0\u1ee3c trang b\u1ecb c\u00f4ng ngh\u1ec7 SEBM ti\u00ean ti\u1ebfn nh\u1ea5t v\u00e0 nhu c\u1ea7u ch\u1ea5t l\u01b0\u1ee3ng v\u01b0\u1ee3t tr\u1ed9i, hi\u1ec7n ch\u00fang t\u00f4i s\u1edf h\u1eefu nhi\u1ec1u th\u1eadp k\u1ef7 ki\u1ebfn th\u1ee9c v\u1ec1 ng\u00e0nh. Ch\u00fang t\u00f4i l\u00e0 nh\u1eefng nh\u00e0 ti\u00ean phong \u0111\u00e1ng tin c\u1eady trong ng\u00e0nh, nh\u1eefng ng\u01b0\u1eddi s\u1ebd n\u00e2ng t\u1ea7m s\u1ea3n xu\u1ea5t linh ki\u1ec7n kim lo\u1ea1i c\u1ee7a b\u1ea1n. Kh\u00e1m ph\u00e1 l\u1ee3i \u00edch t\u1eeb Metal3DP ngay h\u00f4m nay.<\/div>\n<\/div>\n\n\n\n<div class=\"wp-block-greenshift-blocks-row-column gspb_row__col--8 gspb_row__col--md-12 gspb_col-id-gsbp-20f3e90\" id=\"gspb_col-id-gsbp-20f3e90\">\n<div class=\"wp-block-greenshift-blocks-row gspb_row gspb_row-id-gsbp-98fc7a1 gspb_row--gutter-30\" id=\"gspb_row-id-gsbp-98fc7a1\">\n<div class=\"wp-block-greenshift-blocks-row-column gspb_row__col--3 gspb_row__col--md-6 gspb_row__col--xs-12 gspb_col-id-gsbp-b49ad0b\" id=\"gspb_col-id-gsbp-b49ad0b\">\n<div class=\"wp-block-greenshift-blocks-iconbox gspb_iconBox gspb_iconBox-id-gsbp-8f5358b\" id=\"gspb_iconBox-id-gsbp-8f5358b\"><div class=\"gspb_iconBox__wrapper\" style=\"display:inline-flex\"><img decoding=\"async\" src=\"https:\/\/3dpmetal.com\/wp-content\/uploads\/2024\/02\/121.svg\" alt=\"\" title=\"\"><\/div><\/div>\n\n\n\n<div id=\"gspb_text-id-gsbp-bb0f104\" class=\"gspb_text gspb_text-id-gsbp-bb0f104\">C\u00f4ng ngh\u1ec7 ti\u00ean ti\u1ebfn<\/div>\n\n\n\n<div id=\"gspb_text-id-gsbp-2678ec2\" class=\"gspb_text gspb_text-id-gsbp-2678ec2\">Metal3DP d\u1eabn \u0111\u1ea7u v\u1ec1 c\u00f4ng ngh\u1ec7 N\u00f3ng ch\u1ea3y ch\u1ecdn l\u1ecdc ch\u00f9m tia \u0111i\u1ec7n t\u1eed (SEBM) ti\u00ean ti\u1ebfn nh\u1ea5t \u0111\u1ec3 s\u1ea3n xu\u1ea5t th\u00e0nh ph\u1ea7n kim lo\u1ea1i v\u01b0\u1ee3t tr\u1ed9i.<\/div>\n<\/div>\n\n\n\n<div class=\"wp-block-greenshift-blocks-row-column gspb_row__col--3 gspb_row__col--md-6 gspb_row__col--xs-12 gspb_col-id-gsbp-9c98153\" id=\"gspb_col-id-gsbp-9c98153\">\n<div class=\"wp-block-greenshift-blocks-iconbox gspb_iconBox gspb_iconBox-id-gsbp-51f69d3\" id=\"gspb_iconBox-id-gsbp-51f69d3\"><div class=\"gspb_iconBox__wrapper\" style=\"display:inline-flex\"><img decoding=\"async\" src=\"https:\/\/3dpmetal.com\/wp-content\/uploads\/2024\/02\/121.svg\" alt=\"\" title=\"\"><\/div><\/div>\n\n\n\n<div id=\"gspb_text-id-gsbp-a35088d\" class=\"gspb_text gspb_text-id-gsbp-a35088d\">C\u00f4ng ngh\u1ec7 ti\u00ean ti\u1ebfn<\/div>\n\n\n\n<div id=\"gspb_text-id-gsbp-2facbcb\" class=\"gspb_text gspb_text-id-gsbp-2facbcb\">Metal3DP d\u1eabn \u0111\u1ea7u v\u1ec1 c\u00f4ng ngh\u1ec7 N\u00f3ng ch\u1ea3y ch\u1ecdn l\u1ecdc ch\u00f9m tia \u0111i\u1ec7n t\u1eed (SEBM) ti\u00ean ti\u1ebfn nh\u1ea5t \u0111\u1ec3 s\u1ea3n xu\u1ea5t th\u00e0nh ph\u1ea7n kim lo\u1ea1i v\u01b0\u1ee3t tr\u1ed9i.<\/div>\n<\/div>\n\n\n\n<div class=\"wp-block-greenshift-blocks-row-column gspb_row__col--3 gspb_row__col--md-6 gspb_row__col--xs-12 gspb_col-id-gsbp-7a94b0b\" id=\"gspb_col-id-gsbp-7a94b0b\">\n<div class=\"wp-block-greenshift-blocks-iconbox gspb_iconBox gspb_iconBox-id-gsbp-fd4c963\" id=\"gspb_iconBox-id-gsbp-fd4c963\"><div class=\"gspb_iconBox__wrapper\" style=\"display:inline-flex\"><img decoding=\"async\" src=\"https:\/\/3dpmetal.com\/wp-content\/uploads\/2024\/02\/121.svg\" alt=\"\" title=\"\"><\/div><\/div>\n\n\n\n<div id=\"gspb_text-id-gsbp-a25e359\" class=\"gspb_text gspb_text-id-gsbp-a25e359\">C\u00f4ng ngh\u1ec7 ti\u00ean ti\u1ebfn<\/div>\n\n\n\n<div id=\"gspb_text-id-gsbp-585cb70\" class=\"gspb_text gspb_text-id-gsbp-585cb70\">Metal3DP d\u1eabn \u0111\u1ea7u v\u1ec1 c\u00f4ng ngh\u1ec7 N\u00f3ng ch\u1ea3y ch\u1ecdn l\u1ecdc ch\u00f9m tia \u0111i\u1ec7n t\u1eed (SEBM) ti\u00ean ti\u1ebfn nh\u1ea5t \u0111\u1ec3 s\u1ea3n xu\u1ea5t th\u00e0nh ph\u1ea7n kim lo\u1ea1i v\u01b0\u1ee3t tr\u1ed9i.<\/div>\n<\/div>\n\n\n\n<div class=\"wp-block-greenshift-blocks-row-column gspb_row__col--3 gspb_row__col--md-6 gspb_row__col--xs-12 gspb_col-id-gsbp-9c47d38\" id=\"gspb_col-id-gsbp-9c47d38\">\n<div class=\"wp-block-greenshift-blocks-iconbox gspb_iconBox gspb_iconBox-id-gsbp-c2fd101\" id=\"gspb_iconBox-id-gsbp-c2fd101\"><div class=\"gspb_iconBox__wrapper\" style=\"display:inline-flex\"><img decoding=\"async\" src=\"https:\/\/3dpmetal.com\/wp-content\/uploads\/2024\/02\/121.svg\" alt=\"\" title=\"\"><\/div><\/div>\n\n\n\n<div id=\"gspb_text-id-gsbp-efd7131\" class=\"gspb_text gspb_text-id-gsbp-efd7131\">C\u00f4ng ngh\u1ec7 ti\u00ean ti\u1ebfn<\/div>\n\n\n\n<div id=\"gspb_text-id-gsbp-e99a94c\" class=\"gspb_text gspb_text-id-gsbp-e99a94c\">Metal3DP d\u1eabn \u0111\u1ea7u v\u1ec1 c\u00f4ng ngh\u1ec7 N\u00f3ng ch\u1ea3y ch\u1ecdn l\u1ecdc ch\u00f9m tia \u0111i\u1ec7n t\u1eed (SEBM) ti\u00ean ti\u1ebfn nh\u1ea5t \u0111\u1ec3 s\u1ea3n xu\u1ea5t th\u00e0nh ph\u1ea7n kim lo\u1ea1i v\u01b0\u1ee3t tr\u1ed9i.<\/div>\n<\/div>\n<\/div>\n<\/div>\n <\/div><\/div>\n\n\n\n<div class=\"wp-block-greenshift-blocks-row gspb_row gspb_row-id-gsbp-cca875e gspb_row--gutter-20 steps-container\" id=\"gspb_row-id-gsbp-cca875e\"><div class=\"gspb_row__content\"> \n<div class=\"wp-block-greenshift-blocks-row-column gspb_row__col--4 gspb_col-id-gsbp-ec4c2c6\" id=\"gspb_col-id-gsbp-ec4c2c6\">\n<div class=\"wp-block-greenshift-blocks-iconbox gspb_iconBox gspb_iconBox-id-gsbp-1e2c2d5 step\" id=\"gspb_iconBox-id-gsbp-1e2c2d5\"><div class=\"gspb_iconBox__wrapper\" style=\"display:inline-flex\"><svg xmlns=\"http:\/\/www.w3.org\/2000\/svg\" style=\"width:5rem;height:5rem;margin:10px\" class=\"icon\" viewbox=\"0 0 1024 1024\" width=\"200\" height=\"200\"><path d=\"M597.333333 64V938.666667h-85.333333V158.037333L320 209.493333V121.130667l213.333333-57.130667H597.333333z\"><\/path><\/svg><\/div><\/div>\n\n\n\n<div id=\"gspb_text-id-gsbp-69f4d22\" class=\"gspb_text gspb_text-id-gsbp-69f4d22\">C\u00f4ng ngh\u1ec7 ti\u00ean ti\u1ebfn<\/div>\n\n\n\n<div id=\"gspb_text-id-gsbp-80f82fb\" class=\"gspb_text gspb_text-id-gsbp-80f82fb\">S\u1ef1 l\u1ef1a ch\u1ecdn h\u1ee3p kim kim lo\u1ea1i r\u1ea5t quan tr\u1ecdng v\u00e0 c\u00f3 \u1ea3nh h\u01b0\u1edfng \u0111\u1ebfn t\u00ednh ch\u1ea5t c\u1ee7a c\u00e1c c\u1ea5u ki\u1ec7n \u0111\u01b0\u1ee3c ch\u1ebf t\u1ea1o b\u1eb1ng c\u00f4ng ngh\u1ec7 in 3D.<\/div>\n<\/div>\n\n\n\n<div class=\"wp-block-greenshift-blocks-row-column gspb_row__col--4 gspb_col-id-gsbp-971ef00\" id=\"gspb_col-id-gsbp-971ef00\">\n<div class=\"wp-block-greenshift-blocks-iconbox gspb_iconBox gspb_iconBox-id-gsbp-405d5b5 step\" id=\"gspb_iconBox-id-gsbp-405d5b5\"><div class=\"gspb_iconBox__wrapper\" style=\"display:inline-flex\"><svg xmlns=\"http:\/\/www.w3.org\/2000\/svg\" style=\"width:5rem;height:5rem;margin:10px\" xmlns:xlink=\"http:\/\/www.w3.org\/1999\/xlink\" class=\"icon\" viewbox=\"0 0 1024 1024\" width=\"200\" height=\"200\"><path d=\"M682.666667 320a170.666667 170.666667 0 0 0-341.333334 0H256a256 256 0 1 1 454.954667 161.109333l-312.32 372.181334L768 853.333333v85.333334H256v-48.085334l386.730667-460.885333c25.856-30.72 40.021333-69.546667 39.936-109.696z\"><\/path><\/svg><\/div><\/div>\n\n\n\n<div id=\"gspb_text-id-gsbp-31cfa4d\" class=\"gspb_text gspb_text-id-gsbp-31cfa4d\">C\u00f4ng ngh\u1ec7 ti\u00ean ti\u1ebfn<\/div>\n\n\n\n<div id=\"gspb_text-id-gsbp-bf7dc96\" class=\"gspb_text gspb_text-id-gsbp-bf7dc96\">S\u1ef1 l\u1ef1a ch\u1ecdn h\u1ee3p kim kim lo\u1ea1i r\u1ea5t quan tr\u1ecdng v\u00e0 c\u00f3 \u1ea3nh h\u01b0\u1edfng \u0111\u1ebfn t\u00ednh ch\u1ea5t c\u1ee7a c\u00e1c c\u1ea5u ki\u1ec7n \u0111\u01b0\u1ee3c ch\u1ebf t\u1ea1o b\u1eb1ng c\u00f4ng ngh\u1ec7 in 3D.<\/div>\n<\/div>\n\n\n\n<div class=\"wp-block-greenshift-blocks-row-column gspb_row__col--4 gspb_col-id-gsbp-f3da730\" id=\"gspb_col-id-gsbp-f3da730\">\n<div class=\"wp-block-greenshift-blocks-iconbox gspb_iconBox gspb_iconBox-id-gsbp-79102ad step\" id=\"gspb_iconBox-id-gsbp-79102ad\"><div class=\"gspb_iconBox__wrapper\" style=\"display:inline-flex\"><svg xmlns=\"http:\/\/www.w3.org\/2000\/svg\" style=\"width:5rem;height:5rem;margin:10px\" class=\"icon\" viewbox=\"0 0 1024 1024\" width=\"200\" height=\"200\"><path d=\"M768 85.333333v58.112L546.517333 407.466667a277.376 277.376 0 1 1-303.616 342.528l82.773334-20.736A192.085333 192.085333 0 0 0 704 682.666667a192 192 0 0 0-277.546667-171.946667l-9.728 5.205333-29.44-51.498666L633.813333 170.666667H277.333333V85.333333H768z\"><\/path><\/svg><\/div><\/div>\n\n\n\n<div id=\"gspb_text-id-gsbp-c7690e0\" class=\"gspb_text gspb_text-id-gsbp-c7690e0\">C\u00f4ng ngh\u1ec7 ti\u00ean ti\u1ebfn<\/div>\n\n\n\n<div id=\"gspb_text-id-gsbp-c232e7b\" class=\"gspb_text gspb_text-id-gsbp-c232e7b\">S\u1ef1 l\u1ef1a ch\u1ecdn h\u1ee3p kim kim lo\u1ea1i r\u1ea5t quan tr\u1ecdng v\u00e0 c\u00f3 \u1ea3nh h\u01b0\u1edfng \u0111\u1ebfn t\u00ednh ch\u1ea5t c\u1ee7a c\u00e1c c\u1ea5u ki\u1ec7n \u0111\u01b0\u1ee3c ch\u1ebf t\u1ea1o b\u1eb1ng c\u00f4ng ngh\u1ec7 in 3D.<\/div>\n<\/div>\n <\/div><\/div>\n\n\n<style>.kb-row-layout-id1477_2e4877-db > .kt-row-column-wrap{align-content:start;}:where(.kb-row-layout-id1477_2e4877-db > .kt-row-column-wrap) > .wp-block-kadence-column{justify-content:start;}.kb-row-layout-id1477_2e4877-db > .kt-row-column-wrap{column-gap:var(--global-kb-gap-md, 2rem);row-gap:var(--global-kb-gap-md, 2rem);max-width:1600px;margin-left:auto;margin-right:auto;padding-top:var(--global-kb-spacing-sm, 1.5rem);padding-bottom:var(--global-kb-spacing-sm, 1.5rem);grid-template-columns:minmax(0, 1fr);}.kb-row-layout-id1477_2e4877-db > .kt-row-layout-overlay{opacity:0.30;}@media all and (max-width: 1024px){.kb-row-layout-id1477_2e4877-db > .kt-row-column-wrap{grid-template-columns:minmax(0, 1fr);}}@media all and (max-width: 767px){.kb-row-layout-id1477_2e4877-db > .kt-row-column-wrap{grid-template-columns:minmax(0, 1fr);}}<\/style><div class=\"kb-row-layout-wrap kb-row-layout-id1477_2e4877-db alignnone wp-block-kadence-rowlayout\"><div class=\"kt-row-column-wrap kt-has-1-columns kt-row-layout-equal kt-tab-layout-inherit kt-mobile-layout-row kt-row-valign-top\">\n<style>.kadence-column1477_8df6ae-88 > .kt-inside-inner-col,.kadence-column1477_8df6ae-88 > .kt-inside-inner-col:before{border-top-left-radius:0px;border-top-right-radius:0px;border-bottom-right-radius:0px;border-bottom-left-radius:0px;}.kadence-column1477_8df6ae-88 > .kt-inside-inner-col{column-gap:var(--global-kb-gap-sm, 1rem);}.kadence-column1477_8df6ae-88 > .kt-inside-inner-col{flex-direction:column;}.kadence-column1477_8df6ae-88 > .kt-inside-inner-col > .aligncenter{width:100%;}.kadence-column1477_8df6ae-88 > .kt-inside-inner-col:before{opacity:0.3;}.kadence-column1477_8df6ae-88{position:relative;}@media all and (max-width: 1024px){.kadence-column1477_8df6ae-88 > .kt-inside-inner-col{flex-direction:column;justify-content:center;}}@media all and (max-width: 767px){.kadence-column1477_8df6ae-88 > .kt-inside-inner-col{flex-direction:column;justify-content:center;}}<\/style>\n<div class=\"wp-block-kadence-column kadence-column1477_8df6ae-88\"><div class=\"kt-inside-inner-col\"><style>.kt-repeater1477_844f7c-a8 .wp-block-kadence-repeatertemplate{grid-template-columns:repeat(2, minmax(0, 1fr));column-gap:10px;row-gap:40px;}@media all and (max-width: 1024px){.kt-repeater1477_844f7c-a8 .wp-block-kadence-repeatertemplate{grid-template-columns:repeat(2, minmax(0, 1fr));column-gap:10px;row-gap:40px;}}@media all and (max-width: 767px){.kt-repeater1477_844f7c-a8 .wp-block-kadence-repeatertemplate{grid-template-columns:repeat(2, minmax(0, 1fr));column-gap:10px;row-gap:40px;}}<\/style>\n<div class=\"wp-block-kadence-repeater kt-repeater1477_844f7c-a8 is-layout-flow wp-block-kadence-repeater-is-layout-flow\"><ul class=\"wp-block-kadence-repeatertemplate\"><li>\n\n<figure class=\"wp-block-kadence-image kb-image-is-ratio-size\"><div class=\"kb-is-ratio-image kb-image-ratio-square\"><\/div><\/figure>\n\n\n\n<h2 class=\"wp-block-kadence-advancedheading\" data-kb-block=\"kb-adv-headingundefined\"><\/h2>\n\n\n\n<p class=\"wp-block-kadence-advancedheading\" data-kb-block=\"kb-adv-headingundefined\"><\/p>\n\n<\/li><li>\n\n<figure class=\"wp-block-kadence-image kb-image-is-ratio-size\"><div class=\"kb-is-ratio-image kb-image-ratio-square\"><\/div><\/figure>\n\n\n\n<h2 class=\"wp-block-kadence-advancedheading\" data-kb-block=\"kb-adv-headingundefined\"><\/h2>\n\n\n\n<p class=\"wp-block-kadence-advancedheading\" data-kb-block=\"kb-adv-headingundefined\"><\/p>\n\n<\/li><li>\n\n<figure class=\"wp-block-kadence-image kb-image-is-ratio-size\"><div class=\"kb-is-ratio-image kb-image-ratio-square\"><\/div><\/figure>\n\n\n\n<h2 class=\"wp-block-kadence-advancedheading\" data-kb-block=\"kb-adv-headingundefined\"><\/h2>\n\n\n\n<p class=\"wp-block-kadence-advancedheading\" data-kb-block=\"kb-adv-headingundefined\"><\/p>\n\n<\/li><\/ul><\/div>\n<\/div><\/div>\n\n<\/div><\/div>","protected":false},"excerpt":{"rendered":"","protected":false},"author":1,"featured_media":0,"parent":0,"menu_order":0,"comment_status":"closed","ping_status":"closed","template":"","meta":{"_acf_changed":false,"_kad_blocks_custom_css":"","_kad_blocks_head_custom_js":"","_kad_blocks_body_custom_js":"","_kad_blocks_footer_custom_js":"","_kad_post_transparent":"","_kad_post_title":"hide","_kad_post_layout":"fullwidth","_kad_post_sidebar_id":"","_kad_post_content_style":"unboxed","_kad_post_vertical_padding":"","_kad_post_feature":"","_kad_post_feature_position":"","_kad_post_header":false,"_kad_post_footer":false,"_kad_post_classname":"","footnotes":""},"class_list":["post-1477","page","type-page","status-publish","hentry"],"acf":[],"taxonomy_info":[],"featured_image_src_large":false,"author_info":{"display_name":"demo","author_link":"https:\/\/3dpmetal.com\/vi\/author\/demo\/"},"comment_info":0,"_links":{"self":[{"href":"https:\/\/3dpmetal.com\/vi\/wp-json\/wp\/v2\/pages\/1477","targetHints":{"allow":["GET"]}}],"collection":[{"href":"https:\/\/3dpmetal.com\/vi\/wp-json\/wp\/v2\/pages"}],"about":[{"href":"https:\/\/3dpmetal.com\/vi\/wp-json\/wp\/v2\/types\/page"}],"author":[{"embeddable":true,"href":"https:\/\/3dpmetal.com\/vi\/wp-json\/wp\/v2\/users\/1"}],"replies":[{"embeddable":true,"href":"https:\/\/3dpmetal.com\/vi\/wp-json\/wp\/v2\/comments?post=1477"}],"version-history":[{"count":6,"href":"https:\/\/3dpmetal.com\/vi\/wp-json\/wp\/v2\/pages\/1477\/revisions"}],"predecessor-version":[{"id":1691,"href":"https:\/\/3dpmetal.com\/vi\/wp-json\/wp\/v2\/pages\/1477\/revisions\/1691"}],"wp:attachment":[{"href":"https:\/\/3dpmetal.com\/vi\/wp-json\/wp\/v2\/media?parent=1477"}],"curies":[{"name":"wp","href":"https:\/\/api.w.org\/{rel}","templated":true}]}}