{"id":2883,"date":"2024-03-07T06:46:18","date_gmt":"2024-03-07T06:46:18","guid":{"rendered":"https:\/\/3dp.45612300.xyz\/?page_id=2883"},"modified":"2024-04-01T06:16:18","modified_gmt":"2024-04-01T06:16:18","slug":"aerospace-industry","status":"publish","type":"page","link":"https:\/\/3dpmetal.com\/vi\/aerospace-industry\/","title":{"rendered":"Ng\u00e0nh c\u00f4ng nghi\u1ec7p H\u00e0ng kh\u00f4ng V\u0169 tr\u1ee5"},"content":{"rendered":"<style>.kadence-column2883_72d4ef-ee > .kt-inside-inner-col{display:flex;}.kadence-column2883_72d4ef-ee > .kt-inside-inner-col{min-height:300px;}.kadence-column2883_72d4ef-ee > .kt-inside-inner-col,.kadence-column2883_72d4ef-ee > .kt-inside-inner-col:before{border-top-left-radius:0px;border-top-right-radius:0px;border-bottom-right-radius:0px;border-bottom-left-radius:0px;}.kadence-column2883_72d4ef-ee > .kt-inside-inner-col{column-gap:var(--global-kb-gap-sm, 1rem);}.kadence-column2883_72d4ef-ee > .kt-inside-inner-col{flex-direction:column;justify-content:center;align-items:center;}.kadence-column2883_72d4ef-ee > .kt-inside-inner-col > .kb-image-is-ratio-size{align-self:stretch;}.kadence-column2883_72d4ef-ee > .kt-inside-inner-col > .wp-block-kadence-advancedgallery{align-self:stretch;}.kadence-column2883_72d4ef-ee > .kt-inside-inner-col > .aligncenter{width:100%;}.kt-row-column-wrap > .kadence-column2883_72d4ef-ee{align-self:center;}.kt-inner-column-height-full:not(.kt-has-1-columns) > .wp-block-kadence-column.kadence-column2883_72d4ef-ee{align-self:auto;}.kt-inner-column-height-full:not(.kt-has-1-columns) > .wp-block-kadence-column.kadence-column2883_72d4ef-ee > .kt-inside-inner-col{flex-direction:column;justify-content:center;}.kadence-column2883_72d4ef-ee > .kt-inside-inner-col{background-image:url('https:\/\/3dpmetal.com\/wp-content\/uploads\/2024\/02\/663f499e-1c8a-4d2f-9a72-f23b2ce6a317.png');background-size:cover;background-position:50% 0%;background-attachment:scroll;background-repeat:no-repeat;}.kadence-column2883_72d4ef-ee > .kt-inside-inner-col:before{opacity:0.63;background-color:#000000;}.kadence-column2883_72d4ef-ee{position:relative;}@media all and (max-width: 1024px){.kt-row-column-wrap > .kadence-column2883_72d4ef-ee{align-self:center;}}@media all and (max-width: 1024px){.kt-inner-column-height-full:not(.kt-has-1-columns) > .wp-block-kadence-column.kadence-column2883_72d4ef-ee{align-self:auto;}}@media all and (max-width: 1024px){.kt-inner-column-height-full:not(.kt-has-1-columns) > .wp-block-kadence-column.kadence-column2883_72d4ef-ee > .kt-inside-inner-col{flex-direction:column;justify-content:center;}}@media all and (max-width: 1024px){.kadence-column2883_72d4ef-ee > .kt-inside-inner-col{flex-direction:column;justify-content:center;align-items:center;}}@media all and (max-width: 767px){.kt-row-column-wrap > .kadence-column2883_72d4ef-ee{align-self:center;}.kt-inner-column-height-full:not(.kt-has-1-columns) > .wp-block-kadence-column.kadence-column2883_72d4ef-ee{align-self:auto;}.kt-inner-column-height-full:not(.kt-has-1-columns) > .wp-block-kadence-column.kadence-column2883_72d4ef-ee > .kt-inside-inner-col{flex-direction:column;justify-content:center;}.kadence-column2883_72d4ef-ee > .kt-inside-inner-col{flex-direction:column;justify-content:center;align-items:center;}}<\/style>\n<div class=\"wp-block-kadence-column kadence-column2883_72d4ef-ee kb-section-has-overlay\"><div class=\"kt-inside-inner-col\"><style>.wp-block-kadence-advancedheading.kt-adv-heading2883_4ebecb-1a, .wp-block-kadence-advancedheading.kt-adv-heading2883_4ebecb-1a[data-kb-block=\"kb-adv-heading2883_4ebecb-1a\"]{font-size:40px;font-style:normal;color:#fff9f9;}.wp-block-kadence-advancedheading.kt-adv-heading2883_4ebecb-1a mark.kt-highlight, .wp-block-kadence-advancedheading.kt-adv-heading2883_4ebecb-1a[data-kb-block=\"kb-adv-heading2883_4ebecb-1a\"] mark.kt-highlight{font-style:normal;color:#f76a0c;-webkit-box-decoration-break:clone;box-decoration-break:clone;padding-top:0px;padding-right:0px;padding-bottom:0px;padding-left:0px;}.wp-block-kadence-advancedheading.kt-adv-heading2883_4ebecb-1a img.kb-inline-image, .wp-block-kadence-advancedheading.kt-adv-heading2883_4ebecb-1a[data-kb-block=\"kb-adv-heading2883_4ebecb-1a\"] img.kb-inline-image{width:150px;vertical-align:baseline;}@media all and (max-width: 767px){.wp-block-kadence-advancedheading.kt-adv-heading2883_4ebecb-1a, .wp-block-kadence-advancedheading.kt-adv-heading2883_4ebecb-1a[data-kb-block=\"kb-adv-heading2883_4ebecb-1a\"]{font-size:var(--global-kb-font-size-lg, 2rem);}}<\/style>\n<h1 class=\"kt-adv-heading2883_4ebecb-1a wp-block-kadence-advancedheading\" data-kb-block=\"kb-adv-heading2883_4ebecb-1a\">Ng\u00e0nh c\u00f4ng nghi\u1ec7p H\u00e0ng kh\u00f4ng V\u0169 tr\u1ee5<\/h1>\n<\/div><\/div>\n\n\n<style>.kb-row-layout-id2883_b463d7-7d > .kt-row-column-wrap{align-content:start;}:where(.kb-row-layout-id2883_b463d7-7d > .kt-row-column-wrap) > .wp-block-kadence-column{justify-content:start;}.kb-row-layout-id2883_b463d7-7d > .kt-row-column-wrap{column-gap:var(--global-kb-gap-lg, 4rem);row-gap:var(--global-kb-gap-md, 2rem);max-width:var( --global-content-width, 1600px );padding-left:var(--global-content-edge-padding);padding-right:var(--global-content-edge-padding);padding-top:var(--global-kb-spacing-xxl, 5rem);padding-bottom:var(--global-kb-spacing-sm, 1.5rem);grid-template-columns:minmax(0, calc(40% - ((var(--global-kb-gap-lg, 4rem) * 1 )\/2)))minmax(0, calc(60% - ((var(--global-kb-gap-lg, 4rem) * 1 )\/2)));}.kb-row-layout-id2883_b463d7-7d > .kt-row-layout-overlay{opacity:0.30;}@media all and (max-width: 1024px){.kb-row-layout-id2883_b463d7-7d > .kt-row-column-wrap{grid-template-columns:minmax(0, 1fr) minmax(0, 2fr);}}@media all and (max-width: 767px){.kb-row-layout-id2883_b463d7-7d > .kt-row-column-wrap{row-gap:var(--global-kb-gap-none, 0rem );padding-top:var(--global-kb-spacing-lg, 3rem);grid-template-columns:minmax(0, 1fr);}}<\/style><div class=\"kb-row-layout-wrap kb-row-layout-id2883_b463d7-7d alignnone wp-block-kadence-rowlayout\"><div class=\"kt-row-column-wrap kt-has-2-columns kt-row-layout-right-golden kt-tab-layout-inherit kt-mobile-layout-row kt-row-valign-top kb-theme-content-width\">\n<style>.kadence-column2883_5b5535-60 > .kt-inside-inner-col{display:flex;}.kadence-column2883_5b5535-60 > .kt-inside-inner-col,.kadence-column2883_5b5535-60 > .kt-inside-inner-col:before{border-top-left-radius:0px;border-top-right-radius:0px;border-bottom-right-radius:0px;border-bottom-left-radius:0px;}.kadence-column2883_5b5535-60 > .kt-inside-inner-col{column-gap:var(--global-kb-gap-sm, 1rem);}.kadence-column2883_5b5535-60 > .kt-inside-inner-col{flex-direction:column;justify-content:center;}.kadence-column2883_5b5535-60 > .kt-inside-inner-col > .aligncenter{width:100%;}.kt-row-column-wrap > .kadence-column2883_5b5535-60{align-self:center;}.kt-inner-column-height-full:not(.kt-has-1-columns) > .wp-block-kadence-column.kadence-column2883_5b5535-60{align-self:auto;}.kt-inner-column-height-full:not(.kt-has-1-columns) > .wp-block-kadence-column.kadence-column2883_5b5535-60 > .kt-inside-inner-col{flex-direction:column;justify-content:center;}.kadence-column2883_5b5535-60 > .kt-inside-inner-col:before{opacity:0.3;}.kadence-column2883_5b5535-60{position:relative;}@media all and (max-width: 1024px){.kt-row-column-wrap > .kadence-column2883_5b5535-60{align-self:center;}}@media all and (max-width: 1024px){.kt-inner-column-height-full:not(.kt-has-1-columns) > .wp-block-kadence-column.kadence-column2883_5b5535-60{align-self:auto;}}@media all and (max-width: 1024px){.kt-inner-column-height-full:not(.kt-has-1-columns) > .wp-block-kadence-column.kadence-column2883_5b5535-60 > .kt-inside-inner-col{flex-direction:column;justify-content:center;}}@media all and (max-width: 1024px){.kadence-column2883_5b5535-60 > .kt-inside-inner-col{flex-direction:column;justify-content:center;}}@media all and (max-width: 767px){.kt-row-column-wrap > .kadence-column2883_5b5535-60{align-self:center;}.kt-inner-column-height-full:not(.kt-has-1-columns) > .wp-block-kadence-column.kadence-column2883_5b5535-60{align-self:auto;}.kt-inner-column-height-full:not(.kt-has-1-columns) > .wp-block-kadence-column.kadence-column2883_5b5535-60 > .kt-inside-inner-col{flex-direction:column;justify-content:center;}.kadence-column2883_5b5535-60 > .kt-inside-inner-col{flex-direction:column;justify-content:center;}}<\/style>\n<div class=\"wp-block-kadence-column kadence-column2883_5b5535-60\"><div class=\"kt-inside-inner-col\">\n<figure class=\"wp-block-image size-full\"><img loading=\"lazy\" decoding=\"async\" width=\"600\" height=\"600\" src=\"https:\/\/3dpmetal.com\/wp-content\/uploads\/2024\/03\/airplane.jpg\" alt=\"\" class=\"wp-image-2875\" title=\"\" srcset=\"https:\/\/3dpmetal.com\/wp-content\/uploads\/2024\/03\/airplane.jpg 600w, https:\/\/3dpmetal.com\/wp-content\/uploads\/2024\/03\/airplane-300x300.jpg 300w, https:\/\/3dpmetal.com\/wp-content\/uploads\/2024\/03\/airplane-150x150.jpg 150w\" sizes=\"auto, (max-width: 600px) 100vw, 600px\" \/><\/figure>\n<\/div><\/div>\n\n\n<style>.kadence-column2883_00fca4-0c > .kt-inside-inner-col{display:flex;}.kadence-column2883_00fca4-0c > .kt-inside-inner-col,.kadence-column2883_00fca4-0c > .kt-inside-inner-col:before{border-top-left-radius:0px;border-top-right-radius:0px;border-bottom-right-radius:0px;border-bottom-left-radius:0px;}.kadence-column2883_00fca4-0c > .kt-inside-inner-col{column-gap:var(--global-kb-gap-sm, 1rem);}.kadence-column2883_00fca4-0c > .kt-inside-inner-col{flex-direction:column;justify-content:center;}.kadence-column2883_00fca4-0c > .kt-inside-inner-col > .aligncenter{width:100%;}.kt-row-column-wrap > .kadence-column2883_00fca4-0c{align-self:center;}.kt-inner-column-height-full:not(.kt-has-1-columns) > .wp-block-kadence-column.kadence-column2883_00fca4-0c{align-self:auto;}.kt-inner-column-height-full:not(.kt-has-1-columns) > .wp-block-kadence-column.kadence-column2883_00fca4-0c > .kt-inside-inner-col{flex-direction:column;justify-content:center;}.kadence-column2883_00fca4-0c > .kt-inside-inner-col:before{opacity:0.3;}.kadence-column2883_00fca4-0c{position:relative;}@media all and (max-width: 1024px){.kt-row-column-wrap > .kadence-column2883_00fca4-0c{align-self:center;}}@media all and (max-width: 1024px){.kt-inner-column-height-full:not(.kt-has-1-columns) > .wp-block-kadence-column.kadence-column2883_00fca4-0c{align-self:auto;}}@media all and (max-width: 1024px){.kt-inner-column-height-full:not(.kt-has-1-columns) > .wp-block-kadence-column.kadence-column2883_00fca4-0c > .kt-inside-inner-col{flex-direction:column;justify-content:center;}}@media all and (max-width: 1024px){.kadence-column2883_00fca4-0c > .kt-inside-inner-col{flex-direction:column;justify-content:center;}}@media all and (max-width: 767px){.kt-row-column-wrap > .kadence-column2883_00fca4-0c{align-self:center;}.kt-inner-column-height-full:not(.kt-has-1-columns) > .wp-block-kadence-column.kadence-column2883_00fca4-0c{align-self:auto;}.kt-inner-column-height-full:not(.kt-has-1-columns) > .wp-block-kadence-column.kadence-column2883_00fca4-0c > .kt-inside-inner-col{flex-direction:column;justify-content:center;}.kadence-column2883_00fca4-0c > .kt-inside-inner-col{flex-direction:column;justify-content:center;}}<\/style>\n<div class=\"wp-block-kadence-column kadence-column2883_00fca4-0c\"><div class=\"kt-inside-inner-col\"><style>.wp-block-kadence-advancedheading.kt-adv-heading2883_087fda-f3, .wp-block-kadence-advancedheading.kt-adv-heading2883_087fda-f3[data-kb-block=\"kb-adv-heading2883_087fda-f3\"]{font-style:normal;}.wp-block-kadence-advancedheading.kt-adv-heading2883_087fda-f3 mark.kt-highlight, .wp-block-kadence-advancedheading.kt-adv-heading2883_087fda-f3[data-kb-block=\"kb-adv-heading2883_087fda-f3\"] mark.kt-highlight{font-style:normal;color:#f76a0c;-webkit-box-decoration-break:clone;box-decoration-break:clone;padding-top:0px;padding-right:0px;padding-bottom:0px;padding-left:0px;}.wp-block-kadence-advancedheading.kt-adv-heading2883_087fda-f3 img.kb-inline-image, .wp-block-kadence-advancedheading.kt-adv-heading2883_087fda-f3[data-kb-block=\"kb-adv-heading2883_087fda-f3\"] img.kb-inline-image{width:150px;vertical-align:baseline;}@media all and (max-width: 767px){.wp-block-kadence-advancedheading.kt-adv-heading2883_087fda-f3, .wp-block-kadence-advancedheading.kt-adv-heading2883_087fda-f3[data-kb-block=\"kb-adv-heading2883_087fda-f3\"]{font-size:20px;}}<\/style>\n<h2 class=\"kt-adv-heading2883_087fda-f3 wp-block-kadence-advancedheading\" data-kb-block=\"kb-adv-heading2883_087fda-f3\">Ng\u00e0nh H\u00e0ng Kh\u00f4ng V\u0169 Tr\u1ee5 L\u00e0 M\u1ed9t Trong S\u1ef1 Thay \u0110\u1ed5i Kh\u00f4ng Ng\u1eebng.<\/h2>\n\n\n\n<p>L\u0129nh v\u1ef1c h\u00e0ng kh\u00f4ng v\u0169 tr\u1ee5 l\u00e0 \u0111\u01a1n v\u1ecb ti\u00ean phong \u00e1p d\u1ee5ng c\u00f4ng ngh\u1ec7 in 3D kim lo\u1ea1i, t\u1eadn d\u1ee5ng c\u00f4ng ngh\u1ec7 n\u00e0y \u0111\u1ec3 s\u1ea3n xu\u1ea5t c\u00e1c linh ki\u1ec7n hi\u1ec7u su\u1ea5t cao, c\u00f3 tr\u1ecdng l\u01b0\u1ee3ng nh\u1eb9. S\u1ea3n xu\u1ea5t b\u1ed3i \u0111\u1eafp kim lo\u1ea1i t\u1ea1o ra c\u00e1c h\u00ecnh h\u1ecdc ph\u1ee9c t\u1ea1p v\u00e0 l\u1eafp r\u00e1p h\u1ee3p nh\u1ea5t, gi\u00fap gi\u1ea3m tr\u1ecdng l\u01b0\u1ee3ng v\u00e0 s\u1ed1 l\u01b0\u1ee3ng b\u1ed9 ph\u1eadn so v\u1edbi s\u1ea3n xu\u1ea5t truy\u1ec1n th\u1ed1ng. \u0110i\u1ec1u n\u00e0y r\u1ea5t quan tr\u1ecdng \u0111\u1ed1i v\u1edbi m\u00e1y bay v\u00ec gi\u1ea3m t\u1eebng kg s\u1ebd tr\u1ef1c ti\u1ebfp ti\u1ebft ki\u1ec7m \u0111\u01b0\u1ee3c nhi\u00ean li\u1ec7u.<\/p>\n\n\n\n<p>Meituo l\u00e0 \u0111\u1ed1i t\u00e1c l\u00fd t\u01b0\u1edfng cho c\u00e1c c\u00f4ng ty v\u0169 tr\u1ee5 t\u00ecm hi\u1ec3u c\u00e1c k\u1ef9 thu\u1eadt gia c\u00f4ng \u0111\u1eafp. H\u1ec7 th\u1ed1ng n\u00f3ng ch\u1ea3y ch\u00f9m tia \u0111i\u1ec7n t\u1eed ch\u1ecdn l\u1ecdc ti\u00ean ti\u1ebfn c\u1ee7a ch\u00fang t\u00f4i ho\u00e0n h\u1ea3o trong vi\u1ec7c in c\u00e1c kim lo\u1ea1i ph\u1ea3n \u1ee9ng nh\u01b0 titan v\u00e0 h\u1ee3p kim niken th\u01b0\u1eddng \u0111\u01b0\u1ee3c s\u1eed d\u1ee5ng trong \u0111\u1ed9ng c\u01a1, khung c\u1ea5u tr\u00fac v\u00e0 c\u00e1c linh ki\u1ec7n. Qu\u00e1 tr\u00ecnh n\u00e0y \u0111\u1ea1t \u0111\u01b0\u1ee3c c\u00e1c \u0111\u1eb7c t\u00ednh c\u01a1 h\u1ecdc \u0111\u1eb7c bi\u1ec7t \u0111\u00e1p \u1ee9ng c\u00e1c ti\u00eau chu\u1ea9n h\u00e0ng kh\u00f4ng v\u0169 tr\u1ee5. C\u00e1c h\u1ec7 th\u1ed1ng c\u1ee7a ch\u00fang t\u00f4i c\u0169ng cung c\u1ea5p th\u1ec3 t\u00edch gia c\u00f4ng l\u1edbn \u0111\u1ec3 ch\u1ebf t\u1ea1o c\u00e1c b\u1ed9 ph\u1eadn theo quy m\u00f4.<\/p>\n\n\n\n<p>Ngo\u00e0i ra, Meituo c\u00f2n cung c\u1ea5p danh m\u1ee5c r\u1ed9ng r\u00e3i v\u1ec1 b\u1ed9t kim lo\u1ea1i h\u00ecnh c\u1ea7u \u0111\u01b0\u1ee3c t\u1ed1i \u01b0u h\u00f3a cho c\u00e1c m\u00e1y in c\u1ee7a ch\u00fang t\u00f4i. Ch\u00fang bao g\u1ed3m titan, nh\u00f4m, coban-crom, si\u00eau h\u1ee3p kim niken, v.v. C\u00e1c lo\u1ea1i b\u1ed9t c\u1ee7a ch\u00fang t\u00f4i \u0111\u1ea3m b\u1ea3o b\u1ea3n in ch\u1ea5t l\u01b0\u1ee3ng, d\u00e0y \u0111\u1eb7c cho c\u00e1c b\u1ed9 ph\u1eadn m\u00e1y bay ho\u1ea1t \u0111\u1ed9ng trong \u0111i\u1ec1u ki\u1ec7n \u1ee9ng su\u1ea5t kh\u1eafc nghi\u1ec7t. V\u1edbi chuy\u00ean m\u00f4n s\u00e2u v\u1ec1 h\u00e0ng kh\u00f4ng v\u0169 tr\u1ee5, Meituo gi\u00fap kh\u00e1ch h\u00e0ng tri\u1ec3n khai AM kim lo\u1ea1i v\u00e0 x\u00e1c th\u1ef1c c\u00e1c b\u1ed9 ph\u1eadn \u0111\u01b0\u1ee3c in hi\u1ec7u su\u1ea5t cao \u0111\u1ec3 ph\u1ee5c v\u1ee5 c\u00e1c chuy\u1ebfn bay.<\/p>\n\n\n\n<p>B\u1eb1ng c\u00e1ch s\u1eed d\u1ee5ng m\u00e1y in nung ch\u1ea3y ch\u00f9m electron ch\u1ecdn l\u1ecdc h\u00e0ng \u0111\u1ea7u v\u00e0 b\u1ed9t kim lo\u1ea1i \u0111\u01b0\u1ee3c thi\u1ebft k\u1ebf ri\u00eang, c\u00e1c nh\u00e0 s\u1ea3n xu\u1ea5t h\u00e0ng kh\u00f4ng c\u00f3 th\u1ec3 \u0111\u01b0a c\u00f4ng ngh\u1ec7 \u0111\u1eafp l\u1edbp v\u00e0o \u0111\u1ec3 h\u1ee3p l\u00fd h\u00f3a s\u1ea3n xu\u1ea5t v\u00e0 \u0111\u1ea1t \u0111\u01b0\u1ee3c nh\u1eefng thi\u1ebft k\u1ebf xe th\u1ebf h\u1ec7 ti\u1ebfp theo. Meituo cung c\u1ea5p c\u00e1c gi\u1ea3i ph\u00e1p to\u00e0n di\u1ec7n \u0111\u1ec3 \u0111\u01b0a in 3D kim lo\u1ea1i ti\u1ebfn xa h\u01a1n trong ng\u00e0nh h\u00e0ng kh\u00f4ng.<\/p>\n<\/div><\/div>\n\n<\/div><\/div>","protected":false},"excerpt":{"rendered":"<p>Aerospace Industry The Aerospace Industry Is One Of Constant Change. The aerospace sector is a major adopter of metal 3D printing, leveraging the technology to produce lightweight, high-performance components. Metal additive manufacturing enables complex geometries and consolidated assemblies, reducing weight and part count versus traditional manufacturing. This is critical for aircraft as every kilogram reduced&#8230;<\/p>","protected":false},"author":1,"featured_media":0,"parent":0,"menu_order":0,"comment_status":"closed","ping_status":"closed","template":"","meta":{"_acf_changed":false,"_kad_blocks_custom_css":"","_kad_blocks_head_custom_js":"","_kad_blocks_body_custom_js":"","_kad_blocks_footer_custom_js":"","_kad_post_transparent":"","_kad_post_title":"","_kad_post_layout":"fullwidth","_kad_post_sidebar_id":"","_kad_post_content_style":"unboxed","_kad_post_vertical_padding":"","_kad_post_feature":"","_kad_post_feature_position":"","_kad_post_header":false,"_kad_post_footer":false,"_kad_post_classname":"","footnotes":""},"class_list":["post-2883","page","type-page","status-publish","hentry"],"acf":[],"taxonomy_info":[],"featured_image_src_large":false,"author_info":{"display_name":"demo","author_link":"https:\/\/3dpmetal.com\/vi\/author\/demo\/"},"comment_info":0,"_links":{"self":[{"href":"https:\/\/3dpmetal.com\/vi\/wp-json\/wp\/v2\/pages\/2883","targetHints":{"allow":["GET"]}}],"collection":[{"href":"https:\/\/3dpmetal.com\/vi\/wp-json\/wp\/v2\/pages"}],"about":[{"href":"https:\/\/3dpmetal.com\/vi\/wp-json\/wp\/v2\/types\/page"}],"author":[{"embeddable":true,"href":"https:\/\/3dpmetal.com\/vi\/wp-json\/wp\/v2\/users\/1"}],"replies":[{"embeddable":true,"href":"https:\/\/3dpmetal.com\/vi\/wp-json\/wp\/v2\/comments?post=2883"}],"version-history":[{"count":4,"href":"https:\/\/3dpmetal.com\/vi\/wp-json\/wp\/v2\/pages\/2883\/revisions"}],"predecessor-version":[{"id":4066,"href":"https:\/\/3dpmetal.com\/vi\/wp-json\/wp\/v2\/pages\/2883\/revisions\/4066"}],"wp:attachment":[{"href":"https:\/\/3dpmetal.com\/vi\/wp-json\/wp\/v2\/media?parent=2883"}],"curies":[{"name":"wp","href":"https:\/\/api.w.org\/{rel}","templated":true}]}}