{"id":2890,"date":"2024-03-07T07:41:54","date_gmt":"2024-03-07T07:41:54","guid":{"rendered":"https:\/\/3dp.45612300.xyz\/?page_id=2890"},"modified":"2024-04-01T06:18:54","modified_gmt":"2024-04-01T06:18:54","slug":"jewelry-industry","status":"publish","type":"page","link":"https:\/\/3dpmetal.com\/vi\/jewelry-industry\/","title":{"rendered":"Ng\u00e0nh c\u00f4ng nghi\u1ec7p trang s\u1ee9c"},"content":{"rendered":"<style>.kadence-column2890_ec6dee-20 > .kt-inside-inner-col{display:flex;}.kadence-column2890_ec6dee-20 > .kt-inside-inner-col{min-height:300px;}.kadence-column2890_ec6dee-20 > .kt-inside-inner-col,.kadence-column2890_ec6dee-20 > .kt-inside-inner-col:before{border-top-left-radius:0px;border-top-right-radius:0px;border-bottom-right-radius:0px;border-bottom-left-radius:0px;}.kadence-column2890_ec6dee-20 > .kt-inside-inner-col{column-gap:var(--global-kb-gap-sm, 1rem);}.kadence-column2890_ec6dee-20 > .kt-inside-inner-col{flex-direction:column;justify-content:center;align-items:center;}.kadence-column2890_ec6dee-20 > .kt-inside-inner-col > .kb-image-is-ratio-size{align-self:stretch;}.kadence-column2890_ec6dee-20 > .kt-inside-inner-col > .wp-block-kadence-advancedgallery{align-self:stretch;}.kadence-column2890_ec6dee-20 > .kt-inside-inner-col > .aligncenter{width:100%;}.kt-row-column-wrap > .kadence-column2890_ec6dee-20{align-self:center;}.kt-inner-column-height-full:not(.kt-has-1-columns) > .wp-block-kadence-column.kadence-column2890_ec6dee-20{align-self:auto;}.kt-inner-column-height-full:not(.kt-has-1-columns) > .wp-block-kadence-column.kadence-column2890_ec6dee-20 > .kt-inside-inner-col{flex-direction:column;justify-content:center;}.kadence-column2890_ec6dee-20 > .kt-inside-inner-col{background-image:url('https:\/\/3dpmetal.com\/wp-content\/uploads\/2024\/02\/663f499e-1c8a-4d2f-9a72-f23b2ce6a317.png');background-size:cover;background-position:50% 0%;background-attachment:scroll;background-repeat:no-repeat;}.kadence-column2890_ec6dee-20 > .kt-inside-inner-col:before{opacity:0.63;background-color:#000000;}.kadence-column2890_ec6dee-20{position:relative;}@media all and (max-width: 1024px){.kt-row-column-wrap > .kadence-column2890_ec6dee-20{align-self:center;}}@media all and (max-width: 1024px){.kt-inner-column-height-full:not(.kt-has-1-columns) > .wp-block-kadence-column.kadence-column2890_ec6dee-20{align-self:auto;}}@media all and (max-width: 1024px){.kt-inner-column-height-full:not(.kt-has-1-columns) > .wp-block-kadence-column.kadence-column2890_ec6dee-20 > .kt-inside-inner-col{flex-direction:column;justify-content:center;}}@media all and (max-width: 1024px){.kadence-column2890_ec6dee-20 > .kt-inside-inner-col{flex-direction:column;justify-content:center;align-items:center;}}@media all and (max-width: 767px){.kt-row-column-wrap > .kadence-column2890_ec6dee-20{align-self:center;}.kt-inner-column-height-full:not(.kt-has-1-columns) > .wp-block-kadence-column.kadence-column2890_ec6dee-20{align-self:auto;}.kt-inner-column-height-full:not(.kt-has-1-columns) > .wp-block-kadence-column.kadence-column2890_ec6dee-20 > .kt-inside-inner-col{flex-direction:column;justify-content:center;}.kadence-column2890_ec6dee-20 > .kt-inside-inner-col{flex-direction:column;justify-content:center;align-items:center;}}<\/style>\n<div class=\"wp-block-kadence-column kadence-column2890_ec6dee-20 kb-section-has-overlay\"><div class=\"kt-inside-inner-col\"><style>.wp-block-kadence-advancedheading.kt-adv-heading2890_ec6545-21, .wp-block-kadence-advancedheading.kt-adv-heading2890_ec6545-21[data-kb-block=\"kb-adv-heading2890_ec6545-21\"]{font-size:40px;font-style:normal;color:#fff9f9;}.wp-block-kadence-advancedheading.kt-adv-heading2890_ec6545-21 mark.kt-highlight, .wp-block-kadence-advancedheading.kt-adv-heading2890_ec6545-21[data-kb-block=\"kb-adv-heading2890_ec6545-21\"] mark.kt-highlight{font-style:normal;color:#f76a0c;-webkit-box-decoration-break:clone;box-decoration-break:clone;padding-top:0px;padding-right:0px;padding-bottom:0px;padding-left:0px;}.wp-block-kadence-advancedheading.kt-adv-heading2890_ec6545-21 img.kb-inline-image, .wp-block-kadence-advancedheading.kt-adv-heading2890_ec6545-21[data-kb-block=\"kb-adv-heading2890_ec6545-21\"] img.kb-inline-image{width:150px;vertical-align:baseline;}@media all and (max-width: 767px){.wp-block-kadence-advancedheading.kt-adv-heading2890_ec6545-21, .wp-block-kadence-advancedheading.kt-adv-heading2890_ec6545-21[data-kb-block=\"kb-adv-heading2890_ec6545-21\"]{font-size:var(--global-kb-font-size-lg, 2rem);}}<\/style>\n<h1 class=\"kt-adv-heading2890_ec6545-21 wp-block-kadence-advancedheading\" data-kb-block=\"kb-adv-heading2890_ec6545-21\">Ng\u00e0nh c\u00f4ng nghi\u1ec7p trang s\u1ee9c<\/h1>\n<\/div><\/div>\n\n\n<style>.kb-row-layout-id2890_aaefc7-fc > .kt-row-column-wrap{align-content:start;}:where(.kb-row-layout-id2890_aaefc7-fc > .kt-row-column-wrap) > .wp-block-kadence-column{justify-content:start;}.kb-row-layout-id2890_aaefc7-fc > .kt-row-column-wrap{column-gap:var(--global-kb-gap-lg, 4rem);row-gap:var(--global-kb-gap-md, 2rem);max-width:var( --global-content-width, 1600px );padding-left:var(--global-content-edge-padding);padding-right:var(--global-content-edge-padding);padding-top:var(--global-kb-spacing-xxl, 5rem);padding-bottom:var(--global-kb-spacing-sm, 1.5rem);grid-template-columns:minmax(0, calc(40% - ((var(--global-kb-gap-lg, 4rem) * 1 )\/2)))minmax(0, calc(60% - ((var(--global-kb-gap-lg, 4rem) * 1 )\/2)));}.kb-row-layout-id2890_aaefc7-fc > .kt-row-layout-overlay{opacity:0.30;}@media all and (max-width: 1024px){.kb-row-layout-id2890_aaefc7-fc > .kt-row-column-wrap{grid-template-columns:minmax(0, 1fr) minmax(0, 2fr);}}@media all and (max-width: 767px){.kb-row-layout-id2890_aaefc7-fc > .kt-row-column-wrap{row-gap:var(--global-kb-gap-none, 0rem );padding-top:var(--global-kb-spacing-lg, 3rem);grid-template-columns:minmax(0, 1fr);}}<\/style><div class=\"kb-row-layout-wrap kb-row-layout-id2890_aaefc7-fc alignnone wp-block-kadence-rowlayout\"><div class=\"kt-row-column-wrap kt-has-2-columns kt-row-layout-right-golden kt-tab-layout-inherit kt-mobile-layout-row kt-row-valign-top kb-theme-content-width\">\n<style>.kadence-column2890_8e156f-5f > .kt-inside-inner-col{display:flex;}.kadence-column2890_8e156f-5f > .kt-inside-inner-col,.kadence-column2890_8e156f-5f > .kt-inside-inner-col:before{border-top-left-radius:0px;border-top-right-radius:0px;border-bottom-right-radius:0px;border-bottom-left-radius:0px;}.kadence-column2890_8e156f-5f > .kt-inside-inner-col{column-gap:var(--global-kb-gap-sm, 1rem);}.kadence-column2890_8e156f-5f > .kt-inside-inner-col{flex-direction:column;justify-content:center;}.kadence-column2890_8e156f-5f > .kt-inside-inner-col > .aligncenter{width:100%;}.kt-row-column-wrap > .kadence-column2890_8e156f-5f{align-self:center;}.kt-inner-column-height-full:not(.kt-has-1-columns) > .wp-block-kadence-column.kadence-column2890_8e156f-5f{align-self:auto;}.kt-inner-column-height-full:not(.kt-has-1-columns) > .wp-block-kadence-column.kadence-column2890_8e156f-5f > .kt-inside-inner-col{flex-direction:column;justify-content:center;}.kadence-column2890_8e156f-5f > .kt-inside-inner-col:before{opacity:0.3;}.kadence-column2890_8e156f-5f{position:relative;}@media all and (max-width: 1024px){.kt-row-column-wrap > .kadence-column2890_8e156f-5f{align-self:center;}}@media all and (max-width: 1024px){.kt-inner-column-height-full:not(.kt-has-1-columns) > .wp-block-kadence-column.kadence-column2890_8e156f-5f{align-self:auto;}}@media all and (max-width: 1024px){.kt-inner-column-height-full:not(.kt-has-1-columns) > .wp-block-kadence-column.kadence-column2890_8e156f-5f > .kt-inside-inner-col{flex-direction:column;justify-content:center;}}@media all and (max-width: 1024px){.kadence-column2890_8e156f-5f > .kt-inside-inner-col{flex-direction:column;justify-content:center;}}@media all and (max-width: 767px){.kt-row-column-wrap > .kadence-column2890_8e156f-5f{align-self:center;}.kt-inner-column-height-full:not(.kt-has-1-columns) > .wp-block-kadence-column.kadence-column2890_8e156f-5f{align-self:auto;}.kt-inner-column-height-full:not(.kt-has-1-columns) > .wp-block-kadence-column.kadence-column2890_8e156f-5f > .kt-inside-inner-col{flex-direction:column;justify-content:center;}.kadence-column2890_8e156f-5f > .kt-inside-inner-col{flex-direction:column;justify-content:center;}}<\/style>\n<div class=\"wp-block-kadence-column kadence-column2890_8e156f-5f\"><div class=\"kt-inside-inner-col\">\n<figure class=\"wp-block-image size-full\"><img loading=\"lazy\" decoding=\"async\" width=\"600\" height=\"600\" src=\"https:\/\/3dpmetal.com\/wp-content\/uploads\/2024\/03\/5ngCICAXiH0.jpg\" alt=\"\" class=\"wp-image-2869\" title=\"\" srcset=\"https:\/\/3dpmetal.com\/wp-content\/uploads\/2024\/03\/5ngCICAXiH0.jpg 600w, https:\/\/3dpmetal.com\/wp-content\/uploads\/2024\/03\/5ngCICAXiH0-300x300.jpg 300w, https:\/\/3dpmetal.com\/wp-content\/uploads\/2024\/03\/5ngCICAXiH0-150x150.jpg 150w\" sizes=\"auto, (max-width: 600px) 100vw, 600px\" \/><\/figure>\n<\/div><\/div>\n\n\n<style>.kadence-column2890_fcf454-8b > .kt-inside-inner-col{display:flex;}.kadence-column2890_fcf454-8b > .kt-inside-inner-col,.kadence-column2890_fcf454-8b > .kt-inside-inner-col:before{border-top-left-radius:0px;border-top-right-radius:0px;border-bottom-right-radius:0px;border-bottom-left-radius:0px;}.kadence-column2890_fcf454-8b > .kt-inside-inner-col{column-gap:var(--global-kb-gap-sm, 1rem);}.kadence-column2890_fcf454-8b > .kt-inside-inner-col{flex-direction:column;justify-content:center;}.kadence-column2890_fcf454-8b > .kt-inside-inner-col > .aligncenter{width:100%;}.kt-row-column-wrap > .kadence-column2890_fcf454-8b{align-self:center;}.kt-inner-column-height-full:not(.kt-has-1-columns) > .wp-block-kadence-column.kadence-column2890_fcf454-8b{align-self:auto;}.kt-inner-column-height-full:not(.kt-has-1-columns) > .wp-block-kadence-column.kadence-column2890_fcf454-8b > .kt-inside-inner-col{flex-direction:column;justify-content:center;}.kadence-column2890_fcf454-8b > .kt-inside-inner-col:before{opacity:0.3;}.kadence-column2890_fcf454-8b{position:relative;}@media all and (max-width: 1024px){.kt-row-column-wrap > .kadence-column2890_fcf454-8b{align-self:center;}}@media all and (max-width: 1024px){.kt-inner-column-height-full:not(.kt-has-1-columns) > .wp-block-kadence-column.kadence-column2890_fcf454-8b{align-self:auto;}}@media all and (max-width: 1024px){.kt-inner-column-height-full:not(.kt-has-1-columns) > .wp-block-kadence-column.kadence-column2890_fcf454-8b > .kt-inside-inner-col{flex-direction:column;justify-content:center;}}@media all and (max-width: 1024px){.kadence-column2890_fcf454-8b > .kt-inside-inner-col{flex-direction:column;justify-content:center;}}@media all and (max-width: 767px){.kt-row-column-wrap > .kadence-column2890_fcf454-8b{align-self:center;}.kt-inner-column-height-full:not(.kt-has-1-columns) > .wp-block-kadence-column.kadence-column2890_fcf454-8b{align-self:auto;}.kt-inner-column-height-full:not(.kt-has-1-columns) > .wp-block-kadence-column.kadence-column2890_fcf454-8b > .kt-inside-inner-col{flex-direction:column;justify-content:center;}.kadence-column2890_fcf454-8b > .kt-inside-inner-col{flex-direction:column;justify-content:center;}}<\/style>\n<div class=\"wp-block-kadence-column kadence-column2890_fcf454-8b\"><div class=\"kt-inside-inner-col\"><style>.wp-block-kadence-advancedheading.kt-adv-heading2890_0b87c3-02, .wp-block-kadence-advancedheading.kt-adv-heading2890_0b87c3-02[data-kb-block=\"kb-adv-heading2890_0b87c3-02\"]{font-style:normal;}.wp-block-kadence-advancedheading.kt-adv-heading2890_0b87c3-02 mark.kt-highlight, .wp-block-kadence-advancedheading.kt-adv-heading2890_0b87c3-02[data-kb-block=\"kb-adv-heading2890_0b87c3-02\"] mark.kt-highlight{font-style:normal;color:#f76a0c;-webkit-box-decoration-break:clone;box-decoration-break:clone;padding-top:0px;padding-right:0px;padding-bottom:0px;padding-left:0px;}.wp-block-kadence-advancedheading.kt-adv-heading2890_0b87c3-02 img.kb-inline-image, .wp-block-kadence-advancedheading.kt-adv-heading2890_0b87c3-02[data-kb-block=\"kb-adv-heading2890_0b87c3-02\"] img.kb-inline-image{width:150px;vertical-align:baseline;}@media all and (max-width: 767px){.wp-block-kadence-advancedheading.kt-adv-heading2890_0b87c3-02, .wp-block-kadence-advancedheading.kt-adv-heading2890_0b87c3-02[data-kb-block=\"kb-adv-heading2890_0b87c3-02\"]{font-size:20px;}}<\/style>\n<h2 class=\"kt-adv-heading2890_0b87c3-02 wp-block-kadence-advancedheading\" data-kb-block=\"kb-adv-heading2890_0b87c3-02\">Ng\u00e0nh c\u00f4ng nghi\u1ec7p trang s\u1ee9c l\u00e0 ng\u00e0nh lu\u00f4n thay \u0111\u1ed5i.<\/h2>\n\n\n\n<p>S\u1ea3n xu\u1ea5t b\u1ed3i \u0111\u1eafp \u0111ang t\u1ea1o ra c\u00e1c m\u1eabu thi\u1ebft k\u1ebf t\u1ef1 do m\u1edbi trong s\u1ea3n xu\u1ea5t \u0111\u1ed3 trang s\u1ee9c. In 3D b\u1eb1ng kim lo\u1ea1i t\u1ea1o \u0111i\u1ec1u ki\u1ec7n cho c\u00e1c h\u00ecnh d\u1ea1ng h\u1eefu c\u01a1, ph\u1ee9c t\u1ea1p kh\u00f4ng th\u1ec3 t\u1ea1o ra b\u1eb1ng c\u00e1ch \u0111\u00fac ho\u1eb7c gia c\u00f4ng CNC. \u0110i\u1ec1u n\u00e0y cho ph\u00e9p th\u1ee3 kim ho\u00e0n t\u1ea1o ra nh\u1eefng m\u00f3n \u0111\u1ed3 nh\u1eb9, tho\u1ea3i m\u00e1i theo nhu c\u1ea7u c\u1ee7a kh\u00e1ch h\u00e0ng. C\u00f4ng ngh\u1ec7 n\u00e0y c\u0169ng cho ph\u00e9p h\u1ee3p nh\u1ea5t c\u00e1c th\u00e0nh ph\u1ea7n th\u00e0nh m\u1ed9t ph\u1ea7n in duy nh\u1ea5t.<\/p>\n\n\n\n<p>Meituo l\u00e0 \u0111\u1ed1i t\u00e1c l\u00fd t\u01b0\u1edfng cho c\u00e1c th\u1ee3 kim ho\u00e0n \u0111ang \u00e1p d\u1ee5ng c\u00e1c k\u1ef9 thu\u1eadt AM kim lo\u1ea1i. C\u00e1c h\u1ec7 th\u1ed1ng n\u00f3ng ch\u1ea3y ch\u00f9m tia \u0111i\u1ec7n t\u1eed ch\u1ecdn l\u1ecdc ti\u00ean ti\u1ebfn c\u1ee7a ch\u00fang t\u00f4i r\u1ea5t v\u01b0\u1ee3t tr\u1ed9i khi in c\u00e1c kim lo\u1ea1i qu\u00fd nh\u01b0 h\u1ee3p kim v\u00e0ng, b\u1ea1c v\u00e0 platin. Quy tr\u00ecnh c\u1ee7a ch\u00fang t\u00f4i gi\u00fap c\u00f3 \u0111\u01b0\u1ee3c \u0111\u1ed9 b\u00f3ng b\u1ec1 m\u1eb7t v\u00e0 \u0111\u1ed9 ch\u00ednh x\u00e1c v\u1ec1 chi\u1ec1u t\u1ed1t c\u1ea7n thi\u1ebft cho \u0111\u1ed3 trang s\u1ee9c.<\/p>\n\n\n\n<p>Ngo\u00e0i ra, Meituo cung c\u1ea5p b\u1ed9t kim lo\u1ea1i qu\u00fd \u0111\u01b0\u1ee3c t\u1ed1i \u01b0u h\u00f3a cho m\u00e1y in c\u1ee7a ch\u00fang t\u00f4i. Bao g\u1ed3m v\u00e0ng, b\u1ea1c, \u0111\u1ed3ng v\u00e0 nhi\u1ec1u h\u01a1n n\u1eefa. C\u00e1c lo\u1ea1i b\u1ed9t ch\u1ea5t l\u01b0\u1ee3ng cao c\u1ee7a ch\u00fang t\u00f4i \u0111\u1ea3m b\u1ea3o in li\u00ean t\u1ee5c, \u0111\u00e1ng tin c\u1eady c\u00e1c \u0642\u0637\u0639\u0629 trang s\u1ee9c \u0111\u00e1nh b\u00f3ng, d\u00e0y \u0111\u1eb7c.<\/p>\n\n\n\n<p>V\u1edbi chuy\u00ean m\u00f4n v\u1ec1 s\u1ea3n xu\u1ea5t quy m\u00f4 nh\u1ecf, Meituo gi\u00fap c\u00e1c th\u1ee3 kim ho\u00e0n tri\u1ec3n khai c\u00f4ng ngh\u1ec7 in 3D kim lo\u1ea1i \u0111\u1ec3 m\u1edf r\u1ed9ng c\u00e1c kh\u1ea3 n\u0103ng thi\u1ebft k\u1ebf. B\u1eb1ng c\u00e1ch t\u1eadn d\u1ee5ng c\u00e1c m\u00e1y in h\u00e0ng \u0111\u1ea7u v\u00e0 b\u1ed9t kim lo\u1ea1i qu\u00fd \u0111\u01b0\u1ee3c thi\u1ebft k\u1ebf ri\u00eang, c\u00e1c th\u1ee3 kim ho\u00e0n c\u00f3 th\u1ec3 k\u1ebft h\u1ee3p c\u00f4ng ngh\u1ec7 \u0111\u1eafp d\u1ea7n \u0111\u1ec3 cung c\u1ea5p c\u00e1c s\u1ea3n ph\u1ea9m \u0111\u01b0\u1ee3c c\u00e1 nh\u00e2n h\u00f3a v\u00e0 c\u00f3 gi\u00e1 tr\u1ecb cao.<\/p>\n\n\n\n<p>Meituo cung c\u1ea5p c\u00e1c gi\u1ea3i ph\u00e1p to\u00e0n di\u1ec7n gi\u00fap ph\u00e1t tri\u1ec3n AM kim lo\u1ea1i trong qu\u00e1 tr\u00ecnh s\u1ea3n xu\u1ea5t \u0111\u1ed3 trang s\u1ee9c. N\u0103ng l\u1ef1c c\u1ee7a ch\u00fang t\u00f4i khai m\u1edf ti\u1ec1m n\u0103ng m\u1edbi trong thi\u1ebft k\u1ebf v\u00e0 s\u1ea3n xu\u1ea5t \u0111\u1ed3 trang s\u1ee9c.<\/p>\n<\/div><\/div>\n\n<\/div><\/div>","protected":false},"excerpt":{"rendered":"<p>Jewelry Industry The Jewelry Industry Is One Of Constant Change. Additive manufacturing is enabling new design freedoms in jewelry production. Metal 3D printing facilitates intricate, organic shapes not possible with castings or CNC machining. This allows jewelers to create lightweight, comfortable pieces tailored to customers. The technology also permits consolidation of components into a single&#8230;<\/p>","protected":false},"author":1,"featured_media":0,"parent":0,"menu_order":0,"comment_status":"closed","ping_status":"closed","template":"","meta":{"_acf_changed":false,"_kad_blocks_custom_css":"","_kad_blocks_head_custom_js":"","_kad_blocks_body_custom_js":"","_kad_blocks_footer_custom_js":"","_kad_post_transparent":"","_kad_post_title":"","_kad_post_layout":"fullwidth","_kad_post_sidebar_id":"","_kad_post_content_style":"unboxed","_kad_post_vertical_padding":"","_kad_post_feature":"","_kad_post_feature_position":"","_kad_post_header":false,"_kad_post_footer":false,"_kad_post_classname":"","footnotes":""},"class_list":["post-2890","page","type-page","status-publish","hentry"],"acf":[],"taxonomy_info":[],"featured_image_src_large":false,"author_info":{"display_name":"demo","author_link":"https:\/\/3dpmetal.com\/vi\/author\/demo\/"},"comment_info":0,"_links":{"self":[{"href":"https:\/\/3dpmetal.com\/vi\/wp-json\/wp\/v2\/pages\/2890","targetHints":{"allow":["GET"]}}],"collection":[{"href":"https:\/\/3dpmetal.com\/vi\/wp-json\/wp\/v2\/pages"}],"about":[{"href":"https:\/\/3dpmetal.com\/vi\/wp-json\/wp\/v2\/types\/page"}],"author":[{"embeddable":true,"href":"https:\/\/3dpmetal.com\/vi\/wp-json\/wp\/v2\/users\/1"}],"replies":[{"embeddable":true,"href":"https:\/\/3dpmetal.com\/vi\/wp-json\/wp\/v2\/comments?post=2890"}],"version-history":[{"count":3,"href":"https:\/\/3dpmetal.com\/vi\/wp-json\/wp\/v2\/pages\/2890\/revisions"}],"predecessor-version":[{"id":4073,"href":"https:\/\/3dpmetal.com\/vi\/wp-json\/wp\/v2\/pages\/2890\/revisions\/4073"}],"wp:attachment":[{"href":"https:\/\/3dpmetal.com\/vi\/wp-json\/wp\/v2\/media?parent=2890"}],"curies":[{"name":"wp","href":"https:\/\/api.w.org\/{rel}","templated":true}]}}