{"id":2892,"date":"2024-03-07T07:49:53","date_gmt":"2024-03-07T07:49:53","guid":{"rendered":"https:\/\/3dp.45612300.xyz\/?page_id=2892"},"modified":"2024-04-01T06:18:05","modified_gmt":"2024-04-01T06:18:05","slug":"energy-sector","status":"publish","type":"page","link":"https:\/\/3dpmetal.com\/vi\/energy-sector\/","title":{"rendered":"Ng\u00e0nh n\u0103ng l\u01b0\u1ee3ng"},"content":{"rendered":"<style>.kadence-column2892_e11e99-bd > .kt-inside-inner-col{display:flex;}.kadence-column2892_e11e99-bd > .kt-inside-inner-col{min-height:300px;}.kadence-column2892_e11e99-bd > .kt-inside-inner-col,.kadence-column2892_e11e99-bd > .kt-inside-inner-col:before{border-top-left-radius:0px;border-top-right-radius:0px;border-bottom-right-radius:0px;border-bottom-left-radius:0px;}.kadence-column2892_e11e99-bd > .kt-inside-inner-col{column-gap:var(--global-kb-gap-sm, 1rem);}.kadence-column2892_e11e99-bd > .kt-inside-inner-col{flex-direction:column;justify-content:center;align-items:center;}.kadence-column2892_e11e99-bd > .kt-inside-inner-col > .kb-image-is-ratio-size{align-self:stretch;}.kadence-column2892_e11e99-bd > .kt-inside-inner-col > .wp-block-kadence-advancedgallery{align-self:stretch;}.kadence-column2892_e11e99-bd > .kt-inside-inner-col > .aligncenter{width:100%;}.kt-row-column-wrap > .kadence-column2892_e11e99-bd{align-self:center;}.kt-inner-column-height-full:not(.kt-has-1-columns) > .wp-block-kadence-column.kadence-column2892_e11e99-bd{align-self:auto;}.kt-inner-column-height-full:not(.kt-has-1-columns) > .wp-block-kadence-column.kadence-column2892_e11e99-bd > .kt-inside-inner-col{flex-direction:column;justify-content:center;}.kadence-column2892_e11e99-bd > .kt-inside-inner-col{background-image:url('https:\/\/3dpmetal.com\/wp-content\/uploads\/2024\/02\/663f499e-1c8a-4d2f-9a72-f23b2ce6a317.png');background-size:cover;background-position:50% 0%;background-attachment:scroll;background-repeat:no-repeat;}.kadence-column2892_e11e99-bd > .kt-inside-inner-col:before{opacity:0.63;background-color:#000000;}.kadence-column2892_e11e99-bd{position:relative;}@media all and (max-width: 1024px){.kt-row-column-wrap > .kadence-column2892_e11e99-bd{align-self:center;}}@media all and (max-width: 1024px){.kt-inner-column-height-full:not(.kt-has-1-columns) > .wp-block-kadence-column.kadence-column2892_e11e99-bd{align-self:auto;}}@media all and (max-width: 1024px){.kt-inner-column-height-full:not(.kt-has-1-columns) > .wp-block-kadence-column.kadence-column2892_e11e99-bd > .kt-inside-inner-col{flex-direction:column;justify-content:center;}}@media all and (max-width: 1024px){.kadence-column2892_e11e99-bd > .kt-inside-inner-col{flex-direction:column;justify-content:center;align-items:center;}}@media all and (max-width: 767px){.kt-row-column-wrap > .kadence-column2892_e11e99-bd{align-self:center;}.kt-inner-column-height-full:not(.kt-has-1-columns) > .wp-block-kadence-column.kadence-column2892_e11e99-bd{align-self:auto;}.kt-inner-column-height-full:not(.kt-has-1-columns) > .wp-block-kadence-column.kadence-column2892_e11e99-bd > .kt-inside-inner-col{flex-direction:column;justify-content:center;}.kadence-column2892_e11e99-bd > .kt-inside-inner-col{flex-direction:column;justify-content:center;align-items:center;}}<\/style>\n<div class=\"wp-block-kadence-column kadence-column2892_e11e99-bd kb-section-has-overlay\"><div class=\"kt-inside-inner-col\"><style>.wp-block-kadence-advancedheading.kt-adv-heading2892_32d462-4a, .wp-block-kadence-advancedheading.kt-adv-heading2892_32d462-4a[data-kb-block=\"kb-adv-heading2892_32d462-4a\"]{font-size:40px;font-style:normal;color:#fff9f9;}.wp-block-kadence-advancedheading.kt-adv-heading2892_32d462-4a mark.kt-highlight, .wp-block-kadence-advancedheading.kt-adv-heading2892_32d462-4a[data-kb-block=\"kb-adv-heading2892_32d462-4a\"] mark.kt-highlight{font-style:normal;color:#f76a0c;-webkit-box-decoration-break:clone;box-decoration-break:clone;padding-top:0px;padding-right:0px;padding-bottom:0px;padding-left:0px;}.wp-block-kadence-advancedheading.kt-adv-heading2892_32d462-4a img.kb-inline-image, .wp-block-kadence-advancedheading.kt-adv-heading2892_32d462-4a[data-kb-block=\"kb-adv-heading2892_32d462-4a\"] img.kb-inline-image{width:150px;vertical-align:baseline;}@media all and (max-width: 767px){.wp-block-kadence-advancedheading.kt-adv-heading2892_32d462-4a, .wp-block-kadence-advancedheading.kt-adv-heading2892_32d462-4a[data-kb-block=\"kb-adv-heading2892_32d462-4a\"]{font-size:var(--global-kb-font-size-lg, 2rem);}}<\/style>\n<h1 class=\"kt-adv-heading2892_32d462-4a wp-block-kadence-advancedheading\" data-kb-block=\"kb-adv-heading2892_32d462-4a\">Ng\u00e0nh n\u0103ng l\u01b0\u1ee3ng<\/h1>\n<\/div><\/div>\n\n\n<style>.kb-row-layout-id2892_75fb7d-fe > .kt-row-column-wrap{align-content:start;}:where(.kb-row-layout-id2892_75fb7d-fe > .kt-row-column-wrap) > .wp-block-kadence-column{justify-content:start;}.kb-row-layout-id2892_75fb7d-fe > .kt-row-column-wrap{column-gap:var(--global-kb-gap-lg, 4rem);row-gap:var(--global-kb-gap-md, 2rem);max-width:var( --global-content-width, 1600px );padding-left:var(--global-content-edge-padding);padding-right:var(--global-content-edge-padding);padding-top:var(--global-kb-spacing-xxl, 5rem);padding-bottom:var(--global-kb-spacing-sm, 1.5rem);grid-template-columns:minmax(0, calc(40% - ((var(--global-kb-gap-lg, 4rem) * 1 )\/2)))minmax(0, calc(60% - ((var(--global-kb-gap-lg, 4rem) * 1 )\/2)));}.kb-row-layout-id2892_75fb7d-fe > .kt-row-layout-overlay{opacity:0.30;}@media all and (max-width: 1024px){.kb-row-layout-id2892_75fb7d-fe > .kt-row-column-wrap{grid-template-columns:minmax(0, 1fr) minmax(0, 2fr);}}@media all and (max-width: 767px){.kb-row-layout-id2892_75fb7d-fe > .kt-row-column-wrap{row-gap:var(--global-kb-gap-none, 0rem );padding-top:var(--global-kb-spacing-md, 2rem);grid-template-columns:minmax(0, 1fr);}}<\/style><div class=\"kb-row-layout-wrap kb-row-layout-id2892_75fb7d-fe alignnone wp-block-kadence-rowlayout\"><div class=\"kt-row-column-wrap kt-has-2-columns kt-row-layout-right-golden kt-tab-layout-inherit kt-mobile-layout-row kt-row-valign-top kb-theme-content-width\">\n<style>.kadence-column2892_76792b-35 > .kt-inside-inner-col{display:flex;}.kadence-column2892_76792b-35 > .kt-inside-inner-col,.kadence-column2892_76792b-35 > .kt-inside-inner-col:before{border-top-left-radius:0px;border-top-right-radius:0px;border-bottom-right-radius:0px;border-bottom-left-radius:0px;}.kadence-column2892_76792b-35 > .kt-inside-inner-col{column-gap:var(--global-kb-gap-sm, 1rem);}.kadence-column2892_76792b-35 > .kt-inside-inner-col{flex-direction:column;justify-content:center;}.kadence-column2892_76792b-35 > .kt-inside-inner-col > .aligncenter{width:100%;}.kt-row-column-wrap > .kadence-column2892_76792b-35{align-self:center;}.kt-inner-column-height-full:not(.kt-has-1-columns) > .wp-block-kadence-column.kadence-column2892_76792b-35{align-self:auto;}.kt-inner-column-height-full:not(.kt-has-1-columns) > .wp-block-kadence-column.kadence-column2892_76792b-35 > .kt-inside-inner-col{flex-direction:column;justify-content:center;}.kadence-column2892_76792b-35 > .kt-inside-inner-col:before{opacity:0.3;}.kadence-column2892_76792b-35{position:relative;}@media all and (max-width: 1024px){.kt-row-column-wrap > .kadence-column2892_76792b-35{align-self:center;}}@media all and (max-width: 1024px){.kt-inner-column-height-full:not(.kt-has-1-columns) > .wp-block-kadence-column.kadence-column2892_76792b-35{align-self:auto;}}@media all and (max-width: 1024px){.kt-inner-column-height-full:not(.kt-has-1-columns) > .wp-block-kadence-column.kadence-column2892_76792b-35 > .kt-inside-inner-col{flex-direction:column;justify-content:center;}}@media all and (max-width: 1024px){.kadence-column2892_76792b-35 > .kt-inside-inner-col{flex-direction:column;justify-content:center;}}@media all and (max-width: 767px){.kt-row-column-wrap > .kadence-column2892_76792b-35{align-self:center;}.kt-inner-column-height-full:not(.kt-has-1-columns) > .wp-block-kadence-column.kadence-column2892_76792b-35{align-self:auto;}.kt-inner-column-height-full:not(.kt-has-1-columns) > .wp-block-kadence-column.kadence-column2892_76792b-35 > .kt-inside-inner-col{flex-direction:column;justify-content:center;}.kadence-column2892_76792b-35 > .kt-inside-inner-col{flex-direction:column;justify-content:center;}}<\/style>\n<div class=\"wp-block-kadence-column kadence-column2892_76792b-35\"><div class=\"kt-inside-inner-col\">\n<figure class=\"wp-block-image size-full\"><img loading=\"lazy\" decoding=\"async\" width=\"600\" height=\"600\" src=\"https:\/\/3dpmetal.com\/wp-content\/uploads\/2024\/03\/energy-1.jpg\" alt=\"\" class=\"wp-image-2870\" title=\"\" srcset=\"https:\/\/3dpmetal.com\/wp-content\/uploads\/2024\/03\/energy-1.jpg 600w, https:\/\/3dpmetal.com\/wp-content\/uploads\/2024\/03\/energy-1-300x300.jpg 300w, https:\/\/3dpmetal.com\/wp-content\/uploads\/2024\/03\/energy-1-150x150.jpg 150w\" sizes=\"auto, (max-width: 600px) 100vw, 600px\" \/><\/figure>\n<\/div><\/div>\n\n\n<style>.kadence-column2892_31cf02-b5 > .kt-inside-inner-col{display:flex;}.kadence-column2892_31cf02-b5 > .kt-inside-inner-col,.kadence-column2892_31cf02-b5 > .kt-inside-inner-col:before{border-top-left-radius:0px;border-top-right-radius:0px;border-bottom-right-radius:0px;border-bottom-left-radius:0px;}.kadence-column2892_31cf02-b5 > .kt-inside-inner-col{column-gap:var(--global-kb-gap-sm, 1rem);}.kadence-column2892_31cf02-b5 > .kt-inside-inner-col{flex-direction:column;justify-content:center;}.kadence-column2892_31cf02-b5 > .kt-inside-inner-col > .aligncenter{width:100%;}.kt-row-column-wrap > .kadence-column2892_31cf02-b5{align-self:center;}.kt-inner-column-height-full:not(.kt-has-1-columns) > .wp-block-kadence-column.kadence-column2892_31cf02-b5{align-self:auto;}.kt-inner-column-height-full:not(.kt-has-1-columns) > .wp-block-kadence-column.kadence-column2892_31cf02-b5 > .kt-inside-inner-col{flex-direction:column;justify-content:center;}.kadence-column2892_31cf02-b5 > .kt-inside-inner-col:before{opacity:0.3;}.kadence-column2892_31cf02-b5{position:relative;}@media all and (max-width: 1024px){.kt-row-column-wrap > .kadence-column2892_31cf02-b5{align-self:center;}}@media all and (max-width: 1024px){.kt-inner-column-height-full:not(.kt-has-1-columns) > .wp-block-kadence-column.kadence-column2892_31cf02-b5{align-self:auto;}}@media all and (max-width: 1024px){.kt-inner-column-height-full:not(.kt-has-1-columns) > .wp-block-kadence-column.kadence-column2892_31cf02-b5 > .kt-inside-inner-col{flex-direction:column;justify-content:center;}}@media all and (max-width: 1024px){.kadence-column2892_31cf02-b5 > .kt-inside-inner-col{flex-direction:column;justify-content:center;}}@media all and (max-width: 767px){.kt-row-column-wrap > .kadence-column2892_31cf02-b5{align-self:center;}.kt-inner-column-height-full:not(.kt-has-1-columns) > .wp-block-kadence-column.kadence-column2892_31cf02-b5{align-self:auto;}.kt-inner-column-height-full:not(.kt-has-1-columns) > .wp-block-kadence-column.kadence-column2892_31cf02-b5 > .kt-inside-inner-col{flex-direction:column;justify-content:center;}.kadence-column2892_31cf02-b5 > .kt-inside-inner-col{flex-direction:column;justify-content:center;}}<\/style>\n<div class=\"wp-block-kadence-column kadence-column2892_31cf02-b5\"><div class=\"kt-inside-inner-col\"><style>.wp-block-kadence-advancedheading.kt-adv-heading2892_087f09-10, .wp-block-kadence-advancedheading.kt-adv-heading2892_087f09-10[data-kb-block=\"kb-adv-heading2892_087f09-10\"]{font-style:normal;}.wp-block-kadence-advancedheading.kt-adv-heading2892_087f09-10 mark.kt-highlight, .wp-block-kadence-advancedheading.kt-adv-heading2892_087f09-10[data-kb-block=\"kb-adv-heading2892_087f09-10\"] mark.kt-highlight{font-style:normal;color:#f76a0c;-webkit-box-decoration-break:clone;box-decoration-break:clone;padding-top:0px;padding-right:0px;padding-bottom:0px;padding-left:0px;}.wp-block-kadence-advancedheading.kt-adv-heading2892_087f09-10 img.kb-inline-image, .wp-block-kadence-advancedheading.kt-adv-heading2892_087f09-10[data-kb-block=\"kb-adv-heading2892_087f09-10\"] img.kb-inline-image{width:150px;vertical-align:baseline;}@media all and (max-width: 767px){.wp-block-kadence-advancedheading.kt-adv-heading2892_087f09-10, .wp-block-kadence-advancedheading.kt-adv-heading2892_087f09-10[data-kb-block=\"kb-adv-heading2892_087f09-10\"]{font-size:20px;}}<\/style>\n<h2 class=\"kt-adv-heading2892_087f09-10 wp-block-kadence-advancedheading\" data-kb-block=\"kb-adv-heading2892_087f09-10\">N\u0103ng l\u01b0\u1ee3ng l\u00e0 m\u1ed9t trong nh\u1eefng l\u0129nh v\u1ef1c li\u00ean t\u1ee5c thay \u0111\u1ed5i.<\/h2>\n\n\n\n<p>Ng\u00e0nh n\u0103ng l\u01b0\u1ee3ng \u0111\u00f2n b\u1ea9y s\u1ea3n xu\u1ea5t ph\u1ee5 gia \u0111\u1ec3 t\u1ea1o ra c\u00e1c th\u00e0nh ph\u1ea7n v\u1edbi hi\u1ec7u su\u1ea5t n\u00e2ng cao. In 3D kim lo\u1ea1i cho ph\u00e9p h\u00ecnh h\u1ecdc ph\u1ee9c t\u1ea1p c\u1ea3i thi\u1ec7n l\u01b0u l\u01b0\u1ee3ng nhi\u1ec7t v\u00e0 ch\u1ea5t l\u1ecfng trong tuabin, van v\u00e0 c\u00e1c ph\u1ea7n c\u1ee9ng d\u1ea7u kh\u00ed kh\u00e1c. Vi\u1ec7c h\u1ee3p nh\u1ea5t c\u00e1c c\u1ee5m l\u1eafp r\u00e1p th\u00e0nh c\u00e1c b\u1ed9 ph\u1eadn in duy nh\u1ea5t c\u0169ng l\u00e0m gi\u1ea3m c\u00e1c b\u01b0\u1edbc s\u1ea3n xu\u1ea5t.<\/p>\n\n\n\n<p>Meituo l\u00e0 \u0111\u1ed1i t\u00e1c l\u00fd t\u01b0\u1edfng cho c\u00e1c c\u00f4ng ty n\u0103ng l\u01b0\u1ee3ng kh\u00e1m ph\u00e1 c\u00e1c k\u1ef9 thu\u1eadt AM c\u1ee7a kim lo\u1ea1i. C\u00e1c h\u1ec7 th\u1ed1ng \u0111\u00fac ch\u1ea3y ch\u1ecdn l\u1ecdc b\u1eb1ng ch\u00f9m \u0111i\u1ec7n t\u1eed ti\u00ean ti\u1ebfn c\u1ee7a ch\u00fang t\u00f4i ho\u00e0n to\u00e0n th\u00e0nh th\u1ea1o khi l\u00e0m vi\u1ec7c v\u1edbi h\u1ee3p kim niken, h\u1ee3p kim coban v\u00e0 th\u00e9p kh\u00f4ng g\u1ec9 \u0111\u01b0\u1ee3c s\u1eed d\u1ee5ng r\u1ed9ng r\u00e3i trong c\u00e1c \u1ee9ng d\u1ee5ng n\u0103ng l\u01b0\u1ee3ng. Quy tr\u00ecnh c\u1ee7a ch\u00fang t\u00f4i \u0111\u1ea1t \u0111\u01b0\u1ee3c c\u00e1c \u0111\u1eb7c t\u00ednh c\u01a1 h\u1ecdc, l\u1edbp b\u1ec1 m\u1eb7t v\u00e0 \u0111\u1ed9 ch\u00ednh x\u00e1c v\u1ec1 k\u00edch th\u01b0\u1edbc c\u1ea7n thi\u1ebft cho c\u00e1c th\u00e0nh ph\u1ea7n d\u1ea7u v\u00e0 kh\u00ed.<\/p>\n\n\n\n<p>Ngo\u00e0i ra, Meituo c\u00f2n cung c\u1ea5p danh m\u1ee5c r\u1ed9ng r\u00e3i c\u00e1c b\u1ed9t kim lo\u1ea1i \u0111\u01b0\u1ee3c t\u1ed1i \u01b0u h\u00f3a cho m\u00e1y in c\u1ee7a ch\u00fang t\u00f4i. Ch\u00fang bao g\u1ed3m h\u1ee3p kim niken, coban v\u00e0 th\u00e9p kh\u00f4ng g\u1ec9 th\u01b0\u1eddng \u0111\u01b0\u1ee3c s\u1eed d\u1ee5ng trong s\u1ea3n xu\u1ea5t \u0111i\u1ec7n v\u00e0 d\u1ea7u kh\u00ed. C\u00e1c lo\u1ea1i b\u1ed9t ch\u1ea5t l\u01b0\u1ee3ng cao c\u1ee7a ch\u00fang t\u00f4i \u0111\u1ea3m b\u1ea3o in \u0111\u00e1ng tin c\u1eady, c\u00f3 th\u1ec3 l\u1eb7p l\u1ea1i c\u00e1c b\u1ed9 ph\u1eadn n\u0103ng l\u01b0\u1ee3ng r\u1ea5t b\u1ec1n, d\u00e0y \u0111\u1eb7c.<\/p>\n\n\n\n<p>V\u1edbi chuy\u00ean m\u00f4n trong c\u00e1c ng\u00e0nh c\u00f4ng nghi\u1ec7p \u0111\u01b0\u1ee3c quy \u0111\u1ecbnh, Meituo gi\u00fap c\u00e1c c\u00f4ng ty n\u0103ng l\u01b0\u1ee3ng x\u00e1c th\u1ef1c c\u00e1c th\u00e0nh ph\u1ea7n in \u0111\u1ec3 s\u1eed d\u1ee5ng trong l\u0129nh v\u1ef1c n\u00e0y. B\u1eb1ng c\u00e1ch t\u1eadn d\u1ee5ng c\u00e1c h\u1ec7 th\u1ed1ng in 3D h\u00e0ng \u0111\u1ea7u v\u00e0 b\u1ed9t t\u00f9y ch\u1ec9nh, c\u00e1c t\u1ed5 ch\u1ee9c n\u0103ng l\u01b0\u1ee3ng c\u00f3 th\u1ec3 tri\u1ec3n khai kim lo\u1ea1i AM \u0111\u1ec3 c\u1ea3i thi\u1ec7n hi\u1ec7u su\u1ea5t thi\u1ebft b\u1ecb.<\/p>\n\n\n\n<p>Meituo h\u1ee3p t\u00e1c v\u1edbi l\u0129nh v\u1ef1c n\u0103ng l\u01b0\u1ee3ng \u0111\u1ec3 n\u00e2ng cao k\u1ef9 thu\u1eadt b\u1ed5 sung kim lo\u1ea1i. C\u00e1c gi\u1ea3i ph\u00e1p to\u00e0n di\u1ec7n c\u1ee7a ch\u00fang t\u00f4i m\u1edf ra nh\u1eefng l\u1ee3i \u00edch c\u1ee7a in 3D cho ph\u1ea7n c\u1ee9ng n\u0103ng l\u01b0\u1ee3ng th\u1ebf h\u1ec7 ti\u1ebfp theo.<\/p>\n<\/div><\/div>\n\n<\/div><\/div>","protected":false},"excerpt":{"rendered":"<p>Energy Sector The Energy Sector Is One Of Constant Change. The energy industry is leveraging additive manufacturing to produce components with enhanced performance. Metal 3D printing enables complex geometries to improve heat and fluid flow in turbines, valves, and other oil and gas hardware. Consolidating assemblies into single printed parts also reduces manufacturing steps. Meituo&#8230;<\/p>","protected":false},"author":1,"featured_media":0,"parent":0,"menu_order":0,"comment_status":"closed","ping_status":"closed","template":"","meta":{"_acf_changed":false,"_kad_blocks_custom_css":"","_kad_blocks_head_custom_js":"","_kad_blocks_body_custom_js":"","_kad_blocks_footer_custom_js":"","_kad_post_transparent":"","_kad_post_title":"","_kad_post_layout":"fullwidth","_kad_post_sidebar_id":"","_kad_post_content_style":"unboxed","_kad_post_vertical_padding":"","_kad_post_feature":"","_kad_post_feature_position":"","_kad_post_header":false,"_kad_post_footer":false,"_kad_post_classname":"","footnotes":""},"class_list":["post-2892","page","type-page","status-publish","hentry"],"acf":[],"taxonomy_info":[],"featured_image_src_large":false,"author_info":{"display_name":"demo","author_link":"https:\/\/3dpmetal.com\/vi\/author\/demo\/"},"comment_info":0,"_links":{"self":[{"href":"https:\/\/3dpmetal.com\/vi\/wp-json\/wp\/v2\/pages\/2892","targetHints":{"allow":["GET"]}}],"collection":[{"href":"https:\/\/3dpmetal.com\/vi\/wp-json\/wp\/v2\/pages"}],"about":[{"href":"https:\/\/3dpmetal.com\/vi\/wp-json\/wp\/v2\/types\/page"}],"author":[{"embeddable":true,"href":"https:\/\/3dpmetal.com\/vi\/wp-json\/wp\/v2\/users\/1"}],"replies":[{"embeddable":true,"href":"https:\/\/3dpmetal.com\/vi\/wp-json\/wp\/v2\/comments?post=2892"}],"version-history":[{"count":3,"href":"https:\/\/3dpmetal.com\/vi\/wp-json\/wp\/v2\/pages\/2892\/revisions"}],"predecessor-version":[{"id":4071,"href":"https:\/\/3dpmetal.com\/vi\/wp-json\/wp\/v2\/pages\/2892\/revisions\/4071"}],"wp:attachment":[{"href":"https:\/\/3dpmetal.com\/vi\/wp-json\/wp\/v2\/media?parent=2892"}],"curies":[{"name":"wp","href":"https:\/\/api.w.org\/{rel}","templated":true}]}}