{"id":2900,"date":"2024-03-07T07:57:13","date_gmt":"2024-03-07T07:57:13","guid":{"rendered":"https:\/\/3dp.45612300.xyz\/?page_id=2900"},"modified":"2024-04-01T06:18:26","modified_gmt":"2024-04-01T06:18:26","slug":"industrial-manufacturing","status":"publish","type":"page","link":"https:\/\/3dpmetal.com\/vi\/industrial-manufacturing\/","title":{"rendered":"S\u1ea3n xu\u1ea5t c\u00f4ng nghi\u1ec7p"},"content":{"rendered":"<style>.kadence-column2900_897674-76 > .kt-inside-inner-col{display:flex;}.kadence-column2900_897674-76 > .kt-inside-inner-col{min-height:300px;}.kadence-column2900_897674-76 > .kt-inside-inner-col,.kadence-column2900_897674-76 > .kt-inside-inner-col:before{border-top-left-radius:0px;border-top-right-radius:0px;border-bottom-right-radius:0px;border-bottom-left-radius:0px;}.kadence-column2900_897674-76 > .kt-inside-inner-col{column-gap:var(--global-kb-gap-sm, 1rem);}.kadence-column2900_897674-76 > .kt-inside-inner-col{flex-direction:column;justify-content:center;align-items:center;}.kadence-column2900_897674-76 > .kt-inside-inner-col > .kb-image-is-ratio-size{align-self:stretch;}.kadence-column2900_897674-76 > .kt-inside-inner-col > .wp-block-kadence-advancedgallery{align-self:stretch;}.kadence-column2900_897674-76 > .kt-inside-inner-col > .aligncenter{width:100%;}.kt-row-column-wrap > .kadence-column2900_897674-76{align-self:center;}.kt-inner-column-height-full:not(.kt-has-1-columns) > .wp-block-kadence-column.kadence-column2900_897674-76{align-self:auto;}.kt-inner-column-height-full:not(.kt-has-1-columns) > .wp-block-kadence-column.kadence-column2900_897674-76 > .kt-inside-inner-col{flex-direction:column;justify-content:center;}.kadence-column2900_897674-76 > .kt-inside-inner-col{background-image:url('https:\/\/3dpmetal.com\/wp-content\/uploads\/2024\/02\/663f499e-1c8a-4d2f-9a72-f23b2ce6a317.png');background-size:cover;background-position:50% 0%;background-attachment:scroll;background-repeat:no-repeat;}.kadence-column2900_897674-76 > .kt-inside-inner-col:before{opacity:0.63;background-color:#000000;}.kadence-column2900_897674-76{position:relative;}@media all and (max-width: 1024px){.kt-row-column-wrap > .kadence-column2900_897674-76{align-self:center;}}@media all and (max-width: 1024px){.kt-inner-column-height-full:not(.kt-has-1-columns) > .wp-block-kadence-column.kadence-column2900_897674-76{align-self:auto;}}@media all and (max-width: 1024px){.kt-inner-column-height-full:not(.kt-has-1-columns) > .wp-block-kadence-column.kadence-column2900_897674-76 > .kt-inside-inner-col{flex-direction:column;justify-content:center;}}@media all and (max-width: 1024px){.kadence-column2900_897674-76 > .kt-inside-inner-col{flex-direction:column;justify-content:center;align-items:center;}}@media all and (max-width: 767px){.kt-row-column-wrap > .kadence-column2900_897674-76{align-self:center;}.kt-inner-column-height-full:not(.kt-has-1-columns) > .wp-block-kadence-column.kadence-column2900_897674-76{align-self:auto;}.kt-inner-column-height-full:not(.kt-has-1-columns) > .wp-block-kadence-column.kadence-column2900_897674-76 > .kt-inside-inner-col{flex-direction:column;justify-content:center;}.kadence-column2900_897674-76 > .kt-inside-inner-col{flex-direction:column;justify-content:center;align-items:center;}}<\/style>\n<div class=\"wp-block-kadence-column kadence-column2900_897674-76 kb-section-has-overlay\"><div class=\"kt-inside-inner-col\"><style>.wp-block-kadence-advancedheading.kt-adv-heading2900_afc13b-c6, .wp-block-kadence-advancedheading.kt-adv-heading2900_afc13b-c6[data-kb-block=\"kb-adv-heading2900_afc13b-c6\"]{font-size:40px;font-style:normal;color:#fff9f9;}.wp-block-kadence-advancedheading.kt-adv-heading2900_afc13b-c6 mark.kt-highlight, .wp-block-kadence-advancedheading.kt-adv-heading2900_afc13b-c6[data-kb-block=\"kb-adv-heading2900_afc13b-c6\"] mark.kt-highlight{font-style:normal;color:#f76a0c;-webkit-box-decoration-break:clone;box-decoration-break:clone;padding-top:0px;padding-right:0px;padding-bottom:0px;padding-left:0px;}.wp-block-kadence-advancedheading.kt-adv-heading2900_afc13b-c6 img.kb-inline-image, .wp-block-kadence-advancedheading.kt-adv-heading2900_afc13b-c6[data-kb-block=\"kb-adv-heading2900_afc13b-c6\"] img.kb-inline-image{width:150px;vertical-align:baseline;}@media all and (max-width: 767px){.wp-block-kadence-advancedheading.kt-adv-heading2900_afc13b-c6, .wp-block-kadence-advancedheading.kt-adv-heading2900_afc13b-c6[data-kb-block=\"kb-adv-heading2900_afc13b-c6\"]{font-size:var(--global-kb-font-size-lg, 2rem);}}<\/style>\n<h1 class=\"kt-adv-heading2900_afc13b-c6 wp-block-kadence-advancedheading\" data-kb-block=\"kb-adv-heading2900_afc13b-c6\">S\u1ea3n xu\u1ea5t c\u00f4ng nghi\u1ec7p<\/h1>\n<\/div><\/div>\n\n\n<style>.kb-row-layout-id2900_2def44-4f > .kt-row-column-wrap{align-content:start;}:where(.kb-row-layout-id2900_2def44-4f > .kt-row-column-wrap) > .wp-block-kadence-column{justify-content:start;}.kb-row-layout-id2900_2def44-4f > .kt-row-column-wrap{column-gap:var(--global-kb-gap-lg, 4rem);row-gap:var(--global-kb-gap-md, 2rem);max-width:var( --global-content-width, 1600px );padding-left:var(--global-content-edge-padding);padding-right:var(--global-content-edge-padding);padding-top:var(--global-kb-spacing-xxl, 5rem);padding-bottom:var(--global-kb-spacing-sm, 1.5rem);grid-template-columns:minmax(0, calc(40% - ((var(--global-kb-gap-lg, 4rem) * 1 )\/2)))minmax(0, calc(60% - ((var(--global-kb-gap-lg, 4rem) * 1 )\/2)));}.kb-row-layout-id2900_2def44-4f > .kt-row-layout-overlay{opacity:0.30;}@media all and (max-width: 1024px){.kb-row-layout-id2900_2def44-4f > .kt-row-column-wrap{grid-template-columns:minmax(0, 1fr) minmax(0, 2fr);}}@media all and (max-width: 767px){.kb-row-layout-id2900_2def44-4f > .kt-row-column-wrap{row-gap:var(--global-kb-gap-none, 0rem );padding-top:var(--global-kb-spacing-lg, 3rem);grid-template-columns:minmax(0, 1fr);}}<\/style><div class=\"kb-row-layout-wrap kb-row-layout-id2900_2def44-4f alignnone wp-block-kadence-rowlayout\"><div class=\"kt-row-column-wrap kt-has-2-columns kt-row-layout-right-golden kt-tab-layout-inherit kt-mobile-layout-row kt-row-valign-top kb-theme-content-width\">\n<style>.kadence-column2900_4f7b89-e0 > .kt-inside-inner-col{display:flex;}.kadence-column2900_4f7b89-e0 > .kt-inside-inner-col,.kadence-column2900_4f7b89-e0 > .kt-inside-inner-col:before{border-top-left-radius:0px;border-top-right-radius:0px;border-bottom-right-radius:0px;border-bottom-left-radius:0px;}.kadence-column2900_4f7b89-e0 > .kt-inside-inner-col{column-gap:var(--global-kb-gap-sm, 1rem);}.kadence-column2900_4f7b89-e0 > .kt-inside-inner-col{flex-direction:column;justify-content:center;}.kadence-column2900_4f7b89-e0 > .kt-inside-inner-col > .aligncenter{width:100%;}.kt-row-column-wrap > .kadence-column2900_4f7b89-e0{align-self:center;}.kt-inner-column-height-full:not(.kt-has-1-columns) > .wp-block-kadence-column.kadence-column2900_4f7b89-e0{align-self:auto;}.kt-inner-column-height-full:not(.kt-has-1-columns) > .wp-block-kadence-column.kadence-column2900_4f7b89-e0 > .kt-inside-inner-col{flex-direction:column;justify-content:center;}.kadence-column2900_4f7b89-e0 > .kt-inside-inner-col:before{opacity:0.3;}.kadence-column2900_4f7b89-e0{position:relative;}@media all and (max-width: 1024px){.kt-row-column-wrap > .kadence-column2900_4f7b89-e0{align-self:center;}}@media all and (max-width: 1024px){.kt-inner-column-height-full:not(.kt-has-1-columns) > .wp-block-kadence-column.kadence-column2900_4f7b89-e0{align-self:auto;}}@media all and (max-width: 1024px){.kt-inner-column-height-full:not(.kt-has-1-columns) > .wp-block-kadence-column.kadence-column2900_4f7b89-e0 > .kt-inside-inner-col{flex-direction:column;justify-content:center;}}@media all and (max-width: 1024px){.kadence-column2900_4f7b89-e0 > .kt-inside-inner-col{flex-direction:column;justify-content:center;}}@media all and (max-width: 767px){.kt-row-column-wrap > .kadence-column2900_4f7b89-e0{align-self:center;}.kt-inner-column-height-full:not(.kt-has-1-columns) > .wp-block-kadence-column.kadence-column2900_4f7b89-e0{align-self:auto;}.kt-inner-column-height-full:not(.kt-has-1-columns) > .wp-block-kadence-column.kadence-column2900_4f7b89-e0 > .kt-inside-inner-col{flex-direction:column;justify-content:center;}.kadence-column2900_4f7b89-e0 > .kt-inside-inner-col{flex-direction:column;justify-content:center;}}<\/style>\n<div class=\"wp-block-kadence-column kadence-column2900_4f7b89-e0\"><div class=\"kt-inside-inner-col\">\n<figure class=\"wp-block-image size-full\"><img loading=\"lazy\" decoding=\"async\" width=\"600\" height=\"600\" src=\"https:\/\/3dpmetal.com\/wp-content\/uploads\/2024\/03\/w95Fb7EEcjE.jpg\" alt=\"\" class=\"wp-image-2871\" title=\"\" srcset=\"https:\/\/3dpmetal.com\/wp-content\/uploads\/2024\/03\/w95Fb7EEcjE.jpg 600w, https:\/\/3dpmetal.com\/wp-content\/uploads\/2024\/03\/w95Fb7EEcjE-300x300.jpg 300w, https:\/\/3dpmetal.com\/wp-content\/uploads\/2024\/03\/w95Fb7EEcjE-150x150.jpg 150w\" sizes=\"auto, (max-width: 600px) 100vw, 600px\" \/><\/figure>\n<\/div><\/div>\n\n\n<style>.kadence-column2900_2b24cc-78 > .kt-inside-inner-col{display:flex;}.kadence-column2900_2b24cc-78 > .kt-inside-inner-col,.kadence-column2900_2b24cc-78 > .kt-inside-inner-col:before{border-top-left-radius:0px;border-top-right-radius:0px;border-bottom-right-radius:0px;border-bottom-left-radius:0px;}.kadence-column2900_2b24cc-78 > .kt-inside-inner-col{column-gap:var(--global-kb-gap-sm, 1rem);}.kadence-column2900_2b24cc-78 > .kt-inside-inner-col{flex-direction:column;justify-content:center;}.kadence-column2900_2b24cc-78 > .kt-inside-inner-col > .aligncenter{width:100%;}.kt-row-column-wrap > .kadence-column2900_2b24cc-78{align-self:center;}.kt-inner-column-height-full:not(.kt-has-1-columns) > .wp-block-kadence-column.kadence-column2900_2b24cc-78{align-self:auto;}.kt-inner-column-height-full:not(.kt-has-1-columns) > .wp-block-kadence-column.kadence-column2900_2b24cc-78 > .kt-inside-inner-col{flex-direction:column;justify-content:center;}.kadence-column2900_2b24cc-78 > .kt-inside-inner-col:before{opacity:0.3;}.kadence-column2900_2b24cc-78{position:relative;}@media all and (max-width: 1024px){.kt-row-column-wrap > .kadence-column2900_2b24cc-78{align-self:center;}}@media all and (max-width: 1024px){.kt-inner-column-height-full:not(.kt-has-1-columns) > .wp-block-kadence-column.kadence-column2900_2b24cc-78{align-self:auto;}}@media all and (max-width: 1024px){.kt-inner-column-height-full:not(.kt-has-1-columns) > .wp-block-kadence-column.kadence-column2900_2b24cc-78 > .kt-inside-inner-col{flex-direction:column;justify-content:center;}}@media all and (max-width: 1024px){.kadence-column2900_2b24cc-78 > .kt-inside-inner-col{flex-direction:column;justify-content:center;}}@media all and (max-width: 767px){.kt-row-column-wrap > .kadence-column2900_2b24cc-78{align-self:center;}.kt-inner-column-height-full:not(.kt-has-1-columns) > .wp-block-kadence-column.kadence-column2900_2b24cc-78{align-self:auto;}.kt-inner-column-height-full:not(.kt-has-1-columns) > .wp-block-kadence-column.kadence-column2900_2b24cc-78 > .kt-inside-inner-col{flex-direction:column;justify-content:center;}.kadence-column2900_2b24cc-78 > .kt-inside-inner-col{flex-direction:column;justify-content:center;}}<\/style>\n<div class=\"wp-block-kadence-column kadence-column2900_2b24cc-78\"><div class=\"kt-inside-inner-col\"><style>.wp-block-kadence-advancedheading.kt-adv-heading2900_fce3be-c0, .wp-block-kadence-advancedheading.kt-adv-heading2900_fce3be-c0[data-kb-block=\"kb-adv-heading2900_fce3be-c0\"]{font-style:normal;}.wp-block-kadence-advancedheading.kt-adv-heading2900_fce3be-c0 mark.kt-highlight, .wp-block-kadence-advancedheading.kt-adv-heading2900_fce3be-c0[data-kb-block=\"kb-adv-heading2900_fce3be-c0\"] mark.kt-highlight{font-style:normal;color:#f76a0c;-webkit-box-decoration-break:clone;box-decoration-break:clone;padding-top:0px;padding-right:0px;padding-bottom:0px;padding-left:0px;}.wp-block-kadence-advancedheading.kt-adv-heading2900_fce3be-c0 img.kb-inline-image, .wp-block-kadence-advancedheading.kt-adv-heading2900_fce3be-c0[data-kb-block=\"kb-adv-heading2900_fce3be-c0\"] img.kb-inline-image{width:150px;vertical-align:baseline;}@media all and (max-width: 767px){.wp-block-kadence-advancedheading.kt-adv-heading2900_fce3be-c0, .wp-block-kadence-advancedheading.kt-adv-heading2900_fce3be-c0[data-kb-block=\"kb-adv-heading2900_fce3be-c0\"]{font-size:20px;}}<\/style>\n<h2 class=\"kt-adv-heading2900_fce3be-c0 wp-block-kadence-advancedheading\" data-kb-block=\"kb-adv-heading2900_fce3be-c0\">Ng\u00e0nh s\u1ea3n xu\u1ea5t c\u00f4ng nghi\u1ec7p l\u00e0 m\u1ed9t trong nh\u1eefng ng\u00e0nh thay \u0111\u1ed5i th\u01b0\u1eddng xuy\u00ean.<\/h2>\n\n\n\n<p>S\u1ea3n xu\u1ea5t h\u1ed7n h\u1ee3p gi\u00fap c\u00e1c nh\u00e0 s\u1ea3n xu\u1ea5t c\u00f4ng nghi\u1ec7p s\u1ea3n xu\u1ea5t ra c\u00e1c linh ki\u1ec7n ph\u1ee9c t\u1ea1p, \u0111\u01b0\u1ee3c t\u1ed1i \u01b0u h\u00f3a. In \u1ea5n 3D kim lo\u1ea1i t\u1ea1o \u0111i\u1ec1u ki\u1ec7n ph\u00e1t tri\u1ec3n c\u00e1c thi\u1ebft k\u1ebf m\u00e0 c\u00e1c k\u1ef9 thu\u1eadt tr\u1eeb kh\u00f4ng th\u1ec3 th\u1ef1c hi\u1ec7n \u0111\u01b0\u1ee3c, h\u1ee3p nh\u1ea5t c\u00e1c c\u1ee5m l\u1eafp gh\u00e9p v\u00e0o c\u00e1c b\u1ed9 ph\u1eadn in \u0111\u01a1n l\u1ebb. \u0110i\u1ec1u n\u00e0y gi\u00fap gi\u1ea3m c\u00e1c b\u01b0\u1edbc s\u1ea3n xu\u1ea5t \u0111\u1ed3ng th\u1eddi c\u1ea3i thi\u1ec7n hi\u1ec7u su\u1ea5t.<\/p>\n\n\n\n<p>Meituo l\u00e0 \u0111\u1ed1i t\u00e1c l\u00fd t\u01b0\u1edfng cho c\u00e1c c\u00f4ng ty c\u00f4ng nghi\u1ec7p \u0111ang tri\u1ec3n khai AM kim lo\u1ea1i. C\u00e1c h\u1ec7 th\u1ed1ng k\u1ebft h\u1ee3p ch\u00f9m tia \u0111i\u1ec7n t\u1eed c\u00f3 ch\u1ecdn l\u1ecdc ti\u00ean ti\u1ebfn c\u1ee7a ch\u00fang t\u00f4i \u0111\u1ea1t hi\u1ec7u qu\u1ea3 cao khi l\u00e0m vi\u1ec7c v\u1edbi th\u00e9p, nh\u00f4m, niken, titan c\u0169ng nh\u01b0 c\u00e1c h\u1ee3p kim s\u1ea3n xu\u1ea5t kh\u00e1c. Quy tr\u00ecnh c\u1ee7a ch\u00fang t\u00f4i \u0111\u1ea1t \u0111\u1eb7c t\u00ednh c\u01a1 h\u1ecdc, \u0111\u1ed9 ch\u00ednh x\u00e1c v\u00e0 \u0111\u1ed9 nh\u1eb5n b\u1ec1 m\u1eb7t c\u1ea7n thi\u1ebft cho c\u00e1c b\u1ed9 ph\u1eadn v\u00e0 c\u00f4ng c\u1ee5 c\u00f4ng nghi\u1ec7p s\u1eed d\u1ee5ng cu\u1ed1i c\u00f9ng.<\/p>\n\n\n\n<p>Ngo\u00e0i ra, Meituo c\u00f2n cung c\u1ea5p l\u1ef1a ch\u1ecdn \u0111a d\u1ea1ng c\u00e1c b\u1ed9t kim lo\u1ea1i \u0111\u01b0\u1ee3c t\u1ed1i \u01b0u h\u00f3a cho m\u00e1y in c\u1ee7a ch\u00fang t\u00f4i. Ch\u00fang bao g\u1ed3m th\u00e9p kh\u00f4ng g\u1ec9 th\u00e9p maraging, h\u1ee3p kim nh\u00f4m, h\u1ee3p kim \u0111\u1ed3ng, v.v... B\u1ed9t kim lo\u1ea1i ch\u1ea5t l\u01b0\u1ee3ng cao c\u1ee7a Meituo gi\u00fap \u0111\u1ea3m b\u1ea3o in c\u00e1c th\u00e0nh ph\u1ea7n c\u00f4ng nghi\u1ec7p b\u1ec1n ch\u1eafc, d\u00e0y \u0111\u1eb7c m\u1ed9t c\u00e1ch \u0111\u00e1ng tin c\u1eady, l\u1eb7p l\u1ea1i.<\/p>\n\n\n\n<p>V\u1edbi chuy\u00ean m\u00f4n trong nhi\u1ec1u ng\u00e0nh c\u00f4ng nghi\u1ec7p, Meituo gi\u00fap c\u00e1c nh\u00e0 s\u1ea3n xu\u1ea5t x\u00e1c th\u1ef1c v\u00e0 \u0111\u1ee7 \u0111i\u1ec1u ki\u1ec7n c\u00e1c b\u1ed9 ph\u1eadn in cho nh\u00e0 m\u00e1y s\u1ea3n xu\u1ea5t. B\u1eb1ng c\u00e1ch t\u1eadn d\u1ee5ng c\u00e1c gi\u1ea3i ph\u00e1p s\u1ea3n xu\u1ea5t ph\u1ee5 gia h\u00e0ng \u0111\u1ea7u c\u1ee7a ch\u00fang t\u00f4i, c\u00e1c c\u00f4ng ty c\u00f4ng nghi\u1ec7p c\u00f3 th\u1ec3 \u00e1p d\u1ee5ng c\u00f4ng ngh\u1ec7 in 3D kim lo\u1ea1i \u0111\u1ec3 h\u1ee3p l\u00fd h\u00f3a s\u1ea3n xu\u1ea5t v\u00e0 c\u1ea3i thi\u1ec7n hi\u1ec7u su\u1ea5t b\u1ed9 ph\u1eadn.<\/p>\n\n\n\n<p>Meituo h\u1ee3p t\u00e1c v\u1edbi c\u00e1c t\u1ed5 ch\u1ee9c c\u00f4ng nghi\u1ec7p \u0111\u1ec3 tri\u1ec3n khai AM kim lo\u1ea1i v\u00e0 hi\u1ec7n th\u1ef1c h\u00f3a c\u00e1c l\u1ee3i \u00edch c\u1ee7a n\u00f3. C\u00e1c n\u0103ng l\u1ef1c to\u00e0n di\u1ec7n c\u1ee7a ch\u00fang t\u00f4i th\u00fac \u0111\u1ea9y c\u00e1c k\u1ef9 thu\u1eadt \u0111\u1eafp th\u00eam \u0111\u1ec3 s\u1ea3n xu\u1ea5t th\u1ebf h\u1ec7 ti\u1ebfp theo.<\/p>\n<\/div><\/div>\n\n<\/div><\/div>","protected":false},"excerpt":{"rendered":"<p>Industrial Manufacturing The Industrial Manufacturing Is One Of Constant Change. Additive manufacturing enables industrial manufacturers to produce complex, optimized components. Metal 3D printing facilitates designs not possible with subtractive techniques, consolidating assemblies into single printed parts. This reduces production steps while improving performance. Meituo is the ideal partner for industrial companies implementing metal AM. Our&#8230;<\/p>","protected":false},"author":1,"featured_media":0,"parent":0,"menu_order":0,"comment_status":"closed","ping_status":"closed","template":"","meta":{"_acf_changed":false,"_kad_blocks_custom_css":"","_kad_blocks_head_custom_js":"","_kad_blocks_body_custom_js":"","_kad_blocks_footer_custom_js":"","_kad_post_transparent":"","_kad_post_title":"","_kad_post_layout":"fullwidth","_kad_post_sidebar_id":"","_kad_post_content_style":"unboxed","_kad_post_vertical_padding":"","_kad_post_feature":"","_kad_post_feature_position":"","_kad_post_header":false,"_kad_post_footer":false,"_kad_post_classname":"","footnotes":""},"class_list":["post-2900","page","type-page","status-publish","hentry"],"acf":[],"taxonomy_info":[],"featured_image_src_large":false,"author_info":{"display_name":"demo","author_link":"https:\/\/3dpmetal.com\/vi\/author\/demo\/"},"comment_info":0,"_links":{"self":[{"href":"https:\/\/3dpmetal.com\/vi\/wp-json\/wp\/v2\/pages\/2900","targetHints":{"allow":["GET"]}}],"collection":[{"href":"https:\/\/3dpmetal.com\/vi\/wp-json\/wp\/v2\/pages"}],"about":[{"href":"https:\/\/3dpmetal.com\/vi\/wp-json\/wp\/v2\/types\/page"}],"author":[{"embeddable":true,"href":"https:\/\/3dpmetal.com\/vi\/wp-json\/wp\/v2\/users\/1"}],"replies":[{"embeddable":true,"href":"https:\/\/3dpmetal.com\/vi\/wp-json\/wp\/v2\/comments?post=2900"}],"version-history":[{"count":2,"href":"https:\/\/3dpmetal.com\/vi\/wp-json\/wp\/v2\/pages\/2900\/revisions"}],"predecessor-version":[{"id":4072,"href":"https:\/\/3dpmetal.com\/vi\/wp-json\/wp\/v2\/pages\/2900\/revisions\/4072"}],"wp:attachment":[{"href":"https:\/\/3dpmetal.com\/vi\/wp-json\/wp\/v2\/media?parent=2900"}],"curies":[{"name":"wp","href":"https:\/\/api.w.org\/{rel}","templated":true}]}}