{"id":3894,"date":"2024-03-18T06:10:12","date_gmt":"2024-03-18T06:10:12","guid":{"rendered":"https:\/\/3dp.45612300.xyz\/product\/feconicrti-powder\/"},"modified":"2024-03-18T06:10:12","modified_gmt":"2024-03-18T06:10:12","slug":"feconicrti-powder","status":"publish","type":"product","link":"https:\/\/3dpmetal.com\/vi\/product\/feconicrti-powder\/","title":{"rendered":"B\u1ed9t FeCoNiCrTi"},"content":{"rendered":"<p><span style=\"vertical-align: inherit;\"><span style=\"vertical-align: inherit;\"><\/p>\n<h2>T\u1ed5ng quan v\u1ec1 b\u1ed9t FeCoNiCrTi<\/h2>\n<p class=\"whitespace-pre-wrap\">FeCoNiCrTi l\u00e0 h\u1ee3p kim hi\u1ec7u su\u1ea5t cao c\u00f3 \u0111\u1eb7c t\u00ednh c\u01a1 h\u1ecdc v\u00e0 kh\u1ea3 n\u0103ng ch\u1ed1ng \u0103n m\u00f2n t\u1ed1t \u1edf nhi\u1ec7t \u0111\u1ed9 cao. S\u1eaft v\u00e0 coban mang l\u1ea1i \u0111\u1ed9 b\u1ec1n tuy\u1ec7t v\u1eddi \u1edf nhi\u1ec7t \u0111\u1ed9 cao. Niken gi\u00fap t\u0103ng t\u00ednh d\u1ebbo v\u00e0 \u0111\u1ed9 dai. Crom mang l\u1ea1i kh\u1ea3 n\u0103ng ch\u1ed1ng oxy h\u00f3a v\u00e0 \u0103n m\u00f2n v\u01b0\u1ee3t tr\u1ed9i.<\/p>\n<p class=\"whitespace-pre-wrap\">C\u00e1c \u0111\u1eb7c \u0111i\u1ec3m ch\u00ednh c\u1ee7a b\u1ed9t FeCoNiCrTi bao g\u1ed3m:<\/p>\n<ul class=\"list-disc pl-8 space-y-2\">\n<li class=\"whitespace-normal\">\u0110\u1ed9 b\u1ec1n nhi\u1ec7t v\u00e0 \u0111\u1ed9 b\u1ec1n u\u1ed1n cao tuy\u1ec7t v\u1eddi<\/li>\n<li class=\"whitespace-normal\">T\u00ednh d\u00e1t, \u0111\u1ed9 dai v\u00e0 kh\u1ea3 n\u0103ng gia c\u00f4ng t\u1ed1t<\/li>\n<li class=\"whitespace-normal\">Kh\u1ea3 n\u0103ng ch\u1ed1ng oxy h\u00f3a v\u00e0 \u0103n m\u00f2n v\u01b0\u1ee3t tr\u1ed9i<\/li>\n<li class=\"whitespace-normal\">\u0110\u1ed9 \u1ed5n \u0111\u1ecbnh nhi\u1ec7t \u0111\u1ed9 cao v\u00e0 \u1ed5n \u0111\u1ecbnh vi c\u1ea5u tr\u00fac<\/li>\n<li class=\"whitespace-normal\">\u0110\u01b0\u1ee3c cung c\u1ea5p t\u1ea1i nhi\u1ec1u k\u00edch th\u01b0\u1edbc v\u00e0 h\u00ecnh th\u1ebf h\u1ea1t kh\u00e1c nhau<\/li>\n<\/ul>\n<p class=\"whitespace-pre-wrap\">B\u1ed9t FeCoNiCrTi th\u00edch h\u1ee3p cho c\u00e1c b\u1ed9 ph\u1eadn c\u1ea5u tr\u00fac nhi\u1ec7t \u0111\u1ed9 cao, l\u1edbp ph\u1ee7 b\u1ea3o v\u1ec7 v\u00e0 c\u00e1c \u1ee9ng d\u1ee5ng \u0111\u00f2i h\u1ecfi cao kh\u00e1c v\u1ec1 kh\u1ea3 n\u0103ng ch\u1ecbu nhi\u1ec7t \u0111\u1ed9, c\u01b0\u1eddng \u0111\u1ed9 v\u00e0 kh\u1ea3 n\u0103ng ch\u1ed1ng ch\u1ecbu v\u1edbi m\u00f4i tr\u01b0\u1eddng.<\/p>\n<h2>Th\u00e0nh ph\u1ea7n c\u1ee7a b\u1ed9t FeCoNiCrTi<\/h2>\n<p class=\"whitespace-pre-wrap\">B\u1ed9t FeCoNiCrTi c\u00f3 th\u00e0nh ph\u1ea7n danh ngh\u0129a nh\u01b0 sau:<\/p>\n<table>\n<thead>\n<tr>\n<th>Nguy\u00ean t\u1ed1<\/th>\n<th>S\u00e1ng t\u00e1c<\/th>\n<\/tr>\n<\/thead>\n<tbody>\n<tr>\n<td>Iron (Fe)<\/td>\n<td>S\u1ef1 c\u00e2n b\u1eb1ng<\/td>\n<\/tr>\n<tr>\n<td>Coban (Co)<\/td>\n<td>35-50%<\/td>\n<\/tr>\n<tr>\n<td>Niken (Ni)<\/td>\n<td>10-30%<\/td>\n<\/tr>\n<tr>\n<td>Crom (Cr)<\/td>\n<td>8-12%<\/td>\n<\/tr>\n<tr>\n<td>Titanium (Ti)<\/td>\n<td>0.5-2%<\/td>\n<\/tr>\n<tr>\n<td>Carbon (C)<\/td>\n<td>T\u1ed1i \u0111a 0,5%<\/td>\n<\/tr>\n<tr>\n<td>Silic (Si)<\/td>\n<td>T\u1ed1i \u0111a 1%<\/td>\n<\/tr>\n<tr>\n<td>Mangan (Mn)<\/td>\n<td>T\u1ed1i \u0111a 1%<\/td>\n<\/tr>\n<\/tbody>\n<\/table>\n<p><img loading=\"lazy\" decoding=\"async\" class=\"aligncenter wp-image-1409 size-medium\" src=\"https:\/\/met3dp.com\/wp-content\/uploads\/2023\/09\/ed7a94ec-3c10-4b1b-87ed--300x300.jpg\" alt=\"B\u1ed9t FeCoNiCrTi\" width=\"300\" height=\"300\" title=\"\"><\/p>\n<p class=\"whitespace-pre-wrap\">C\u00e1c th\u00e0nh ph\u1ea7n cobalt, nickel, cr\u00f4m v\u00e0 titan c\u00f3 th\u1ec3 \u0111\u01b0\u1ee3c \u0111i\u1ec1u ch\u1ec9nh d\u1ef1a tr\u00ean c\u00e1c y\u00eau c\u1ea7u \u1ee9ng d\u1ee5ng. C\u00e1c t\u1ea1p ch\u1ea5t nh\u01b0 cacbon, silicon v\u00e0 mangan \u0111\u01b0\u1ee3c gi\u1ea3m thi\u1ec3u.<\/p>\n<h2>T\u00ednh ch\u1ea5t c\u1ee7a b\u1ed9t FeCoNiCrTi<\/h2>\n<p class=\"whitespace-pre-wrap\">B\u1ed9t FeCoNiCrTi s\u1edf h\u1eefu c\u00e1c \u0111\u1eb7c t\u00ednh sau:<\/p>\n<table>\n<thead>\n<tr>\n<th>B\u1ea5t \u0111\u1ed9ng s\u1ea3n<\/th>\n<th>Gi\u00e1 tr\u1ecb<\/th>\n<\/tr>\n<\/thead>\n<tbody>\n<tr>\n<td>M\u1eadt \u0111\u1ed9<\/td>\n<td>8,0\u20138,5 g\/cm\u00b3<\/td>\n<\/tr>\n<tr>\n<td>\u0110i\u1ec3m N\u00f3ng Ch\u1ea3y<\/td>\n<td>1300-1400\u00a1\u00abC<\/td>\n<\/tr>\n<tr>\n<td>\u0110\u1ed9 d\u1eabn nhi\u1ec7t<\/td>\n<td>10-30 W\/mK<\/td>\n<\/tr>\n<tr>\n<td>\u0110\u1ed9 \u0111i\u1ec7n tr\u1edf<\/td>\n<td>70-90 cm<\/td>\n<\/tr>\n<tr>\n<td>M\u00f4-\u0111un Young<\/td>\n<td>180-220 GPa<\/td>\n<\/tr>\n<tr>\n<td>H\u1ec7 s\u1ed1 Poisson<\/td>\n<td>0.28-0.32<\/td>\n<\/tr>\n<tr>\n<td>\u0110\u1ed9 b\u1ec1n k\u00e9o<\/td>\n<td>650-1100 MPa<\/td>\n<\/tr>\n<tr>\n<td>C\u01b0\u1eddng \u0111\u1ed9 ch\u1ea3y<\/td>\n<td>450-750 MPa<\/td>\n<\/tr>\n<tr>\n<td>Ke\u0301o da\u0300i<\/td>\n<td>10-30%<\/td>\n<\/tr>\n<tr>\n<td>\u0110\u1ed9 c\u1ee9ng<\/td>\n<td>25-50 HRC<\/td>\n<\/tr>\n<\/tbody>\n<\/table>\n<p>&nbsp;<\/p>\n<p class=\"whitespace-pre-wrap\">C\u00e1c \u0111\u1eb7c t\u00ednh nh\u01b0 \u0111\u1ed9 b\u1ec1n k\u00e9o, kh\u1ea3 n\u0103ng ch\u1ed1ng co gi\u00e3n v\u00e0 \u0111\u1ed9 b\u1ec1n k\u1ebft c\u1ea5u h\u1ea1t nh\u1ecf v\u1eabn gi\u1eef nguy\u00ean trong \u0111i\u1ec1u ki\u1ec7n nhi\u1ec7t \u0111\u1ed9 v\u01b0\u1ee3t qu\u00e1 1000oC gi\u00fap s\u1ea3n ph\u1ea9m n\u00e0y ph\u00f9 h\u1ee3p v\u1edbi c\u00e1c \u1ee9ng d\u1ee5ng \u1edf nhi\u1ec7t \u0111\u1ed9 cao.<\/p>\n<h2>Ph\u01b0\u01a1ng Ph\u00e1p S\u1ea3n Xu\u1ea5t B\u1ed9t FeCoNiCrTi<\/h2>\n<p class=\"whitespace-pre-wrap\">C\u00e1c ph\u01b0\u01a1ng ph\u00e1p s\u1ea3n xu\u1ea5t b\u1ed9t FeCoNiCrTi th\u00f4ng th\u01b0\u1eddng bao g\u1ed3m:<\/p>\n<ul class=\"list-disc pl-8 space-y-2\">\n<li class=\"whitespace-normal\"><strong>Gas atomization translated to Vietnamese would be \"Ph\u00e2n t\u1eed ho\u00e1 kh\u00ed.\"<\/strong>- D\u00f2ng kh\u00ed tr\u01a1 \u00e1p su\u1ea5t cao d\u00f9ng \u0111\u1ec3 ph\u00e2n h\u1ee7y d\u00f2ng h\u1ee3p kim n\u00f3ng ch\u1ea3y th\u00e0nh nh\u1eefng h\u1ea1t b\u1ed9t h\u00ecnh c\u1ea7u nh\u1ecf v\u1edbi m\u1eadt \u0111\u1ed9 \u0111\u00f3ng g\u00f3i v\u00e0 \u0111\u1ed9 ch\u1ea3y t\u1ed1t.<\/li>\n<li class=\"whitespace-normal\"><strong>Nguy\u00ean t\u1eed h\u00f3a n\u01b0\u1edbc<\/strong>- Tia n\u01b0\u1edbc v\u1eadn t\u1ed1c cao t\u00e1c \u0111\u1ed9ng v\u00e0 ph\u00e2n t\u00edch lu\u1ed3ng ch\u1ea3y \u0111\u1ec3 s\u1ea3n xu\u1ea5t c\u00e1c lo\u1ea1i b\u1ed9t m\u1ecbn kh\u00f4ng \u0111\u1ec1u. Chi ph\u00ed th\u1ea5p h\u01a1n nh\u01b0ng l\u01b0\u1ee3ng oxy thu v\u00e0o cao h\u01a1n.<\/li>\n<li class=\"whitespace-normal\"><strong>H\u1ee3p kim c\u01a1 h\u1ecdc<\/strong>?- Nghi\u1ec1n bi b\u1ed9t kim lo\u1ea1i nguy\u00ean t\u1ed1 r\u1ed3i \u0111em \u0111i thi\u00eau k\u1ebft \u0111\u1ec3 t\u1ed5ng h\u1ee3p b\u1ed9t h\u1ee3p kim.<\/li>\n<\/ul>\n<p class=\"whitespace-pre-wrap\">Qu\u00e1 tr\u00ecnh phun kh\u00ed cung c\u1ea5p kh\u1ea3 n\u0103ng ki\u1ec3m so\u00e1t \u0111\u1eb7c t\u00ednh b\u1ed9t t\u1ed1t nh\u1ea5t. Ph\u00e2n b\u1ed1 k\u00edch th\u01b0\u1edbc h\u1ea1t c\u00f3 th\u1ec3 \u0111\u01b0\u1ee3c \u0111i\u1ec1u ch\u1ec9nh theo y\u00eau c\u1ea7u \u1ee9ng d\u1ee5ng.<\/p>\n<h2>\u1ee8ng d\u1ee5ng c\u1ee7a \u0e3aB\u1ed9t FeCoNiCrTi<\/h2>\n<p class=\"whitespace-pre-wrap\">B\u1ed9t FeCoNiCrTi \u0111\u01b0\u1ee3c s\u1eed d\u1ee5ng trong c\u00e1c \u1ee9ng d\u1ee5ng nhi\u1ec7t \u0111\u1ed9 cao nh\u01b0:<\/p>\n<ul class=\"list-disc pl-8 space-y-2\">\n<li class=\"whitespace-normal\"><strong>s\u1ea3n xu\u1ea5t b\u1ed3i \u0111\u1eafp<\/strong>?- N\u1ea5u ch\u1ea3y laser ch\u1ecdn l\u1ecdc, nung ch\u1ea3y ch\u00f9m tia \u0111i\u1ec7n t\u1eed \u0111\u1ec3 s\u1ea3n xu\u1ea5t c\u00e1c b\u1ed9 ph\u1eadn ph\u1ee9c t\u1ea1p cho m\u00f4i tr\u01b0\u1eddng kh\u1eafc nghi\u1ec7t \u0111\u00f2i h\u1ecfi \u0111\u1ed9 b\u1ec1n c\u1ee7a nhi\u1ec7t \u0111\u1ed9 cao<\/li>\n<li class=\"whitespace-normal\"><strong>L\u1edbp ph\u1ee7 phun nhi\u1ec7t<\/strong>?- Phun h\u1ed3 quang \u0111i\u1ec7n \u0111\u1ec3 t\u1ea1o n\u00ean m\u1ed9t l\u1edbp ph\u1ee7 d\u00e0y c\u00f3 kh\u1ea3 n\u0103ng ch\u1ed1ng m\u00e0i m\u00f2n v\u00e0 \u0103n m\u00f2n \u1edf nhi\u1ec7t \u0111\u1ed9 cao.<\/li>\n<li class=\"whitespace-normal\"><strong>Ch\u1ea5t \u0111\u1ed9n h\u00e0n<\/strong>- \u0110\u1ec3 tham gia h\u1ee3p kim nhi\u1ec7t \u0111\u1ed9 cao v\u00e0 g\u1ed1m c\u1ea7n kh\u1ea3 n\u0103ng ch\u1ed1ng oxy h\u00f3a.<\/li>\n<li class=\"whitespace-normal\"><strong>X\u1eed l\u00fd th\u1ee7y tinh<\/strong>?- Tr\u1ee5c b\u0103ng t\u1ea3i d\u00f9ng trong luy\u1ec7n kim b\u1ed9t c\u00f3 \u0111\u1ed9 b\u1ec1n cao \u1edf nhi\u1ec7t \u0111\u1ed9 cao d\u00f9ng trong l\u00f2 nung ch\u1ea3y th\u1ee7y tinh.<\/li>\n<li class=\"whitespace-normal\"><strong>Lu\u00e2n kim thu\u1eadt b\u1ed9t<\/strong>?- C\u00e1c b\u1ed9 ph\u1eadn c\u1ea5u tr\u00fac c\u01b0\u1eddng \u0111\u1ed9 cao nh\u01b0 c\u00e1nh tuabin v\u00e0 c\u00e1nh qu\u1ea1t \u0111\u01b0\u1ee3c s\u1ea3n xu\u1ea5t th\u00f4ng qua qu\u00e1 tr\u00ecnh \u00e9p v\u00e0 nung k\u1ebft.<\/li>\n<li class=\"whitespace-normal\"><strong>V\u1eadt t\u01b0 h\u00e0n<\/strong>?- \u0110\u01b0\u1ee3c s\u1eed d\u1ee5ng nh\u01b0 v\u1eadt li\u1ec7u \u0111\u1ed9n \u0111\u1ec3 mang l\u1ea1i \u0111\u1ed9 b\u1ec1n m\u1ed1i h\u00e0n v\u00e0 kh\u1ea3 n\u0103ng ch\u1ed1ng \u0103n m\u00f2n tuy\u1ec7t v\u1eddi.<\/li>\n<\/ul>\n<h2>Th\u00f4ng s\u1ed1 k\u1ef9 thu\u1eadt c\u1ee7a FeCoNiCrTi d\u1ea1ng b\u1ed9t<\/h2>\n<p class=\"whitespace-pre-wrap\">B\u1ed9t FeCoNiCrTi c\u00f3 nhi\u1ec1u k\u00edch th\u01b0\u1edbc, h\u00ecnh d\u1ea1ng v\u00e0 c\u1ea5p \u0111\u1ed9 kh\u00e1c nhau:<\/p>\n<ul class=\"list-disc pl-8 space-y-2\">\n<li class=\"whitespace-normal\"><strong>K\u00edch th\u01b0\u1edbc h\u1ea1t:<\/strong>? Dao \u0111\u1ed9ng t\u1eeb 10-45 micromet cho c\u00e1c ph\u01b0\u01a1ng ph\u00e1p AM, l\u00ean \u0111\u1ebfn 150 micromet cho c\u00e1c quy tr\u00ecnh phun nhi\u1ec7t.<\/li>\n<li class=\"whitespace-normal\"><strong>H\u00ecnh th\u00e1i h\u1ecdc:<\/strong>?D\u1ea1ng b\u1ed9t kh\u1ed1i c\u1ea7u, kh\u00f4ng \u0111\u1ec1u v\u00e0 pha tr\u1ed9n. B\u1ed9t kh\u1ed1i c\u1ea7u cung c\u1ea5p d\u00f2ng ch\u1ea3y v\u00e0 \u0111\u00f3ng g\u00f3i t\u1ed1i \u01b0u.<\/li>\n<li class=\"whitespace-normal\"><strong>\u0110\u1ed9 tinh khi\u1ebft:<\/strong>? T\u1eeb c\u1ea5p th\u01b0\u01a1ng m\u1ea1i \u0111\u1ebfn c\u1ea5p \u0111\u1ed9 tinh khi\u1ebft cao d\u1ef1a theo n\u1ed3ng \u0111\u1ed9 t\u1ea1p ch\u1ea5t v\u00e0 y\u00eau c\u1ea7u \u00e1p d\u1ee5ng.<\/li>\n<li class=\"whitespace-normal\"><strong>Di\u1ec7n t\u00edch b\u1ec1 m\u1eb7t:<\/strong>?Di\u1ec7n t\u00edch b\u1ec1 m\u1eb7t th\u1ea5p l\u00e0 y\u1ebfu t\u1ed1 \u0111\u01b0\u1ee3c \u01b0u ti\u00ean \u0111\u1ec3 gi\u1ea3m thi\u1ec3u qu\u00e1 tr\u00ecnh oxy h\u00f3a trong qu\u00e1 tr\u00ecnh v\u1eadn chuy\u1ec3n v\u00e0 b\u1ea3o qu\u1ea3n.<\/li>\n<li class=\"whitespace-normal\"><strong>\u0110i\u1ec3m<\/strong>?Th\u00e0nh ph\u1ea7n t\u00f9y ch\u1ec9nh v\u00e0 \u0111\u1eb7c t\u00ednh b\u1ed9t d\u1ef1a tr\u00ean \u1ee9ng d\u1ee5ng v\u00e0 ph\u01b0\u01a1ng ph\u00e1p ch\u1ebf bi\u1ebfn m\u1ee5c \u0111\u00edch.<\/li>\n<\/ul>\n<h2>Nh\u00e0 cung c\u1ea5p to\u00e0n c\u1ea7u c\u1ee7a b\u1ed9t FeCoNiCrTi<\/h2>\n<p class=\"whitespace-pre-wrap\">M\u1ed9t s\u1ed1 nh\u00e0 cung c\u1ea5p to\u00e0n c\u1ea7u ch\u00ednh v\u1ec1 b\u1ed9t FeCoNiCrTi bao g\u1ed3m:<\/p>\n<ul class=\"list-disc pl-8 space-y-2\">\n<li class=\"whitespace-normal\">Sandvik Osprey (Anh)<\/li>\n<li class=\"whitespace-normal\">Hoganas (Th\u1ee5y \u0110i\u1ec3n)<\/li>\n<li class=\"whitespace-normal\">Praxair (Hoa K\u1ef3)<\/li>\n<li class=\"whitespace-normal\">CNPC B\u1ed9t (Trung Qu\u1ed1c)<\/li>\n<li class=\"whitespace-normal\">Erasteel (Ph\u00e1p)<\/li>\n<li class=\"whitespace-normal\">Tekna (Canada)<\/li>\n<li class=\"whitespace-normal\">AMETEK (Hoa K\u1ef3)<\/li>\n<\/ul>\n<p class=\"whitespace-pre-wrap\">C\u00e1c c\u00f4ng ty n\u00e0y s\u1ea3n xu\u1ea5t nhi\u1ec1u lo\u1ea1i b\u1ed9t FeCoNiCrTi \u1edf nhi\u1ec1u c\u1ea5p \u0111\u1ed9 b\u1eb1ng c\u00e1ch s\u1eed d\u1ee5ng c\u00f4ng ngh\u1ec7 nguy\u00ean t\u1eed h\u00f3a kh\u00ed, nguy\u00ean t\u1eed h\u00f3a n\u01b0\u1edbc, v\u00e0 c\u00e1c ph\u01b0\u01a1ng ph\u00e1p kh\u00e1c \u0111\u01b0\u1ee3c thi\u1ebft k\u1ebf ri\u00eang cho qu\u00e1 tr\u00ecnh ch\u1ebf t\u1ea1o ph\u1ee5 gia, phun nhi\u1ec7t, h\u00e0n c\u1ee9ng, v\u00e0 nhi\u1ec1u \u1ee9ng d\u1ee5ng nhi\u1ec7t \u0111\u1ed9 cao kh\u00e1c.<\/p>\n<h2>Gi\u00e1 c\u1ee7a b\u1ed9t FeCoNiCrTi<\/h2>\n<p class=\"whitespace-pre-wrap\">Gi\u00e1 b\u1ed9t FeCoNiCrTi ph\u1ee5 thu\u1ed9c v\u00e0o c\u00e1c y\u1ebfu t\u1ed1 nh\u01b0:<\/p>\n<ul class=\"list-disc pl-8 space-y-2\">\n<li class=\"whitespace-normal\">Th\u00e0nh ph\u1ea7n v\u00e0 m\u1ee9c \u0111\u1ed9 tinh khi\u1ebft<\/li>\n<li class=\"whitespace-normal\">Ph\u00e2n b\u1ed1 k\u00edch th\u01b0\u1edbc h\u1ea1t v\u00e0 h\u00ecnh d\u1ea1ng<\/li>\n<li class=\"whitespace-normal\">Ph\u01b0\u01a1ng ph\u00e1p s\u1ea3n xu\u1ea5t<\/li>\n<li class=\"whitespace-normal\">S\u1ed1 l\u01b0\u1ee3ng \u0111\u01a1n h\u00e0ng<\/li>\n<li class=\"whitespace-normal\">Nh\u00e0 cung c\u1ea5p v\u00e0 v\u1ecb tr\u00ed<\/li>\n<\/ul>\n<table>\n<thead>\n<tr>\n<th>L\u1edbp<\/th>\n<th>M\u1ee9c gi\u00e1<\/th>\n<\/tr>\n<\/thead>\n<tbody>\n<tr>\n<td>Qu\u1ea3ng c\u00e1o<\/td>\n<td>$50-100 m\u1ed7i kg<\/td>\n<\/tr>\n<tr>\n<td>\u0110\u1ed9 tinh khi\u1ebft cao<\/td>\n<td>100-250 \u0111\u00f4 la\/kg<\/td>\n<\/tr>\n<tr>\n<td>Si\u00eau m\u1ecbn<\/td>\n<td>250.000 - 450.000 \u0111\u1ed3ng\/kg<\/td>\n<\/tr>\n<tr>\n<td>H\u1ea1ng \u0111\u1eb7c bi\u1ec7t<\/td>\n<td>$450-850 cho m\u1ed9t kg<\/td>\n<\/tr>\n<\/tbody>\n<\/table>\n<p>&nbsp;<\/p>\n<p class=\"whitespace-pre-wrap\">B\u1ed9t tinh khi\u1ebft cao v\u00e0 k\u00edch th\u01b0\u1edbc h\u1ea1t si\u00eau nh\u1ecf t\u1ea1o ra gi\u00e1 th\u00e0nh cao h\u01a1n nhi\u1ec1u so v\u1edbi c\u00e1c lo\u1ea1i th\u01b0\u01a1ng m\u1ea1i \u0111\u01a1n gi\u1ea3n.<\/p>\n<h2>C\u00e1ch b\u1ea3o qu\u1ea3n v\u00e0 s\u1eed d\u1ee5ng B\u1ed9t FeCoNiCrTi<\/h2>\n<p class=\"whitespace-pre-wrap\">B\u1ed9t FeCoNiCrTi y\u00eau c\u1ea7u ph\u1ea3i \u0111\u01b0\u1ee3c b\u1ea3o qu\u1ea3n v\u00e0 s\u1eed d\u1ee5ng c\u1ea9n th\u1eadn:<\/p>\n<ul class=\"list-disc pl-8 space-y-2\">\n<li class=\"whitespace-normal\">N\u00ean \u0111\u01b0\u1ee3c l\u01b0u tr\u1eef trong c\u00e1c container k\u00edn d\u01b0\u1edbi kh\u00ed tr\u01a1 \u0111\u1ec3 ng\u0103n ch\u1eb7n qu\u00e1 tr\u00ecnh oxy h\u00f3a.<\/li>\n<li class=\"whitespace-normal\">Tr\u00e1nh \u0111\u1ec3 b\u1ee5i m\u1ecbn t\u00edch t\u1ee5 s\u1ebd gi\u1ea3m thi\u1ec3u c\u00e1c nguy c\u01a1 b\u00f9ng n\u1ed5 c\u1ee7a b\u1ee5i<\/li>\n<li class=\"whitespace-normal\">H\u00e3y s\u1eed d\u1ee5ng c\u00e1c ph\u01b0\u01a1ng ph\u00e1p th\u1ef1c h\u00e0nh v\u1ec1 v\u1ec7 sinh c\u00e1 nh\u00e2n, th\u00f4ng gi\u00f3 v\u00e0 an to\u00e0n th\u00edch h\u1ee3p khi th\u1ef1c hi\u1ec7n c\u00f4ng vi\u1ec7c<\/li>\n<li class=\"whitespace-normal\">Ng\u0103n ng\u1eeba b\u1ed9t ti\u1ebfp x\u00fac v\u1edbi c\u00e1c v\u1eadt li\u1ec7u kh\u00f4ng t\u01b0\u01a1ng h\u1ee3p<\/li>\n<li class=\"whitespace-normal\">Tu\u00e2n theo b\u1ea3n d\u1eef li\u1ec7u an to\u00e0n hi\u1ec7n h\u00e0nh do nh\u00e0 cung c\u1ea5p cung c\u1ea5p<\/li>\n<\/ul>\n<p class=\"whitespace-pre-wrap\">C\u1ea7n ph\u1ea3i c\u1ea9n th\u1eadn, l\u00e0m \u0111\u1ea5t v\u00e0 ph\u1ee7 ch\u0103n th\u00edch h\u1ee3p khi x\u1eed l\u00fd b\u1ed9t h\u1ee3p kim ph\u1ea3n \u1ee9ng n\u00e0y.<\/p>\n<h2>Ki\u1ec3m tra v\u00e0 \u0110\u00e1nh gi\u00e1 B\u1ed9t FeCoNiCrTi<\/h2>\n<p class=\"whitespace-pre-wrap\">C\u00e1c x\u00e9t nghi\u1ec7m ch\u00ednh \u0111\u01b0\u1ee3c s\u1eed d\u1ee5ng \u0111\u1ec3 ki\u1ec3m so\u00e1t ch\u1ea5t l\u01b0\u1ee3ng b\u1ed9t FeCoNiCrTi g\u1ed3m:<\/p>\n<ul class=\"list-disc pl-8 space-y-2\">\n<li class=\"whitespace-normal\">Ph\u00e2n t\u00edch h\u00f3a h\u1ecdc b\u1eb1ng OES ho\u1eb7c XRF \u0111\u1ec3 \u0111\u1ea3m b\u1ea3o th\u00e0nh ph\u1ea7n \u0111\u00e1p \u1ee9ng c\u00e1c th\u00f4ng s\u1ed1 k\u1ef9 thu\u1eadt<\/li>\n<li class=\"whitespace-normal\">Ph\u00e2n t\u00edch ph\u00e2n b\u1ed5 k\u00edch th\u01b0\u1edbc h\u1ea1t theo ti\u00eau chu\u1ea9n ASTM B822<\/li>\n<li class=\"whitespace-normal\">Ph\u00e2n t\u00edch h\u00ecnh th\u00e1i b\u1eb1ng h\u00ecnh \u1ea3nh SEM<\/li>\n<li class=\"whitespace-normal\">\u0110o l\u01b0u l\u01b0\u1ee3ng b\u1ed9t b\u1eb1ng l\u01b0u l\u01b0\u1ee3ng k\u1ebf Hall theo ASTM B213<\/li>\n<li class=\"whitespace-normal\">\u0110o m\u1eadt \u0111\u1ed9 b\u1eb1ng ph\u01b0\u01a1ng ph\u00e1p pycnometry helium<\/li>\n<li class=\"whitespace-normal\">Ki\u1ec3m tra t\u1ea1p ch\u1ea5t s\u1eed d\u1ee5ng ICP-MS<\/li>\n<li class=\"whitespace-normal\">Ph\u00e2n t\u00edch c\u1ea5u tr\u00fac vi m\u00f4 b\u1eb1ng ph\u01b0\u01a1ng ph\u00e1p nhi\u1ec5u x\u1ea1 tia X<\/li>\n<\/ul>\n<p class=\"whitespace-pre-wrap\">Th\u1eed nghi\u1ec7m v\u00e0 ki\u1ec3m tra k\u1ef9 l\u01b0\u1ee1ng \u0111\u1ea3m b\u1ea3o ch\u1ea5t l\u01b0\u1ee3ng b\u1ed9t \u0111\u00e1ng tin c\u1eady v\u00e0 \u0111\u1ed3ng nh\u1ea5t \u0111\u00e1p \u1ee9ng c\u00e1c y\u00eau c\u1ea7u v\u1ec1 hi\u1ec7u su\u1ea5t.<\/p>\n<h2>So s\u00e1nh gi\u1eefa b\u1ed9t FeCoNiCrTi v\u00e0 Inconel 718<\/h2>\n<p class=\"whitespace-pre-wrap\">FeCoNiCrTi v\u00e0 Inconel 718 l\u00e0 hai lo\u1ea1i b\u1ed9t h\u1ee3p kim ch\u1ecbu nhi\u1ec7t \u0111\u1ed9 cao so s\u00e1nh:<\/p>\n<table>\n<thead>\n<tr>\n<th>Tham s\u1ed1<\/th>\n<th>FeCoNiCrTi<\/th>\n<th>Inconel 718<\/th>\n<\/tr>\n<\/thead>\n<tbody>\n<tr>\n<td>S\u00e1ng t\u00e1c<\/td>\n<td>H\u1ee3p kim n\u0103m th\u00e0nh ph\u1ea7n<\/td>\n<td>H\u1ee3p kim Ni-Cr-Fe-Nb<\/td>\n<\/tr>\n<tr>\n<td>Chi ph\u00ed<\/td>\n<td>Cao h\u01a1n<\/td>\n<td>Th\u1ea5p h\u01a1n<\/td>\n<\/tr>\n<tr>\n<td>S\u1ee9c m\u1ea1nh<\/td>\n<td>Cao h\u01a1n \u1edf nhi\u1ec7t \u0111\u1ed9 r\u1ea5t cao<\/td>\n<td>Xu\u1ea5t s\u1eafc \u0111\u1ebfn 700\u00a1\u00abC<\/td>\n<\/tr>\n<tr>\n<td>Kh\u1ea3 n\u0103ng ch\u1ed1ng \u00f4xi h\u00f3a<\/td>\n<td>C\u00f3 th\u1ec3 so s\u00e1nh<\/td>\n<td>C\u00f3 th\u1ec3 so s\u00e1nh<\/td>\n<\/tr>\n<tr>\n<td>T\u00ednh d\u1ec5 gia c\u00f4ng<\/td>\n<td>V\u1eeba \u0111\u1ee7<\/td>\n<td>Xu\u1ea5t s\u1eafc<\/td>\n<\/tr>\n<tr>\n<td>\u1ee8NG D\u1ee4NG<\/td>\n<td>R\u00f3t b\u1ec1 m\u1eb7t b\u1eb1ng nhi\u1ec7t, h\u00e0n<\/td>\n<td>Linh ki\u1ec7n h\u00e0ng kh\u00f4ng v\u0169 tr\u1ee5, l\u00f2 xo<\/td>\n<\/tr>\n<tr>\n<td>Ti\u0301nh s\u0103\u0303n co\u0301<\/td>\n<td>V\u1eeba \u0111\u1ee7<\/td>\n<td>C\u00f3 s\u1eb5n<\/td>\n<\/tr>\n<\/tbody>\n<\/table>\n<p>&nbsp;<\/p>\n<p class=\"whitespace-pre-wrap\">FeCoNiCrTi cho \u0111\u1ed9 b\u1ec1n \u1edf nhi\u1ec7t \u0111\u1ed9 cao t\u1ed1t h\u01a1n trong khi Inconel 718 c\u00f3 kh\u1ea3 n\u0103ng ch\u1ebf t\u1ea1o v\u00e0 kh\u1ea3 d\u1ee5ng t\u1ed1t.<\/p>\n<h2>C\u00e1c c\u00e2u h\u1ecfi th\u01b0\u1eddng g\u1eb7p v\u1ec1 b\u1ed9t FeCoNiCrTi<\/h2>\n<p class=\"whitespace-pre-wrap\"><strong>Q: B\u1ed9t FeCoNiCrTi \u0111\u01b0\u1ee3c s\u1ea3n xu\u1ea5t nh\u01b0 th\u1ebf n\u00e0o?<\/strong><\/p>\n<p class=\"whitespace-pre-wrap\">A: B\u1ed9t FeCoNiCrTi \u0111\u01b0\u1ee3c s\u1ea3n xu\u1ea5t th\u01b0\u01a1ng m\u1ea1i b\u1eb1ng ph\u01b0\u01a1ng ph\u00e1p phun s\u01b0\u01a1ng kh\u00ed, phun s\u01b0\u01a1ng n\u01b0\u1edbc v\u00e0 h\u1ee3p kim h\u00f3a c\u01a1 h\u1ecdc sau \u0111\u00f3 l\u00e0 thi\u00eau k\u1ebft. Phun s\u01b0\u01a1ng kh\u00ed cung c\u1ea5p \u0111\u1ed9 ki\u1ec3m so\u00e1t \u0111\u1eb7c t\u00ednh h\u1ea1t t\u1ed1t nh\u1ea5t.<\/p>\n<p class=\"whitespace-pre-wrap\"><strong>Q: B\u1ed9t FeCoNiCrTi \u0111\u01b0\u1ee3c d\u00f9ng \u0111\u1ec3 l\u00e0m g\u00ec?<\/strong><\/p>\n<p class=\"whitespace-pre-wrap\">A: M\u1ea1 ph\u1ee7 FeCoNiCrTi \u0111\u01b0\u1ee3c s\u1eed d\u1ee5ng trong c\u00e1c \u1ee9ng d\u1ee5ng nhi\u1ec7t \u0111\u1ed9 cao nh\u01b0 s\u1ea3n xu\u1ea5t b\u1ed3i \u0111\u1eafp, m\u1ea1 phun nhi\u1ec7t, v\u1eadt h\u00e0n, chi ti\u1ebft luy\u1ec7n b\u1ed9t kim lo\u1ea1i, v\u1eadt li\u1ec7u h\u00e0n c\u1ea7n kh\u1ea3 n\u0103ng ch\u1ecbu nhi\u1ec7t, \u0111\u1ed9 b\u1ec1n v\u00e0 kh\u1ea3 n\u0103ng ch\u1ed1ng ch\u1ecbu m\u00f4i tr\u01b0\u1eddng.<\/p>\n<p class=\"whitespace-pre-wrap\"><strong>Q: K\u00edch th\u01b0\u1edbc b\u1ed9t n\u00e0o l\u00e0 k\u00edch th\u01b0\u1edbc t\u1ed1t nh\u1ea5t \u0111\u1ec3 phun nhi\u1ec7t?<\/strong><\/p>\n<p class=\"whitespace-pre-wrap\">A: \u0110\u1ed1i v\u1edbi h\u1ea7u h\u1ebft c\u00e1c quy tr\u00ecnh phun nhi\u1ec7t, ph\u1ea1m vi k\u00edch th\u01b0\u1edbc h\u1ea1t t\u1eeb 45-150 micron l\u00e0 \u01b0a th\u00edch \u0111\u1ed1i v\u1edbi b\u1ed9t FeCoNiCrTi \u0111\u1ec3 t\u1ed1i \u0111a h\u00f3a hi\u1ec7u qu\u1ea3 l\u1eafng \u0111\u1ecdng v\u00e0 t\u00ednh ch\u1ea5t c\u1ee7a l\u1edbp ph\u1ee7.<\/p>\n<p class=\"whitespace-pre-wrap\"><strong>Q: B\u1ed9t FeCoNiCrTi c\u00f3 y\u00eau c\u1ea7u ph\u00f2ng ng\u1eeba khi l\u00e0m vi\u1ec7c kh\u00f4ng?<\/strong><\/p>\n<p class=\"whitespace-pre-wrap\">A: V\u00e2ng, n\u00ean c\u1ea9n th\u1eadn khi s\u1eed d\u1ee5ng lo\u1ea1i b\u1ed9t h\u1ee3p kim m\u1ecbn ph\u1ea3n \u1ee9ng n\u00e0y b\u1eb1ng c\u00e1ch s\u1eed d\u1ee5ng kh\u00f4ng kh\u00ed tr\u01a1, ti\u1ebfp \u0111\u1ea5t \u0111\u00fang c\u00e1ch, th\u00f4ng gi\u00f3 v\u00e0 EPI \u0111\u1ec3 ki\u1ec3m so\u00e1t c\u00e1c m\u1ed1i nguy hi\u1ec3m.<\/p>\n<p class=\"whitespace-pre-wrap\"><strong>Q: T\u00f4i c\u00f3 th\u1ec3 mua b\u1ed9t FeCoNiCrTi ph\u00f9 h\u1ee3p v\u1edbi s\u1ea3n xu\u1ea5t ph\u1ee5 gia \u1edf \u0111\u00e2u?<\/strong><\/p>\n<p class=\"whitespace-pre-wrap\">A: C\u00f3 th\u1ec3 mua \u0111\u01b0\u1ee3c b\u1ed9t FeCoNiCrTi nguy\u00ean t\u1eed h\u00f3a kh\u00ed m\u1ecbn \u0111\u00e1p \u1ee9ng c\u00e1c y\u00eau c\u1ea7u AM t\u1eeb c\u00e1c nh\u00e0 s\u1ea3n xu\u1ea5t h\u00e0ng \u0111\u1ea7u nh\u01b0 Sandvik, Hoganas, Praxair v\u00e0 Erasteel.<\/p>\n<p><\/span><\/span><\/p>","protected":false},"excerpt":{"rendered":"<p>Overview of FeCoNiCrTi Powder FeCoNiCrTi is a high-performance alloy exhibiting good mechanical properties and corrosion resistance at elevated temperatures. Iron and cobalt impart excellent high temperature strength. Nickel enhances ductility and toughness. Chromium provides outstanding oxidation and corrosion resistance. Key characteristics of FeCoNiCrTi powder include: Excellent high temperature strength and creep resistance Good ductility, toughness&#8230;<\/p>","protected":false},"featured_media":1766,"parent":0,"template":"","meta":{"_acf_changed":false,"_kad_blocks_custom_css":"","_kad_blocks_head_custom_js":"","_kad_blocks_body_custom_js":"","_kad_blocks_footer_custom_js":"","_kad_post_transparent":"","_kad_post_title":"","_kad_post_layout":"","_kad_post_sidebar_id":"","_kad_post_content_style":"","_kad_post_vertical_padding":"","_kad_post_feature":"","_kad_post_feature_position":"","_kad_post_header":false,"_kad_post_footer":false,"_kad_post_classname":""},"product-category":[119,127],"class_list":["post-3894","product","type-product","status-publish","has-post-thumbnail","hentry","product-category-3d-printing-metal-powder","product-category-high-entropy-alloy-powder"],"acf":[],"taxonomy_info":{"product-category":[{"value":119,"label":"3D Printing Metal Powder"},{"value":127,"label":"High Entropy Alloy Powder"}]},"featured_image_src_large":["https:\/\/3dpmetal.com\/wp-content\/uploads\/2024\/02\/FeCoNiCrTi-Powder.png",600,600,false],"author_info":[],"comment_info":"","_links":{"self":[{"href":"https:\/\/3dpmetal.com\/vi\/wp-json\/wp\/v2\/product\/3894","targetHints":{"allow":["GET"]}}],"collection":[{"href":"https:\/\/3dpmetal.com\/vi\/wp-json\/wp\/v2\/product"}],"about":[{"href":"https:\/\/3dpmetal.com\/vi\/wp-json\/wp\/v2\/types\/product"}],"wp:featuredmedia":[{"embeddable":true,"href":"https:\/\/3dpmetal.com\/vi\/wp-json\/wp\/v2\/media\/1766"}],"wp:attachment":[{"href":"https:\/\/3dpmetal.com\/vi\/wp-json\/wp\/v2\/media?parent=3894"}],"wp:term":[{"taxonomy":"product-category","embeddable":true,"href":"https:\/\/3dpmetal.com\/vi\/wp-json\/wp\/v2\/product-category?post=3894"}],"curies":[{"name":"wp","href":"https:\/\/api.w.org\/{rel}","templated":true}]}}