{"id":3895,"date":"2024-03-18T06:10:12","date_gmt":"2024-03-18T06:10:12","guid":{"rendered":"https:\/\/3dp.45612300.xyz\/product\/feconicr-powder\/"},"modified":"2024-03-18T06:10:12","modified_gmt":"2024-03-18T06:10:12","slug":"feconicr-powder","status":"publish","type":"product","link":"https:\/\/3dpmetal.com\/vi\/product\/feconicr-powder\/","title":{"rendered":"B\u1ed9t FeCoNiCr"},"content":{"rendered":"<p><span style=\"vertical-align: inherit;\"><span style=\"vertical-align: inherit;\"><\/p>\n<h2>T\u1ed5ng quan v\u1ec1 b\u1ed9t FeCoNiCr<\/h2>\n<p class=\"whitespace-pre-wrap\">FeCoNiCr thu\u1ed9c v\u1ec1 m\u1ed9t lo\u1ea1i h\u1ee3p kim hi\u1ec7u su\u1ea5t cao c\u00f3 t\u00ednh ch\u1ea5t c\u01a1 h\u1ecdc t\u1ed1t, t\u00ednh \u1ed5n \u0111\u1ecbnh vi c\u1ea5u tr\u00fac v\u00e0 kh\u1ea3 n\u0103ng ch\u1ed1ng ch\u1ecbu m\u00f4i tr\u01b0\u1eddng \u1edf nhi\u1ec7t \u0111\u1ed9 cao v\u01b0\u1ee3t qu\u00e1 750\u00a1\u00abC. S\u1eaft v\u00e0 coban cung c\u1ea5p \u0111\u1ed9 b\u1ec1n. Niken n\u00e2ng cao \u0111\u1ed9 d\u1ebbo v\u00e0 \u0111\u1ed9 dai. Crom ch\u1ed1ng oxy h\u00f3a v\u00e0 ch\u1ed1ng \u0103n m\u00f2n.<\/p>\n<p class=\"whitespace-pre-wrap\">C\u00e1c \u0111\u1eb7c \u0111i\u1ec3m ch\u00ednh c\u1ee7a b\u1ed9t FeCoNiCr bao g\u1ed3m:<\/p>\n<ul class=\"list-disc pl-8 space-y-2\">\n<li class=\"whitespace-normal\">\u0110\u1ed9 b\u1ec1n nhi\u1ec7t v\u00e0 \u0111\u1ed9 b\u1ec1n u\u1ed1n cao tuy\u1ec7t v\u1eddi<\/li>\n<li class=\"whitespace-normal\">\u0110\u1ed9 b\u1ec1n m\u1ecfi v\u00e0 \u0111\u1ed9 dai t\u1ed1t<\/li>\n<li class=\"whitespace-normal\">\u0110\u1ed9 c\u1ee9ng cao, ch\u1ed1ng m\u00e0i m\u00f2n v\u00e0 ch\u1ed1ng \u0103n m\u00f2n<\/li>\n<li class=\"whitespace-normal\">Ch\u1ed1ng \u0103n m\u00f2n v\u00e0 oxy h\u00f3a cao<\/li>\n<li class=\"whitespace-normal\">\u0110\u01b0\u1ee3c cung c\u1ea5p t\u1ea1i nhi\u1ec1u k\u00edch th\u01b0\u1edbc v\u00e0 h\u00ecnh th\u1ebf h\u1ea1t kh\u00e1c nhau<\/li>\n<\/ul>\n<p class=\"whitespace-pre-wrap\">B\u1ed9t FeCoNiCr \u0111\u01b0\u1ee3c thi\u1ebft k\u1ebf cho c\u00e1c l\u1edbp ph\u1ee7 b\u1ea3o v\u1ec7, phun nhi\u1ec7t, h\u00e0n, ch\u1ebf t\u1ea1o b\u1ed3i \u0111\u1eafp v\u00e0 c\u00e1c \u1ee9ng d\u1ee5ng nhi\u1ec7t \u0111\u1ed9 cao kh\u00e1c \u0111\u00f2i h\u1ecfi \u0111\u1ed9 b\u1ec1n, \u0111\u1ed9 c\u1ee9ng v\u00e0 kh\u1ea3 n\u0103ng ch\u1ed1ng ch\u1ecbu v\u1edbi m\u00f4i tr\u01b0\u1eddng.<\/p>\n<h2>Th\u00e0nh ph\u1ea7n b\u1ed9t FeCoNiCr<\/h2>\n<p class=\"whitespace-pre-wrap\">B\u1ed9t FeCoNiCr c\u00f3 th\u00e0nh ph\u1ea7n danh ngh\u0129a sau:<\/p>\n<table>\n<thead>\n<tr>\n<th>Nguy\u00ean t\u1ed1<\/th>\n<th>S\u00e1ng t\u00e1c<\/th>\n<\/tr>\n<\/thead>\n<tbody>\n<tr>\n<td>Iron (Fe)<\/td>\n<td>S\u1ef1 c\u00e2n b\u1eb1ng<\/td>\n<\/tr>\n<tr>\n<td>Coban (Co)<\/td>\n<td>35-50%<\/td>\n<\/tr>\n<tr>\n<td>Niken (Ni)<\/td>\n<td>10-30%<\/td>\n<\/tr>\n<tr>\n<td>Crom (Cr)<\/td>\n<td>8-12%<\/td>\n<\/tr>\n<tr>\n<td>Carbon (C)<\/td>\n<td>&lt;0,5%<\/td>\n<\/tr>\n<tr>\n<td>Silic (Si)<\/td>\n<td>&lt; 1,5%<\/td>\n<\/tr>\n<tr>\n<td>Mangan (Mn)<\/td>\n<td>&lt;1%<\/td>\n<\/tr>\n<\/tbody>\n<\/table>\n<p><img loading=\"lazy\" decoding=\"async\" class=\"size-medium wp-image-1409 aligncenter\" src=\"https:\/\/met3dp.com\/wp-content\/uploads\/2023\/09\/ed7a94ec-3c10-4b1b-87ed--300x300.jpg\" alt=\"B\u1ed9t FeCoNiCr\" width=\"300\" height=\"300\" title=\"\"><\/p>\n<p class=\"whitespace-pre-wrap\">C\u00f3 th\u1ec3 \u0111i\u1ec1u ch\u1ec9nh m\u1ee9c coban, niken, v\u00e0 Crom d\u1ef1a tr\u00ean c\u00e1c y\u00eau c\u1ea7u \u0111\u1ec3 t\u1ed1i \u01b0u h\u00f3a c\u00e1c t\u00ednh ch\u1ea5t c\u01a1 h\u1ecdc v\u00e0 kh\u1ea3 n\u0103ng ch\u1ed1ng ch\u1ecbu v\u1edbi m\u00f4i tr\u01b0\u1eddng. Gi\u1ea3m thi\u1ec3u c\u00e1c t\u1ea1p ch\u1ea5t.<\/p>\n<h2>T\u00ednh ch\u1ea5t c\u1ee7a b\u1ed9t FeCoNiCr<\/h2>\n<p class=\"whitespace-pre-wrap\">T\u00ednh ch\u1ea5t ch\u00ednh c\u1ee7a b\u1ed9t FeCoNiCr bao g\u1ed3m:<\/p>\n<table>\n<thead>\n<tr>\n<th>B\u1ea5t \u0111\u1ed9ng s\u1ea3n<\/th>\n<th>Gi\u00e1 tr\u1ecb<\/th>\n<\/tr>\n<\/thead>\n<tbody>\n<tr>\n<td>M\u1eadt \u0111\u1ed9<\/td>\n<td>7.5 - 8.2 g\/cm3<\/td>\n<\/tr>\n<tr>\n<td>\u0110i\u1ec3m N\u00f3ng Ch\u1ea3y<\/td>\n<td>1300-1400\u00a1\u00abC<\/td>\n<\/tr>\n<tr>\n<td>\u0110\u1ed9 d\u1eabn nhi\u1ec7t<\/td>\n<td>10-30 W\/mK<\/td>\n<\/tr>\n<tr>\n<td>\u0110\u1ed9 \u0111i\u1ec7n tr\u1edf<\/td>\n<td>65-85 \u00c2\u00ac\u00b4\u00c2 \u00ce.cm<\/td>\n<\/tr>\n<tr>\n<td>M\u00f4-\u0111un Young<\/td>\n<td>190-220 GPa<\/td>\n<\/tr>\n<tr>\n<td>H\u1ec7 s\u1ed1 Poisson<\/td>\n<td>0.28-0.32<\/td>\n<\/tr>\n<tr>\n<td>\u0110\u1ed9 b\u1ec1n k\u00e9o<\/td>\n<td>600-1100 MPa<\/td>\n<\/tr>\n<tr>\n<td>C\u01b0\u1eddng \u0111\u1ed9 ch\u1ea3y<\/td>\n<td>450-800 MPa<\/td>\n<\/tr>\n<tr>\n<td>Ke\u0301o da\u0300i<\/td>\n<td>15-30%<\/td>\n<\/tr>\n<tr>\n<td>\u0110\u1ed9 c\u1ee9ng<\/td>\n<td>30-50 HRC<\/td>\n<\/tr>\n<\/tbody>\n<\/table>\n<p>&nbsp;<\/p>\n<p class=\"whitespace-pre-wrap\">Nh\u1eefng t\u00ednh ch\u1ea5t nh\u01b0 \u0111\u1ed9 b\u1ec1n \u1edf nhi\u1ec7t \u0111\u1ed9 cao, \u0111\u1ed9 c\u1ee9ng, ch\u1ed1ng m\u00e0i m\u00f2n v\u00e0 ch\u1ed1ng \u0103n m\u00f2n l\u00e0m cho n\u00f3 ph\u00f9 h\u1ee3p v\u1edbi c\u00e1c \u1ee9ng d\u1ee5ng \u0111\u00f2i h\u1ecfi kh\u1eaft khe nh\u1ea5t.<\/p>\n<h2>Ph\u01b0\u01a1ng ph\u00e1p \u0111\u1ec3 s\u1ea3n xu\u1ea5t b\u1ed9t FeCoNiCr<\/h2>\n<p class=\"whitespace-pre-wrap\">B\u1ed9t FeCoNiCr c\u00f3 th\u1ec3 \u0111\u01b0\u1ee3c s\u1ea3n xu\u1ea5t th\u00f4ng qua:<\/p>\n<ul class=\"list-disc pl-8 space-y-2\">\n<li class=\"whitespace-normal\"><strong>Gas atomization translated to Vietnamese would be \"Ph\u00e2n t\u1eed ho\u00e1 kh\u00ed.\"<\/strong>?- Kh\u00ed tr\u01a1 \u00e1p su\u1ea5t cao \u0111\u01b0\u1ee3c d\u00f9ng \u0111\u1ec3 phun nguy\u00ean t\u1eed h\u1ee3p kim n\u00f3ng ch\u1ea3y cho ra b\u1ed9t h\u00ecnh c\u1ea7u si\u00eau m\u1ecbn l\u00fd t\u01b0\u1edfng cho AM.<\/li>\n<li class=\"whitespace-normal\"><strong>Nguy\u00ean t\u1eed h\u00f3a n\u01b0\u1edbc<\/strong>- Lu\u1ed3ng tia n\u01b0\u1edbc v\u1eadn t\u1ed1c cao ph\u00e1 v\u1ee1 kim lo\u1ea1i n\u00f3ng ch\u1ea3y th\u00e0nh c\u00e1c h\u1ea1t b\u1ed9t nh\u1ecf kh\u00f4ng \u0111\u1ec1u. Ti\u1ebft ki\u1ec7m nh\u01b0ng c\u00f3 l\u01b0\u1ee3ng oxy t\u0103ng cao.<\/li>\n<li class=\"whitespace-normal\"><strong>H\u1ee3p kim c\u01a1 h\u1ecdc<\/strong>- Nghi\u1ec1n vi\u00ean bi h\u1ed7n h\u1ee3p b\u1ed9t nguy\u00ean t\u1ed1 sau \u0111\u00f3 thi\u00eau k\u1ebft v\u00e0 nguy\u00ean t\u1eed h\u00f3a th\u1ee9 c\u1ea5p.<\/li>\n<\/ul>\n<p class=\"whitespace-pre-wrap\">Qu\u00e1 tr\u00ecnh phun nguy\u00ean t\u1eed b\u1eb1ng kh\u00ed cho ph\u00e9p ki\u1ec3m so\u00e1t t\u1ed1t nh\u1ea5t k\u00edch th\u01b0\u1edbc h\u1ea1t, h\u00ecnh d\u1ea1ng, \u0111\u1ed9 tinh khi\u1ebft v\u00e0 vi c\u1ea5u tr\u00fac.<\/p>\n<h2>\u1ee8ng d\u1ee5ng c\u1ee7a b\u1ed9t FeCoNiCr<\/h2>\n<p class=\"whitespace-pre-wrap\">C\u00e1c \u1ee9ng d\u1ee5ng \u0111i\u1ec3n h\u00ecnh c\u1ee7a b\u1ed9t FeCoNiCr bao g\u1ed3m:<\/p>\n<ul class=\"list-disc pl-8 space-y-2\">\n<li class=\"whitespace-normal\"><strong>L\u1edbp ph\u1ee7 phun nhi\u1ec7t<\/strong>?- L\u1edbp Phun ph\u1ee7 HVOF ho\u1eb7c Phun ph\u1ee7 Plasma plasma \u0111\u1ec3 \u0111\u1ec3 l\u1eafng \u0111\u1ecdng l\u1edbp ph\u1ee7 d\u00e0y ch\u1ed1ng m\u00e0i m\u00f2n v\u00e0 ch\u1ed1ng \u0103n m\u00f2n tr\u00ean c\u00e1c d\u1ee5ng c\u1ee5, khu\u00f4n, van, \u1ed1ng l\u00f3t...<\/li>\n<li class=\"whitespace-normal\"><strong>s\u1ea3n xu\u1ea5t b\u1ed3i \u0111\u1eafp<\/strong>?- Nung ch\u1ea3y laser ch\u1ecdn l\u1ecdc \u0111\u1ec3 t\u1ea1o ra c\u00e1c th\u00e0nh ph\u1ea7n ph\u1ee9c h\u1ee3p cho m\u00f4i tr\u01b0\u1eddng nhi\u1ec7t \u0111\u1ed9 cao.<\/li>\n<li class=\"whitespace-normal\"><strong>V\u1eadt h\u00e0n<\/strong>?- N\u00e2ng cao s\u1ee9c b\u1ec1n nhi\u1ec7t \u0111\u1ed9 cao, \u0111\u1ed9 c\u1ee9ng v\u00e0 kh\u1ea3 n\u0103ng ch\u1ed1ng \u0103n m\u00f2n t\u1ed1t trong v\u00f9ng m\u1ed1i h\u00e0n.<\/li>\n<li class=\"whitespace-normal\"><strong>Ch\u1ea5t \u0111\u1ed9n h\u00e0n<\/strong>?- D\u00f9ng \u0111\u1ec3 n\u1ed1i c\u00e1c th\u00e0nh ph\u1ea7n ho\u1ea1t \u0111\u1ed9ng \u1edf nhi\u1ec7t \u0111\u1ed9 r\u1ea5t cao \u0111\u00f2i h\u1ecfi kh\u1ea3 n\u0103ng ch\u1ed1ng oxy h\u00f3a.<\/li>\n<li class=\"whitespace-normal\"><strong>X\u1eed l\u00fd th\u1ee7y tinh<\/strong>?- Tr\u1ee5c b\u0103ng t\u1ea3i d\u00f9ng trong luy\u1ec7n kim b\u1ed9t c\u00f3 \u0111\u1ed9 b\u1ec1n cao \u1edf nhi\u1ec7t \u0111\u1ed9 cao d\u00f9ng trong l\u00f2 nung ch\u1ea3y th\u1ee7y tinh.<\/li>\n<\/ul>\n<h2>Th\u00f4ng s\u1ed1 k\u1ef9 thu\u1eadt c\u1ee7a b\u1ed9t FeCoNiCr<\/h2>\n<p class=\"whitespace-pre-wrap\">B\u1ed9t FeCoNiCr c\u00f3 s\u1eb5n \u1edf nhi\u1ec1u k\u00edch c\u1ee1, h\u00ecnh d\u1ea1ng, c\u1ea5p \u0111\u1ed9 v\u00e0 m\u1ee9c \u0111\u1ed9 tinh khi\u1ebft:<\/p>\n<ul class=\"list-disc pl-8 space-y-2\">\n<li class=\"whitespace-normal\"><strong>K\u00edch th\u01b0\u1edbc h\u1ea1t:<\/strong>T\u1eeb 15-45 \u00b5m cho c\u00e1c ph\u01b0\u01a1ng ph\u00e1p AM, l\u00ean \u0111\u1ebfn 150 \u00b5m cho quy tr\u00ecnh phun nhi\u1ec7t.<\/li>\n<li class=\"whitespace-normal\"><strong>H\u00ecnh th\u00e1i h\u1ecdc:<\/strong>? C\u00e1c h\u00ecnh d\u1ea1ng c\u1ea7u, kh\u00f4ng \u0111\u1ec1u v\u00e0 tr\u1ed9n l\u1eabn. B\u1ed9t c\u1ea7u cung c\u1ea5p d\u00f2ng ch\u1ea3y v\u00e0 s\u1ee9c \u0111\u00f3ng g\u00f3i t\u1ed1i \u01b0u.<\/li>\n<li class=\"whitespace-normal\"><strong>\u0110\u1ed9 tinh khi\u1ebft:<\/strong>T\u1eeb c\u1ea5p th\u01b0\u01a1ng m\u1ea1i \u0111\u1ebfn c\u1ea5p \u0111\u1ed9 tinh khi\u1ebft c\u1ef1c cao d\u1ef1a theo c\u00e1c y\u00eau c\u1ea7u kh\u1eaft khe v\u1ec1 ph\u00e2n t\u00edch h\u00f3a h\u1ecdc v\u00e0 \u1ee9ng d\u1ee5ng<\/li>\n<li class=\"whitespace-normal\"><strong>Di\u1ec7n t\u00edch b\u1ec1 m\u1eb7t:<\/strong>?Di\u1ec7n t\u00edch b\u1ec1 m\u1eb7t th\u1ea5p l\u00e0 y\u1ebfu t\u1ed1 \u0111\u01b0\u1ee3c \u01b0u ti\u00ean \u0111\u1ec3 gi\u1ea3m thi\u1ec3u qu\u00e1 tr\u00ecnh oxy h\u00f3a trong qu\u00e1 tr\u00ecnh v\u1eadn chuy\u1ec3n v\u00e0 b\u1ea3o qu\u1ea3n.<\/li>\n<li class=\"whitespace-normal\"><strong>\u0110i\u1ec3m<\/strong>? T\u00f9y ch\u1ec9nh th\u00e0nh ph\u1ea7n v\u00e0 luy\u1ec7n kim b\u1ed9t ph\u00f9 h\u1ee3p v\u1edbi m\u1ee5c \u0111\u00edch s\u1eed d\u1ee5ng d\u1ef1 ki\u1ebfn v\u00e0 ph\u01b0\u01a1ng ph\u00e1p gia c\u00f4ng.<\/li>\n<\/ul>\n<h2>Nh\u00e0 cung c\u1ea5p b\u1ed9t FeCoNiCr to\u00e0n c\u1ea7u<\/h2>\n<p class=\"whitespace-pre-wrap\">M\u1ed9t s\u1ed1 nh\u00e0 cung c\u1ea5p b\u1ed9t FeCoNiCr l\u1edbn nh\u1ea5t tr\u00ean to\u00e0n c\u1ea7u bao g\u1ed3m:<\/p>\n<ul class=\"list-disc pl-8 space-y-2\">\n<li class=\"whitespace-normal\">Sandvik Osprey (Anh)<\/li>\n<li class=\"whitespace-normal\">Erasteel (Ph\u00e1p)<\/li>\n<li class=\"whitespace-normal\">Tekna (Canada)<\/li>\n<li class=\"whitespace-normal\">Edgetech Industries (Hoa K\u1ef3)<\/li>\n<li class=\"whitespace-normal\">Hoganas (Th\u1ee5y \u0110i\u1ec3n)<\/li>\n<li class=\"whitespace-normal\">CNPC B\u1ed9t (Trung Qu\u1ed1c)<\/li>\n<\/ul>\n<p class=\"whitespace-pre-wrap\">Nh\u1eefng c\u00f4ng ty n\u00e0y s\u1ea3n xu\u1ea5t nhi\u1ec1u lo\u1ea1i b\u1ed9t FeCoNiCr kh\u00e1c nhau s\u1eed d\u1ee5ng c\u00e1c quy tr\u00ecnh nguy\u00ean t\u1eed h\u00f3a kh\u00ed, nguy\u00ean t\u1eed h\u00f3a n\u01b0\u1edbc v\u00e0 h\u1ee3p kim c\u01a1 h\u1ecdc \u0111\u01b0\u1ee3c thi\u1ebft k\u1ebf ri\u00eang cho c\u00e1c \u1ee9ng d\u1ee5ng c\u1ee5 th\u1ec3.<\/p>\n<h2>Gi\u00e1 b\u1ed9t FeCoNiCr<\/h2>\n<p class=\"whitespace-pre-wrap\">Gi\u00e1 b\u1ed9t FeCoNiCr ph\u1ee5 thu\u1ed9c v\u00e0o c\u00e1c y\u1ebfu t\u1ed1 nh\u01b0:<\/p>\n<ul class=\"list-disc pl-8 space-y-2\">\n<li class=\"whitespace-normal\">Th\u00e0nh ph\u1ea7n, m\u1ee9c \u0111\u1ed9 tinh khi\u1ebft<\/li>\n<li class=\"whitespace-normal\">K\u00edch th\u01b0\u1edbc v\u00e0 h\u00ecnh d\u1ea1ng b\u1ed9t<\/li>\n<li class=\"whitespace-normal\">Ph\u01b0\u01a1ng ph\u00e1p s\u1ea3n xu\u1ea5t<\/li>\n<li class=\"whitespace-normal\">Kh\u1ed1i l\u01b0\u1ee3ng \u0111\u01a1n h\u00e0ng<\/li>\n<li class=\"whitespace-normal\">Nh\u00e0 s\u1ea3n xu\u1ea5t v\u00e0 \u0111\u1ecba \u0111i\u1ec3m<\/li>\n<\/ul>\n<table>\n<thead>\n<tr>\n<th>L\u1edbp<\/th>\n<th>M\u1ee9c gi\u00e1<\/th>\n<\/tr>\n<\/thead>\n<tbody>\n<tr>\n<td>Qu\u1ea3ng c\u00e1o<\/td>\n<td>60-120 \u0111\u00f4\/kg<\/td>\n<\/tr>\n<tr>\n<td>\u0110\u1ed9 tinh khi\u1ebft cao<\/td>\n<td>120-250 \u0111\u00f4 la m\u1ed9t kg<\/td>\n<\/tr>\n<tr>\n<td>Si\u00eau m\u1ecbn<\/td>\n<td>250.000 - 450.000 \u0111\u1ed3ng\/kg<\/td>\n<\/tr>\n<tr>\n<td>H\u1ea1ng \u0111\u1eb7c bi\u1ec7t<\/td>\n<td>$450-850 cho m\u1ed9t kg<\/td>\n<\/tr>\n<\/tbody>\n<\/table>\n<p>&nbsp;<\/p>\n<p class=\"whitespace-pre-wrap\">B\u1ed9t nguy\u00ean ch\u1ea5t v\u00e0 c\u00f3 k\u00edch th\u01b0\u1edbc h\u1ea1t \u0111\u01b0\u1ee3c ki\u1ec3m so\u00e1t, t\u1ea1o h\u1ea1t b\u1eb1ng kh\u00ed c\u00f3 gi\u00e1 b\u00e1n cao h\u01a1n r\u1ea5t nhi\u1ec1u so v\u1edbi c\u00e1c lo\u1ea1i b\u1ed9t th\u00f4ng th\u01b0\u1eddng.<\/p>\n<h2>L\u01b0u tr\u1eef v\u00e0 X\u1eed l\u00fd B\u1ed9t FeCoNiCr<\/h2>\n<p class=\"whitespace-pre-wrap\">C\u00e1c quy tr\u00ecnh b\u1ea3o qu\u1ea3n v\u00e0 x\u1eed l\u00fd \u0111\u00fang c\u00e1ch \u0111\u1ed1i v\u1edbi b\u1ed9t FeCoNiCr bao g\u1ed3m:<\/p>\n<ul class=\"list-disc pl-8 space-y-2\">\n<li class=\"whitespace-normal\">C\u1ea5t gi\u1eef trong h\u1ed9p k\u00edn d\u01b0\u1edbi kh\u00ed tr\u01a1 \u0111\u1ec3 ng\u0103n ch\u1eb7n qu\u00e1 tr\u00ecnh oxy h\u00f3a<\/li>\n<li class=\"whitespace-normal\">Tr\u00e1nh t\u00edch t\u1ee5 b\u1ee5i m\u1ecbn \u0111\u1ec3 ki\u1ec3m so\u00e1t r\u1ee7i ro n\u1ed5<\/li>\n<li class=\"whitespace-normal\">Khi x\u1eed l\u00fd, ph\u1ea3i s\u1eed d\u1ee5ng PPE ph\u00f9 h\u1ee3p, th\u00f4ng gi\u00f3 v\u00e0 th\u1ef1c h\u00e0nh an to\u00e0n<\/li>\n<li class=\"whitespace-normal\">Ng\u0103n ng\u1eeba b\u1ed9t ti\u1ebfp x\u00fac v\u1edbi c\u00e1c v\u1eadt li\u1ec7u kh\u00f4ng t\u01b0\u01a1ng h\u1ee3p<\/li>\n<li class=\"whitespace-normal\">Theo h\u01b0\u1edbng d\u1eabn an to\u00e0n ph\u00f9 h\u1ee3p t\u1eeb SDS c\u1ee7a nh\u00e0 cung c\u1ea5p<\/li>\n<\/ul>\n<p class=\"whitespace-pre-wrap\">C\u1ea7n th\u1eadn tr\u1ecdng v\u00e0 c\u00e1c bi\u1ec7n ph\u00e1p b\u1ea3o v\u1ec7 l\u00e0 \u0111i\u1ec1u c\u1ea7n thi\u1ebft khi x\u1eed l\u00fd lo\u1ea1i b\u1ed9t h\u1ee3p kim ph\u1ea3n \u1ee9ng n\u00e0y.<\/p>\n<h2>Ki\u1ec3m tra v\u00e0 th\u1eed nghi\u1ec7m b\u1ed9t FeCoNiCr<\/h2>\n<p class=\"whitespace-pre-wrap\">C\u00e1c b\u00e0i ki\u1ec3m tra ki\u1ec3m so\u00e1t ch\u1ea5t l\u01b0\u1ee3ng ch\u00ednh th\u1ef1c hi\u1ec7n tr\u00ean b\u1ed9t FeCoNiCr:<\/p>\n<ul class=\"list-disc pl-8 space-y-2\">\n<li class=\"whitespace-normal\">Ph\u00e2n t\u00edch h\u00f3a h\u1ecdc s\u1eed d\u1ee5ng OES ho\u1eb7c XRF \u0111\u1ec3 \u0111\u1ea3m b\u1ea3o h\u1ee3p ch\u1ea5t \u0111\u1ea1t trong gi\u1edbi h\u1ea1n ch\u1ec9 \u0111\u1ecbnh<\/li>\n<li class=\"whitespace-normal\">Ph\u00e2n lo\u1ea1i k\u00edch th\u01b0\u1edbc h\u1ea1t d\u00f9ng tia laser nhi\u1ec5u x\u1ea1 theo ti\u00eau chu\u1ea9n ASTM B822<\/li>\n<li class=\"whitespace-normal\">Ph\u00e2n t\u00edch h\u00ecnh th\u00e1i b\u1eb1ng h\u00ecnh \u1ea3nh SEM<\/li>\n<li class=\"whitespace-normal\">\u0110o l\u01b0u l\u01b0\u1ee3ng b\u1ed9t theo ti\u00eau chu\u1ea9n ASTM B213<\/li>\n<li class=\"whitespace-normal\">X\u00e1c \u0111\u1ecbnh m\u1eadt \u0111\u1ed9 b\u1eb1ng ph\u01b0\u01a1ng ph\u00e1p pycnometry heli<\/li>\n<li class=\"whitespace-normal\">Ki\u1ec3m tra t\u1ea1p ch\u1ea5t s\u1eed d\u1ee5ng ICP-MS<\/li>\n<li class=\"whitespace-normal\">Ph\u00e2n t\u00edch \u0111\u1eb7c tr\u01b0ng vi c\u1ea5u tr\u00fac b\u1eb1ng ph\u00e2n t\u00edch pha XRD<\/li>\n<\/ul>\n<p class=\"whitespace-pre-wrap\">Ki\u1ec3m tra k\u1ef9 l\u01b0\u1ee1ng \u0111\u1ec3 x\u00e1c minh ch\u1ea5t l\u01b0\u1ee3ng b\u1ed9t v\u00e0 t\u00ednh \u0111\u1ed3ng nh\u1ea5t cho \u1ee9ng d\u1ee5ng nhi\u1ec7t \u0111\u1ed9 cao theo m\u1ee5c \u0111\u00edch \u0111\u00e3 \u0111\u1ecbnh.<\/p>\n<h2>So s\u00e1nh gi\u1eefa b\u1ed9t th\u00e9p kh\u00f4ng g\u1ec9 FeCoNiCr v\u00e0 316L<\/h2>\n<p class=\"whitespace-pre-wrap\">So s\u00e1nh b\u1ed9t th\u00e9p kh\u00f4ng g\u1ec9 FeCoNiCr v\u00e0 316L:<\/p>\n<table>\n<thead>\n<tr>\n<th>Tham s\u1ed1<\/th>\n<th>FeCoNiCr<\/th>\n<th>316L SS<\/th>\n<\/tr>\n<\/thead>\n<tbody>\n<tr>\n<td>S\u00e1ng t\u00e1c<\/td>\n<td>H\u1ee3p kim nhi\u1ec7t \u0111\u1ed9 cao b\u1eadc b\u1ed1n<\/td>\n<td>H\u1ee3p kim th\u00e9p kh\u00f4ng g\u1ec9 Fe-Cr-Ni<\/td>\n<\/tr>\n<tr>\n<td>Chi ph\u00ed<\/td>\n<td>Cao h\u01a1n<\/td>\n<td>Th\u1ea5p h\u01a1n<\/td>\n<\/tr>\n<tr>\n<td>\u0110\u1ed9 b\u1ec1n \u1edf nhi\u1ec7t \u0111\u1ed9 cao<\/td>\n<td>T\u1ed1t h\u01a1n nhi\u1ec1u<\/td>\n<td>V\u1eeba \u0111\u1ee7<\/td>\n<\/tr>\n<tr>\n<td>Kh\u1ea3 n\u0103ng ch\u1ed1ng \u0103n m\u00f2n<\/td>\n<td>C\u00f3 th\u1ec3 so s\u00e1nh<\/td>\n<td>T\u1ed1t h\u01a1n<\/td>\n<\/tr>\n<tr>\n<td>\u0110\u1ed9 d\u1eabn nhi\u1ec7t<\/td>\n<td>Cao h\u01a1n<\/td>\n<td>Th\u1ea5p h\u01a1n<\/td>\n<\/tr>\n<tr>\n<td>T\u00ednh d\u1ec5 gia c\u00f4ng<\/td>\n<td>V\u1eeba \u0111\u1ee7<\/td>\n<td>Xu\u1ea5t s\u1eafc<\/td>\n<\/tr>\n<tr>\n<td>\u1ee8NG D\u1ee4NG<\/td>\n<td>Phun nhi\u1ec7t, AM<\/td>\n<td>\u00d4 t\u00f4, x\u00e2y d\u1ef1ng<\/td>\n<\/tr>\n<\/tbody>\n<\/table>\n<p>&nbsp;<\/p>\n<p class=\"whitespace-pre-wrap\">M\u1eb7c d\u00f9 FeCoNiCr cung c\u1ea5p \u0111\u1ed9 b\u1ec1n nhi\u1ec7t \u0111\u1ed9 cao v\u01b0\u1ee3t tr\u1ed9i h\u01a1n nhi\u1ec1u nh\u01b0ng 316L mang \u0111\u1ebfn \u0111\u1eb7c t\u00ednh ch\u1ebf t\u1ea1o v\u00e0 kh\u1ea3 n\u0103ng ch\u1ed1ng \u0103n m\u00f2n t\u1ed1t h\u01a1n v\u1edbi chi ph\u00ed th\u1ea5p h\u01a1n.<\/p>\n<h2>C\u00e2u h\u1ecfi th\u01b0\u1eddng g\u1eb7p v\u1ec1 FeCoNiCr Powder<\/h2>\n<p class=\"whitespace-pre-wrap\"><strong>H: B\u1ed9t FeCoNiCr \u0111\u01b0\u1ee3c s\u1ea3n xu\u1ea5t nh\u01b0 th\u1ebf n\u00e0o?<\/strong><\/p>\n<p class=\"whitespace-pre-wrap\">A: B\u1ed9t FeCoNiCr \u0111\u01b0\u1ee3c s\u1ea3n xu\u1ea5t th\u01b0\u01a1ng m\u1ea1i b\u1eb1ng c\u00e1ch s\u1eed d\u1ee5ng nguy\u00ean t\u1eed h\u00f3a b\u1eb1ng kh\u00ed, nguy\u00ean t\u1eed h\u00f3a b\u1eb1ng n\u01b0\u1edbc v\u00e0 h\u1ee3p kim c\u01a1 h\u1ecdc sau \u0111\u00f3 l\u00e0 nung k\u1ebft. Nguy\u00ean t\u1eed h\u00f3a b\u1eb1ng kh\u00ed cung c\u1ea5p \u0111\u1eb7c \u0111i\u1ec3m b\u1ed9t t\u1ed1t nh\u1ea5t.<\/p>\n<p class=\"whitespace-pre-wrap\"><strong>Q: C\u00e1c \u1ee9ng d\u1ee5ng ch\u00ednh cho b\u1ed9t FeCoNiCr l\u00e0 g\u00ec?<\/strong><\/p>\n<p class=\"whitespace-pre-wrap\">A: C\u00e1c \u1ee9ng d\u1ee5ng ch\u00ednh bao g\u1ed3m l\u1edbp ph\u1ee7 phun nhi\u1ec7t, s\u1ea3n xu\u1ea5t b\u1ed3i \u0111\u1eafp, v\u1eadt li\u1ec7u H\u00e0n, d\u1ee5ng c\u1ee5 c\u00f4ng t\u00e1c n\u00f3ng luy\u1ec7n b\u1ed9t kim, thi\u1ebft b\u1ecb ch\u1ebf bi\u1ebfn th\u1ee7y tinh c\u1ea7n c\u00f3 \u0111\u1ed9 b\u1ec1n v\u00e0 s\u1ee9c ch\u1ecbu nhi\u1ec7t cao.<\/p>\n<p class=\"whitespace-pre-wrap\"><strong>C: K\u00edch th\u01b0\u1edbc h\u1ea1t khuy\u1ebfn c\u00e1o \u0111\u1ec3 phun nhi\u1ec7t l\u00e0 bao nhi\u00eau?<\/strong><\/p>\n<p class=\"whitespace-pre-wrap\">A: \u0110\u1ed1i v\u1edbi h\u1ea7u h\u1ebft c\u00e1c quy tr\u00ecnh phun ph\u1ee7 nhi\u1ec7t, ng\u01b0\u1eddi ta \u01b0a th\u00edch d\u1ea3i k\u00edch th\u01b0\u1edbc h\u1ea1t t\u1eeb 45-150 micromet cho b\u1ed9t FeCoNiCr nh\u1eb1m t\u1ed1i \u0111a h\u00f3a hi\u1ec7u su\u1ea5t l\u1eafng \u0111\u1ecdng v\u00e0 \u0111\u1eb7c t\u00ednh c\u1ee7a l\u1edbp ph\u1ee7.<\/p>\n<p class=\"whitespace-pre-wrap\"><strong>C: B\u1ed9t FeCoNiCr c\u00f3 c\u1ea7n b\u1ea5t k\u1ef3 bi\u1ec7n ph\u00e1p ph\u00f2ng ng\u1eeba x\u1eed l\u00fd \u0111\u1eb7c bi\u1ec7t n\u00e0o kh\u00f4ng?<\/strong><\/p>\n<p class=\"whitespace-pre-wrap\">A: \u0110\u00fang v\u1eady, c\u00e1c bi\u1ec7n ph\u00e1p b\u1ea3o v\u1ec7 th\u00edch h\u1ee3p r\u1ea5t c\u1ea7n thi\u1ebft khi x\u1eed l\u00fd lo\u1ea1i b\u1ed9t h\u1ee3p kim m\u1ecbn, ph\u1ea3n \u1ee9ng n\u00e0y bao g\u1ed3m kh\u00ed quy\u1ec3n tr\u01a1, n\u1ed1i \u0111\u1ea5t, th\u00f4ng gi\u00f3, PPE.<\/p>\n<p class=\"whitespace-pre-wrap\"><strong>Q: T\u00f4i c\u00f3 th\u1ec3 mua b\u1ed9t FeCoNiCr d\u1ea1ng b\u1ed9t th\u00edch h\u1ee3p cho s\u1ea3n xu\u1ea5t b\u00f9 \u0111\u1eafp \u1edf \u0111\u00e2u?<\/strong><\/p>\n<p class=\"whitespace-pre-wrap\">A: \u0110\u1ed1i v\u1edbi c\u00e1c \u1ee9ng d\u1ee5ng AM y\u00eau c\u1ea7u \u0111\u1ed9 b\u1ec1n \u1edf nhi\u1ec7t \u0111\u1ed9 cao, b\u1ed9t FeCoNiCr m\u1ecbn c\u00f3 th\u1ec3 \u0111\u01b0\u1ee3c mua t\u1eeb c\u00e1c nh\u00e0 s\u1ea3n xu\u1ea5t h\u00e0ng \u0111\u1ea7u bao g\u1ed3m Sandvik, Erasteel, Tekna v\u00e0 Edgetech Industries.<\/p>\n<p><\/span><\/span><\/p>","protected":false},"excerpt":{"rendered":"<p>Overview of FeCoNiCr Powder FeCoNiCr belongs to a class of high performance alloys that exhibit good mechanical properties, microstructural stability and environmental resistance at elevated temperatures exceeding 750\u00a1\u00abC. Iron and cobalt provide strength. Nickel enhances ductility and toughness. Chromium provides oxidation and corrosion resistance. Key characteristics of FeCoNiCr powder include: Excellent high temperature strength and&#8230;<\/p>","protected":false},"featured_media":1792,"parent":0,"template":"","meta":{"_acf_changed":false,"_kad_blocks_custom_css":"","_kad_blocks_head_custom_js":"","_kad_blocks_body_custom_js":"","_kad_blocks_footer_custom_js":"","_kad_post_transparent":"","_kad_post_title":"","_kad_post_layout":"","_kad_post_sidebar_id":"","_kad_post_content_style":"","_kad_post_vertical_padding":"","_kad_post_feature":"","_kad_post_feature_position":"","_kad_post_header":false,"_kad_post_footer":false,"_kad_post_classname":""},"product-category":[119,127],"class_list":["post-3895","product","type-product","status-publish","has-post-thumbnail","hentry","product-category-3d-printing-metal-powder","product-category-high-entropy-alloy-powder"],"acf":[],"taxonomy_info":{"product-category":[{"value":119,"label":"3D Printing Metal Powder"},{"value":127,"label":"High Entropy Alloy Powder"}]},"featured_image_src_large":["https:\/\/3dpmetal.com\/wp-content\/uploads\/2024\/02\/FeCoNiCrMo.jpg",500,432,false],"author_info":[],"comment_info":"","_links":{"self":[{"href":"https:\/\/3dpmetal.com\/vi\/wp-json\/wp\/v2\/product\/3895","targetHints":{"allow":["GET"]}}],"collection":[{"href":"https:\/\/3dpmetal.com\/vi\/wp-json\/wp\/v2\/product"}],"about":[{"href":"https:\/\/3dpmetal.com\/vi\/wp-json\/wp\/v2\/types\/product"}],"wp:featuredmedia":[{"embeddable":true,"href":"https:\/\/3dpmetal.com\/vi\/wp-json\/wp\/v2\/media\/1792"}],"wp:attachment":[{"href":"https:\/\/3dpmetal.com\/vi\/wp-json\/wp\/v2\/media?parent=3895"}],"wp:term":[{"taxonomy":"product-category","embeddable":true,"href":"https:\/\/3dpmetal.com\/vi\/wp-json\/wp\/v2\/product-category?post=3895"}],"curies":[{"name":"wp","href":"https:\/\/api.w.org\/{rel}","templated":true}]}}