{"id":3900,"date":"2024-03-18T06:10:12","date_gmt":"2024-03-18T06:10:12","guid":{"rendered":"https:\/\/3dp.45612300.xyz\/product\/al-2024-powder\/"},"modified":"2024-03-18T06:10:12","modified_gmt":"2024-03-18T06:10:12","slug":"al-2024-powder","status":"publish","type":"product","link":"https:\/\/3dpmetal.com\/vi\/product\/al-2024-powder\/","title":{"rendered":"B\u1ed9t Al 2024"},"content":{"rendered":"<p><span style=\"vertical-align: inherit;\"><span style=\"vertical-align: inherit;\"><\/p>\n<h2>T\u1ed5ng quan v\u1ec1 B\u1ed9t Al 2024<\/h2>\n<p class=\"whitespace-pre-wrap\">Al 2024 l\u00e0 m\u1ed9t trong nh\u1eefng h\u1ee3p kim nh\u00f4m r\u00e8n ph\u1ed5 bi\u1ebfn nh\u1ea5t c\u1ee7a d\u00f2ng 2000, n\u1ed5i ti\u1ebfng v\u1ec1 \u0111\u1ed9 b\u1ec1n, s\u1ee9c ch\u1ecbu m\u1ec7t m\u1ecfi, kh\u1ea3 n\u0103ng gia c\u00f4ng tuy\u1ec7t v\u1eddi v\u00e0 kh\u1ea3 n\u0103ng ch\u1ed1ng \u0103n m\u00f2n. C\u00e1c h\u1ee3p ch\u1ea5t \u0111\u1ed3ng t\u1ea1o n\u00ean s\u1ef1 gia c\u01b0\u1eddng \u0111\u00e1ng k\u1ec3 th\u00f4ng qua qu\u00e1 tr\u00ecnh t\u00f4i luy\u1ec7n k\u1ebft t\u1ee7a \u0111\u1ed3ng th\u1eddi gi\u1eef \u0111\u01b0\u1ee3c t\u00ednh t\u1ea1o h\u00ecnh v\u00e0 kh\u1ea3 n\u0103ng h\u00e0n.<\/p>\n<p class=\"whitespace-pre-wrap\">\u0110\u1eb7c \u0111i\u1ec3m ch\u00ednh c\u1ee7a b\u1ed9t Al 2024 g\u1ed3m:<\/p>\n<ul class=\"list-disc pl-8 space-y-2\">\n<li class=\"whitespace-normal\">C\u01b0\u1eddng \u0111\u1ed9 cao v\u00e0 \u0111\u1ed9 dai, \u0111\u1ed9 d\u1ebbo v\u1eeba ph\u1ea3i<\/li>\n<li class=\"whitespace-normal\">Kh\u1ea3 n\u0103ng ch\u1ed1ng m\u1ec7t m\u1ecfi v\u00e0 v\u1ee1 \u0111\u1ee9t tuy\u1ec7t v\u1eddi<\/li>\n<li class=\"whitespace-normal\">Kh\u1ea3 n\u0103ng gia c\u00f4ng v\u00e0 \u0111\u00e1nh b\u00f3ng r\u1ea5t t\u1ed1t<\/li>\n<li class=\"whitespace-normal\">Kh\u1ea3 n\u0103ng h\u00e0n v\u00e0 kh\u1ea3 n\u0103ng \u0111\u1ecbnh h\u00ecnh t\u1ed1t<\/li>\n<li class=\"whitespace-normal\">D\u1eabn nhi\u1ec7t v\u00e0 \u0111i\u1ec7n cao<\/li>\n<li class=\"whitespace-normal\">C\u00f3 s\u1eb5n nhi\u1ec1u lo\u1ea1i k\u00edch c\u1ee1 v\u00e0 h\u00ecnh d\u1ea1ng b\u1ed9t<\/li>\n<\/ul>\n<p class=\"whitespace-pre-wrap\">B\u1ed9t Al 2024 th\u00edch h\u1ee3p cho c\u00e1c linh ki\u1ec7n h\u00e0ng kh\u00f4ng v\u0169 tr\u1ee5 v\u00e0 c\u00e1c \u1ee9ng d\u1ee5ng hi\u1ec7u su\u1ea5t cao kh\u00e1c c\u1ea7n \u0111\u1ed9 b\u1ec1n k\u1ebft h\u1ee3p v\u1edbi kh\u1ea3 n\u0103ng ch\u1ebf t\u1ea1o.<\/p>\n<h2>Th\u00e0nh ph\u1ea7n h\u00f3a h\u1ecdc c\u1ee7a b\u1ed9t nh\u00f4m 2024<\/h2>\n<p class=\"whitespace-pre-wrap\">Th\u00e0nh ph\u1ea7n th\u00f4ng th\u01b0\u1eddng c\u1ee7a b\u1ed9t nh\u00f4m Al 2024 nh\u01b0 sau:<\/p>\n<table>\n<thead>\n<tr>\n<th>Nguy\u00ean t\u1ed1<\/th>\n<th>T\u1ec9 tr\u1ecdng<\/th>\n<\/tr>\n<\/thead>\n<tbody>\n<tr>\n<td>Nh\u00f4m (Al)<\/td>\n<td>90.7-94.7%<\/td>\n<\/tr>\n<tr>\n<td>\u0110\u1ed3ng (Cu)<\/td>\n<td>3.8-4.9%<\/td>\n<\/tr>\n<tr>\n<td>Magie (Mg)<\/td>\n<td>1.2-1.8%<\/td>\n<\/tr>\n<tr>\n<td>Mangan (Mn)<\/td>\n<td>0.3-0.9%<\/td>\n<\/tr>\n<tr>\n<td>Iron (Fe)<\/td>\n<td>0-0.5%<\/td>\n<\/tr>\n<tr>\n<td>Silic (Si)<\/td>\n<td>0-0.5%<\/td>\n<\/tr>\n<tr>\n<td>K\u1ebdm (Zn)<\/td>\n<td>0-0.25%<\/td>\n<\/tr>\n<tr>\n<td>Crom (Cr)<\/td>\n<td>0-0.1%<\/td>\n<\/tr>\n<tr>\n<td>Titanium (Ti)<\/td>\n<td>0-0.15%<\/td>\n<\/tr>\n<\/tbody>\n<\/table>\n<p><img loading=\"lazy\" decoding=\"async\" class=\"size-medium wp-image-1409 aligncenter\" src=\"https:\/\/met3dp.com\/wp-content\/uploads\/2023\/09\/ed7a94ec-3c10-4b1b-87ed--300x300.jpg\" alt=\"B\u1ed9t Al 2024\" width=\"300\" height=\"300\" title=\"\"><\/p>\n<p class=\"whitespace-pre-wrap\">\u0110\u1ed3ng l\u00e0 nguy\u00ean t\u1ed1 h\u1ee3p kim ch\u1ee7 y\u1ebfu trong khi magie truy\u1ec1n \u0111\u1ed9 b\u1ec1n th\u00f4ng qua t\u00f4i luy\u1ec7n k\u1ebft t\u1ee7a. C\u00e1c nguy\u00ean t\u1ed1 kh\u00e1c nh\u01b0 mangan, s\u1eaft v\u00e0 crom c\u00f3 t\u00e1c \u0111\u1ed9ng nh\u1ecf \u0111\u1ebfn t\u00ednh ch\u1ea5t c\u01a1 h\u1ecdc.<\/p>\n<h2>Thu\u1ed9c t\u00ednh c\u1ee7a B\u1ed9t nh\u00f4m 2024<\/h2>\n<p class=\"whitespace-pre-wrap\">C\u00e1c t\u00ednh ch\u1ea5t ch\u00ednh c\u1ee7a b\u1ed9t nh\u00f4m Al 2024 bao g\u1ed3m:<\/p>\n<table>\n<thead>\n<tr>\n<th>B\u1ea5t \u0111\u1ed9ng s\u1ea3n<\/th>\n<th>Gi\u00e1 tr\u1ecb<\/th>\n<\/tr>\n<\/thead>\n<tbody>\n<tr>\n<td>M\u1eadt \u0111\u1ed9<\/td>\n<td>2,77 g\/cm3<\/td>\n<\/tr>\n<tr>\n<td>\u0110i\u1ec3m N\u00f3ng Ch\u1ea3y<\/td>\n<td>500-638\u00a1\u00abC<\/td>\n<\/tr>\n<tr>\n<td>\u0110\u1ed9 d\u1eabn nhi\u1ec7t<\/td>\n<td>121-190 W\/mK<\/td>\n<\/tr>\n<tr>\n<td>\u0110\u1ed9 d\u1eabn \u0111i\u1ec7n<\/td>\n<td>IACS 26-35%<\/td>\n<\/tr>\n<tr>\n<td>M\u00f4-\u0111un Young<\/td>\n<td>73 GPa<\/td>\n<\/tr>\n<tr>\n<td>H\u1ec7 s\u1ed1 Poisson<\/td>\n<td>0.33<\/td>\n<\/tr>\n<tr>\n<td>\u0110\u1ed9 b\u1ec1n k\u00e9o<\/td>\n<td>400-500 MPa<\/td>\n<\/tr>\n<tr>\n<td>C\u01b0\u1eddng \u0111\u1ed9 ch\u1ea3y<\/td>\n<td>290-385 MPa<\/td>\n<\/tr>\n<tr>\n<td>Ke\u0301o da\u0300i<\/td>\n<td>8-20%<\/td>\n<\/tr>\n<tr>\n<td>\u0110\u1ed9 c\u1ee9ng<\/td>\n<td>90-150 Vickers<\/td>\n<\/tr>\n<\/tbody>\n<\/table>\n<p>&nbsp;<\/p>\n<p class=\"whitespace-pre-wrap\">Vi\u1ec7c b\u1ed5 sung \u0111\u1ed3ng d\u1eabn \u0111\u1ebfn s\u1ef1 t\u0103ng \u0111\u00e1ng k\u1ec3 v\u1ec1 \u0111\u1ed9 b\u1ec1n \u0111\u1ed3ng th\u1eddi duy tr\u00ec \u0111\u1ed9 d\u1ebbo v\u1eeba ph\u1ea3i v\u00e0 \u0111\u1ed9 b\u1ec1n m\u1ecfi tuy\u1ec7t v\u1eddi th\u00f4ng qua t\u00f4i luy\u1ec7n k\u1ebft t\u1ee7a. N\u00f3 cung c\u1ea5p s\u1ef1 k\u1ebft h\u1ee3p t\u1ed1i \u01b0u c\u00e1c \u0111\u1eb7c t\u00ednh cho c\u00e1c \u1ee9ng d\u1ee5ng hi\u1ec7u su\u1ea5t cao.<\/p>\n<h2>Ph\u01b0\u01a1ng ph\u00e1p s\u1ea3n xu\u1ea5t b\u1ed9t nh\u00f4m Al 2024<\/h2>\n<p class=\"whitespace-pre-wrap\">C\u00e1c ph\u01b0\u01a1ng ph\u00e1p s\u1ea3n xu\u1ea5t b\u1ed9t Al 2024 th\u01b0\u01a1ng m\u1ea1i bao g\u1ed3m:<\/p>\n<ul class=\"list-disc pl-8 space-y-2\">\n<li class=\"whitespace-normal\"><strong>Gas atomization translated to Vietnamese would be \"Ph\u00e2n t\u1eed ho\u00e1 kh\u00ed.\"<\/strong>?- D\u00f2ng h\u1ee3p kim n\u00f3ng ch\u1ea3y b\u1ecb c\u00e1c lu\u1ed3ng kh\u00ed tr\u01a1 \u00e1p su\u1ea5t cao ph\u00e2n r\u00e3 th\u00e0nh b\u1ed9t c\u1ea7u m\u1ecbn. Ph\u00e2n b\u1ed1 k\u00edch th\u01b0\u1edbc h\u1ea1t \u0111\u01b0\u1ee3c ki\u1ec3m so\u00e1t.<\/li>\n<li class=\"whitespace-normal\"><strong>Nguy\u00ean t\u1eed h\u00f3a n\u01b0\u1edbc<\/strong>?- D\u00f2ng n\u01b0\u1edbc v\u1eadn t\u1ed1c cao t\u00e1c \u0111\u1ed9ng v\u00e0 l\u00e0m v\u1ee1 lu\u1ed3ng kim lo\u1ea1i n\u00f3ng ch\u1ea3y t\u1ea1o th\u00e0nh b\u1ed9t m\u1ecbn kh\u00f4ng \u0111\u1ec1u.<\/li>\n<li class=\"whitespace-normal\"><strong>H\u1ee3p kim c\u01a1 h\u1ecdc<\/strong>?- Tr\u1ed9n h\u1ed7n h\u1ee3p b\u1ed9t nh\u00f4m v\u00e0 h\u1ee3p kim theo kh\u1ed1i l\u01b0\u1ee3ng b\u1eb1ng c\u00e1ch nghi\u1ec1n b\u1eb1ng m\u00e1y sau \u0111\u00f3 n\u00e9n ngu\u1ed9i v\u00e0 nung k\u1ebft.<\/li>\n<li class=\"whitespace-normal\"><strong>\u0110i\u1ec7n ph\u00e2n<\/strong>?- Nh\u00f4m \u0111\u01b0\u1ee3c s\u1ea3n xu\u1ea5t th\u00f4ng qua qu\u00e1 tr\u00ecnh \u0111i\u1ec7n ph\u00e2n, sau \u0111\u00f3 \u0111\u01b0\u1ee3c h\u1ee3p kim h\u00f3a v\u00e0 phun s\u01b0\u01a1ng.<\/li>\n<\/ul>\n<p class=\"whitespace-pre-wrap\">Qu\u00e1 tr\u00ecnh phun kh\u00ed cho kh\u1ea3 n\u0103ng ki\u1ec3m so\u00e1t t\u1ed1t nh\u1ea5t c\u00e1c \u0111\u1eb7c t\u00ednh h\u1ea1t nh\u01b0 k\u00edch th\u01b0\u1edbc, h\u00ecnh d\u1ea1ng v\u00e0 c\u1ea5u tr\u00fac vi m\u00f4.<\/p>\n<h2>\u1ee8ng d\u1ee5ng c\u1ee7a b\u1ed9t Al 2024<\/h2>\n<p class=\"whitespace-pre-wrap\">C\u00e1c \u1ee9ng d\u1ee5ng ch\u00ednh c\u1ee7a b\u1ed9t Al 2024 bao g\u1ed3m:<\/p>\n<ul class=\"list-disc pl-8 space-y-2\">\n<li class=\"whitespace-normal\"><strong>s\u1ea3n xu\u1ea5t b\u1ed3i \u0111\u1eafp<\/strong>- \u0110\u01b0\u1ee3c s\u1eed d\u1ee5ng trong c\u00f4ng ngh\u1ec7 nung ch\u1ea3y laser ch\u1ecdn l\u1ecdc, thi\u00eau k\u1ebft laser kim lo\u1ea1i tr\u1ef1c ti\u1ebfp \u0111\u1ec3 s\u1ea3n xu\u1ea5t c\u00e1c th\u00e0nh ph\u1ea7n h\u00e0ng kh\u00f4ng v\u0169 tr\u1ee5 v\u00e0 \u00f4 t\u00f4 ph\u1ee9c t\u1ea1p.<\/li>\n<li class=\"whitespace-normal\"><strong>\u0110\u00fac phun kim lo\u1ea1i<\/strong>?- S\u1ea3n xu\u1ea5t nh\u1eefng b\u1ed9 ph\u1eadn nh\u1ecf ph\u1ee9c t\u1ea1p c\u00f3 \u0111\u1ed9 b\u1ec1n c\u01a1 h\u1ecdc v\u00e0 kh\u1ea3 n\u0103ng ch\u1ed1ng \u0103n m\u00f2n t\u1ed1t.<\/li>\n<li class=\"whitespace-normal\"><strong>Lu\u00e2n kim thu\u1eadt b\u1ed9t<\/strong>- \u00c9p v\u00e0 nung k\u1ebft \u0111\u1ec3 s\u1ea3n xu\u1ea5t c\u00e1c b\u1ed9 ph\u1eadn m\u00e1y m\u00f3c v\u00e0 \u00f4 t\u00f4 hi\u1ec7u su\u1ea5t cao.<\/li>\n<li class=\"whitespace-normal\"><strong>\"Phun nhi\u1ec7t\"<\/strong>?- Phun plasma ho\u1eb7c h\u1ed3 quang \u0111\u1ec3 ph\u1ee7 c\u00e1c l\u1edbp b\u1ea3o v\u1ec7 b\u1eb1ng nh\u00f4m 2024 ch\u1ed1ng m\u00e0i m\u00f2n v\u00e0 \u0103n m\u00f2n.<\/li>\n<li class=\"whitespace-normal\"><strong>V\u1eadt h\u00e0n<\/strong>?- \u0110\u01b0\u1ee3c s\u1eed d\u1ee5ng nh\u01b0 d\u00e2y h\u00e0n\/que h\u00e0n \u0111\u1ec3 h\u00e0n h\u1ed3 quang h\u1ee3p kim nh\u00f4m. Cung c\u1ea5p \u0111\u1ed9 b\u1ec1n m\u1ed1i h\u00e0n tuy\u1ec7t v\u1eddi.<\/li>\n<li class=\"whitespace-normal\"><strong>Pyrotechnics in Vietnamese is translated as \"Ph\u00e1o Hoa.\"<\/strong>Th\u00eam v\u00e0o c\u00e1c c\u00f4ng th\u1ee9c ph\u00e1o hoa nh\u01b0 m\u1ed9t lo\u1ea1i nhi\u00ean li\u1ec7u do t\u00ednh ch\u00e1y c\u1ee7a nh\u00f4m.<\/li>\n<\/ul>\n<h2>Th\u00f4ng s\u1ed1 k\u1ef9 thu\u1eadt c\u1ee7a b\u1ed9t Al 2024<\/h2>\n<p class=\"whitespace-pre-wrap\">S\u1eed d\u1ee5ng b\u1ed9t Al 2024 c\u00f3 s\u1eb5n trong c\u00e1c ph\u1ea1m vi k\u00edch th\u01b0\u1edbc, h\u00ecnh d\u1ea1ng v\u00e0 c\u1ea5p bao g\u1ed3m:<\/p>\n<ul class=\"list-disc pl-8 space-y-2\">\n<li class=\"whitespace-normal\"><strong>K\u00edch th\u01b0\u1edbc h\u1ea1t:<\/strong>?10 &#8211; 150 micromet cho AM, l\u00ean \u0111\u1ebfn 300 micromet cho c\u00e1c quy tr\u00ecnh phun nhi\u1ec7t.<\/li>\n<li class=\"whitespace-normal\"><strong>H\u00ecnh th\u00e1i h\u1ecdc:<\/strong>?H\u1ea1t c\u1ea7u, h\u1ea1t d\u1ea1ng h\u1ea1t, h\u1ea1t d\u1ea1ng c\u00e2y v\u00e0 h\u1ea1t h\u00ecnh v\u00f4 \u0111\u1ecbnh h\u00ecnh. B\u1ed9t m\u1ecbn ch\u1ea3y t\u1ed1t h\u01a1n.<\/li>\n<li class=\"whitespace-normal\"><strong>\u0110i\u1ec3m<\/strong>?Tu\u00e2n th\u1ee7 c\u00e1c th\u00f4ng s\u1ed1 k\u0129 thu\u1eadt c\u1ee7a AMS 4255, ASTM B221, EN 573-3, ISO 209 v\u00e0 c\u00e1c lo\u1ea1i t\u00f9y ch\u1ec9nh kh\u00e1c.<\/li>\n<li class=\"whitespace-normal\"><strong>\u0110\u1ed9 tinh khi\u1ebft:<\/strong>T\u1eeb th\u01b0\u01a1ng m\u1ea1i \u0111\u1ebfn m\u1ee9c \u0111\u1ed9 tinh khi\u1ebft cao d\u1ef1a tr\u00ean th\u00e0nh ph\u1ea7n h\u00f3a h\u1ecdc v\u00e0 nhu c\u1ea7u \u1ee9ng d\u1ee5ng.<\/li>\n<\/ul>\n<h2>Nh\u00e0 cung c\u1ea5p b\u1ed9t Al 2024 to\u00e0n c\u1ea7u<\/h2>\n<p class=\"whitespace-pre-wrap\">M\u1ed9t s\u1ed1 nh\u00e0 cung c\u1ea5p l\u1edbn tr\u00ean to\u00e0n th\u1ebf gi\u1edbi l\u00e0:<\/p>\n<ul class=\"list-disc pl-8 space-y-2\">\n<li class=\"whitespace-normal\">Sandvik Osprey (Anh)<\/li>\n<li class=\"whitespace-normal\">C\u00f4ng ty Valimet Inc. (Hoa K\u1ef3)<\/li>\n<li class=\"whitespace-normal\">TLS Technik (\u0110\u1ee9c)<\/li>\n<li class=\"whitespace-normal\">CNPC Powder Group (Trung Qu\u1ed1c)<\/li>\n<li class=\"whitespace-normal\">C\u00f4ng ty b\u1ed9t kim lo\u1ea1i (Hoa K\u1ef3)<\/li>\n<li class=\"whitespace-normal\">Makin Metal Powders (V\u01b0\u01a1ng qu\u1ed1c Anh)<\/li>\n<li class=\"whitespace-normal\">AMETEK \u0110\u1ecdc h\u1ee3p kim (M\u1ef9)<\/li>\n<\/ul>\n<p class=\"whitespace-pre-wrap\">C\u00e1c c\u00f4ng ty n\u00e0y s\u1ea3n xu\u1ea5t Al b\u1ed9t 2024 ph\u00f9 h\u1ee3p v\u1edbi AM, phun nhi\u1ec7t, \u00f4 t\u00f4, h\u00e0ng kh\u00f4ng v\u0169 tr\u1ee5 v\u00e0 c\u00e1c \u1ee9ng d\u1ee5ng \u0111\u00f2i h\u1ecfi kh\u1eaft khe kh\u00e1c.<\/p>\n<h2>Gi\u00e1 B\u1ed9t n\u0103m 2024<\/h2>\n<p class=\"whitespace-pre-wrap\">Gi\u00e1 c\u1ee7a b\u1ed9t Al 2024 ph\u1ee5 thu\u1ed9c v\u00e0o c\u00e1c nh\u00e2n t\u1ed1 nh\u01b0:<\/p>\n<ul class=\"list-disc pl-8 space-y-2\">\n<li class=\"whitespace-normal\">M\u1ee9c \u0111\u1ed9 tinh khi\u1ebft<\/li>\n<li class=\"whitespace-normal\">\u0110\u1eb7c \u0111i\u1ec3m v\u00e0 ch\u1ea5t l\u01b0\u1ee3ng b\u1ed9t<\/li>\n<li class=\"whitespace-normal\">Ph\u01b0\u01a1ng ph\u00e1p s\u1ea3n xu\u1ea5t<\/li>\n<li class=\"whitespace-normal\">S\u1ed1 l\u01b0\u1ee3ng \u0111\u01a1n h\u00e0ng<\/li>\n<li class=\"whitespace-normal\">Nh\u00e0 cung c\u1ea5p v\u00e0 v\u1ecb tr\u00ed<\/li>\n<\/ul>\n<table>\n<thead>\n<tr>\n<th>L\u1edbp<\/th>\n<th>M\u1ee9c gi\u00e1<\/th>\n<\/tr>\n<\/thead>\n<tbody>\n<tr>\n<td>Qu\u1ea3ng c\u00e1o<\/td>\n<td>8.000-15.000 VN\u0110 m\u1ed9t kg<\/td>\n<\/tr>\n<tr>\n<td>\u0110\u1ed9 tinh khi\u1ebft cao<\/td>\n<td>15.000-30.000 \u0111\/kg<\/td>\n<\/tr>\n<tr>\n<td>Si\u00eau m\u1ecbn<\/td>\n<td>30-60 \u0111\u00f4 la\/kg<\/td>\n<\/tr>\n<tr>\n<td>H\u1ea1ng \u0111\u1eb7c bi\u1ec7t<\/td>\n<td>$50-100 m\u1ed7i kg<\/td>\n<\/tr>\n<\/tbody>\n<\/table>\n<p>&nbsp;<\/p>\n<p class=\"whitespace-pre-wrap\">Th\u1ed5i kh\u00ed nguy\u00ean t\u1eed h\u00f3a, h\u1ee3p kim \u0111\u1ed9 tinh khi\u1ebft cao v\u00e0 theo y\u00eau c\u1ea7u c\u00f3 gi\u00e1 cao h\u01a1n nhi\u1ec1u so v\u1edbi b\u1ed9t c\u1ea5p th\u01b0\u01a1ng m\u1ea1i th\u01b0\u1eddng d\u00f9ng.<\/p>\n<h2>L\u01b0u tr\u1eef v\u00e0 X\u1eed l\u00fd B\u1ed9t Al 2024<\/h2>\n<p class=\"whitespace-pre-wrap\">B\u1ed9t Al 2024 c\u1ea7n \u0111\u01b0\u1ee3c l\u01b0u tr\u1eef v\u00e0 x\u1eed l\u00fd c\u1ea9n th\u1eadn \u0111\u1ec3 ng\u0103n ng\u1eeba:<\/p>\n<ul class=\"list-disc pl-8 space-y-2\">\n<li class=\"whitespace-normal\">Qu\u00e1 tr\u00ecnh oxy h\u00f3a v\u00e0 ph\u1ea3n \u1ee9ng v\u1edbi \u0111\u1ed9 \u1ea9m<\/li>\n<li class=\"whitespace-normal\">V\u1ee5 n\u1ed5 b\u1ee5i t\u1eeb vi\u1ec7c k\u00edch ho\u1ea1t b\u1ed9t m\u1ecbn<\/li>\n<li class=\"whitespace-normal\">C\u00e1c v\u1ea5n \u0111\u1ec1 s\u1ee9c kh\u1ecfe li\u00ean quan \u0111\u1ebfn vi\u1ec7c h\u00edt ph\u1ea3i<\/li>\n<li class=\"whitespace-normal\">C\u1ea7n tu\u00e2n theo c\u00e1c bi\u1ec7n ph\u00e1p \u0111\u1ea3m b\u1ea3o an to\u00e0n do nh\u00e0 cung c\u1ea5p \u0111\u1ec1 ngh\u1ecb<\/li>\n<\/ul>\n<p class=\"whitespace-pre-wrap\">N\u00ean s\u1eed d\u1ee5ng ch\u0103n che tr\u01a1 kh\u00ed, ti\u1ebfp \u0111\u1ecba ph\u00f9 h\u1ee3p, th\u00f4ng gi\u00f3 v\u00e0 \u0111\u1ed3 b\u1ea3o h\u1ed9 c\u00e1 nh\u00e2n khi ch\u1ebf bi\u1ebfn b\u1ed9t.<\/p>\n<h2>Ph\u01b0\u01a1ng ph\u00e1p th\u1eed nghi\u1ec7m v\u00e0 \u0111\u1eb7c \u0111i\u1ec3m<\/h2>\n<p class=\"whitespace-pre-wrap\">C\u00e1c ph\u01b0\u01a1ng ph\u00e1p ki\u1ec3m tra ch\u00ednh s\u1eed d\u1ee5ng cho b\u1ed9t Al 2024 bao g\u1ed3m:<\/p>\n<ul class=\"list-disc pl-8 space-y-2\">\n<li class=\"whitespace-normal\">Ph\u00e2n t\u00edch h\u00f3a h\u1ecdc s\u1eed d\u1ee5ng ph\u1ed5 k\u1ebf OES ho\u1eb7c XRF<\/li>\n<li class=\"whitespace-normal\">Ph\u00e2n b\u1ed1 k\u00edch th\u01b0\u1edbc h\u1ea1t theo ti\u00eau chu\u1ea9n ASTM B822<\/li>\n<li class=\"whitespace-normal\">Ph\u00e2n t\u00edch h\u00ecnh th\u00e1i qua k\u00ednh hi\u1ec3n vi \u0111i\u1ec7n t\u1eed qu\u00e9t<\/li>\n<li class=\"whitespace-normal\">\u0110o l\u01b0u l\u01b0\u1ee3ng b\u1ed9t b\u1eb1ng l\u01b0u l\u01b0\u1ee3ng k\u1ebf Hall<\/li>\n<li class=\"whitespace-normal\">\u0110o m\u1eadt \u0111\u1ed9 b\u1eb1ng ph\u01b0\u01a1ng ph\u00e1p pycnometry helium<\/li>\n<li class=\"whitespace-normal\">Ki\u1ec3m tra t\u1ea1p ch\u1ea5t b\u1eb1ng ICP-MS<\/li>\n<li class=\"whitespace-normal\">Ph\u00e2n t\u00edch vi c\u1ea5u tr\u00fac b\u1eb1ng nhi\u1ec5u x\u1ea1 tia X<\/li>\n<\/ul>\n<p class=\"whitespace-pre-wrap\">Nh\u1eefng x\u00e9t nghi\u1ec7m n\u00e0y \u0111\u1ea3m b\u1ea3o b\u1ed9t \u0111\u00e1p \u1ee9ng y\u00eau c\u1ea7u v\u1ec1 h\u00f3a h\u1ecdc, \u0111\u1eb7c t\u00ednh v\u1eadt l\u00fd v\u00e0 vi c\u1ea5u tr\u00fac theo nhu c\u1ea7u \u1ee9ng d\u1ee5ng.<\/p>\n<h2>So s\u00e1nh gi\u1eefa B\u1ed9t nh\u00f4m 2024 v\u00e0 b\u1ed9t nh\u00f4m 7075<\/h2>\n<p class=\"whitespace-pre-wrap\">Al 2024 v\u00e0 Al 7075 l\u00e0 hai lo\u1ea1i b\u1ed9t h\u1ee3p kim nh\u00f4m c\u01b0\u1eddng \u0111\u1ed9 cao \u0111\u01b0\u1ee3c so s\u00e1nh:<\/p>\n<table>\n<thead>\n<tr>\n<th>Tham s\u1ed1<\/th>\n<th>Al 2024<\/th>\n<th>Al 7075<\/th>\n<\/tr>\n<\/thead>\n<tbody>\n<tr>\n<td>Lo\u1ea1i h\u1ee3p kim<\/td>\n<td>C\u00f3 th\u1ec3 x\u1eed l\u00fd nhi\u1ec7t<\/td>\n<td>C\u00f3 th\u1ec3 x\u1eed l\u00fd nhi\u1ec7t<\/td>\n<\/tr>\n<tr>\n<td>H\u00e0m l\u01b0\u1ee3ng \u0111\u1ed3ng<\/td>\n<td>3.8-4.9%<\/td>\n<td>1.2-2%<\/td>\n<\/tr>\n<tr>\n<td>H\u00e0m l\u01b0\u1ee3ng Zn<\/td>\n<td>0-0.25%<\/td>\n<td>5.1-6.1%<\/td>\n<\/tr>\n<tr>\n<td>S\u1ee9c m\u1ea1nh<\/td>\n<td>Cao<\/td>\n<td>R\u1ea5t cao<\/td>\n<\/tr>\n<tr>\n<td>\u0110\u1ed9 d\u1ebbo g\u00e3y<\/td>\n<td>Cao h\u01a1n<\/td>\n<td>V\u1eeba \u0111\u1ee7<\/td>\n<\/tr>\n<tr>\n<td>Kh\u1ea3 n\u0103ng ch\u1ed1ng \u0103n m\u00f2n<\/td>\n<td>T\u1ed1t<\/td>\n<td>V\u1eeba \u0111\u1ee7<\/td>\n<\/tr>\n<tr>\n<td>Kh\u1ea3 n\u0103ng h\u00e0n<\/td>\n<td>C\u00f4ng b\u1eb1ng<\/td>\n<td>Y\u1ebfu<\/td>\n<\/tr>\n<tr>\n<td>Chi ph\u00ed<\/td>\n<td>Th\u1ea5p h\u01a1n<\/td>\n<td>Cao h\u01a1n<\/td>\n<\/tr>\n<\/tbody>\n<\/table>\n<p>&nbsp;<\/p>\n<p class=\"whitespace-pre-wrap\">Nh\u00f4m 2024 c\u00f3 kh\u1ea3 n\u0103ng ch\u1ebf t\u1ea1o t\u1ed1t h\u01a1n trong khi nh\u00f4m 7075 cung c\u1ea5p \u0111\u1ed9 b\u1ec1n r\u1ea5t cao sau khi x\u1eed l\u00fd nhi\u1ec7t. Nh\u00f4m 2024 ti\u1ebft ki\u1ec7m chi ph\u00ed h\u01a1n.<\/p>\n<h2>C\u00e1c c\u00e2u h\u1ecfi th\u01b0\u1eddng g\u1eb7p v\u1ec1 Al 2024 Powder n\u0103m 2024<\/h2>\n<p class=\"whitespace-pre-wrap\"><strong>Q: Quy tr\u00ecnh s\u1ea3n xu\u1ea5t b\u1ed9t nh\u00f4m Al 2024 nh\u01b0 th\u1ebf n\u00e0o?<\/strong><\/p>\n<p class=\"whitespace-pre-wrap\">A: B\u1ed9t Al 2024 \u0111\u01b0\u1ee3c s\u1ea3n xu\u1ea5t th\u01b0\u01a1ng m\u1ea1i b\u1eb1ng k\u1ef9 thu\u1eadt phun nguy\u00ean t\u1eed b\u1eb1ng kh\u00ed, phun nguy\u00ean t\u1eed b\u1eb1ng n\u01b0\u1edbc, h\u1ee3p kim c\u01a1 h\u1ecdc v\u00e0 \u0111i\u1ec7n ph\u00e2n. Phun nguy\u00ean t\u1eed b\u1eb1ng kh\u00ed cung c\u1ea5p kh\u1ea3 n\u0103ng ki\u1ec3m so\u00e1t k\u00edch th\u01b0\u1edbc v\u00e0 h\u00ecnh th\u00e1i h\u1ea1t t\u1ed1t nh\u1ea5t.<\/p>\n<p class=\"whitespace-pre-wrap\"><strong>H: Nh\u1eefng \u1ee9ng d\u1ee5ng ch\u00ednh c\u1ee7a b\u1ed9t nh\u00f4m 2024 l\u00e0 g\u00ec?<\/strong><\/p>\n<p class=\"whitespace-pre-wrap\">A: C\u00e1c \u1ee9ng d\u1ee5ng ch\u00ednh bao g\u1ed3m s\u1ea3n xu\u1ea5t ph\u1ee5 gia, phun nhi\u1ec7t, luy\u1ec7n kim b\u1ed9t, \u0111\u00fac phun kim lo\u1ea1i, ch\u1ea5t h\u00e0n v\u00e0 th\u00e0nh ph\u1ea7n ph\u00e1o hoa \u0111\u00f2i h\u1ecfi \u0111\u1ed9 b\u1ec1n cao v\u00e0 kh\u1ea3 n\u0103ng ch\u1ed1ng \u0103n m\u00f2n t\u1ed1t.<\/p>\n<p class=\"whitespace-pre-wrap\"><strong>H: K\u00edch th\u01b0\u1edbc h\u1ea1t \u0111i\u1ec3n h\u00ecnh \u0111\u01b0\u1ee3c s\u1eed d\u1ee5ng cho b\u1ed9t Al 2024 trong AM l\u00e0 g\u00ec?<\/strong><\/p>\n<p class=\"whitespace-pre-wrap\">A: Trong h\u1ea7u h\u1ebft c\u00e1c quy tr\u00ecnh in 3D kim lo\u1ea1i, ph\u1ea1m vi k\u00edch th\u01b0\u1edbc h\u1ea1t l\u00fd t\u01b0\u1edfng \u0111\u1ed1i v\u1edbi b\u1ed9t Al 2024 l\u00e0 15-45 micron v\u1edbi h\u00ecnh d\u1ea1ng c\u1ea7u v\u00e0 \u0111\u1eb7c \u0111i\u1ec3m d\u00f2ng ch\u1ea3y t\u1ed1t.<\/p>\n<p class=\"whitespace-pre-wrap\"><strong>H: B\u1ed9t Al 2024 c\u00f3 c\u1ea7n b\u1ea5t k\u1ef3 bi\u1ec7n ph\u00e1p ph\u00f2ng ng\u1eeba x\u1eed l\u00fd \u0111\u1eb7c bi\u1ec7t n\u00e0o kh\u00f4ng?<\/strong><\/p>\n<p class=\"whitespace-pre-wrap\">A: \u0110\u00fang, n\u00ean x\u1eed l\u00fd b\u1ed9t nh\u00f4m m\u1ecbn trong c\u00e1c lo\u1ea1i kh\u00ed tr\u01a1 b\u1eb1ng c\u00e1ch s\u1eed d\u1ee5ng ph\u01b0\u01a1ng ph\u00e1p n\u1ed1i \u0111\u1ea5t, th\u00f4ng gi\u00f3 v\u00e0 PPE th\u00edch h\u1ee3p \u0111\u1ec3 ng\u0103n ng\u1eeba nguy c\u01a1 ch\u00e1y n\u1ed5.<\/p>\n<p class=\"whitespace-pre-wrap\"><strong>Q: T\u00f4i c\u00f3 th\u1ec3 mua b\u1ed9t Al 2024 th\u00edch h\u1ee3p cho c\u00e1c th\u00e0nh ph\u1ea7n h\u00e0ng kh\u00f4ng v\u0169 tr\u1ee5 \u1edf \u0111\u00e2u?<\/strong><\/p>\n<p class=\"whitespace-pre-wrap\">A: C\u00f3 th\u1ec3 t\u00ecm th\u1ea5y b\u1ed9t Al 2024 nguy\u00ean t\u1eed h\u00f3a b\u1eb1ng kh\u00ed c\u00f3 \u0111\u1ed9 tinh khi\u1ebft cao \u0111\u00e1p \u1ee9ng c\u00e1c y\u00eau c\u1ea7u c\u1ee7a h\u00e0ng kh\u00f4ng v\u0169 tr\u1ee5 t\u1eeb c\u00e1c c\u00f4ng ty nh\u01b0 Sandvik Osprey, Valimet Inc., TLS Technik v\u00e0 AMETEK Reading Alloys.<\/p>\n<p><\/span><\/span><\/p>","protected":false},"excerpt":{"rendered":"<p>Overview of Al 2024 Powder Al 2024 is one of the most popular 2000 series wrought aluminum alloys known for its strength, fatigue resistance, and excellent machinability and corrosion resistance. The copper additions impart substantial strengthening through precipitation hardening while retaining formability and weldability. Key characteristics of Al 2024 powder include: High strength with moderate&#8230;<\/p>","protected":false},"featured_media":1802,"parent":0,"template":"","meta":{"_acf_changed":false,"_kad_blocks_custom_css":"","_kad_blocks_head_custom_js":"","_kad_blocks_body_custom_js":"","_kad_blocks_footer_custom_js":"","_kad_post_transparent":"","_kad_post_title":"","_kad_post_layout":"","_kad_post_sidebar_id":"","_kad_post_content_style":"","_kad_post_vertical_padding":"","_kad_post_feature":"","_kad_post_feature_position":"","_kad_post_header":false,"_kad_post_footer":false,"_kad_post_classname":""},"product-category":[119,124],"class_list":["post-3900","product","type-product","status-publish","has-post-thumbnail","hentry","product-category-3d-printing-metal-powder","product-category-aluminum-based-alloy-powder"],"acf":[],"taxonomy_info":{"product-category":[{"value":119,"label":"3D Printing Metal Powder"},{"value":124,"label":"Aluminum Based Alloy Powder"}]},"featured_image_src_large":["https:\/\/3dpmetal.com\/wp-content\/uploads\/2024\/02\/GA-Al-2024.png",981,745,false],"author_info":[],"comment_info":"","_links":{"self":[{"href":"https:\/\/3dpmetal.com\/vi\/wp-json\/wp\/v2\/product\/3900","targetHints":{"allow":["GET"]}}],"collection":[{"href":"https:\/\/3dpmetal.com\/vi\/wp-json\/wp\/v2\/product"}],"about":[{"href":"https:\/\/3dpmetal.com\/vi\/wp-json\/wp\/v2\/types\/product"}],"wp:featuredmedia":[{"embeddable":true,"href":"https:\/\/3dpmetal.com\/vi\/wp-json\/wp\/v2\/media\/1802"}],"wp:attachment":[{"href":"https:\/\/3dpmetal.com\/vi\/wp-json\/wp\/v2\/media?parent=3900"}],"wp:term":[{"taxonomy":"product-category","embeddable":true,"href":"https:\/\/3dpmetal.com\/vi\/wp-json\/wp\/v2\/product-category?post=3900"}],"curies":[{"name":"wp","href":"https:\/\/api.w.org\/{rel}","templated":true}]}}