{"id":3901,"date":"2024-03-18T06:10:12","date_gmt":"2024-03-18T06:10:12","guid":{"rendered":"https:\/\/3dp.45612300.xyz\/product\/al-6061-powder\/"},"modified":"2024-03-18T06:10:12","modified_gmt":"2024-03-18T06:10:12","slug":"al-6061-powder","status":"publish","type":"product","link":"https:\/\/3dpmetal.com\/vi\/product\/al-6061-powder\/","title":{"rendered":"B\u1ed9t Al 6061"},"content":{"rendered":"<p><span style=\"vertical-align: inherit;\"><span style=\"vertical-align: inherit;\"><\/p>\n<h2>T\u1ed5ng quan v\u1ec1 b\u1ed9t Al 6061<\/h2>\n<p class=\"whitespace-pre-wrap\">Al 6061 l\u00e0 m\u1ed9t trong nh\u1eefng h\u1ee3p kim nh\u00f4m \u0111a n\u0103ng c\u00f3 th\u1ec3 x\u1eed l\u00fd nhi\u1ec7t nh\u1ea5t. C\u00e1c th\u00e0nh ph\u1ea7n b\u1ed5 sung magi\u00ea v\u00e0 silic cho ph\u00e9p gia c\u1ed1 b\u1eb1ng c\u00e1ch t\u00f4i k\u1ebft t\u1ee7a. H\u1ee3p kim n\u00e0y tr\u1edf n\u00ean v\u00f4 c\u00f9ng ph\u1ed5 bi\u1ebfn do kh\u1ea3 n\u0103ng ch\u1ed1ng \u0103n m\u00f2n, gia c\u00f4ng, h\u00e0n t\u1ed1t v\u00e0 \u0111\u1ed9 b\u1ec1n t\u1eeb trung b\u00ecnh \u0111\u1ebfn cao.<\/p>\n<p class=\"whitespace-pre-wrap\">Nh\u1eefng \u0111\u1eb7c \u0111i\u1ec3m ch\u00ednh c\u1ee7a b\u1ed9t Al 6061 bao g\u1ed3m:<\/p>\n<ul class=\"list-disc pl-8 space-y-2\">\n<li class=\"whitespace-normal\">\u0110\u1ed9 b\u1ec1n trung b\u00ecnh \u0111\u1ebfn cao v\u1edbi kh\u1ea3 n\u0103ng k\u00e9o gi\u00e3n v\u00e0 \u0111\u1ed9 d\u1ebbo dai tuy\u1ec7t v\u1eddi<\/li>\n<li class=\"whitespace-normal\">Ch\u1ed1ng \u0103n m\u00f2n tuy\u1ec7t v\u1eddi v\u00e0 kh\u1ea3 n\u0103ng ho\u00e0n thi\u1ec7n<\/li>\n<li class=\"whitespace-normal\">T\u00ednh h\u00e0n r\u1ea5t t\u1ed1t v\u00e0 d\u1ec5 gia c\u00f4ng<\/li>\n<li class=\"whitespace-normal\">D\u1eabn nhi\u1ec7t v\u00e0 \u0111i\u1ec7n cao<\/li>\n<li class=\"whitespace-normal\">M\u1eadt \u0111\u1ed9 th\u1ea5p<\/li>\n<li class=\"whitespace-normal\">C\u00f3 s\u1eb5n nhi\u1ec1u lo\u1ea1i k\u00edch c\u1ee1 v\u00e0 h\u00ecnh d\u1ea1ng b\u1ed9t<\/li>\n<\/ul>\n<p class=\"whitespace-pre-wrap\">B\u1ed9t Al 6061 \u0111\u01b0\u1ee3c s\u1eed d\u1ee5ng r\u1ed9ng r\u00e3i cho h\u00e0ng kh\u00f4ng v\u0169 tr\u1ee5, h\u00e0ng h\u1ea3i, \u00f4 t\u00f4, x\u00e2y d\u1ef1ng v\u00e0 c\u00e1c \u1ee9ng d\u1ee5ng k\u1ef9 thu\u1eadt n\u00f3i chung c\u1ea7n tr\u1ecdng l\u01b0\u1ee3ng nh\u1eb9 v\u00e0 c\u00e1c \u0111\u1eb7c t\u00ednh c\u01a1 h\u1ecdc t\u1ed1t.<\/p>\n<h2>Th\u00e0nh ph\u1ea7n h\u00f3a h\u1ecdc c\u1ee7a b\u1ed9t nh\u00f4m 6061<\/h2>\n<p class=\"whitespace-pre-wrap\">Th\u00e0nh ph\u1ea7n h\u00f3a h\u1ecdc \u0111i\u1ec3n h\u00ecnh c\u1ee7a b\u1ed9t Al 6061 nh\u01b0 sau:<\/p>\n<table>\n<thead>\n<tr>\n<th>Nguy\u00ean t\u1ed1<\/th>\n<th>T\u1ec9 tr\u1ecdng<\/th>\n<\/tr>\n<\/thead>\n<tbody>\n<tr>\n<td>Nh\u00f4m (Al)<\/td>\n<td>S\u1ef1 c\u00e2n b\u1eb1ng<\/td>\n<\/tr>\n<tr>\n<td>Silic (Si)<\/td>\n<td>0.4-0.8%<\/td>\n<\/tr>\n<tr>\n<td>Iron (Fe)<\/td>\n<td>0-0.7%<\/td>\n<\/tr>\n<tr>\n<td>\u0110\u1ed3ng (Cu)<\/td>\n<td>0.15-0.4%<\/td>\n<\/tr>\n<tr>\n<td>Mangan (Mn)<\/td>\n<td>0-0.15%<\/td>\n<\/tr>\n<tr>\n<td>Magie (Mg)<\/td>\n<td>0.8-1.2%<\/td>\n<\/tr>\n<tr>\n<td>Crom (Cr)<\/td>\n<td>0.04-0.35%<\/td>\n<\/tr>\n<tr>\n<td>K\u1ebdm (Zn)<\/td>\n<td>0-0.25%<\/td>\n<\/tr>\n<tr>\n<td>Titanium (Ti)<\/td>\n<td>0-0.15%<\/td>\n<\/tr>\n<\/tbody>\n<\/table>\n<p><img loading=\"lazy\" decoding=\"async\" class=\"size-medium wp-image-1409 aligncenter\" src=\"https:\/\/met3dp.com\/wp-content\/uploads\/2023\/09\/ed7a94ec-3c10-4b1b-87ed--300x300.jpg\" alt=\"B\u1ed9t Al 6061\" width=\"300\" height=\"300\" title=\"\"><\/p>\n<p class=\"whitespace-pre-wrap\">Magi\u00ea v\u00e0 silic l\u00e0 nh\u1eefng nguy\u00ean t\u1ed1 h\u1ee3p kim ch\u00ednh. L\u01b0\u1ee3ng v\u1ebft c\u1ee7a s\u1eaft, \u0111\u1ed3ng, mangan v\u00e0 crom c\u0169ng c\u00f3 \u1ea3nh h\u01b0\u1edfng nh\u1ecf \u0111\u1ebfn c\u00e1c t\u00ednh ch\u1ea5t c\u1ee7a h\u1ee3p kim.<\/p>\n<h2>T\u00ednh ch\u1ea5t c\u1ee7a b\u1ed9t Al 6061<\/h2>\n<p class=\"whitespace-pre-wrap\">C\u00e1c t\u00ednh ch\u1ea5t ch\u00ednh c\u1ee7a b\u1ed9t Al 6061 bao g\u1ed3m:<\/p>\n<table>\n<thead>\n<tr>\n<th>B\u1ea5t \u0111\u1ed9ng s\u1ea3n<\/th>\n<th>Gi\u00e1 tr\u1ecb<\/th>\n<\/tr>\n<\/thead>\n<tbody>\n<tr>\n<td>M\u1eadt \u0111\u1ed9<\/td>\n<td>2,7 g\/cm3<\/td>\n<\/tr>\n<tr>\n<td>\u0110i\u1ec3m N\u00f3ng Ch\u1ea3y<\/td>\n<td>582-652\u00a1\u00abC<\/td>\n<\/tr>\n<tr>\n<td>\u0110\u1ed9 d\u1eabn nhi\u1ec7t<\/td>\n<td>167 W\/mK<\/td>\n<\/tr>\n<tr>\n<td>\u0110\u1ed9 d\u1eabn \u0111i\u1ec7n<\/td>\n<td>43-45% IACS<\/td>\n<\/tr>\n<tr>\n<td>M\u00f4-\u0111un Young<\/td>\n<td>68\u201372 GPa<\/td>\n<\/tr>\n<tr>\n<td>H\u1ec7 s\u1ed1 Poisson<\/td>\n<td>0.33<\/td>\n<\/tr>\n<tr>\n<td>\u0110\u1ed9 b\u1ec1n k\u00e9o<\/td>\n<td>124-290 MPa<\/td>\n<\/tr>\n<tr>\n<td>C\u01b0\u1eddng \u0111\u1ed9 ch\u1ea3y<\/td>\n<td>55-250 MPa<\/td>\n<\/tr>\n<tr>\n<td>Ke\u0301o da\u0300i<\/td>\n<td>10-25%<\/td>\n<\/tr>\n<tr>\n<td>\u0110\u1ed9 c\u1ee9ng<\/td>\n<td>40-95 Brinell<\/td>\n<\/tr>\n<\/tbody>\n<\/table>\n<p>&nbsp;<\/p>\n<p class=\"whitespace-pre-wrap\">H\u1ee3p kim 6061 mang l\u1ea1i \u0111\u1ed9 b\u1ec1n trung b\u00ecnh \u0111\u1ebfn cao c\u00f3 th\u1ec3 \u0111\u01b0\u1ee3c t\u0103ng c\u01b0\u1eddng th\u00eam th\u00f4ng qua x\u1eed l\u00fd nhi\u1ec7t. N\u00f3 c\u00f3 kh\u1ea3 n\u0103ng ch\u1ed1ng \u0103n m\u00f2n v\u00e0 ho\u00e0n thi\u1ec7n tuy\u1ec7t v\u1eddi.<\/p>\n<h2>Ph\u01b0\u01a1ng ph\u00e1p s\u1ea3n xu\u1ea5t b\u1ed9t Al 6061<\/h2>\n<p class=\"whitespace-pre-wrap\">Ph\u01b0\u01a1ng ph\u00e1p s\u1ea3n xu\u1ea5t th\u01b0\u01a1ng m\u1ea1i \u0111\u1ed1i v\u1edbi b\u1ed9t Al 6061 bao g\u1ed3m:<\/p>\n<ul class=\"list-disc pl-8 space-y-2\">\n<li class=\"whitespace-normal\"><strong>Gas atomization translated to Vietnamese would be \"Ph\u00e2n t\u1eed ho\u00e1 kh\u00ed.\"<\/strong>? - Kh\u00ed tr\u01a1 c\u00f4ng su\u1ea5t l\u1edbn l\u00e0m t\u00e1ch d\u00f2ng h\u1ee3p kim n\u00f3ng ch\u1ea3y th\u00e0nh b\u1ed9t c\u1ea7u m\u1ecbn c\u00f3 k\u00edch th\u01b0\u1edbc ph\u00e2n b\u1ed1 \u0111\u01b0\u1ee3c ki\u1ec3m so\u00e1t.<\/li>\n<li class=\"whitespace-normal\"><strong>Nguy\u00ean t\u1eed h\u00f3a n\u01b0\u1edbc<\/strong>?- S\u1ee9c n\u01b0\u1edbc t\u1ed1c \u0111\u1ed9 cao t\u00e1c \u0111\u1ed9ng v\u00e0 ph\u00e1 v\u1ee1 kim lo\u1ea1i n\u00f3ng ch\u1ea3y \u0111\u1ec3 t\u1ea1o ra c\u00e1c h\u1ea1t b\u1ed9t m\u1ecbn kh\u00f4ng \u0111\u1ec1u.<\/li>\n<li class=\"whitespace-normal\"><strong>H\u1ee3p kim c\u01a1 h\u1ecdc<\/strong>?- Nghi\u1ec1n h\u1ed7n h\u1ee3p c\u00e1c lo\u1ea1i b\u1ed9t nh\u00f4m v\u00e0 b\u1ed9t h\u1ee3p kim sau \u0111\u00f3 n\u00e9n v\u00e0 nung n\u00f3ng thi\u00eau k\u1ebft.<\/li>\n<\/ul>\n<p class=\"whitespace-pre-wrap\">Phun s\u01b0\u01a1ng kh\u00ed cung c\u1ea5p kh\u1ea3 n\u0103ng ki\u1ec3m so\u00e1t tuy\u1ec7t v\u1eddi \u0111\u1ed1i v\u1edbi c\u00e1c \u0111\u1eb7c \u0111i\u1ec3m c\u1ee7a b\u1ed9t.<\/p>\n<h2>\u1ee8ng d\u1ee5ng c\u1ee7a b\u1ed9t nh\u00f4m 6061<\/h2>\n<p class=\"whitespace-pre-wrap\">C\u00e1c \u1ee9ng d\u1ee5ng \u0111i\u1ec3n h\u00ecnh c\u1ee7a nh\u00f4m b\u1ed9t Al 6061 bao g\u1ed3m:<\/p>\n<ul class=\"list-disc pl-8 space-y-2\">\n<li class=\"whitespace-normal\"><strong>s\u1ea3n xu\u1ea5t b\u1ed3i \u0111\u1eafp<\/strong>?- \u0110\u01b0\u1ee3c s\u1eed d\u1ee5ng trong c\u00f4ng ngh\u1ec7 nung ch\u1ea3y laser ch\u1ecdn l\u1ecdc, nung ch\u1ea3y ch\u00f9m \u0111i\u1ec7n t\u1eed, v\u00e0 phun ch\u1ea5t k\u1ebft d\u00ednh \u0111\u1ec3 s\u1ea3n xu\u1ea5t c\u00e1c th\u00e0nh ph\u1ea7n ph\u1ee9c t\u1ea1p.<\/li>\n<li class=\"whitespace-normal\"><strong>\u0110\u00fac phun kim lo\u1ea1i<\/strong>- S\u1ea3n xu\u1ea5t c\u00e1c b\u1ed9 ph\u1eadn nh\u1ecf ph\u1ee9c t\u1ea1p c\u00f3 dung sai ch\u1eb7t ch\u1ebd v\u00e0 c\u00e1c t\u00ednh ch\u1ea5t v\u01b0\u1ee3t tr\u1ed9i.<\/li>\n<li class=\"whitespace-normal\"><strong>Lu\u00e2n kim thu\u1eadt b\u1ed9t<\/strong>?- \u00c9p v\u00e0 thi\u00eau k\u1ebft t\u1ea1o ra c\u00e1c b\u1ed9 ph\u1eadn \u00f4 t\u00f4 v\u00e0 c\u01a1 h\u1ecdc hi\u1ec7u su\u1ea5t cao.<\/li>\n<li class=\"whitespace-normal\"><strong>\"Phun nhi\u1ec7t\"<\/strong>?- Phun h\u1ed3 quang d\u00e2y \u0111\u1ec3 ph\u1ee7 l\u1edbp ph\u1ee7 Al 6061 b\u1ea3o v\u1ec7 ch\u1ed1ng m\u00e0i m\u00f2n v\u00e0 \u0103n m\u00f2n.<\/li>\n<li class=\"whitespace-normal\"><strong>V\u1eadt h\u00e0n<\/strong>?- D\u00f9ng l\u00e0m d\u00e2y h\u00e0n \u0111\u1ec3 cung c\u1ea5p \u0111\u1ed9 b\u1ec1n m\u1ed1i h\u00e0n t\u01b0\u01a1ng t\u1ef1 nh\u01b0 kim lo\u1ea1i g\u1ed1c.<\/li>\n<li class=\"whitespace-normal\"><strong>Ch\u1ea5t m\u00e0u<\/strong>? - Th\u00eam v\u00e0o s\u01a1n v\u00e0 polyme \u0111\u1ec3 t\u1ea1o b\u00f3ng v\u00e0 ch\u1ed1ng \u0103n m\u00f2n.<\/li>\n<\/ul>\n<h2>Th\u00f4ng s\u1ed1 k\u1ef9 thu\u1eadt c\u1ee7a Al 6061 d\u1ea1ng b\u1ed9t<\/h2>\n<p class=\"whitespace-pre-wrap\">B\u1ed9t Al 6061 c\u00f3 s\u1eb5n trong nhi\u1ec1u k\u00edch th\u01b0\u1edbc, h\u00ecnh d\u1ea1ng, v\u00e0 \u0111\u1ed9 tinh khi\u1ebft kh\u00e1c nhau:<\/p>\n<ul class=\"list-disc pl-8 space-y-2\">\n<li class=\"whitespace-normal\"><strong>K\u00edch th\u01b0\u1edbc h\u1ea1t:<\/strong>?.T\u1eeb 10 - 150 micron cho c\u00e1c ph\u01b0\u01a1ng ph\u00e1p AM, l\u00ean \u0111\u1ebfn 300 micron cho c\u00e1c quy tr\u00ecnh phun nhi\u1ec7t.<\/li>\n<li class=\"whitespace-normal\"><strong>H\u00ecnh th\u00e1i h\u1ecdc:<\/strong>?H\u1ea1t c\u1ea7u, h\u1ea1t d\u1ea1ng h\u1ea1t, h\u1ea1t d\u1ea1ng c\u00e2y v\u00e0 h\u1ea1t h\u00ecnh v\u00f4 \u0111\u1ecbnh h\u00ecnh. B\u1ed9t m\u1ecbn ch\u1ea3y t\u1ed1t h\u01a1n.<\/li>\n<li class=\"whitespace-normal\"><strong>\u0110\u1ed9 tinh khi\u1ebft:<\/strong>?T\u1eeb th\u01b0\u01a1ng m\u1ea1i \u0111\u1ebfn \u0111\u1ed9 tinh khi\u1ebft cao (99.9%) t\u00f9y ch\u1ec9nh theo y\u00eau c\u1ea7u.<\/li>\n<li class=\"whitespace-normal\"><strong>\u0110i\u1ec3m<\/strong>Ph\u00f9 h\u1ee3p v\u1edbi c\u00e1c th\u00f4ng s\u1ed1 k\u1ef9 thu\u1eadt c\u1ee7a ASTM B221, EN 573 v\u00e0 ISO 209. C\u00f3 c\u1ea5p t\u00f9y ch\u1ec9nh.<\/li>\n<li class=\"whitespace-normal\"><strong>Kh\u1ea3 n\u0103ng ch\u1ea3y tr\u00f4i:<\/strong>?B\u1ed9t c\u00f3 th\u1ec3 t\u00f9y ch\u1ec9nh theo t\u1ed1c \u0111\u1ed9 d\u00f2ng ch\u1ea3y chu\u1ea9n t\u00f9y thu\u1ed9c theo \u1ee9ng d\u1ee5ng.<\/li>\n<\/ul>\n<h2>Nh\u00e0 cung c\u1ea5p b\u1ed9t Al 6061 to\u00e0n c\u1ea7u<\/h2>\n<p class=\"whitespace-pre-wrap\">M\u1ed9t s\u1ed1 nh\u00e0 cung c\u1ea5p to\u00e0n c\u1ea7u ch\u00ednh l\u00e0:<\/p>\n<ul class=\"list-disc pl-8 space-y-2\">\n<li class=\"whitespace-normal\">C\u00f4ng ty Valimet Inc. (Hoa K\u1ef3)<\/li>\n<li class=\"whitespace-normal\">Makin Metal Powders (V\u01b0\u01a1ng qu\u1ed1c Anh)<\/li>\n<li class=\"whitespace-normal\">C\u00f4ng ty b\u1ed9t kim lo\u1ea1i (Hoa K\u1ef3)<\/li>\n<li class=\"whitespace-normal\">CNPC Powder Group (Trung Qu\u1ed1c)<\/li>\n<li class=\"whitespace-normal\">SCM Metal Products (Hoa K\u1ef3)<\/li>\n<li class=\"whitespace-normal\">Shanghai Chaowei C\u00f4ng ngh\u1ec7 nano (Trung Qu\u1ed1c)<\/li>\n<li class=\"whitespace-normal\">B\u1ed9t titan (Nga)<\/li>\n<\/ul>\n<p class=\"whitespace-pre-wrap\">C\u00e1c c\u00f4ng ty n\u00e0y s\u1ea3n xu\u1ea5t b\u1ed9t Al 6061 ph\u00f9 h\u1ee3p cho AM, phun nhi\u1ec7t, h\u00e0ng kh\u00f4ng v\u0169 tr\u1ee5, \u00f4 t\u00f4 v\u00e0 c\u00e1c \u1ee9ng d\u1ee5ng \u0111\u00f2i h\u1ecfi cao kh\u00e1c b\u1eb1ng c\u00e1c ph\u01b0\u01a1ng ph\u00e1p kh\u00e1c nhau.<\/p>\n<h2>Gi\u00e1 b\u1ed9t Al 6061<\/h2>\n<p class=\"whitespace-pre-wrap\">Gi\u00e1 c\u1ee7a b\u1ed9t Al 6061 ph\u1ee5 thu\u1ed9c v\u00e0o m\u1ed9t s\u1ed1 y\u1ebfu t\u1ed1:<\/p>\n<ul class=\"list-disc pl-8 space-y-2\">\n<li class=\"whitespace-normal\">M\u1ee9c \u0111\u1ed9 tinh khi\u1ebft<\/li>\n<li class=\"whitespace-normal\">\u0110\u1eb7c \u0111i\u1ec3m c\u1ee7a h\u1ea1t<\/li>\n<li class=\"whitespace-normal\">Ph\u01b0\u01a1ng ph\u00e1p s\u1ea3n xu\u1ea5t b\u1ed9t<\/li>\n<li class=\"whitespace-normal\">Kh\u1ed1i l\u01b0\u1ee3ng \u0111\u01a1n h\u00e0ng<\/li>\n<li class=\"whitespace-normal\">Nh\u00e0 cung c\u1ea5p v\u00e0 v\u1ecb tr\u00ed \u0111\u1ecba l\u00fd<\/li>\n<\/ul>\n<table>\n<thead>\n<tr>\n<th>L\u1edbp<\/th>\n<th>M\u1ee9c gi\u00e1<\/th>\n<\/tr>\n<\/thead>\n<tbody>\n<tr>\n<td>Qu\u1ea3ng c\u00e1o<\/td>\n<td>5.000 - 15.000 \u0111\/kg<\/td>\n<\/tr>\n<tr>\n<td>\u0110\u1ed9 tinh khi\u1ebft cao<\/td>\n<td>15.000-30.000 \u0111\/kg<\/td>\n<\/tr>\n<tr>\n<td>Si\u00eau m\u1ecbn<\/td>\n<td>30-60 \u0111\u00f4 la\/kg<\/td>\n<\/tr>\n<tr>\n<td>H\u1ea1ng \u0111\u1eb7c bi\u1ec7t<\/td>\n<td>60-120 \u0111\u00f4\/kg<\/td>\n<\/tr>\n<\/tbody>\n<\/table>\n<p>&nbsp;<\/p>\n<p class=\"whitespace-pre-wrap\">B\u1ed9t c\u00f3 d\u1ea1ng h\u00ecnh c\u1ea7u, k\u00edch th\u01b0\u1edbc h\u1ea1t c\u00f3 th\u1ec3 ki\u1ec3m so\u00e1t \u0111\u01b0\u1ee3c v\u00e0 \u0111\u1ed9 tinh khi\u1ebft cao \u0111\u01b0\u1ee3c \u0111\u1ecbnh gi\u00e1 cao h\u01a1n nhi\u1ec1u so v\u1edbi m\u1ee9c th\u01b0\u01a1ng m\u1ea1i th\u00f4ng th\u01b0\u1eddng c\u1ee7a b\u1ed9t Al 6061.<\/p>\n<h2>L\u01b0u tr\u1eef v\u00e0 V\u1eadn chuy\u1ec3n B\u1ed9t Al 6061<\/h2>\n<p class=\"whitespace-pre-wrap\">Ph\u1ea3i b\u1ea3o qu\u1ea3n v\u00e0 x\u1eed l\u00fd b\u1ed9t Al 6061 \u0111\u00fang c\u00e1ch \u0111\u1ec3 \u0111\u1ec1 ph\u00f2ng:<\/p>\n<ul class=\"list-disc pl-8 space-y-2\">\n<li class=\"whitespace-normal\">Qu\u00e1 tr\u00ecnh oxy h\u00f3a v\u00e0 ph\u1ea3n \u1ee9ng v\u1edbi \u0111\u1ed9 \u1ea9m<\/li>\n<li class=\"whitespace-normal\">Nguy c\u01a1 n\u1ed5 b\u1ee5i t\u1eeb b\u1ed9t m\u1ecbn<\/li>\n<li class=\"whitespace-normal\">C\u00e1c v\u1ea5n \u0111\u1ec1 s\u1ee9c kh\u1ecfe li\u00ean quan \u0111\u1ebfn vi\u1ec7c h\u00edt ph\u1ea3i<\/li>\n<li class=\"whitespace-normal\">Tu\u00e2n th\u1ee7 c\u00e1c th\u1ef1c h\u00e0nh v\u1ec1 an to\u00e0n theo B\u1ea3ng d\u1eef li\u1ec7u an to\u00e0n (SDS) c\u1ee7a nh\u00e0 cung c\u1ea5p<\/li>\n<\/ul>\n<p class=\"whitespace-pre-wrap\">N\u00ean l\u01b0u tr\u1eef kh\u00ed tr\u01a1, th\u00f4ng gi\u00f3 \u0111\u1ea7y \u0111\u1ee7, n\u1ed1i \u0111\u1ea5t v\u00e0 s\u1eed d\u1ee5ng EPI khi ch\u1ebf bi\u1ebfn b\u1ed9t.<\/p>\n<h2>Ph\u01b0\u01a1ng ph\u00e1p th\u1eed nghi\u1ec7m v\u00e0 \u0111\u1eb7c \u0111i\u1ec3m<\/h2>\n<p class=\"whitespace-pre-wrap\">C\u00e1c ph\u01b0\u01a1ng ph\u00e1p th\u1eed nghi\u1ec7m quan tr\u1ecdng s\u1eed d\u1ee5ng cho b\u1ed9t Al 6061 g\u1ed3m:<\/p>\n<ul class=\"list-disc pl-8 space-y-2\">\n<li class=\"whitespace-normal\">Ph\u00e2n t\u00edch h\u00f3a h\u1ecdc d\u00f9ng OES ho\u1eb7c XRF cho th\u00e0nh ph\u1ea7n<\/li>\n<li class=\"whitespace-normal\">Ph\u00e2n b\u1ed1 k\u00edch th\u01b0\u1edbc h\u1ea1t theo ti\u00eau chu\u1ea9n ASTM B822<\/li>\n<li class=\"whitespace-normal\">Ph\u00e2n t\u00edch h\u00ecnh th\u00e1i qua SEM<\/li>\n<li class=\"whitespace-normal\">T\u1ed1c \u0111\u1ed9 d\u00f2ng ch\u1ea3y b\u1ed9t \u0111\u01b0\u1ee3c \u0111o b\u1eb1ng ph\u1ec5u Hall<\/li>\n<li class=\"whitespace-normal\">X\u00e1c \u0111\u1ecbnh m\u1eadt \u0111\u1ed9 b\u1eb1ng ph\u01b0\u01a1ng ph\u00e1p pycnometry heli<\/li>\n<li class=\"whitespace-normal\">Ki\u1ec3m tra t\u1ea1p ch\u1ea5t b\u1eb1ng ICP-MS<\/li>\n<li class=\"whitespace-normal\">Ph\u00e2n t\u00edch vi c\u1ea5u tr\u00fac b\u1eb1ng nhi\u1ec5u x\u1ea1 tia X<\/li>\n<\/ul>\n<p class=\"whitespace-pre-wrap\">C\u00e1c th\u1eed nghi\u1ec7m n\u00e0y \u0111\u1ea3m b\u1ea3o t\u00ednh nh\u1ea5t qu\u00e1n theo l\u00f4 v\u00e0 tu\u00e2n th\u1ee7 c\u00e1c y\u00eau c\u1ea7u \u1ee9ng d\u1ee5ng.<\/p>\n<h2>So s\u00e1nh gi\u1eefa b\u1ed9t Al 6061 v\u00e0 Al 7075<\/h2>\n<p class=\"whitespace-pre-wrap\">B\u1ed9t h\u1ee3p kim nh\u00f4m Al 6061 v\u00e0 Al 7075 l\u00e0 hai lo\u1ea1i b\u1ed9t so s\u00e1nh:<\/p>\n<table>\n<thead>\n<tr>\n<th>Tham s\u1ed1<\/th>\n<th>Al 6061<\/th>\n<th>Al 7075<\/th>\n<\/tr>\n<\/thead>\n<tbody>\n<tr>\n<td>Lo\u1ea1i h\u1ee3p kim<\/td>\n<td>C\u00f3 th\u1ec3 x\u1eed l\u00fd nhi\u1ec7t<\/td>\n<td>C\u00f3 th\u1ec3 x\u1eed l\u00fd nhi\u1ec7t<\/td>\n<\/tr>\n<tr>\n<td>H\u00e0m l\u01b0\u1ee3ng Mg<\/td>\n<td>0.8-1.2%<\/td>\n<td>2.1-2.9%<\/td>\n<\/tr>\n<tr>\n<td>S\u1ee9c m\u1ea1nh<\/td>\n<td>Trung b\u00ecnh<\/td>\n<td>R\u1ea5t cao<\/td>\n<\/tr>\n<tr>\n<td>Kh\u1ea3 n\u0103ng gia c\u00f4ng<\/td>\n<td>Xu\u1ea5t s\u1eafc<\/td>\n<td>Y\u1ebfu<\/td>\n<\/tr>\n<tr>\n<td>Kh\u1ea3 n\u0103ng h\u00e0n<\/td>\n<td>Xu\u1ea5t s\u1eafc<\/td>\n<td>Y\u1ebfu<\/td>\n<\/tr>\n<tr>\n<td>Kh\u1ea3 n\u0103ng ch\u1ed1ng \u0103n m\u00f2n<\/td>\n<td>Xu\u1ea5t s\u1eafc<\/td>\n<td>T\u1ed1t<\/td>\n<\/tr>\n<tr>\n<td>Chi ph\u00ed<\/td>\n<td>Th\u1ea5p h\u01a1n<\/td>\n<td>Cao h\u01a1n<\/td>\n<\/tr>\n<\/tbody>\n<\/table>\n<p>&nbsp;<\/p>\n<p class=\"whitespace-pre-wrap\">H\u1ee3p kim nh\u00f4m 6061 c\u00f3 kh\u1ea3 n\u0103ng ch\u1ed1ng \u0103n m\u00f2n v\u00e0 kh\u1ea3 n\u0103ng gia c\u00f4ng t\u1ed1t h\u01a1n trong khi h\u1ee3p kim nh\u00f4m 7075 c\u00f3 \u0111\u1ed9 b\u1ec1n cao h\u01a1n nhi\u1ec1u sau khi x\u1eed l\u00fd nhi\u1ec7t.<\/p>\n<h2>C\u00e2u h\u1ecfi th\u01b0\u1eddng g\u1eb7p v\u1ec1 b\u1ed9t Al 6061<\/h2>\n<p class=\"whitespace-pre-wrap\"><strong>H: B\u1ed9t Al 6061 \u0111\u01b0\u1ee3c ch\u1ebf t\u1ea1o b\u1eb1ng ph\u01b0\u01a1ng ph\u00e1p n\u00e0o?<\/strong><\/p>\n<p class=\"whitespace-pre-wrap\">A: S\u1eaft b\u1ed9t 6061 \u0111\u01b0\u1ee3c s\u1ea3n xu\u1ea5t th\u01b0\u01a1ng m\u1ea1i s\u1eed d\u1ee5ng c\u00e1c k\u1ef9 thu\u1eadt ph\u00e2n t\u1eed kh\u00ed, ph\u00e2n t\u1eed n\u01b0\u1edbc, h\u1ee3p kim c\u01a1 h\u1ecdc v\u00e0 \u0111i\u1ec7n ph\u00e2n. Ph\u00e2n t\u1eed kh\u00ed cung c\u1ea5p kh\u1ea3 n\u0103ng ki\u1ec3m so\u00e1t c\u00e1c \u0111\u1eb7c \u0111i\u1ec3m c\u1ee7a b\u1ed9t \u1edf m\u1ee9c t\u1ed1i \u01b0u.<\/p>\n<p class=\"whitespace-pre-wrap\"><strong>C: C\u00e1c \u1ee9ng d\u1ee5ng ch\u00ednh c\u1ee7a b\u1ed9t Al 6061 l\u00e0 g\u00ec?<\/strong><\/p>\n<p class=\"whitespace-pre-wrap\">C\u00e1c \u1ee9ng d\u1ee5ng ch\u1ee7 ch\u1ed1t c\u1ee7a b\u1ed9t Al 6061 bao g\u1ed3m l\u1edbp ph\u1ee7 phun nhi\u1ec7t, linh ki\u1ec7n luy\u1ec7n kim b\u1ed9t, \u0111\u00fac khu\u00f4n kim lo\u1ea1i, b\u1ed9t m\u00e0u v\u00e0 d\u00e2y h\u00e0n y\u00eau c\u1ea7u \u0111\u1ed9 b\u1ec1n v\u1eeba ph\u1ea3i v\u00e0 kh\u1ea3 n\u0103ng ch\u1ed1ng \u0103n m\u00f2n tuy\u1ec7t v\u1eddi.<\/p>\n<p class=\"whitespace-pre-wrap\"><strong>Q: K\u00edch th\u01b0\u1edbc h\u1ea1t b\u1ed9t Al 6061 \u0111\u01b0\u1ee3c khuy\u1ebfn ngh\u1ecb cho ph\u01b0\u01a1ng ph\u00e1p phun ch\u1ea5t k\u1ebft d\u00ednh l\u00e0 bao nhi\u00eau?<\/strong><\/p>\n<p class=\"whitespace-pre-wrap\">A: \u0110\u1ed1i v\u1edbi quy tr\u00ecnh phun li\u00ean k\u1ebft, c\u1ee1 h\u1ea1t b\u1ed9t Al 6061 th\u00f4ng th\u01b0\u1eddng n\u1eb1m trong ph\u1ea1m vi 20-45 micron v\u1edbi h\u00ecnh d\u1ea1ng c\u1ea7u \u0111\u1ec3 t\u1ea1o m\u1eadt \u0111\u1ed9 n\u1ec1n b\u1ed9t v\u00e0 \u0111\u1ed9 ng\u1ea5m li\u00ean k\u1ebft t\u1ed1t.<\/p>\n<p class=\"whitespace-pre-wrap\"><strong>H: B\u1ed9t Al 6061 c\u00f3 y\u00eau c\u1ea7u b\u1ea5t k\u1ef3 bi\u1ec7n ph\u00e1p ph\u00f2ng ng\u1eeba x\u1eed l\u00fd \u0111\u1eb7c bi\u1ec7t n\u00e0o kh\u00f4ng?<\/strong><\/p>\n<p class=\"whitespace-pre-wrap\">A: \u0110\u00fang, n\u00ean x\u1eed l\u00fd b\u1ed9t h\u1ee3p kim nh\u00f4m c\u1ea9n th\u1eadn trong m\u00f4i tr\u01b0\u1eddng kh\u00ed tr\u01a1, c\u00f3 h\u1ec7 th\u1ed1ng ti\u1ebfp \u0111\u1ecba, th\u00f4ng tho\u00e1ng th\u00edch h\u1ee3p v\u00e0 trang ph\u1ee5c b\u1ea3o h\u1ed9 \u0111\u1ec3 ph\u00f2ng ng\u1eeba nguy c\u01a1 ch\u00e1y n\u1ed5.<\/p>\n<p class=\"whitespace-pre-wrap\"><strong>H: T\u00f4i c\u00f3 th\u1ec3 mua lo\u1ea1i b\u1ed9t Al 6061 ph\u00f9 h\u1ee3p cho c\u00e1c \u1ee9ng d\u1ee5ng h\u00e0ng kh\u00f4ng v\u0169 tr\u1ee5 \u1edf \u0111\u00e2u?<\/strong><\/p>\n<p class=\"whitespace-pre-wrap\">A: C\u00f3 th\u1ec3 mua b\u1ed9t nh\u00f4m 6061 nguy\u00ean t\u1eed h\u00f3a c\u1ee7a kh\u00ed c\u00f3 \u0111\u1ed9 tinh khi\u1ebft cao \u0111\u00e1p \u1ee9ng ti\u00eau chu\u1ea9n h\u00e0ng kh\u00f4ng v\u0169 tr\u1ee5 t\u1eeb c\u00e1c nh\u00e0 s\u1ea3n xu\u1ea5t h\u00e0ng \u0111\u1ea7u nh\u01b0 Valimet, Makin Metal Powders v\u00e0 AMETEK.<\/p>\n<p><\/span><\/span><\/p>","protected":false},"excerpt":{"rendered":"<p>Overview of Al 6061 Powder Al 6061 is one of the most versatile heat treatable aluminum alloys. Magnesium and silicon additions allow it to be strengthened through precipitation hardening. The alloy has become immensely popular due to its excellent corrosion resistance, machinability, weldability and medium to high strength. Key characteristics of Al 6061 powder include:&#8230;<\/p>","protected":false},"featured_media":1804,"parent":0,"template":"","meta":{"_acf_changed":false,"_kad_blocks_custom_css":"","_kad_blocks_head_custom_js":"","_kad_blocks_body_custom_js":"","_kad_blocks_footer_custom_js":"","_kad_post_transparent":"","_kad_post_title":"","_kad_post_layout":"","_kad_post_sidebar_id":"","_kad_post_content_style":"","_kad_post_vertical_padding":"","_kad_post_feature":"","_kad_post_feature_position":"","_kad_post_header":false,"_kad_post_footer":false,"_kad_post_classname":""},"product-category":[119,124],"class_list":["post-3901","product","type-product","status-publish","has-post-thumbnail","hentry","product-category-3d-printing-metal-powder","product-category-aluminum-based-alloy-powder"],"acf":[],"taxonomy_info":{"product-category":[{"value":119,"label":"3D Printing Metal Powder"},{"value":124,"label":"Aluminum Based Alloy Powder"}]},"featured_image_src_large":["https:\/\/3dpmetal.com\/wp-content\/uploads\/2024\/02\/Al-6061-powder.png",422,316,false],"author_info":[],"comment_info":"","_links":{"self":[{"href":"https:\/\/3dpmetal.com\/vi\/wp-json\/wp\/v2\/product\/3901","targetHints":{"allow":["GET"]}}],"collection":[{"href":"https:\/\/3dpmetal.com\/vi\/wp-json\/wp\/v2\/product"}],"about":[{"href":"https:\/\/3dpmetal.com\/vi\/wp-json\/wp\/v2\/types\/product"}],"wp:featuredmedia":[{"embeddable":true,"href":"https:\/\/3dpmetal.com\/vi\/wp-json\/wp\/v2\/media\/1804"}],"wp:attachment":[{"href":"https:\/\/3dpmetal.com\/vi\/wp-json\/wp\/v2\/media?parent=3901"}],"wp:term":[{"taxonomy":"product-category","embeddable":true,"href":"https:\/\/3dpmetal.com\/vi\/wp-json\/wp\/v2\/product-category?post=3901"}],"curies":[{"name":"wp","href":"https:\/\/api.w.org\/{rel}","templated":true}]}}