{"id":3904,"date":"2024-03-18T06:10:12","date_gmt":"2024-03-18T06:10:12","guid":{"rendered":"https:\/\/3dp.45612300.xyz\/product\/al-3103-powder\/"},"modified":"2024-03-18T06:10:12","modified_gmt":"2024-03-18T06:10:12","slug":"al-3103-powder","status":"publish","type":"product","link":"https:\/\/3dpmetal.com\/vi\/product\/al-3103-powder\/","title":{"rendered":"B\u1ed9t Al 3103"},"content":{"rendered":"<p><span style=\"vertical-align: inherit;\"><span style=\"vertical-align: inherit;\"><\/p>\n<h2>T\u1ed5ng quan v\u1ec1 b\u1ed9t Al 3103<\/h2>\n<p class=\"whitespace-pre-wrap\">Al 3103 l\u00e0 h\u1ee3p kim nh\u00f4m r\u00e8n kh\u00f4ng x\u1eed l\u00fd nhi\u1ec7t, \u0111\u01b0\u1ee3c bi\u1ebft \u0111\u1ebfn v\u1edbi kh\u1ea3 n\u0103ng ch\u1ed1ng \u0103n m\u00f2n tuy\u1ec7t v\u1eddi, kh\u1ea3 n\u0103ng t\u1ea1o h\u00ecnh v\u00e0 h\u00e0n t\u1ed1t. Vi\u1ec7c b\u1ed5 sung mangan gi\u00fap c\u1ea3i thi\u1ec7n \u0111\u1ed9 b\u1ec1n th\u00f4ng qua qu\u00e1 tr\u00ecnh gia c\u01b0\u1eddng dung d\u1ecbch r\u1eafn trong khi v\u1eabn duy tr\u00ec \u0111\u1ed9 d\u1ebbo tuy\u1ec7t v\u1eddi.<\/p>\n<p class=\"whitespace-pre-wrap\">C\u00e1c \u0111\u1eb7c \u0111i\u1ec3m ch\u00ednh c\u1ee7a b\u1ed9t Al 3103 bao g\u1ed3m:<\/p>\n<ul class=\"list-disc pl-8 space-y-2\">\n<li class=\"whitespace-normal\">\u0110\u1ed9 b\u1ec1n \u1edf m\u1ee9c trung b\u00ecnh v\u1edbi \u0111\u1ed9 d\u1ebbo dai v\u00e0 \u0111\u1ed9 b\u1ec1n cao<\/li>\n<li class=\"whitespace-normal\">Kh\u1ea3 n\u0103ng h\u00e0n v\u00e0 \u0111\u1ecbnh h\u00ecnh tuy\u1ec7t v\u1eddi<\/li>\n<li class=\"whitespace-normal\">Kh\u1ea3 n\u0103ng ch\u1ed1ng \u0103n m\u00f2n r\u1ea5t t\u1ed1t<\/li>\n<li class=\"whitespace-normal\">D\u1eabn nhi\u1ec7t v\u00e0 \u0111i\u1ec7n cao<\/li>\n<li class=\"whitespace-normal\">M\u1eadt \u0111\u1ed9 th\u1ea5p<\/li>\n<li class=\"whitespace-normal\">C\u00f3 s\u1eb5n \u1edf nhi\u1ec1u ph\u00e2n b\u1ed1 k\u00edch th\u01b0\u1edbc h\u1ea1t kh\u00e1c nhau<\/li>\n<\/ul>\n<p class=\"whitespace-pre-wrap\">B\u1ed9t Al 3103 th\u00edch h\u1ee3p cho c\u00e1c \u1ee9ng d\u1ee5ng nh\u01b0 b\u1ed3n ch\u1ee9a h\u00f3a ch\u1ea5t, thi\u1ebft b\u1ecb ch\u1ebf bi\u1ebfn th\u1ef1c ph\u1ea9m, b\u1ed9 trao \u0111\u1ed5i nhi\u1ec7t, xe b\u1ed3n \u0111\u01b0\u1eddng b\u1ed9, \u0111\u1ed3 d\u00f9ng, v.v. c\u1ea7n \u0111\u1ed9 b\u1ec1n v\u1eeba ph\u1ea3i k\u1ebft h\u1ee3p v\u1edbi kh\u1ea3 n\u0103ng ch\u1ed1ng \u0103n m\u00f2n tuy\u1ec7t v\u1eddi.<\/p>\n<h2>Th\u00e0nh ph\u1ea7n h\u00f3a h\u1ecdc c\u1ee7a b\u1ed9t Al 3103<\/h2>\n<p class=\"whitespace-pre-wrap\">Th\u00e0nh ph\u1ea7n h\u00f3a h\u1ecdc \u0111i\u1ec3n h\u00ecnh c\u1ee7a b\u1ed9t Al 3103 l\u00e0:<\/p>\n<table>\n<thead>\n<tr>\n<th>Nguy\u00ean t\u1ed1<\/th>\n<th>T\u1ec9 tr\u1ecdng<\/th>\n<\/tr>\n<\/thead>\n<tbody>\n<tr>\n<td>Nh\u00f4m (Al)<\/td>\n<td>S\u1ef1 c\u00e2n b\u1eb1ng<\/td>\n<\/tr>\n<tr>\n<td>Mangan (Mn)<\/td>\n<td>1.0-1.5%<\/td>\n<\/tr>\n<tr>\n<td>Silic (Si)<\/td>\n<td>T\u1ed1i \u0111a 0,6%<\/td>\n<\/tr>\n<tr>\n<td>Iron (Fe)<\/td>\n<td>T\u1ed1i \u0111a 0,7%<\/td>\n<\/tr>\n<tr>\n<td>\u0110\u1ed3ng (Cu)<\/td>\n<td>T\u1ed1i \u0111a 0,10%<\/td>\n<\/tr>\n<tr>\n<td>Magie (Mg)<\/td>\n<td>T\u1ed1i \u0111a 0,10%<\/td>\n<\/tr>\n<tr>\n<td>K\u1ebdm (Zn)<\/td>\n<td>T\u1ed1i \u0111a 0,10%<\/td>\n<\/tr>\n<tr>\n<td>Crom (Cr)<\/td>\n<td>0.05-0.20%<\/td>\n<\/tr>\n<\/tbody>\n<\/table>\n<p>&nbsp;<\/p>\n<p class=\"whitespace-pre-wrap\">Manga l\u00e0 th\u00e0nh ph\u1ea7n t\u1ea1o h\u1ee3p kim ch\u00ednh trong nh\u00f4m 3103. S\u1eaft, silic, \u0111\u1ed3ng v\u00e0 k\u1ebdm hi\u1ec7n di\u1ec7n d\u01b0\u1edbi d\u1ea1ng t\u1ea1p ch\u1ea5t c\u00f3 gi\u1edbi h\u1ea1n c\u1ee5 th\u1ec3.<\/p>\n<h2>T\u00ednh ch\u1ea5t c\u1ee7a b\u1ed9t Al 3103<\/h2>\n<p class=\"whitespace-pre-wrap\">C\u00e1c \u0111\u1eb7c t\u00ednh ch\u00ednh c\u1ee7a b\u1ed9t Al 3103 bao g\u1ed3m:<\/p>\n<table>\n<thead>\n<tr>\n<th>B\u1ea5t \u0111\u1ed9ng s\u1ea3n<\/th>\n<th>Gi\u00e1 tr\u1ecb<\/th>\n<\/tr>\n<\/thead>\n<tbody>\n<tr>\n<td>M\u1eadt \u0111\u1ed9<\/td>\n<td>2,73 g\/cm3<\/td>\n<\/tr>\n<tr>\n<td>\u0110i\u1ec3m N\u00f3ng Ch\u1ea3y<\/td>\n<td>630-654\u00a1\u00abC<\/td>\n<\/tr>\n<tr>\n<td>\u0110\u1ed9 d\u1eabn nhi\u1ec7t<\/td>\n<td>130 W\/mK<\/td>\n<\/tr>\n<tr>\n<td>\u0110\u1ed9 d\u1eabn \u0111i\u1ec7n<\/td>\n<td>41-43% IACS<\/td>\n<\/tr>\n<tr>\n<td>M\u00f4-\u0111un Young<\/td>\n<td>70 GPa<\/td>\n<\/tr>\n<tr>\n<td>H\u1ec7 s\u1ed1 Poisson<\/td>\n<td>0.33<\/td>\n<\/tr>\n<tr>\n<td>\u0110\u1ed9 b\u1ec1n k\u00e9o<\/td>\n<td>110-180 MPa<\/td>\n<\/tr>\n<tr>\n<td>C\u01b0\u1eddng \u0111\u1ed9 ch\u1ea3y<\/td>\n<td>55-110 MPa<\/td>\n<\/tr>\n<tr>\n<td>Ke\u0301o da\u0300i<\/td>\n<td>18-30%<\/td>\n<\/tr>\n<tr>\n<td>\u0110\u1ed9 c\u1ee9ng<\/td>\n<td>C\u01b0\u1eddng \u0111\u1ed9 Brinell 25-55<\/td>\n<\/tr>\n<\/tbody>\n<\/table>\n<p>&nbsp;<\/p>\n<p class=\"whitespace-pre-wrap\">H\u1ee3p kim n\u00e0y c\u00f3 \u0111\u1ed9 b\u1ec1n v\u1eeba ph\u1ea3i v\u1edbi t\u00ednh d\u1ebbo, \u0111\u1ed9 dai v\u00e0 kh\u1ea3 n\u0103ng \u0111\u1ecbnh h\u00ecnh tuy\u1ec7t v\u1eddi. N\u00f3 c\u00f3 kh\u1ea3 n\u0103ng ch\u1ecbu \u0111\u01b0\u1ee3c m\u00f4i tr\u01b0\u1eddng kh\u00ed quy\u1ec3n v\u00e0 bi\u1ec3n r\u1ea5t t\u1ed1t.<\/p>\n<p><img loading=\"lazy\" decoding=\"async\" class=\"alignnone size-medium wp-image-1409\" src=\"https:\/\/met3dp.com\/wp-content\/uploads\/2023\/09\/ed7a94ec-3c10-4b1b-87ed--300x300.jpg\" alt=\"B\u1ed9t Al 3103\" width=\"300\" height=\"300\" title=\"\"><\/p>\n<h2>Ph\u01b0\u01a1ng ph\u00e1p s\u1ea3n xu\u1ea5t b\u1ed9t Al 3103<\/h2>\n<p class=\"whitespace-pre-wrap\">C\u00e1c ph\u01b0\u01a1ng ph\u00e1p s\u1ea3n xu\u1ea5t th\u00f4ng d\u1ee5ng \u0111\u1ed1i v\u1edbi b\u1ed9t Al 3103 g\u1ed3m:<\/p>\n<ul class=\"list-disc pl-8 space-y-2\">\n<li class=\"whitespace-normal\"><strong>Gas atomization translated to Vietnamese would be \"Ph\u00e2n t\u1eed ho\u00e1 kh\u00ed.\"<\/strong>?- Lu\u1ed3ng h\u1ee3p kim n\u00f3ng ch\u1ea3y b\u1ecb ph\u00e1 v\u1ee1 th\u00e0nh d\u1ea1ng b\u1ed9t h\u00ecnh c\u1ea7u nh\u1ecf c\u00f3 k\u00edch c\u1ee1 h\u1ea1t ph\u00e2n b\u1ed1 \u0111\u1ed3ng \u0111\u1ec1u th\u00f4ng qua c\u00e1c tia kh\u00ed tr\u01a1.<\/li>\n<li class=\"whitespace-normal\"><strong>Nguy\u00ean t\u1eed h\u00f3a n\u01b0\u1edbc<\/strong>?- D\u00f2ng n\u01b0\u1edbc v\u1eadn t\u1ed1c l\u1edbn d\u00f9ng \u0111\u1ec3 s\u1ea3n xu\u1ea5t c\u00e1c h\u1ea1t Al 3103 m\u1ecfng kh\u00f4ng \u0111\u1ec1u. Ti\u1ebft ki\u1ec7m h\u01a1n nh\u01b0ng h\u00e0m l\u01b0\u1ee3ng oxy cao h\u01a1n.<\/li>\n<li class=\"whitespace-normal\"><strong>H\u1ee3p kim c\u01a1 h\u1ecdc<\/strong>?- Nghi\u1ec1n nh\u00f4m v\u00e0 mangan b\u1eb1ng bi r\u1ed3i n\u00e9n ngu\u1ed9i v\u00e0 thi\u00eau k\u1ebft.<\/li>\n<\/ul>\n<p class=\"whitespace-pre-wrap\">Nguy\u00ean t\u1eed h\u00f3a kh\u00ed cho kh\u1ea3 n\u0103ng ki\u1ec3m so\u00e1t t\u1ed1t nh\u1ea5t c\u00e1c \u0111\u1eb7c t\u00ednh c\u1ee7a b\u1ed9t nh\u01b0 k\u00edch th\u01b0\u1edbc h\u1ea1t, h\u00ecnh d\u1ea1ng v\u00e0 c\u1ea5u tr\u00fac vi m\u00f4.<\/p>\n<h2>\u1ee8ng d\u1ee5ng c\u1ee7a b\u1ed9t Al 3103<\/h2>\n<p class=\"whitespace-pre-wrap\">C\u00e1c \u1ee9ng d\u1ee5ng \u0111i\u1ec3n h\u00ecnh c\u1ee7a b\u1ed9t Al 3103 bao g\u1ed3m:<\/p>\n<ul class=\"list-disc pl-8 space-y-2\">\n<li class=\"whitespace-normal\"><strong>s\u1ea3n xu\u1ea5t b\u1ed3i \u0111\u1eafp<\/strong>- T\u01b0\u01a1ng th\u00edch v\u1edbi c\u00e1c quy tr\u00ecnh t\u1ea1o m\u1eabu li\u00ean k\u1ebft v\u1eadt li\u1ec7u b\u1eb1ng ch\u1ea5t k\u1ebft d\u00ednh v\u00e0 n\u00f3ng ch\u1ea3y laser c\u00f3 ch\u1ecdn l\u1ecdc \u0111\u1ec3 t\u1ea1o ra c\u00e1c chi ti\u1ebft ph\u1ee9c t\u1ea1p t\u1eeb nh\u00f4m.<\/li>\n<li class=\"whitespace-normal\"><strong>Lu\u00e2n kim thu\u1eadt b\u1ed9t<\/strong>?- \u00c9p v\u00e0 thi\u00eau k\u1ebft \u0111\u1ec3 t\u1ea1o c\u00e1c b\u1ed9 ph\u1eadn c\u00f3 t\u00ednh ch\u1ea5t c\u01a1 l\u00fd v\u00e0 kh\u1ea3 n\u0103ng gia c\u00f4ng t\u1ed1t.<\/li>\n<li class=\"whitespace-normal\"><strong>\u0110\u00fac phun kim lo\u1ea1i<\/strong>?- \u0110\u1ec3 s\u1ea3n xu\u1ea5t c\u00e1c c\u1ea5u ki\u1ec7n nh\u1ecf ph\u1ee9c t\u1ea1p, c\u1ea7n c\u00f3 \u0111\u1ed9 b\u1ec1n trung b\u00ecnh v\u00e0 kh\u1ea3 n\u0103ng ch\u1ed1ng \u0103n m\u00f2n.<\/li>\n<li class=\"whitespace-normal\"><strong>\"Phun nhi\u1ec7t\"<\/strong>- Phun h\u1ed3 quang \u0111i\u1ec7n \u0111\u1ec3 t\u1ea1o ra l\u1edbp ph\u1ee7 b\u1ea3o v\u1ec7 c\u00f3 kh\u1ea3 n\u0103ng ch\u1ed1ng m\u00e0i m\u00f2n v\u00e0 \u0103n m\u00f2n \u1edf m\u1ee9c \u0111\u1ed9 v\u1eeba ph\u1ea3i.<\/li>\n<li class=\"whitespace-normal\"><strong>V\u1eadt h\u00e0n<\/strong>?- \u0110\u01b0\u1ee3c s\u1eed d\u1ee5ng nh\u01b0 d\u00e2y \u0111\u1eafp \u0111\u1ec3 cung c\u1ea5p c\u01b0\u1eddng \u0111\u1ed9 m\u1ed1i h\u00e0n t\u01b0\u01a1ng t\u1ef1 nh\u01b0 kim lo\u1ea1i g\u1ed1c.<\/li>\n<li class=\"whitespace-normal\"><strong>Ch\u1ea5t m\u00e0u<\/strong>?- Th\u00eam v\u00e0o s\u01a1n v\u00e0 ch\u1ea5t ph\u1ee7 \u0111\u1ec3 t\u1ea1o \u0111\u1ed9 b\u00f3ng v\u00e0 l\u1edbp b\u1ea3o v\u1ec7 ch\u1ed1ng \u0103n m\u00f2n.<\/li>\n<\/ul>\n<h2>Th\u00f4ng s\u1ed1 k\u1ef9 thu\u1eadt c\u1ee7a b\u1ed9t nh\u00f4m 3103<\/h2>\n<p class=\"whitespace-pre-wrap\">Al 3103 Powder hi\u1ec7n \u0111\u01b0\u1ee3c ph\u00e2n lo\u1ea1i th\u00e0nh k\u00edch th\u01b0\u1edbc kh\u00e1c nhau, h\u00ecnh d\u1ea1ng, \u0111\u1ed9 tinh khi\u1ebft v\u00e0 c\u1ea5p \u0111\u1ed9:<\/p>\n<ul class=\"list-disc pl-8 space-y-2\">\n<li class=\"whitespace-normal\"><strong>K\u00edch th\u01b0\u1edbc h\u1ea1t:<\/strong>?.T\u1eeb 10 - 150 micron cho c\u00e1c ph\u01b0\u01a1ng ph\u00e1p AM, l\u00ean \u0111\u1ebfn 300 micron cho c\u00e1c quy tr\u00ecnh phun nhi\u1ec7t.<\/li>\n<li class=\"whitespace-normal\"><strong>H\u00ecnh th\u00e1i h\u1ecdc:<\/strong>?H\u1ea1t c\u1ea7u, h\u1ea1t d\u1ea1ng h\u1ea1t, h\u1ea1t d\u1ea1ng c\u00e2y v\u00e0 h\u1ea1t h\u00ecnh v\u00f4 \u0111\u1ecbnh h\u00ecnh. B\u1ed9t m\u1ecbn ch\u1ea3y t\u1ed1t h\u01a1n.<\/li>\n<li class=\"whitespace-normal\"><strong>\u0110\u1ed9 tinh khi\u1ebft:<\/strong>?T\u1eeb lo\u1ea1i th\u01b0\u01a1ng m\u1ea1i \u0111\u1ebfn lo\u1ea1i \u0111\u1ed9 tinh khi\u1ebft cao (99,8%) \u0111\u01b0\u1ee3c t\u00f9y ch\u1ec9nh cho \u1ee9ng d\u1ee5ng.<\/li>\n<li class=\"whitespace-normal\"><strong>\u0110i\u1ec3m<\/strong>?Ph\u00f9 h\u1ee3p v\u1edbi c\u00e1c th\u00f4ng s\u1ed1 k\u1ef9 thu\u1eadt c\u1ee7a ASTM B209, EN 573, ISO. Cung c\u1ea5p c\u00e1c d\u1ea1ng t\u00f9y ch\u1ec9nh.<\/li>\n<li class=\"whitespace-normal\"><strong>Kh\u1ea3 n\u0103ng ch\u1ea3y tr\u00f4i:<\/strong>?C\u00f3 th\u1ec3 t\u00f9y ch\u1ec9nh t\u1ed1c \u0111\u1ed9 ch\u1ea3y b\u1ed9t tuy\u1ec7t v\u1eddi v\u01b0\u1ee3t qu\u00e1 25 s\/50g.<\/li>\n<\/ul>\n<h2>Nh\u00e0 cung c\u1ea5p to\u00e0n c\u1ea7u c\u1ee7a Al 3103 B\u1ed9t<\/h2>\n<p class=\"whitespace-pre-wrap\">M\u1ed9t s\u1ed1 nh\u00e0 cung c\u1ea5p to\u00e0n c\u1ea7u ch\u00ednh l\u00e0:<\/p>\n<ul class=\"list-disc pl-8 space-y-2\">\n<li class=\"whitespace-normal\">C\u00f4ng ty Valimet Inc. (Hoa K\u1ef3)<\/li>\n<li class=\"whitespace-normal\">Makin Metal Powders (V\u01b0\u01a1ng qu\u1ed1c Anh)<\/li>\n<li class=\"whitespace-normal\">Micron Metals (Hoa K\u1ef3)<\/li>\n<li class=\"whitespace-normal\">Shanghai Chaowei C\u00f4ng ngh\u1ec7 nano (Trung Qu\u1ed1c)<\/li>\n<li class=\"whitespace-normal\">Shandong Yamei Nanotechnology (Trung Qu\u1ed1c)<\/li>\n<li class=\"whitespace-normal\">CNPC Powder Group (Trung Qu\u1ed1c)<\/li>\n<li class=\"whitespace-normal\">B\u1ed9t titan (Nga)<\/li>\n<\/ul>\n<p class=\"whitespace-pre-wrap\">Nh\u1eefng c\u00f4ng ty n\u00e0y s\u1ea3n xu\u1ea5t b\u1ed9t Al 3103 ph\u00f9 h\u1ee3p cho AM, MIM, phun nhi\u1ec7t, \u00f4 t\u00f4, h\u00e0ng h\u1ea3i v\u00e0 c\u00e1c \u1ee9ng d\u1ee5ng kh\u00e1c s\u1eed d\u1ee5ng nhi\u1ec1u ph\u01b0\u01a1ng ph\u00e1p kh\u00e1c nhau.<\/p>\n<h2>Gi\u00e1 c\u1ee7a Al 3103 Powder<\/h2>\n<p class=\"whitespace-pre-wrap\">Gi\u00e1 Al 3103 c\u00f2n ph\u1ee5 thu\u1ed9c v\u00e0o nhi\u1ec1u y\u1ebfu t\u1ed1 kh\u00e1c:<\/p>\n<ul class=\"list-disc pl-8 space-y-2\">\n<li class=\"whitespace-normal\">M\u1ee9c \u0111\u1ed9 tinh khi\u1ebft<\/li>\n<li class=\"whitespace-normal\">\u0110\u1eb7c t\u00ednh c\u1ee7a b\u1ed9t<\/li>\n<li class=\"whitespace-normal\">Ph\u01b0\u01a1ng ph\u00e1p s\u1ea3n xu\u1ea5t<\/li>\n<li class=\"whitespace-normal\">Kh\u1ed1i l\u01b0\u1ee3ng \u0111\u01a1n h\u00e0ng<\/li>\n<li class=\"whitespace-normal\">Nh\u00e0 cung c\u1ea5p v\u00e0 v\u1ecb tr\u00ed<\/li>\n<\/ul>\n<table>\n<thead>\n<tr>\n<th>L\u1edbp<\/th>\n<th>M\u1ee9c gi\u00e1<\/th>\n<\/tr>\n<\/thead>\n<tbody>\n<tr>\n<td>Qu\u1ea3ng c\u00e1o<\/td>\n<td>5.000 - 15.000 \u0111\/kg<\/td>\n<\/tr>\n<tr>\n<td>\u0110\u1ed9 tinh khi\u1ebft cao<\/td>\n<td>$15-25 m\u1ed9t kg<\/td>\n<\/tr>\n<tr>\n<td>Si\u00eau m\u1ecbn<\/td>\n<td>25-45 \u0111\u00f4 la\/kg<\/td>\n<\/tr>\n<tr>\n<td>H\u1ea1ng \u0111\u1eb7c bi\u1ec7t<\/td>\n<td>45-90$ m\u1ed9t kg<\/td>\n<\/tr>\n<\/tbody>\n<\/table>\n<p>&nbsp;<\/p>\n<p class=\"whitespace-pre-wrap\">B\u1ed9t c\u00f3 \u0111\u1ed9 tinh khi\u1ebft cao, h\u00ecnh c\u1ea7u v\u00e0 k\u00edch th\u01b0\u1edbc h\u1ea1t \u0111\u01b0\u1ee3c ki\u1ec3m so\u00e1t c\u00f3 gi\u00e1 cao h\u01a1n c\u00e1c lo\u1ea1i b\u1ed9t Al 3103 th\u01b0\u01a1ng m\u1ea1i th\u00f4ng th\u01b0\u1eddng.<\/p>\n<h2>L\u01b0u tr\u1eef v\u00e0 V\u1eadn chuy\u1ec3n B\u1ed9t Al 3103<\/h2>\n<p class=\"whitespace-pre-wrap\">B\u1ed9t Al 3103 n\u00ean \u0111\u01b0\u1ee3c x\u1eed l\u00fd v\u00e0 l\u01b0u tr\u1eef \u0111\u00fang c\u00e1ch \u0111\u1ec3 \u0111\u1ec1 ph\u00f2ng:<\/p>\n<ul class=\"list-disc pl-8 space-y-2\">\n<li class=\"whitespace-normal\">Qu\u00e1 tr\u00ecnh oxy h\u00f3a v\u00e0 ph\u1ea3n \u1ee9ng v\u1edbi \u0111\u1ed9 \u1ea9m<\/li>\n<li class=\"whitespace-normal\">Nguy c\u01a1 n\u1ed5 b\u1ee5i t\u1eeb b\u1ed9t m\u1ecbn<\/li>\n<li class=\"whitespace-normal\">C\u00e1c v\u1ea5n \u0111\u1ec1 s\u1ee9c kh\u1ecfe li\u00ean quan \u0111\u1ebfn vi\u1ec7c h\u00edt ph\u1ea3i<\/li>\n<li class=\"whitespace-normal\">Tu\u00e2n th\u1ee7 c\u00e1c th\u1ef1c h\u00e0nh v\u1ec1 an to\u00e0n theo B\u1ea3ng d\u1eef li\u1ec7u an to\u00e0n (SDS) c\u1ee7a nh\u00e0 cung c\u1ea5p<\/li>\n<\/ul>\n<p class=\"whitespace-pre-wrap\">Khi s\u1eed d\u1ee5ng b\u1ed9t, ta n\u00ean l\u00e0m s\u1ea1ch kh\u00ed tr\u01a1, ti\u1ebfp \u0111\u1ea5t \u0111\u00fang c\u00e1ch, th\u00f4ng gi\u00f3 v\u00e0 mang thi\u1ebft b\u1ecb b\u1ea3o v\u1ec7 c\u00e1 nh\u00e2n.<\/p>\n<h2>Ph\u01b0\u01a1ng ph\u00e1p th\u1eed nghi\u1ec7m v\u00e0 \u0111\u1eb7c \u0111i\u1ec3m<\/h2>\n<p class=\"whitespace-pre-wrap\">C\u00e1c ph\u01b0\u01a1ng ph\u00e1p ki\u1ec3m tra ch\u00ednh \u0111\u01b0\u1ee3c s\u1eed d\u1ee5ng cho b\u1ed9t Al 3103 bao g\u1ed3m:<\/p>\n<ul class=\"list-disc pl-8 space-y-2\">\n<li class=\"whitespace-normal\">Ph\u00e2n t\u00edch h\u00f3a h\u1ecdc d\u00f9ng OES ho\u1eb7c XRF cho th\u00e0nh ph\u1ea7n<\/li>\n<li class=\"whitespace-normal\">Ph\u00e2n b\u1ed1 k\u00edch th\u01b0\u1edbc h\u1ea1t theo ti\u00eau chu\u1ea9n ASTM B822<\/li>\n<li class=\"whitespace-normal\">Ph\u00e2n t\u00edch h\u00ecnh th\u00e1i qua SEM<\/li>\n<li class=\"whitespace-normal\">T\u1ed1c \u0111\u1ed9 d\u00f2ng ch\u1ea3y b\u1ed9t \u0111\u01b0\u1ee3c \u0111o b\u1eb1ng ph\u1ec5u Hall<\/li>\n<li class=\"whitespace-normal\">X\u00e1c \u0111\u1ecbnh m\u1eadt \u0111\u1ed9 b\u1eb1ng ph\u01b0\u01a1ng ph\u00e1p pycnometry heli<\/li>\n<li class=\"whitespace-normal\">Ki\u1ec3m tra t\u1ea1p ch\u1ea5t b\u1eb1ng ICP-MS<\/li>\n<li class=\"whitespace-normal\">Ph\u00e2n t\u00edch vi c\u1ea5u tr\u00fac b\u1eb1ng nhi\u1ec5u x\u1ea1 tia X<\/li>\n<\/ul>\n<p class=\"whitespace-pre-wrap\">C\u00e1c th\u1eed nghi\u1ec7m n\u00e0y \u0111\u1ea3m b\u1ea3o t\u00ednh nh\u1ea5t qu\u00e1n c\u1ee7a l\u00f4 v\u00e0 tu\u00e2n th\u1ee7 th\u00f4ng s\u1ed1 k\u1ef9 thu\u1eadt.<\/p>\n<h2>So s\u00e1nh gi\u1eefa Al 3103 v\u00e0 Al 3003<\/h2>\n<p class=\"whitespace-pre-wrap\">So s\u00e1nh b\u1ed9t nh\u00f4m h\u1ee3p kim Al 3103 v\u00e0 Al 3003:<\/p>\n<table>\n<thead>\n<tr>\n<th>Tham s\u1ed1<\/th>\n<th>Al 3103<\/th>\n<th>Al 3003<\/th>\n<\/tr>\n<\/thead>\n<tbody>\n<tr>\n<td>Lo\u1ea1i h\u1ee3p kim<\/td>\n<td>Kh\u00f4ng th\u1ec3 x\u1eed l\u00fd nhi\u1ec7t<\/td>\n<td>Kh\u00f4ng th\u1ec3 x\u1eed l\u00fd nhi\u1ec7t<\/td>\n<\/tr>\n<tr>\n<td>H\u00e0m l\u01b0\u1ee3ng Mn<\/td>\n<td>1.0-1.5%<\/td>\n<td>1.0-1.5%<\/td>\n<\/tr>\n<tr>\n<td>S\u1ee9c m\u1ea1nh<\/td>\n<td>Th\u1ea5p h\u01a1n m\u1ed9t ch\u00fat<\/td>\n<td>H\u01a1i cao h\u01a1n<\/td>\n<\/tr>\n<tr>\n<td>Kh\u1ea3 n\u0103ng ch\u1ed1ng \u0103n m\u00f2n<\/td>\n<td>Xu\u1ea5t s\u1eafc<\/td>\n<td>Xu\u1ea5t s\u1eafc<\/td>\n<\/tr>\n<tr>\n<td>Kh\u1ea3 n\u0103ng h\u00e0n<\/td>\n<td>Xu\u1ea5t s\u1eafc<\/td>\n<td>Xu\u1ea5t s\u1eafc<\/td>\n<\/tr>\n<tr>\n<td>Chi ph\u00ed<\/td>\n<td>Th\u1ea5p h\u01a1n<\/td>\n<td>Cao h\u01a1n<\/td>\n<\/tr>\n<\/tbody>\n<\/table>\n<p>&nbsp;<\/p>\n<p class=\"whitespace-pre-wrap\">Al 3103 c\u00f3 kh\u1ea3 n\u0103ng gia c\u00f4ng t\u1ed1t h\u01a1n trong khi Al 3003 cung c\u1ea5p kh\u1ea3 n\u0103ng ch\u1ecbu l\u1ef1c cao h\u01a1n m\u1ed9t ch\u00fat. C\u1ea3 hai \u0111\u1ec1u c\u00f3 kh\u1ea3 n\u0103ng ch\u1ed1ng \u0103n m\u00f2n tuy\u1ec7t v\u1eddi.<\/p>\n<h2>C\u00e2u h\u1ecfi th\u01b0\u1eddng g\u1eb7p v\u1ec1 B\u1ed9t Al 3103<\/h2>\n<p class=\"whitespace-pre-wrap\"><strong>Q: B\u1ed9t Al 3103 \u0111\u01b0\u1ee3c s\u1ea3n xu\u1ea5t nh\u01b0 th\u1ebf n\u00e0o?<\/strong><\/p>\n<p class=\"whitespace-pre-wrap\">A: B\u1ed9t Al 3103 \u0111\u01b0\u1ee3c s\u1ea3n xu\u1ea5t theo ph\u01b0\u01a1ng ph\u00e1p th\u01b0\u01a1ng m\u1ea1i b\u1eb1ng c\u00e1ch s\u1eed d\u1ee5ng ph\u01b0\u01a1ng ph\u00e1p ph\u00e2n t\u00e1n nguy\u00ean t\u1eed h\u00f3a kh\u00ed, nguy\u00ean t\u1eed h\u00f3a n\u01b0\u1edbc v\u00e0 h\u1ee3p kim c\u01a1 h\u1ecdc sau \u0111\u00f3 thi\u00eau k\u1ebft. Ph\u01b0\u01a1ng ph\u00e1p nguy\u00ean t\u1eed h\u00f3a kh\u00ed cung c\u1ea5p kh\u1ea3 n\u0103ng ki\u1ec3m so\u00e1t t\u1ed1t nh\u1ea5t c\u00e1c \u0111\u1eb7c \u0111i\u1ec3m c\u1ee7a h\u1ea1t.<\/p>\n<p class=\"whitespace-pre-wrap\"><strong>Q: C\u00e1c \u1ee9ng d\u1ee5ng ch\u00ednh c\u1ee7a b\u1ed9t Al 3103 l\u00e0 g\u00ec?<\/strong><\/p>\n<p class=\"whitespace-pre-wrap\">A: C\u00e1c \u1ee9ng d\u1ee5ng ch\u00ednh c\u1ee7a b\u1ed9t AI 3103 bao g\u1ed3m s\u1ea3n xu\u1ea5t ph\u1ee5 gia, \u00e9p phun kim lo\u1ea1i, l\u1edbp ph\u1ee7 phun nhi\u1ec7t, linh ki\u1ec7n luy\u1ec7n kim b\u1ed9t, ch\u1ea5t t\u1ea1o m\u00e0u, v\u00e0 d\u00e2y h\u00e0n ph\u1ee5.<\/p>\n<p class=\"whitespace-pre-wrap\"><strong>Q: K\u00edch th\u01b0\u1edbc b\u1ed9t Al 3103 th\u01b0\u1eddng d\u00f9ng \u0111\u1ec3 nung ch\u1ea3y laser c\u00f3 ch\u1ecdn l\u1ecdc l\u00e0 bao nhi\u00eau?<\/strong><\/p>\n<p class=\"whitespace-pre-wrap\">A: \u0110\u1ed1i v\u1edbi quy tr\u00ecnh SLM, d\u1ea3i k\u00edch th\u01b0\u1edbc b\u1ed9t Al 3103 l\u00fd t\u01b0\u1edfng l\u00e0 20-45 micromet v\u1edbi h\u00ecnh th\u00e1i h\u00ecnh c\u1ea7u \u0111\u1ec3 t\u1ea1o \u0111\u01b0\u1ee3c \u0111\u1ed9 d\u00e0y \u0111\u1eb7c l\u1edbp b\u1ed9t t\u1ed1t v\u00e0 h\u00ecnh th\u00e0nh b\u1ec3 n\u00f3ng ch\u1ea3y.<\/p>\n<p class=\"whitespace-pre-wrap\"><strong>H: B\u1ed9t Al 3103 c\u00f3 y\u00eau c\u1ea7u bi\u1ec7n ph\u00e1p ph\u00f2ng ng\u1eeba x\u1eed l\u00fd \u0111\u1eb7c bi\u1ec7t n\u00e0o kh\u00f4ng?<\/strong><\/p>\n<p class=\"whitespace-pre-wrap\">A: V\u00e2ng, n\u00ean c\u1ea9n th\u1eadn khi x\u1eed l\u00fd b\u1ed9t nh\u00f4m trong kh\u00ed quy\u1ec3n tr\u01a1 b\u1eb1ng c\u00e1ch s\u1eed d\u1ee5ng h\u1ec7 th\u1ed1ng ti\u1ebfp \u0111\u1ea5t v\u00e0 h\u1ec7 th\u1ed1ng th\u00f4ng gi\u00f3 ph\u00f9 h\u1ee3p c\u00f9ng v\u1edbi PPE (\u0110\u1ed3 b\u1ea3o h\u1ed9 c\u00e1 nh\u00e2n) \u0111\u1ec3 ph\u00f2ng ng\u1eeba h\u1ecfa ho\u1ea1n ho\u1eb7c nguy c\u01a1 ch\u00e1y n\u1ed5.<\/p>\n<p class=\"whitespace-pre-wrap\"><strong>Q: T\u00f4i c\u00f3 th\u1ec3 mua b\u1ed9t Al 3103 ph\u00f9 h\u1ee3p cho c\u00e1c \u1ee9ng d\u1ee5ng h\u00e0ng h\u1ea3i \u1edf \u0111\u00e2u?<\/strong><\/p>\n<p class=\"whitespace-pre-wrap\">A: B\u1ed9t Al 3103 ch\u1ed1ng \u0103n m\u00f2n hi\u1ec7u qu\u1ea3 th\u00edch h\u1ee3p s\u1eed d\u1ee5ng cho m\u00f4i tr\u01b0\u1eddng bi\u1ec3n \u0111\u01b0\u1ee3c cung c\u1ea5p b\u1edfi c\u00e1c nh\u00e0 s\u1ea3n xu\u1ea5t h\u00e0ng \u0111\u1ea7u nh\u01b0 Valimet, Makin Metal Powders, v\u00e0 Micron Metals.<\/p>\n<p><\/span><\/span><\/p>","protected":false},"excerpt":{"rendered":"<p>Overview of Al 3103 Powder Al 3103 is a non-heat treatable wrought aluminum alloy known for its excellent corrosion resistance, good formability and weldability. Manganese additions improve strength through solid solution strengthening while maintaining excellent ductility. Key characteristics of Al 3103 powder include: Moderate strength with high ductility and toughness Excellent weldability and formability Very&#8230;<\/p>","protected":false},"featured_media":1810,"parent":0,"template":"","meta":{"_acf_changed":false,"_kad_blocks_custom_css":"","_kad_blocks_head_custom_js":"","_kad_blocks_body_custom_js":"","_kad_blocks_footer_custom_js":"","_kad_post_transparent":"","_kad_post_title":"","_kad_post_layout":"","_kad_post_sidebar_id":"","_kad_post_content_style":"","_kad_post_vertical_padding":"","_kad_post_feature":"","_kad_post_feature_position":"","_kad_post_header":false,"_kad_post_footer":false,"_kad_post_classname":""},"product-category":[119,124],"class_list":["post-3904","product","type-product","status-publish","has-post-thumbnail","hentry","product-category-3d-printing-metal-powder","product-category-aluminum-based-alloy-powder"],"acf":[],"taxonomy_info":{"product-category":[{"value":119,"label":"3D Printing Metal Powder"},{"value":124,"label":"Aluminum Based Alloy Powder"}]},"featured_image_src_large":["https:\/\/3dpmetal.com\/wp-content\/uploads\/2024\/02\/Ti22Al25Nb.jpg",406,304,false],"author_info":[],"comment_info":"","_links":{"self":[{"href":"https:\/\/3dpmetal.com\/vi\/wp-json\/wp\/v2\/product\/3904","targetHints":{"allow":["GET"]}}],"collection":[{"href":"https:\/\/3dpmetal.com\/vi\/wp-json\/wp\/v2\/product"}],"about":[{"href":"https:\/\/3dpmetal.com\/vi\/wp-json\/wp\/v2\/types\/product"}],"wp:featuredmedia":[{"embeddable":true,"href":"https:\/\/3dpmetal.com\/vi\/wp-json\/wp\/v2\/media\/1810"}],"wp:attachment":[{"href":"https:\/\/3dpmetal.com\/vi\/wp-json\/wp\/v2\/media?parent=3904"}],"wp:term":[{"taxonomy":"product-category","embeddable":true,"href":"https:\/\/3dpmetal.com\/vi\/wp-json\/wp\/v2\/product-category?post=3904"}],"curies":[{"name":"wp","href":"https:\/\/api.w.org\/{rel}","templated":true}]}}