{"id":3916,"date":"2024-03-18T06:10:14","date_gmt":"2024-03-18T06:10:14","guid":{"rendered":"https:\/\/3dp.45612300.xyz\/product\/copper-base-solder\/"},"modified":"2024-03-18T06:10:14","modified_gmt":"2024-03-18T06:10:14","slug":"copper-base-solder","status":"publish","type":"product","link":"https:\/\/3dpmetal.com\/vi\/product\/copper-base-solder\/","title":{"rendered":"H\u1ee3p kim h\u00e0n d\u1ef1a tr\u00ean \u0111\u1ed3ng"},"content":{"rendered":"<p><span style=\"vertical-align: inherit;\"><span style=\"vertical-align: inherit;\"><\/p>\n<h2>M\u00f4 t\u1ea3 s\u1ea3n ph\u1ea9m<\/h2>\n<p>Kem h\u00e0n \u0111\u1ed3ng \u0111\u01b0\u1ee3c ch\u1ebf t\u1ea1o qua m\u1ed9t qu\u00e1 tr\u00ecnh \u0111\u1eb7c bi\u1ec7t t\u1eeb b\u1ed9t h\u00e0n g\u1ed1c \u0111\u1ed3ng, c\u00e1c th\u00e0nh ph\u1ea7n ho\u1ea1t t\u00ednh v\u1ebft, dung m\u00f4i, ch\u1ea5t t\u1ea1o keo tr\u00f9ng h\u1ee3p v\u00e0 c\u00e1c ph\u1ee5 gia kh\u00e1c.<\/p>\n<h2>\u0110i\u1ec3m v\u00e0 th\u00f4ng s\u1ed1 k\u1ef9 thu\u1eadt<\/h2>\n<div>\n<table>\n<tbody>\n<tr>\n<td data-sheets-value=\"{&quot;1&quot;:2,&quot;2&quot;:&quot;Model&quot;}\">M\u00f4 h\u00ecnh<\/td>\n<td data-sheets-value=\"{&quot;1&quot;:2,&quot;2&quot;:&quot;Product Type&quot;}\">Lo\u1ea1i s\u1ea3n ph\u1ea9m<\/td>\n<td data-sheets-value=\"{&quot;1&quot;:2,&quot;2&quot;:&quot;Composition(wt%)&quot;}\">Th\u00e0nh ph\u1ea7n (wt%)<\/td>\n<td data-sheets-value=\"{&quot;1&quot;:2,&quot;2&quot;:&quot;Powder Size&quot;}\">K\u00edch th\u01b0\u1edbc b\u1ed9t (M)<\/td>\n<td data-sheets-value=\"{&quot;1&quot;:2,&quot;2&quot;:&quot;Brazing temperature(C)&quot;}\">Nhi\u1ec7t \u0111\u1ed9 h\u00e0n<\/td>\n<td data-sheets-value=\"{&quot;1&quot;:2,&quot;2&quot;:&quot;Brazing method&quot;}\">\n<div>\n<div>The translation for \"Brazing method\" in Vietnamese is \"Ph\u01b0\u01a1ng ph\u00e1p h\u00e0n m\u1ec1m\".<\/div>\n<\/div>\n<\/td>\n<\/tr>\n<tr>\n<td data-sheets-value=\"{&quot;1&quot;:2,&quot;2&quot;:&quot;YTCu-1&quot;}\">YTCu-1<\/td>\n<td data-sheets-value=\"{&quot;1&quot;:2,&quot;2&quot;:&quot;Paste&quot;}\">D\u00e1n<\/td>\n<td data-sheets-value=\"{&quot;1&quot;:2,&quot;2&quot;:&quot;Cu:93:P:7&quot;}\">Cu:93:P:7<\/td>\n<td data-sheets-value=\"{&quot;1&quot;:2,&quot;2&quot;:&quot;-200n-235&quot;}\">-200<br \/>\n-235<\/td>\n<td data-sheets-value=\"{&quot;1&quot;:2,&quot;2&quot;:&quot;743-840&quot;}\">743-840<\/td>\n<td colspan=\"1\" rowspan=\"5\" data-sheets-value=\"{&quot;1&quot;:2,&quot;2&quot;:&quot;FuranceflameresistancenHigh frequency brazing&quot;}\">\n<div>L\u00f2 nung, ng\u1ecdn l\u1eeda, s\u1ee9c \u0111\u1ec1 kh\u00e1ng<br \/>\nH\u00e0n t\u1ea7n s\u1ed1 cao<\/div>\n<\/td>\n<\/tr>\n<tr>\n<td data-sheets-value=\"{&quot;1&quot;:2,&quot;2&quot;:&quot;YTCu-2&quot;}\">YTCu-2<\/td>\n<td data-sheets-value=\"{&quot;1&quot;:2,&quot;2&quot;:&quot;Paste&quot;}\">D\u00e1n<\/td>\n<td data-sheets-value=\"{&quot;1&quot;:2,&quot;2&quot;:&quot;Cu:92.5;P:7.5&quot;}\">Cu:92,5; P:7,5<\/td>\n<td data-sheets-value=\"{&quot;1&quot;:2,&quot;2&quot;:&quot;-200n-235&quot;}\">-200<br \/>\n-235<\/td>\n<td data-sheets-value=\"{&quot;1&quot;:2,&quot;2&quot;:&quot;730-830&quot;}\">730-830<\/td>\n<\/tr>\n<tr>\n<td data-sheets-value=\"{&quot;1&quot;:2,&quot;2&quot;:&quot;YTCu-3&quot;}\">YTCu-3<\/td>\n<td data-sheets-value=\"{&quot;1&quot;:2,&quot;2&quot;:&quot;Paste&quot;}\">D\u00e1n<\/td>\n<td data-sheets-value=\"{&quot;1&quot;:2,&quot;2&quot;:&quot;Cu:86;P:7;Sn:7&quot;}\">Cu:86;P:7;Sn:7<\/td>\n<td data-sheets-value=\"{&quot;1&quot;:2,&quot;2&quot;:&quot;-200n-235&quot;}\">-200<br \/>\n-235<\/td>\n<td data-sheets-value=\"{&quot;1&quot;:2,&quot;2&quot;:&quot;700-750&quot;}\">700-750<\/td>\n<\/tr>\n<tr>\n<td data-sheets-value=\"{&quot;1&quot;:2,&quot;2&quot;:&quot;YTCu-4&quot;}\">YTCu-4<\/td>\n<td data-sheets-value=\"{&quot;1&quot;:2,&quot;2&quot;:&quot;Paste&quot;}\">D\u00e1n<\/td>\n<td data-sheets-value=\"{&quot;1&quot;:2,&quot;2&quot;:&quot;Cu:75;Sn;P;Ni, etc.&quot;}\">Cu: 75; Sn; P; Ni, v.v.<\/td>\n<td data-sheets-value=\"{&quot;1&quot;:2,&quot;2&quot;:&quot;-200n-235&quot;}\">-200<br \/>\n-235<\/td>\n<td data-sheets-value=\"{&quot;1&quot;:2,&quot;2&quot;:&quot;600-650&quot;}\">600-650<\/td>\n<\/tr>\n<tr>\n<td data-sheets-value=\"{&quot;1&quot;:3,&quot;3&quot;:9414}\">9414<\/td>\n<td data-sheets-value=\"{&quot;1&quot;:2,&quot;2&quot;:&quot;Powder&quot;}\">B\u1ed9t<\/td>\n<td data-sheets-value=\"{&quot;1&quot;:2,&quot;2&quot;:&quot;Cu:88;Ni:5;Sn:7&quot;}\">Cu:88;Ni:5;Sn:7<\/td>\n<td data-sheets-value=\"{&quot;1&quot;:2,&quot;2&quot;:&quot;-200n-235&quot;}\">-200<br \/>\n-235<\/td>\n<td data-sheets-value=\"{&quot;1&quot;:2,&quot;2&quot;:&quot;890-900&quot;}\">890-900<\/td>\n<\/tr>\n<\/tbody>\n<\/table>\n<\/div>\n<p>1. Th\u00edch h\u1ee3p d\u00f9ng cho h\u00e0n b\u1eb1ng l\u1eeda, h\u00e0n \u0111i\u1ec7n tr\u1edf, h\u00e0n t\u1ea7n s\u1ed1 cao v\u00e0 h\u00e0n l\u00f2 gi\u1eefa nhi\u1ec1u lo\u1ea1i \u0111\u1ed3ng v\u00e0 h\u1ee3p kim c\u1ee7a \u0111\u1ed3ng.<\/p>\n<p>2. C\u00f3 th\u1ec3 b\u00f4i kem h\u00e0n b\u1eb1ng th\u1ee7 c\u00f4ng v\u00e0o ph\u1ea7n c\u1ea7n h\u00e0n v\u00e0 c\u0169ng c\u00f3 th\u1ec3 d\u00f9ng \u0111\u1ec3 in m\u1eabu b\u00e1n t\u1ef1 \u0111\u1ed9ng v\u00e0 t\u1ef1 \u0111\u1ed9ng v\u00e0 ti\u00eam kim. Hi\u1ec7u qu\u1ea3 v\u00e0 \u0111\u01a1n gi\u1ea3n, v\u00e0 c\u00f3 th\u1ec3 ki\u1ec3m so\u00e1t \u0111\u1ecbnh l\u01b0\u1ee3ng l\u01b0\u1ee3ng kem h\u00e0n s\u1eed d\u1ee5ng, \u0111i\u1ec1u n\u00e0y c\u1ea3i thi\u1ec7n \u0111\u00e1ng k\u1ec3 hi\u1ec7u qu\u1ea3 l\u00e0m vi\u1ec7c v\u00e0 n\u0103ng su\u1ea5t c\u1ee7a s\u1ea3n ph\u1ea9m, v\u00e0 c\u0169ng c\u1ea3i thi\u1ec7n m\u00f4i tr\u01b0\u1eddng l\u00e0m vi\u1ec7c.<\/p>\n<p>3. Kem h\u00e0n g\u1ed1c \u0111\u1ed3ng-photpho \u0111\u01b0\u1ee3c s\u1eed d\u1ee5ng r\u1ed9ng r\u00e3i trong qu\u00e1 tr\u00ecnh h\u00e0n v\u00e0 s\u1ea3n xu\u1ea5t ra c\u00e1c s\u1ea3n ph\u1ea9m \u0111\u1ed3ng nh\u01b0 \u1ed1ng \u0111\u1ed3ng, \u1ed1ng s\u01b0\u1edfi \u0111i\u1ec7n t\u1eeb h\u1ee3p kim \u0111\u1ed3ng, linh ki\u1ec7n ph\u1ea7n c\u1ee9ng v\u00e0 nhi\u1ec1u lo\u1ea1i b\u1ed9 t\u1ea3n nhi\u1ec7t kh\u00e1c nhau b\u1eb1ng \u0111\u1ed3ng. Trong l\u0129nh v\u1ef1c h\u00e0n nhi\u1ec7t, kem h\u00e0n n\u00e0y \u0111\u01b0\u1ee3c s\u1eed d\u1ee5ng r\u1ed9ng r\u00e3i trong qu\u00e1 tr\u00ecnh h\u00e0n nhi\u1ec7t c\u00e1c th\u00e0nh ph\u1ea7n \u0111i\u1ec7n t\u1eed kh\u00e1c nhau, ch\u1eb3ng h\u1ea1n nh\u01b0 b\u1ed9 ng\u1eaft m\u1ea1ch, \u0111\u1ed3ng h\u1ed3 \u0111i\u1ec7n v\u00e0 c\u00e1c th\u00e0nh ph\u1ea7n kh\u00e1c.<\/p>\n<div id=\"gtx-trans\" style=\"position: absolute; left: 582px; top: 188.625px;\">\n<div class=\"gtx-trans-icon\"><\/div>\n<\/div>\n<p><\/span><\/span><\/p>","protected":false},"excerpt":{"rendered":"<p>Product description Copper solder paste is prepared by a special process from copper-based brazing powder, trace active components, solvents, polymer carriers and other additives. Grades and specifications Model Product Type Composition(wt%) Powder Size(M) Brazing temperature(\u00a1\u00cd) Brazing method YTCu-1 Paste Cu:93:P:7 -200 -235 743-840 Furance, flame, resistance, High frequency brazing YTCu-2 Paste Cu:92.5;P:7.5 -200 -235 730-830&#8230;<\/p>","protected":false},"featured_media":1833,"parent":0,"template":"","meta":{"_acf_changed":false,"_kad_blocks_custom_css":"","_kad_blocks_head_custom_js":"","_kad_blocks_body_custom_js":"","_kad_blocks_footer_custom_js":"","_kad_post_transparent":"","_kad_post_title":"","_kad_post_layout":"","_kad_post_sidebar_id":"","_kad_post_content_style":"","_kad_post_vertical_padding":"","_kad_post_feature":"","_kad_post_feature_position":"","_kad_post_header":false,"_kad_post_footer":false,"_kad_post_classname":""},"product-category":[119,129],"class_list":["post-3916","product","type-product","status-publish","has-post-thumbnail","hentry","product-category-3d-printing-metal-powder","product-category-copper-alloy-powder"],"acf":[],"taxonomy_info":{"product-category":[{"value":119,"label":"3D Printing Metal Powder"},{"value":129,"label":"Copper Alloy Powder"}]},"featured_image_src_large":["https:\/\/3dpmetal.com\/wp-content\/uploads\/2024\/02\/Copper-base-Solder.png",600,600,false],"author_info":[],"comment_info":"","_links":{"self":[{"href":"https:\/\/3dpmetal.com\/vi\/wp-json\/wp\/v2\/product\/3916","targetHints":{"allow":["GET"]}}],"collection":[{"href":"https:\/\/3dpmetal.com\/vi\/wp-json\/wp\/v2\/product"}],"about":[{"href":"https:\/\/3dpmetal.com\/vi\/wp-json\/wp\/v2\/types\/product"}],"wp:featuredmedia":[{"embeddable":true,"href":"https:\/\/3dpmetal.com\/vi\/wp-json\/wp\/v2\/media\/1833"}],"wp:attachment":[{"href":"https:\/\/3dpmetal.com\/vi\/wp-json\/wp\/v2\/media?parent=3916"}],"wp:term":[{"taxonomy":"product-category","embeddable":true,"href":"https:\/\/3dpmetal.com\/vi\/wp-json\/wp\/v2\/product-category?post=3916"}],"curies":[{"name":"wp","href":"https:\/\/api.w.org\/{rel}","templated":true}]}}