{"id":3928,"date":"2024-03-18T06:10:14","date_gmt":"2024-03-18T06:10:14","guid":{"rendered":"https:\/\/3dp.45612300.xyz\/product\/high-temperature-alloy-series\/"},"modified":"2024-03-18T06:10:14","modified_gmt":"2024-03-18T06:10:14","slug":"high-temperature-alloy-series","status":"publish","type":"product","link":"https:\/\/3dpmetal.com\/vi\/product\/high-temperature-alloy-series\/","title":{"rendered":"D\u00f2ng h\u1ee3p kim nhi\u1ec7t \u0111\u1ed9 cao"},"content":{"rendered":"<p><span style=\"vertical-align: inherit;\"><span style=\"vertical-align: inherit;\"><\/p>\n<div style=\"overflow-x: auto;\">\n<table>\n<tbody>\n<tr>\n<td data-sheets-value=\"{&quot;1&quot;:2,&quot;2&quot;:&quot;Product&quot;}\">S\u1ea3n ph\u1ea9m<\/td>\n<td data-sheets-value=\"{&quot;1&quot;:2,&quot;2&quot;:&quot;Specification&quot;}\">\u0110\u1eb7c \u0111i\u1ec3m k\u1ef9 thu\u1eadt<\/td>\n<td data-sheets-value=\"{&quot;1&quot;:2,&quot;2&quot;:&quot;Apparent Density&quot;}\">M\u1eadt \u0111\u1ed9 bi\u1ec3u ki\u1ebfn<\/td>\n<td data-sheets-value=\"{&quot;1&quot;:2,&quot;2&quot;:&quot;Flow Ability&quot;}\">Kh\u1ea3 N\u0103ng L\u01b0u Th\u00f4ng<\/td>\n<td data-sheets-value=\"{&quot;1&quot;:2,&quot;2&quot;:&quot;Oxygen Content&quot;}\">H\u00e0m l\u01b0\u1ee3ng oxy<\/td>\n<td data-sheets-value=\"{&quot;1&quot;:2,&quot;2&quot;:&quot;Tensile Strength&quot;}\">\u0110\u1ed9 b\u1ec1n k\u00e9o<\/td>\n<td data-sheets-value=\"{&quot;1&quot;:2,&quot;2&quot;:&quot;Yield Strength&quot;}\">C\u01b0\u1eddng \u0111\u1ed9 ch\u1ea3y<\/td>\n<td data-sheets-value=\"{&quot;1&quot;:2,&quot;2&quot;:&quot;Elongation&quot;}\">Ke\u0301o da\u0300i<\/td>\n<\/tr>\n<tr>\n<td data-sheets-value=\"{&quot;1&quot;:2,&quot;2&quot;:&quot;GH3625&quot;}\">GH3625<\/td>\n<td colspan=\"1\" rowspan=\"4\" data-sheets-value=\"{&quot;1&quot;:2,&quot;2&quot;:&quot;15-53\u00c3\u00d7mn45-105\u00c3\u00d7mn75-150\u00c3\u00d7m&quot;}\">\n<div>15-53\u00c3\u00d7m<br \/>\n45-105\u00c3\u00a3m<br \/>\n75-150k<\/div>\n<\/td>\n<td data-sheets-value=\"{&quot;1&quot;:2,&quot;2&quot;:&quot;\u00a1\u00d44.40g\/cm3&quot;}\">\u00d44.40g\/cm3<\/td>\n<td data-sheets-value=\"{&quot;1&quot;:2,&quot;2&quot;:&quot;\u00a8P20s\/50g&quot;}\">\u00a8P20\/50g<\/td>\n<td data-sheets-value=\"{&quot;1&quot;:2,&quot;2&quot;:&quot;\u00a8P300ppm&quot;}\">\u00a8P300ppm<\/td>\n<td data-sheets-value=\"{&quot;1&quot;:2,&quot;2&quot;:&quot;1000\u00a9I50Mpa &quot;}\">1000\u00a9I50Mpa<\/td>\n<td data-sheets-value=\"{&quot;1&quot;:2,&quot;2&quot;:&quot;600\u00a9I50Mpa &quot;}\">600\u00a9I50Mpa<\/td>\n<td data-sheets-value=\"{&quot;1&quot;:2,&quot;2&quot;:&quot;35\u00a9I5%&quot;}\">35\u00a9I5%<\/td>\n<\/tr>\n<tr>\n<td data-sheets-value=\"{&quot;1&quot;:2,&quot;2&quot;:&quot;GH4169&quot;}\">GH4169<\/td>\n<td data-sheets-value=\"{&quot;1&quot;:2,&quot;2&quot;:&quot;\u00a1\u00d44.20g\/cm3&quot;}\">\u00d44,20g\/cm3<\/td>\n<td data-sheets-value=\"{&quot;1&quot;:2,&quot;2&quot;:&quot;\u00a8P20s\/50g&quot;}\">\u00a8P20\/50g<\/td>\n<td data-sheets-value=\"{&quot;1&quot;:2,&quot;2&quot;:&quot;\u00a8P300ppm&quot;}\">\u00a8P300ppm<\/td>\n<td data-sheets-value=\"{&quot;1&quot;:2,&quot;2&quot;:&quot;1250\u00a9I30Mpa &quot;}\">1250\u00a9I30Mpa<\/td>\n<td data-sheets-value=\"{&quot;1&quot;:2,&quot;2&quot;:&quot;1000\u00a9I30Mpa &quot;}\">1000\u00a9I30Mpa<\/td>\n<td data-sheets-value=\"{&quot;1&quot;:2,&quot;2&quot;:&quot;18\u00a9I3%&quot;}\">18\u00a9I3%<\/td>\n<\/tr>\n<tr>\n<td data-sheets-value=\"{&quot;1&quot;:2,&quot;2&quot;:&quot;GH3230&quot;}\">GH3230<\/td>\n<td data-sheets-value=\"{&quot;1&quot;:2,&quot;2&quot;:&quot;\u00a1\u00d44.40g\/cm3&quot;}\">\u00d44.40g\/cm3<\/td>\n<td data-sheets-value=\"{&quot;1&quot;:2,&quot;2&quot;:&quot;\u00a8P20s\/50g&quot;}\">\u00a8P20\/50g<\/td>\n<td data-sheets-value=\"{&quot;1&quot;:2,&quot;2&quot;:&quot;\u00a8P300ppm&quot;}\">\u00a8P300ppm<\/td>\n<td data-sheets-value=\"{&quot;1&quot;:2,&quot;2&quot;:&quot;930\u00a9I30Mpa &quot;}\">930\u00a9I30Mpa<\/td>\n<td data-sheets-value=\"{&quot;1&quot;:2,&quot;2&quot;:&quot;930\u00a9I30Mpa &quot;}\">930\u00a9I30Mpa<\/td>\n<td data-sheets-value=\"{&quot;1&quot;:2,&quot;2&quot;:&quot;25\u00a9I5%&quot;}\">25% l\u00ean \u0111\u1ebfn 50%<\/td>\n<\/tr>\n<tr>\n<td data-sheets-value=\"{&quot;1&quot;:2,&quot;2&quot;:&quot;GH3536&quot;}\">GH3536<\/td>\n<td data-sheets-value=\"{&quot;1&quot;:2,&quot;2&quot;:&quot;\u00a1\u00d44.40g\/cm3&quot;}\">\u00d44.40g\/cm3<\/td>\n<td data-sheets-value=\"{&quot;1&quot;:2,&quot;2&quot;:&quot;\u00a8P20s\/50g&quot;}\">\u00a8P20\/50g<\/td>\n<td data-sheets-value=\"{&quot;1&quot;:2,&quot;2&quot;:&quot;\u00a8P300ppm&quot;}\">\u00a8P300ppm<\/td>\n<td data-sheets-value=\"{&quot;1&quot;:2,&quot;2&quot;:&quot;850\u00a9I30Mpa &quot;}\">850\u00a9I30Mpa<\/td>\n<td data-sheets-value=\"{&quot;1&quot;:2,&quot;2&quot;:&quot;550\u00a9I20Mpa &quot;}\">550\u00a9I20Mpa<\/td>\n<td data-sheets-value=\"{&quot;1&quot;:2,&quot;2&quot;:&quot;42\u00a9I5%&quot;}\">42\u00a9I5%<\/td>\n<\/tr>\n<\/tbody>\n<\/table>\n<\/div>\n<p><img loading=\"lazy\" decoding=\"async\" class=\"size-medium wp-image-1409 aligncenter\" src=\"https:\/\/met3dp.com\/wp-content\/uploads\/2023\/09\/ed7a94ec-3c10-4b1b-87ed--300x300.jpg\" alt=\"D\u00f2ng h\u1ee3p kim nhi\u1ec7t \u0111\u1ed9 cao\" width=\"300\" height=\"300\" title=\"\"><\/p>\n<p><strong>Quy tr\u00ecnh<\/strong>Ph\u01b0\u01a1ng ph\u00e1p phun s\u01b0\u01a1ng kh\u00f4ng kh\u00ed h\u00fat ch\u00e2n kh\u00f4ng<\/p>\n<p><strong>L\u1ee3i \u00edch<\/strong>: h\u00ecnh c\u1ea7u cao, b\u1ed9t v\u1ec7 tinh nh\u1ecf, \u0111\u1ed9 ch\u1ea3y t\u1ed1t, v\u00e0 kh\u1ed1i l\u01b0\u1ee3ng ri\u00eang cao. S\u1ea3n ph\u1ea9m \u0111\u00e3 in c\u00f3 \u0111\u1ed9 b\u1ec1n ch\u1ed1ng m\u1ecfi, hi\u1ec7u su\u1ea5t ch\u1ed1ng \u00f4 xi h\u00f3a v\u00e0 \u0111\u1ed9 \u1ed5n \u0111\u1ecbnh c\u1ea5u tr\u00fac t\u1ed1t<\/p>\n<p><strong>\u1ee8NG D\u1ee4NG<\/strong>: \u0111\u0129a tuabin \u0111\u1ed9ng c\u01a1 c\u00f4ng nghi\u1ec7p v\u00e0 h\u00e0ng kh\u00f4ng, v\u00f2ng tr\u00f2n, l\u01b0\u1ee1i tuabin, m\u00e1y m\u00f3c v\u00e0 c\u00e1c c\u1ea5u tr\u00fac kh\u00e1c, bu\u1ed3ng \u0111\u1ed1t \u0111\u1ed9ng c\u01a1 h\u00e0ng kh\u00f4ng<\/p>\n<p><strong>Bao b\u00ec<\/strong>: Bao b\u00ec b\u00ecnh th\u01b0\u1eddng nh\u01b0 t\u00fai gi\u1ea5y b\u1ea1c\/chai nh\u1ef1a\/th\u00f9ng s\u1eaft, \u0111\u00f3ng g\u00f3i ch\u00e2n kh\u00f4ng ho\u1eb7c \u0111\u00f3ng g\u00f3i \u0111\u1ea7y kh\u00ed tr\u01a1, v.v.<\/p>\n<div id=\"gtx-trans\" style=\"position: absolute; left: -47px; top: 337px;\">\n<div class=\"gtx-trans-icon\"><\/div>\n<\/div>\n<p><\/span><\/span><\/p>","protected":false},"excerpt":{"rendered":"<p>Product Specification Apparent Density Flow Ability Oxygen Content Tensile Strength Yield Strength Elongation GH3625 15-53\u00c3\u00d7m 45-105\u00c3\u00d7m 75-150\u00c3\u00d7m \u00a1\u00d44.40g\/cm3 \u00a8P20s\/50g \u00a8P300ppm 1000\u00a9I50Mpa 600\u00a9I50Mpa 35\u00a9I5% GH4169 \u00a1\u00d44.20g\/cm3 \u00a8P20s\/50g \u00a8P300ppm 1250\u00a9I30Mpa 1000\u00a9I30Mpa 18\u00a9I3% GH3230 \u00a1\u00d44.40g\/cm3 \u00a8P20s\/50g \u00a8P300ppm 930\u00a9I30Mpa 930\u00a9I30Mpa 25\u00a9I5% GH3536 \u00a1\u00d44.40g\/cm3 \u00a8P20s\/50g \u00a8P300ppm 850\u00a9I30Mpa 550\u00a9I20Mpa 42\u00a9I5% Process: Vacuum air atomization method Advantages: high sphericity, small satellite powder,&#8230;<\/p>","protected":false},"featured_media":1855,"parent":0,"template":"","meta":{"_acf_changed":false,"_kad_blocks_custom_css":"","_kad_blocks_head_custom_js":"","_kad_blocks_body_custom_js":"","_kad_blocks_footer_custom_js":"","_kad_post_transparent":"","_kad_post_title":"","_kad_post_layout":"","_kad_post_sidebar_id":"","_kad_post_content_style":"","_kad_post_vertical_padding":"","_kad_post_feature":"","_kad_post_feature_position":"","_kad_post_header":false,"_kad_post_footer":false,"_kad_post_classname":""},"product-category":[119,120],"class_list":["post-3928","product","type-product","status-publish","has-post-thumbnail","hentry","product-category-3d-printing-metal-powder","product-category-high-temperature-alloy-powder"],"acf":[],"taxonomy_info":{"product-category":[{"value":119,"label":"3D Printing Metal Powder"},{"value":120,"label":"High Temperature Alloy Powder"}]},"featured_image_src_large":["https:\/\/3dpmetal.com\/wp-content\/uploads\/2024\/02\/High-temperature-alloy.jpg",600,600,false],"author_info":[],"comment_info":"","_links":{"self":[{"href":"https:\/\/3dpmetal.com\/vi\/wp-json\/wp\/v2\/product\/3928","targetHints":{"allow":["GET"]}}],"collection":[{"href":"https:\/\/3dpmetal.com\/vi\/wp-json\/wp\/v2\/product"}],"about":[{"href":"https:\/\/3dpmetal.com\/vi\/wp-json\/wp\/v2\/types\/product"}],"wp:featuredmedia":[{"embeddable":true,"href":"https:\/\/3dpmetal.com\/vi\/wp-json\/wp\/v2\/media\/1855"}],"wp:attachment":[{"href":"https:\/\/3dpmetal.com\/vi\/wp-json\/wp\/v2\/media?parent=3928"}],"wp:term":[{"taxonomy":"product-category","embeddable":true,"href":"https:\/\/3dpmetal.com\/vi\/wp-json\/wp\/v2\/product-category?post=3928"}],"curies":[{"name":"wp","href":"https:\/\/api.w.org\/{rel}","templated":true}]}}