{"id":3931,"date":"2024-03-18T06:10:14","date_gmt":"2024-03-18T06:10:14","guid":{"rendered":"https:\/\/3dp.45612300.xyz\/product\/copper-alloy-series\/"},"modified":"2024-03-18T06:10:14","modified_gmt":"2024-03-18T06:10:14","slug":"copper-alloy-series","status":"publish","type":"product","link":"https:\/\/3dpmetal.com\/vi\/product\/copper-alloy-series\/","title":{"rendered":"H\u1ee3p kim \u0111\u1ed3ng"},"content":{"rendered":"<p><span style=\"vertical-align: inherit;\"><span style=\"vertical-align: inherit;\"><\/p>\n<div>\n<table>\n<tbody>\n<tr>\n<td data-sheets-value=\"{&quot;1&quot;:2,&quot;2&quot;:&quot;Product&quot;}\">S\u1ea3n ph\u1ea9m<\/td>\n<td data-sheets-value=\"{&quot;1&quot;:2,&quot;2&quot;:&quot;Specification&quot;}\">\u0110\u1eb7c \u0111i\u1ec3m k\u1ef9 thu\u1eadt<\/td>\n<td data-sheets-value=\"{&quot;1&quot;:2,&quot;2&quot;:&quot;Apparent Density&quot;}\">M\u1eadt \u0111\u1ed9 bi\u1ec3u ki\u1ebfn<\/td>\n<td data-sheets-value=\"{&quot;1&quot;:2,&quot;2&quot;:&quot;Flow Ability&quot;}\">Kh\u1ea3 N\u0103ng L\u01b0u Th\u00f4ng<\/td>\n<td data-sheets-value=\"{&quot;1&quot;:2,&quot;2&quot;:&quot;Oxygen Content&quot;}\">H\u00e0m l\u01b0\u1ee3ng oxy<\/td>\n<td data-sheets-value=\"{&quot;1&quot;:2,&quot;2&quot;:&quot;Tensile Strength&quot;}\">\u0110\u1ed9 b\u1ec1n k\u00e9o<\/td>\n<td data-sheets-value=\"{&quot;1&quot;:2,&quot;2&quot;:&quot;Yield Strength&quot;}\">C\u01b0\u1eddng \u0111\u1ed9 ch\u1ea3y<\/td>\n<td data-sheets-value=\"{&quot;1&quot;:2,&quot;2&quot;:&quot;Elongation&quot;}\">Ke\u0301o da\u0300i<\/td>\n<\/tr>\n<tr>\n<td data-sheets-value=\"{&quot;1&quot;:2,&quot;2&quot;:&quot;CuCrZr&quot;}\">CuCrZr<\/td>\n<td colspan=\"1\" rowspan=\"3\" data-sheets-value=\"{&quot;1&quot;:2,&quot;2&quot;:&quot;15-53\u00c3\u00d7mn45-105\u00c3\u00d7mn75-150\u00c3\u00d7m&quot;}\">\n<div>15-53\u00c3\u00d7m<br \/>\n45-105\u00c3\u00a3m<br \/>\n75-150k<\/div>\n<\/td>\n<td data-sheets-value=\"{&quot;1&quot;:2,&quot;2&quot;:&quot;\u00a1\u00d44.10g\/cm3&quot;}\">\u00a1\u00d44,10g\/cm3<\/td>\n<td data-sheets-value=\"{&quot;1&quot;:2,&quot;2&quot;:&quot;\u00a8P30s\/50g&quot;}\">\u00a8P30\/50g<\/td>\n<td data-sheets-value=\"{&quot;1&quot;:2,&quot;2&quot;:&quot;\u00a8P600ppm&quot;}\">\u00a8P600ppm<\/td>\n<td data-sheets-value=\"{&quot;1&quot;:2,&quot;2&quot;:&quot;350\u00a9I35Mpa &quot;}\">350\u00a9I35Mpa<\/td>\n<td data-sheets-value=\"{&quot;1&quot;:2,&quot;2&quot;:&quot;175\u00a9I10Mpa &quot;}\">175\u00a9I10Mpa<\/td>\n<td data-sheets-value=\"{&quot;1&quot;:2,&quot;2&quot;:&quot;8\u00a9I2%&quot;}\">8\u00a9I2%<\/td>\n<\/tr>\n<tr>\n<td data-sheets-value=\"{&quot;1&quot;:2,&quot;2&quot;:&quot;CuZn40&quot;}\">CuZn40<\/td>\n<td data-sheets-value=\"{&quot;1&quot;:2,&quot;2&quot;:&quot;\u00a1\u00d44.25g\/cm3&quot;}\">4,25 g\/cm3<\/td>\n<td data-sheets-value=\"{&quot;1&quot;:2,&quot;2&quot;:&quot;\u00a8P30s\/50g&quot;}\">\u00a8P30\/50g<\/td>\n<td data-sheets-value=\"{&quot;1&quot;:2,&quot;2&quot;:&quot;\u00a8P600ppm&quot;}\">\u00a8P600ppm<\/td>\n<td data-sheets-value=\"{&quot;1&quot;:2,&quot;2&quot;:&quot;\\&quot;}\"><\/td>\n<td data-sheets-value=\"{&quot;1&quot;:2,&quot;2&quot;:&quot;\\&quot;}\"><\/td>\n<td data-sheets-value=\"{&quot;1&quot;:2,&quot;2&quot;:&quot;\\&quot;}\"><\/td>\n<\/tr>\n<tr>\n<td data-sheets-value=\"{&quot;1&quot;:2,&quot;2&quot;:&quot;CuSn10&quot;}\">CuSn10<\/td>\n<td data-sheets-value=\"{&quot;1&quot;:2,&quot;2&quot;:&quot;\u00a1\u00d44.10g\/cm3&quot;}\">\u00a1\u00d44,10g\/cm3<\/td>\n<td data-sheets-value=\"{&quot;1&quot;:2,&quot;2&quot;:&quot;\u00a8P30s\/50g&quot;}\">\u00a8P30\/50g<\/td>\n<td data-sheets-value=\"{&quot;1&quot;:2,&quot;2&quot;:&quot;\u00a8P600ppm&quot;}\">\u00a8P600ppm<\/td>\n<td data-sheets-value=\"{&quot;1&quot;:2,&quot;2&quot;:&quot;\\&quot;}\"><\/td>\n<td data-sheets-value=\"{&quot;1&quot;:2,&quot;2&quot;:&quot;\\&quot;}\"><\/td>\n<td data-sheets-value=\"{&quot;1&quot;:2,&quot;2&quot;:&quot;\\&quot;}\"><\/td>\n<\/tr>\n<\/tbody>\n<\/table>\n<\/div>\n<p><img loading=\"lazy\" decoding=\"async\" class=\"size-medium wp-image-1409 aligncenter\" src=\"https:\/\/met3dp.com\/wp-content\/uploads\/2023\/09\/ed7a94ec-3c10-4b1b-87ed--300x300.jpg\" alt=\"H\u1ee3p kim \u0111\u1ed3ng\" width=\"300\" height=\"300\" title=\"\"><\/p>\n<p><strong>Quy tr\u00ecnh<\/strong>Ph\u01b0\u01a1ng ph\u00e1p phun s\u01b0\u01a1ng kh\u00f4ng kh\u00ed h\u00fat ch\u00e2n kh\u00f4ng<\/p>\n<p><strong>L\u1ee3i \u00edch<\/strong>: C\u00e1c s\u1ea3n ph\u1ea9m in c\u00f3 \u0111\u1ed9 d\u1eabn \u0111i\u1ec7n v\u00e0 t\u1ea3n nhi\u1ec7t t\u1ed1t, k\u1ebft h\u1ee3p thi\u1ebft k\u1ebf c\u00f3 th\u1ec3 s\u1ea3n xu\u1ea5t ra c\u00e1c b\u1ed9 ph\u1eadn s\u1ea3n ph\u1ea9m c\u00f3 c\u1ea5u tr\u00fac b\u00ean trong v\u00e0 k\u00eanh l\u00e0m m\u00e1t ph\u1ee9c t\u1ea1p<\/p>\n<p><strong>\u1ee8NG D\u1ee4NG<\/strong>: Bu\u1ed3ng \u0111\u1ea9y \u0111\u1ed9ng c\u01a1 h\u00e0ng kh\u00f4ng v\u0169 tr\u1ee5 v\u00e0 c\u00e1c th\u00e0nh ph\u1ea7n kh\u00e1c, S\u1ea3n ph\u1ea9m khu\u00f4n in 3D c\u00f3 hi\u1ec7u qu\u1ea3 l\u00e0m m\u00e1t t\u1ed1t h\u01a1n v.v.<\/p>\n<p><strong>Bao b\u00ec<\/strong>: Bao b\u00ec b\u00ecnh th\u01b0\u1eddng nh\u01b0 t\u00fai gi\u1ea5y b\u1ea1c\/chai nh\u1ef1a\/th\u00f9ng s\u1eaft, \u0111\u00f3ng g\u00f3i ch\u00e2n kh\u00f4ng ho\u1eb7c \u0111\u00f3ng g\u00f3i \u0111\u1ea7y kh\u00ed tr\u01a1, v.v.<\/span><\/span><\/p>","protected":false},"excerpt":{"rendered":"<p>Product Specification Apparent Density Flow Ability Oxygen Content Tensile Strength Yield Strength Elongation CuCrZr 15-53\u00c3\u00d7m 45-105\u00c3\u00d7m 75-150\u00c3\u00d7m \u00a1\u00d44.10g\/cm3 \u00a8P30s\/50g \u00a8P600ppm 350\u00a9I35Mpa 175\u00a9I10Mpa 8\u00a9I2% CuZn40 \u00a1\u00d44.25g\/cm3 \u00a8P30s\/50g \u00a8P600ppm CuSn10 \u00a1\u00d44.10g\/cm3 \u00a8P30s\/50g \u00a8P600ppm Process: Vacuum air atomization method Advantages: Printed products have good thermal and electrical conductivity, and combined with the design, product parts with complex internal&#8230;<\/p>","protected":false},"featured_media":1860,"parent":0,"template":"","meta":{"_acf_changed":false,"_kad_blocks_custom_css":"","_kad_blocks_head_custom_js":"","_kad_blocks_body_custom_js":"","_kad_blocks_footer_custom_js":"","_kad_post_transparent":"","_kad_post_title":"","_kad_post_layout":"","_kad_post_sidebar_id":"","_kad_post_content_style":"","_kad_post_vertical_padding":"","_kad_post_feature":"","_kad_post_feature_position":"","_kad_post_header":false,"_kad_post_footer":false,"_kad_post_classname":""},"product-category":[119,129],"class_list":["post-3931","product","type-product","status-publish","has-post-thumbnail","hentry","product-category-3d-printing-metal-powder","product-category-copper-alloy-powder"],"acf":[],"taxonomy_info":{"product-category":[{"value":119,"label":"3D Printing Metal Powder"},{"value":129,"label":"Copper Alloy Powder"}]},"featured_image_src_large":["https:\/\/3dpmetal.com\/wp-content\/uploads\/2024\/02\/Copper-alloy-series.jpg",600,600,false],"author_info":[],"comment_info":"","_links":{"self":[{"href":"https:\/\/3dpmetal.com\/vi\/wp-json\/wp\/v2\/product\/3931","targetHints":{"allow":["GET"]}}],"collection":[{"href":"https:\/\/3dpmetal.com\/vi\/wp-json\/wp\/v2\/product"}],"about":[{"href":"https:\/\/3dpmetal.com\/vi\/wp-json\/wp\/v2\/types\/product"}],"wp:featuredmedia":[{"embeddable":true,"href":"https:\/\/3dpmetal.com\/vi\/wp-json\/wp\/v2\/media\/1860"}],"wp:attachment":[{"href":"https:\/\/3dpmetal.com\/vi\/wp-json\/wp\/v2\/media?parent=3931"}],"wp:term":[{"taxonomy":"product-category","embeddable":true,"href":"https:\/\/3dpmetal.com\/vi\/wp-json\/wp\/v2\/product-category?post=3931"}],"curies":[{"name":"wp","href":"https:\/\/api.w.org\/{rel}","templated":true}]}}